{"id":9122,"date":"2016-12-09T08:54:25","date_gmt":"2016-12-09T13:54:25","guid":{"rendered":"https:\/\/4netonline.com\/wpg\/?post_type=product&#038;p=9122"},"modified":"2023-04-14T15:18:31","modified_gmt":"2023-04-14T20:18:31","slug":"5-ports-m3-5-gigabit-ports-10x-data-speed","status":"publish","type":"product","link":"https:\/\/www.4netonline.com\/wpg\/product\/5-ports-m3-5-gigabit-ports-10x-data-speed\/","title":{"rendered":"M3 5-Ports Gigabit Access"},"content":{"rendered":"<div class=\"BoxCell start\">\n<div>\n<p style=\"text-align: center\">5-Ports<\/p>\n<p style=\"text-align: center\"><a href=\"https:\/\/4netonline.com\/wpg\/sales-team\/franklin-gutierrez-herrera\/\">MORE INFORMATION<\/a><\/p>\n<ul>\n<li>M3 deploys in branch network mode,you just need connect the M3 to the core switch without changing your network topology.<\/li>\n<li>After APs are powered on in the network,the APs will get the initial network profile from the M3.And then M3 can discover APs and manage APs automatically.<\/li>\n<li>After APs are managed by M3,you can check APs online status and user connection status.<\/li>\n<li>M3 can manage and monitor all the indoor AP such as i6 in the network.You can edit the description,SSID,channel, security,output power for APs<\/li>\n<\/ul>\n<h5>5 Gigabit Ports<\/h5>\n<div>Built-in five gigabit ethernet ports,up to 10x data speed as traditional fast ethernet port to offer faster data transfer.<\/div>\n<\/div>\n<\/div>\n<div class=\"BoxCell start\">\n<div>\n<h5>Plug and Play<\/h5>\n<div>M3 deploys in branch network mode,you just need connect the M3 to the core switch without changing your network topology.<\/div>\n<div>\n<h5>AP Automatically Discover<\/h5>\n<div>After APs are powered on in the network,the APs will get the initial network profile from the M3.And then M3 can discover APs and manage APs automatically.<\/div>\n<\/div>\n<div>\n<h5>AP and User Status Monitor<\/h5>\n<div>After APs are managed by M3,you can check APs online status and user connection status.<\/div>\n<div><\/div>\n<\/div>\n<\/div>\n<\/div>\n<p align=\"center\">Model:<\/p>\n<p align=\"center\">M3<\/p>\n<p style=\"text-align: center\">5-Ports<\/p>\n<h4 class=\"t-18 t-black t-normal mb2\"><span style=\"color: #ffffff\">Overview<\/span><\/h4>\n<p class=\"break-words white-space-pre-wrap mb5 t-14 t-black--light t-normal\"><span style=\"color: #ffffff\">Somos un Distribuidor Master Mayorista localizado en Miami, FL. USA. Contamos con m\u00e1s de 18 a\u00f1os de experiencias y amplia presencia en Latinoam\u00e9rica. Productos; -Cables de Fibra Optica -Accesorios, Cajas y herramientas para Instalaci\u00f3n de redes de Fibra Opticas -Antenas -Cableado estructurado -Conectores y accesorios para instalaci\u00f3n de cableados -Productos para aplicaciones profesionales de Wireless (Wi-Fi); Switch, Routers, Antenas, Mesh, Somos distribuidores directos de marcas l\u00edderes en el mercado, tenemos varios programas donde ofrecemos bajos precios para compa\u00f1\u00edas aliadas. Usted y su empresa se beneficiar\u00e1 del ahorro y otras ventajas que la har\u00e1n m\u00e1s atractiva a sus clientes con las siguientes marcas: Ubiquiti Mikrotik Cambium Networks Tenda Cablix Mimosa ALG COM Exportamos a: Argentina Bolivia Brasil Chile Colombia Costa Rica Ecuador M\u00e9xico Paraguay Panam\u00e1 Per\u00fa Puerto Rico Uruguay El Caribe Venezuela &#8212;&#8212;&#8212;&#8212;&#8212;&#8212;&#8212;&#8212;&#8212;&#8212;&#8212;&#8212;&#8212;&#8212;&#8212;&#8212;&#8212;&#8212;&#8212;&#8212;&#8212;&#8212;&#8212;&#8212;&#8212;&#8212;&#8212;&#8212;&#8212;&#8212;&#8212;&#8212;&#8212;&#8212;&#8212;&#8212;&#8212;&#8212;&#8212;&#8212;&#8212;&#8212;&#8211;<\/span><\/p>\n<p style=\"text-align: center\"><span style=\"color: #ffffff\">5-Ports<\/span><\/p>\n<p><span style=\"color: #ffffff\">We are a Master wholesale distributor located in Miami, FL. USA. We have over 18 years of experience and broad presence in Latin America. Line of products; -Optic Fiber &#8211; Accessories to install Optiv Fiber Network &#8211; Structured Cabling Products; &#8211; Wireless ( Wi-Fi based) products for Professional Applications; &#8211; CCTV &amp; Surveillance equipments and accessories; <\/span><\/p>\n<p class=\"break-words white-space-pre-wrap mb5 t-14 t-black--light t-normal\"><span style=\"color: #ffffff\">We are direct distributors of leading brands in the market, we have several programs where we offer low prices for allied companies. You and your company will benefit from the savings and other benefits that will make your business more attractive to your customers with the following brands:<\/span><\/p>\n<p style=\"text-align: center\">\n","protected":false},"excerpt":{"rendered":"<p>5-Ports MORE INFORMATION M3 deploys in branch network mode,you just need connect the M3 to the core switch without changing&#8230;<\/p>\n","protected":false},"featured_media":9125,"template":"","meta":[],"etheme_brands":[{"term_id":1119,"name":"Tenda","slug":"tenda","term_group":0,"term_taxonomy_id":1119,"taxonomy":"brand","description":"","parent":0,"count":54,"filter":"raw"}],"product_brand":[],"product_cat":[1345,1341,1333],"product_tag":[776,775,795,774],"class_list":{"0":"post-9122","1":"product","2":"type-product","3":"status-publish","4":"has-post-thumbnail","6":"brand-tenda","7":"product_cat-tenda-business-apcontroller","8":"product_cat-tenda-business","9":"product_cat-tenda","10":"product_tag-cable","11":"product_tag-connector","12":"product_tag-ethernet","13":"product_tag-wifi","15":"first","16":"instock","17":"taxable","18":"shipping-taxable","19":"purchasable","20":"product-type-simple"},"yoast_head":"<!-- This site is optimized with the Yoast SEO plugin v27.3 - https:\/\/yoast.com\/product\/yoast-seo-wordpress\/ -->\n<title>5-Ports M3 5-Ports Gigabit Access -<\/title>\n<meta name=\"description\" content=\"5-Ports M3 deploys in branch network mode,you just need connect the M3 to the core switch without changing your network topology. After APs\" \/>\n<meta name=\"robots\" content=\"index, follow, max-snippet:-1, max-image-preview:large, max-video-preview:-1\" \/>\n<link rel=\"canonical\" href=\"https:\/\/www.4netonline.com\/wpg\/product\/5-ports-m3-5-gigabit-ports-10x-data-speed\/\" \/>\n<meta property=\"og:locale\" content=\"en_US\" \/>\n<meta property=\"og:type\" content=\"article\" \/>\n<meta property=\"og:title\" content=\"5-Ports M3 5-Ports Gigabit Access -\" \/>\n<meta property=\"og:description\" content=\"5-Ports M3 deploys in branch network mode,you just need connect the M3 to the core switch without changing your network topology. After APs\" \/>\n<meta property=\"og:url\" content=\"https:\/\/www.4netonline.com\/wpg\/product\/5-ports-m3-5-gigabit-ports-10x-data-speed\/\" \/>\n<meta property=\"og:site_name\" content=\"4Net Networking\" \/>\n<meta property=\"article:publisher\" content=\"https:\/\/www.facebook.com\/4netNetworking\/\" \/>\n<meta property=\"article:modified_time\" content=\"2023-04-14T20:18:31+00:00\" \/>\n<meta property=\"og:image\" content=\"https:\/\/www.4netonline.com\/wpg\/wp-content\/uploads\/2016\/12\/b_201512171755547051.jpg\" \/>\n\t<meta property=\"og:image:width\" content=\"800\" \/>\n\t<meta property=\"og:image:height\" content=\"800\" \/>\n\t<meta property=\"og:image:type\" content=\"image\/jpeg\" \/>\n<meta name=\"twitter:card\" content=\"summary_large_image\" \/>\n<meta name=\"twitter:site\" content=\"@4netonline\" \/>\n<meta name=\"twitter:label1\" content=\"Est. reading time\" \/>\n\t<meta name=\"twitter:data1\" content=\"2 minutes\" \/>\n<script type=\"application\/ld+json\" class=\"yoast-schema-graph\">{\"@context\":\"https:\\\/\\\/schema.org\",\"@graph\":[{\"@type\":\"WebPage\",\"@id\":\"https:\\\/\\\/www.4netonline.com\\\/wpg\\\/product\\\/5-ports-m3-5-gigabit-ports-10x-data-speed\\\/\",\"url\":\"https:\\\/\\\/www.4netonline.com\\\/wpg\\\/product\\\/5-ports-m3-5-gigabit-ports-10x-data-speed\\\/\",\"name\":\"5-Ports M3 5-Ports Gigabit Access -\",\"isPartOf\":{\"@id\":\"https:\\\/\\\/www.4netonline.com\\\/wpg\\\/#website\"},\"primaryImageOfPage\":{\"@id\":\"https:\\\/\\\/www.4netonline.com\\\/wpg\\\/product\\\/5-ports-m3-5-gigabit-ports-10x-data-speed\\\/#primaryimage\"},\"image\":{\"@id\":\"https:\\\/\\\/www.4netonline.com\\\/wpg\\\/product\\\/5-ports-m3-5-gigabit-ports-10x-data-speed\\\/#primaryimage\"},\"thumbnailUrl\":\"https:\\\/\\\/www.4netonline.com\\\/wpg\\\/wp-content\\\/uploads\\\/2016\\\/12\\\/b_201512171755547051.jpg\",\"datePublished\":\"2016-12-09T13:54:25+00:00\",\"dateModified\":\"2023-04-14T20:18:31+00:00\",\"description\":\"5-Ports M3 deploys in branch network mode,you just need connect the M3 to the core switch without changing your network topology. After APs\",\"breadcrumb\":{\"@id\":\"https:\\\/\\\/www.4netonline.com\\\/wpg\\\/product\\\/5-ports-m3-5-gigabit-ports-10x-data-speed\\\/#breadcrumb\"},\"inLanguage\":\"en-US\",\"potentialAction\":[{\"@type\":\"ReadAction\",\"target\":[\"https:\\\/\\\/www.4netonline.com\\\/wpg\\\/product\\\/5-ports-m3-5-gigabit-ports-10x-data-speed\\\/\"]}]},{\"@type\":\"ImageObject\",\"inLanguage\":\"en-US\",\"@id\":\"https:\\\/\\\/www.4netonline.com\\\/wpg\\\/product\\\/5-ports-m3-5-gigabit-ports-10x-data-speed\\\/#primaryimage\",\"url\":\"https:\\\/\\\/www.4netonline.com\\\/wpg\\\/wp-content\\\/uploads\\\/2016\\\/12\\\/b_201512171755547051.jpg\",\"contentUrl\":\"https:\\\/\\\/www.4netonline.com\\\/wpg\\\/wp-content\\\/uploads\\\/2016\\\/12\\\/b_201512171755547051.jpg\",\"width\":800,\"height\":800,\"caption\":\"5-Ports\"},{\"@type\":\"BreadcrumbList\",\"@id\":\"https:\\\/\\\/www.4netonline.com\\\/wpg\\\/product\\\/5-ports-m3-5-gigabit-ports-10x-data-speed\\\/#breadcrumb\",\"itemListElement\":[{\"@type\":\"ListItem\",\"position\":1,\"name\":\"Home\",\"item\":\"https:\\\/\\\/www.4netonline.com\\\/wpg\\\/\"},{\"@type\":\"ListItem\",\"position\":2,\"name\":\"Shop\",\"item\":\"https:\\\/\\\/www.4netonline.com\\\/wpg\\\/shop-2\\\/\"},{\"@type\":\"ListItem\",\"position\":3,\"name\":\"M3 5-Ports Gigabit Access\"}]},{\"@type\":\"WebSite\",\"@id\":\"https:\\\/\\\/www.4netonline.com\\\/wpg\\\/#website\",\"url\":\"https:\\\/\\\/www.4netonline.com\\\/wpg\\\/\",\"name\":\"4Net Networking\",\"description\":\"\",\"publisher\":{\"@id\":\"https:\\\/\\\/www.4netonline.com\\\/wpg\\\/#organization\"},\"potentialAction\":[{\"@type\":\"SearchAction\",\"target\":{\"@type\":\"EntryPoint\",\"urlTemplate\":\"https:\\\/\\\/www.4netonline.com\\\/wpg\\\/?s={search_term_string}\"},\"query-input\":{\"@type\":\"PropertyValueSpecification\",\"valueRequired\":true,\"valueName\":\"search_term_string\"}}],\"inLanguage\":\"en-US\"},{\"@type\":\"Organization\",\"@id\":\"https:\\\/\\\/www.4netonline.com\\\/wpg\\\/#organization\",\"name\":\"4net Networks\",\"url\":\"https:\\\/\\\/www.4netonline.com\\\/wpg\\\/\",\"logo\":{\"@type\":\"ImageObject\",\"inLanguage\":\"en-US\",\"@id\":\"https:\\\/\\\/www.4netonline.com\\\/wpg\\\/#\\\/schema\\\/logo\\\/image\\\/\",\"url\":\"\",\"contentUrl\":\"\",\"caption\":\"4net Networks\"},\"image\":{\"@id\":\"https:\\\/\\\/www.4netonline.com\\\/wpg\\\/#\\\/schema\\\/logo\\\/image\\\/\"},\"sameAs\":[\"https:\\\/\\\/www.facebook.com\\\/4netNetworking\\\/\",\"https:\\\/\\\/x.com\\\/4netonline\",\"https:\\\/\\\/www.linkedin.com\\\/company\\\/4net-networking-corp\",\"https:\\\/\\\/www.youtube.com\\\/channel\\\/UCmHmX1rrKiDV0uOWZBVSn7g\"]}]}<\/script>\n<!-- \/ Yoast SEO plugin. -->","yoast_head_json":{"title":"5-Ports M3 5-Ports Gigabit Access -","description":"5-Ports M3 deploys in branch network mode,you just need connect the M3 to the core switch without changing your network topology. After APs","robots":{"index":"index","follow":"follow","max-snippet":"max-snippet:-1","max-image-preview":"max-image-preview:large","max-video-preview":"max-video-preview:-1"},"canonical":"https:\/\/www.4netonline.com\/wpg\/product\/5-ports-m3-5-gigabit-ports-10x-data-speed\/","og_locale":"en_US","og_type":"article","og_title":"5-Ports M3 5-Ports Gigabit Access -","og_description":"5-Ports M3 deploys in branch network mode,you just need connect the M3 to the core switch without changing your network topology. After APs","og_url":"https:\/\/www.4netonline.com\/wpg\/product\/5-ports-m3-5-gigabit-ports-10x-data-speed\/","og_site_name":"4Net Networking","article_publisher":"https:\/\/www.facebook.com\/4netNetworking\/","article_modified_time":"2023-04-14T20:18:31+00:00","og_image":[{"width":800,"height":800,"url":"https:\/\/www.4netonline.com\/wpg\/wp-content\/uploads\/2016\/12\/b_201512171755547051.jpg","type":"image\/jpeg"}],"twitter_card":"summary_large_image","twitter_site":"@4netonline","twitter_misc":{"Est. reading time":"2 minutes"},"schema":{"@context":"https:\/\/schema.org","@graph":[{"@type":"WebPage","@id":"https:\/\/www.4netonline.com\/wpg\/product\/5-ports-m3-5-gigabit-ports-10x-data-speed\/","url":"https:\/\/www.4netonline.com\/wpg\/product\/5-ports-m3-5-gigabit-ports-10x-data-speed\/","name":"5-Ports M3 5-Ports Gigabit Access -","isPartOf":{"@id":"https:\/\/www.4netonline.com\/wpg\/#website"},"primaryImageOfPage":{"@id":"https:\/\/www.4netonline.com\/wpg\/product\/5-ports-m3-5-gigabit-ports-10x-data-speed\/#primaryimage"},"image":{"@id":"https:\/\/www.4netonline.com\/wpg\/product\/5-ports-m3-5-gigabit-ports-10x-data-speed\/#primaryimage"},"thumbnailUrl":"https:\/\/www.4netonline.com\/wpg\/wp-content\/uploads\/2016\/12\/b_201512171755547051.jpg","datePublished":"2016-12-09T13:54:25+00:00","dateModified":"2023-04-14T20:18:31+00:00","description":"5-Ports M3 deploys in branch network mode,you just need connect the M3 to the core switch without changing your network topology. After APs","breadcrumb":{"@id":"https:\/\/www.4netonline.com\/wpg\/product\/5-ports-m3-5-gigabit-ports-10x-data-speed\/#breadcrumb"},"inLanguage":"en-US","potentialAction":[{"@type":"ReadAction","target":["https:\/\/www.4netonline.com\/wpg\/product\/5-ports-m3-5-gigabit-ports-10x-data-speed\/"]}]},{"@type":"ImageObject","inLanguage":"en-US","@id":"https:\/\/www.4netonline.com\/wpg\/product\/5-ports-m3-5-gigabit-ports-10x-data-speed\/#primaryimage","url":"https:\/\/www.4netonline.com\/wpg\/wp-content\/uploads\/2016\/12\/b_201512171755547051.jpg","contentUrl":"https:\/\/www.4netonline.com\/wpg\/wp-content\/uploads\/2016\/12\/b_201512171755547051.jpg","width":800,"height":800,"caption":"5-Ports"},{"@type":"BreadcrumbList","@id":"https:\/\/www.4netonline.com\/wpg\/product\/5-ports-m3-5-gigabit-ports-10x-data-speed\/#breadcrumb","itemListElement":[{"@type":"ListItem","position":1,"name":"Home","item":"https:\/\/www.4netonline.com\/wpg\/"},{"@type":"ListItem","position":2,"name":"Shop","item":"https:\/\/www.4netonline.com\/wpg\/shop-2\/"},{"@type":"ListItem","position":3,"name":"M3 5-Ports Gigabit Access"}]},{"@type":"WebSite","@id":"https:\/\/www.4netonline.com\/wpg\/#website","url":"https:\/\/www.4netonline.com\/wpg\/","name":"4Net Networking","description":"","publisher":{"@id":"https:\/\/www.4netonline.com\/wpg\/#organization"},"potentialAction":[{"@type":"SearchAction","target":{"@type":"EntryPoint","urlTemplate":"https:\/\/www.4netonline.com\/wpg\/?s={search_term_string}"},"query-input":{"@type":"PropertyValueSpecification","valueRequired":true,"valueName":"search_term_string"}}],"inLanguage":"en-US"},{"@type":"Organization","@id":"https:\/\/www.4netonline.com\/wpg\/#organization","name":"4net Networks","url":"https:\/\/www.4netonline.com\/wpg\/","logo":{"@type":"ImageObject","inLanguage":"en-US","@id":"https:\/\/www.4netonline.com\/wpg\/#\/schema\/logo\/image\/","url":"","contentUrl":"","caption":"4net Networks"},"image":{"@id":"https:\/\/www.4netonline.com\/wpg\/#\/schema\/logo\/image\/"},"sameAs":["https:\/\/www.facebook.com\/4netNetworking\/","https:\/\/x.com\/4netonline","https:\/\/www.linkedin.com\/company\/4net-networking-corp","https:\/\/www.youtube.com\/channel\/UCmHmX1rrKiDV0uOWZBVSn7g"]}]}},"_links":{"self":[{"href":"https:\/\/www.4netonline.com\/wpg\/wp-json\/wp\/v2\/product\/9122","targetHints":{"allow":["GET"]}}],"collection":[{"href":"https:\/\/www.4netonline.com\/wpg\/wp-json\/wp\/v2\/product"}],"about":[{"href":"https:\/\/www.4netonline.com\/wpg\/wp-json\/wp\/v2\/types\/product"}],"version-history":[{"count":0,"href":"https:\/\/www.4netonline.com\/wpg\/wp-json\/wp\/v2\/product\/9122\/revisions"}],"wp:featuredmedia":[{"embeddable":true,"href":"https:\/\/www.4netonline.com\/wpg\/wp-json\/wp\/v2\/media\/9125"}],"wp:attachment":[{"href":"https:\/\/www.4netonline.com\/wpg\/wp-json\/wp\/v2\/media?parent=9122"}],"wp:term":[{"taxonomy":"brand","embeddable":true,"href":"https:\/\/www.4netonline.com\/wpg\/wp-json\/wp\/v2\/etheme_brands?post=9122"},{"taxonomy":"product_brand","embeddable":true,"href":"https:\/\/www.4netonline.com\/wpg\/wp-json\/wp\/v2\/product_brand?post=9122"},{"taxonomy":"product_cat","embeddable":true,"href":"https:\/\/www.4netonline.com\/wpg\/wp-json\/wp\/v2\/product_cat?post=9122"},{"taxonomy":"product_tag","embeddable":true,"href":"https:\/\/www.4netonline.com\/wpg\/wp-json\/wp\/v2\/product_tag?post=9122"}],"curies":[{"name":"wp","href":"https:\/\/api.w.org\/{rel}","templated":true}]}}