{"id":9008,"date":"2016-11-17T11:59:08","date_gmt":"2016-11-17T16:59:08","guid":{"rendered":"https:\/\/4netonline.com\/wpg\/?post_type=product&#038;p=9008"},"modified":"2023-04-14T15:12:33","modified_gmt":"2023-04-14T20:12:33","slug":"outdoor-fiber-cable-multi-mode","status":"publish","type":"product","link":"https:\/\/www.4netonline.com\/wpg\/product\/outdoor-fiber-cable-multi-mode\/","title":{"rendered":"FO Cable SM or MM"},"content":{"rendered":"<div class=\"page\" title=\"Page 2\">\n<div class=\"layoutArea\">\n<div class=\"column\">\n<ul>\n<li>Single-Mode or Multi-Mode Compatibility<\/li>\n<li>1 Gbps Using SFP or 10G Speeds Using SFP+<\/li>\n<li>BiDi\u00a0Models for Reuse of Existing Infrastructure<\/li>\n<\/ul>\n<p style=\"text-align: center\">Outdoor Fiber Cable<\/p>\n<p style=\"text-align: center\">Application Examples<\/p>\n<p style=\"text-align: center\">UniFi Site<\/p>\n<p style=\"text-align: center\"><a href=\"https:\/\/4netonline.com\/wpg\/sales-team\/franklin-gutierrez-herrera\/\">Questions?<\/a><\/p>\n<\/div>\n<\/div>\n<\/div>\n<p style=\"text-align: center\"><img fetchpriority=\"high\" decoding=\"async\" class=\"aligncenter size-full wp-image-9013\" src=\"https:\/\/4netonline.com\/wpg\/wp-content\/uploads\/2016\/11\/Screen-Shot-2016-11-17-at-11.52.08-AM.png\" alt=\"screen-shot-2016-11-17-at-11-52-08-am\" width=\"850\" height=\"353\" data-id=\"9013\" srcset=\"https:\/\/www.4netonline.com\/wpg\/wp-content\/uploads\/2016\/11\/Screen-Shot-2016-11-17-at-11.52.08-AM.png 850w, https:\/\/www.4netonline.com\/wpg\/wp-content\/uploads\/2016\/11\/Screen-Shot-2016-11-17-at-11.52.08-AM-600x249.png 600w, https:\/\/www.4netonline.com\/wpg\/wp-content\/uploads\/2016\/11\/Screen-Shot-2016-11-17-at-11.52.08-AM-300x125.png 300w, https:\/\/www.4netonline.com\/wpg\/wp-content\/uploads\/2016\/11\/Screen-Shot-2016-11-17-at-11.52.08-AM-768x319.png 768w\" sizes=\"(max-width: 850px) 100vw, 850px\" \/><\/p>\n<div class=\"page\" style=\"text-align: center\" title=\"Page 2\">\n<div class=\"layoutArea\">\n<div class=\"column\">\n<h2>Tower Installation<\/h2>\n<\/div>\n<\/div>\n<\/div>\n<p style=\"text-align: center\"><img decoding=\"async\" class=\"aligncenter size-full wp-image-9014\" src=\"https:\/\/4netonline.com\/wpg\/wp-content\/uploads\/2016\/11\/Screen-Shot-2016-11-17-at-11.52.18-AM.png\" alt=\"screen-shot-2016-11-17-at-11-52-18-am\" width=\"694\" height=\"669\" data-id=\"9014\" srcset=\"https:\/\/www.4netonline.com\/wpg\/wp-content\/uploads\/2016\/11\/Screen-Shot-2016-11-17-at-11.52.18-AM.png 694w, https:\/\/www.4netonline.com\/wpg\/wp-content\/uploads\/2016\/11\/Screen-Shot-2016-11-17-at-11.52.18-AM-600x578.png 600w, https:\/\/www.4netonline.com\/wpg\/wp-content\/uploads\/2016\/11\/Screen-Shot-2016-11-17-at-11.52.18-AM-300x289.png 300w\" sizes=\"(max-width: 694px) 100vw, 694px\" \/><\/p>\n<h2 style=\"text-align: center\">Model Comparison<\/h2>\n<p><img decoding=\"async\" class=\"aligncenter size-full wp-image-9015\" src=\"https:\/\/4netonline.com\/wpg\/wp-content\/uploads\/2016\/11\/Screen-Shot-2016-11-17-at-11.52.42-AM.png\" alt=\"screen-shot-2016-11-17-at-11-52-42-am\" width=\"1245\" height=\"748\" data-id=\"9015\" srcset=\"https:\/\/www.4netonline.com\/wpg\/wp-content\/uploads\/2016\/11\/Screen-Shot-2016-11-17-at-11.52.42-AM.png 1245w, https:\/\/www.4netonline.com\/wpg\/wp-content\/uploads\/2016\/11\/Screen-Shot-2016-11-17-at-11.52.42-AM-600x360.png 600w, https:\/\/www.4netonline.com\/wpg\/wp-content\/uploads\/2016\/11\/Screen-Shot-2016-11-17-at-11.52.42-AM-300x180.png 300w, https:\/\/www.4netonline.com\/wpg\/wp-content\/uploads\/2016\/11\/Screen-Shot-2016-11-17-at-11.52.42-AM-768x461.png 768w, https:\/\/www.4netonline.com\/wpg\/wp-content\/uploads\/2016\/11\/Screen-Shot-2016-11-17-at-11.52.42-AM-1024x615.png 1024w\" sizes=\"(max-width: 1245px) 100vw, 1245px\" \/><\/p>\n<p style=\"text-align: center\">Model:<\/p>\n<p style=\"text-align: center\">UF-MM-1G | UF-MM-10G | UF-SM-1G-S | UF-SM-10G | UF-SM-10G-S<\/p>\n<p style=\"text-align: center\">UF-MM-1G-20 | UF-MM-10G-20 | UF-SM-1G-S-20 | UF-SM-10G-20 | UF-SM-10G-S-20<\/p>\n<p>&nbsp;<\/p>\n<p><span style=\"color: #ffffff\">Outdoor Fiber Cable<\/span><\/p>\n<h4 class=\"t-18 t-black t-normal mb2\"><span style=\"color: #ffffff\">Overview<\/span><\/h4>\n<p class=\"break-words white-space-pre-wrap mb5 t-14 t-black--light t-normal\"><span style=\"color: #ffffff\">Somos un Distribuidor Master Mayorista localizado en Miami, FL. USA. Contamos con m\u00e1s de 20 a\u00f1os de experiencias y amplia presencia en Latinoam\u00e9rica. Productos; -Cables de Fibra Optica -Accesorios, Cajas y herramientas para Instalaci\u00f3n de redes de Fibra Opticas -Antenas -Cableado estructurado -Conectores y accesorios para instalaci\u00f3n de cableados -Productos para aplicaciones profesionales de Wireless (Wi-Fi); Switch, Routers, Antenas, Mesh, Somos distribuidores directos de marcas l\u00edderes en el mercado, tenemos varios programas donde ofrecemos bajos precios para compa\u00f1\u00edas aliadas. Usted y su empresa se beneficiar\u00e1 del ahorro y otras ventajas que la har\u00e1n m\u00e1s atractiva a sus clientes con las siguientes marcas: Ubiquiti Mikrotik Cambium Networks Tenda Cablix Mimosa ALG COM Exportamos a: Argentina Bolivia Brasil Chile Colombia Costa Rica Ecuador M\u00e9xico Paraguay Panam\u00e1 Per\u00fa Puerto Rico Uruguay El Caribe Venezuela &#8212;&#8212;&#8212;&#8212;&#8212;&#8212;&#8212;&#8212;&#8212;&#8212;&#8212;&#8212;&#8212;&#8212;&#8212;&#8212;&#8212;&#8212;&#8212;&#8212;&#8212;&#8212;&#8212;&#8212;&#8212;&#8212;&#8212;&#8212;&#8212;&#8212;&#8212;&#8212;&#8212;&#8212;&#8212;&#8212;&#8212;&#8212;&#8212;&#8212;&#8212;&#8212;&#8211; We are a Master wholesale distributor located in Miami, FL. USA. We have over 20 years of experience and broad presence in Latin America. Line of products; -Optic Fiber &#8211; Accessories to install Optic Fiber Network &#8211; Structured Cabling Products; &#8211; Wireless ( Wi-Fi based) products for Professional Applications; &#8211; CCTV &amp; Surveillance equipments and accessories; We are direct distributors of leading brands in the market, we have several programs where we offer low prices for allied companies. You and your company will benefit from the savings and other benefits that will make your business more attractive to your customers with the following brands:<\/span><\/p>\n<p><span style=\"color: #ffffff\">We are a Master wholesale distributor located in Miami, FL. USA. We have over 20 years of experience and broad presence in Latin America. Line of products; -Optic Fiber &#8211; Accessories to install Optic Fiber Network &#8211; Structured Cabling Products; &#8211; Wireless ( Wi-Fi based) products for Professional Applications; &#8211;\u00a0<\/span><\/p>\n<p><span style=\"color: #ffffff\">Outdoor Fiber Cable<\/span><\/p>\n","protected":false},"excerpt":{"rendered":"<p>Single-Mode or Multi-Mode Compatibility 1 Gbps Using SFP or 10G Speeds Using SFP+ BiDi\u00a0Models for Reuse of Existing Infrastructure Outdoor&#8230;<\/p>\n","protected":false},"featured_media":9096,"template":"","meta":[],"etheme_brands":[{"term_id":1114,"name":"Ubiquiti","slug":"ubiquiti","term_group":0,"term_taxonomy_id":1114,"taxonomy":"brand","description":"","parent":0,"count":272,"filter":"raw"}],"product_brand":[],"product_cat":[1154,1148,1149],"product_tag":[],"class_list":{"0":"post-9008","1":"product","2":"type-product","3":"status-publish","4":"has-post-thumbnail","6":"brand-ubiquiti","7":"product_cat-ub-unifi-accessories","8":"product_cat-ubiquiti","9":"product_cat-ub-unifi","11":"first","12":"instock","13":"taxable","14":"shipping-taxable","15":"purchasable","16":"product-type-variable"},"yoast_head":"<!-- This site is optimized with the Yoast SEO plugin v27.3 - https:\/\/yoast.com\/product\/yoast-seo-wordpress\/ -->\n<title>FO Cable SM or MM - 4Net Networking<\/title>\n<meta name=\"description\" content=\"Outdoor Fiber Cable Single-Mode or Multi-Mode Compatibility1 Gbps Using SFP or 10G Speeds Using SFP+BiDi\u00a0Models for Reuse of Existing\" \/>\n<meta name=\"robots\" content=\"index, follow, max-snippet:-1, max-image-preview:large, max-video-preview:-1\" \/>\n<link rel=\"canonical\" href=\"https:\/\/www.4netonline.com\/wpg\/product\/outdoor-fiber-cable-multi-mode\/\" \/>\n<meta property=\"og:locale\" content=\"en_US\" \/>\n<meta property=\"og:type\" content=\"article\" \/>\n<meta property=\"og:title\" content=\"FO Cable SM or MM - 4Net Networking\" \/>\n<meta property=\"og:description\" content=\"Outdoor Fiber Cable Single-Mode or Multi-Mode Compatibility1 Gbps Using SFP or 10G Speeds Using SFP+BiDi\u00a0Models for Reuse of Existing\" \/>\n<meta property=\"og:url\" content=\"https:\/\/www.4netonline.com\/wpg\/product\/outdoor-fiber-cable-multi-mode\/\" \/>\n<meta property=\"og:site_name\" content=\"4Net Networking\" \/>\n<meta property=\"article:publisher\" content=\"https:\/\/www.facebook.com\/4netNetworking\/\" \/>\n<meta property=\"article:modified_time\" content=\"2023-04-14T20:12:33+00:00\" \/>\n<meta property=\"og:image\" content=\"https:\/\/www.4netonline.com\/wpg\/wp-content\/uploads\/2016\/11\/UF-MM-1G-300.jpg\" \/>\n\t<meta property=\"og:image:width\" content=\"300\" \/>\n\t<meta property=\"og:image:height\" content=\"300\" \/>\n\t<meta property=\"og:image:type\" content=\"image\/jpeg\" \/>\n<meta name=\"twitter:card\" content=\"summary_large_image\" \/>\n<meta name=\"twitter:site\" content=\"@4netonline\" \/>\n<meta name=\"twitter:label1\" content=\"Est. reading time\" \/>\n\t<meta name=\"twitter:data1\" content=\"3 minutes\" \/>\n<script type=\"application\/ld+json\" class=\"yoast-schema-graph\">{\"@context\":\"https:\\\/\\\/schema.org\",\"@graph\":[{\"@type\":\"WebPage\",\"@id\":\"https:\\\/\\\/www.4netonline.com\\\/wpg\\\/product\\\/outdoor-fiber-cable-multi-mode\\\/\",\"url\":\"https:\\\/\\\/www.4netonline.com\\\/wpg\\\/product\\\/outdoor-fiber-cable-multi-mode\\\/\",\"name\":\"FO Cable SM or MM - 4Net Networking\",\"isPartOf\":{\"@id\":\"https:\\\/\\\/www.4netonline.com\\\/wpg\\\/#website\"},\"primaryImageOfPage\":{\"@id\":\"https:\\\/\\\/www.4netonline.com\\\/wpg\\\/product\\\/outdoor-fiber-cable-multi-mode\\\/#primaryimage\"},\"image\":{\"@id\":\"https:\\\/\\\/www.4netonline.com\\\/wpg\\\/product\\\/outdoor-fiber-cable-multi-mode\\\/#primaryimage\"},\"thumbnailUrl\":\"https:\\\/\\\/www.4netonline.com\\\/wpg\\\/wp-content\\\/uploads\\\/2016\\\/11\\\/UF-MM-1G-300.jpg\",\"datePublished\":\"2016-11-17T16:59:08+00:00\",\"dateModified\":\"2023-04-14T20:12:33+00:00\",\"description\":\"Outdoor Fiber Cable Single-Mode or Multi-Mode Compatibility1 Gbps Using SFP or 10G Speeds Using SFP+BiDi\u00a0Models for Reuse of Existing\",\"breadcrumb\":{\"@id\":\"https:\\\/\\\/www.4netonline.com\\\/wpg\\\/product\\\/outdoor-fiber-cable-multi-mode\\\/#breadcrumb\"},\"inLanguage\":\"en-US\",\"potentialAction\":[{\"@type\":\"ReadAction\",\"target\":[\"https:\\\/\\\/www.4netonline.com\\\/wpg\\\/product\\\/outdoor-fiber-cable-multi-mode\\\/\"]}]},{\"@type\":\"ImageObject\",\"inLanguage\":\"en-US\",\"@id\":\"https:\\\/\\\/www.4netonline.com\\\/wpg\\\/product\\\/outdoor-fiber-cable-multi-mode\\\/#primaryimage\",\"url\":\"https:\\\/\\\/www.4netonline.com\\\/wpg\\\/wp-content\\\/uploads\\\/2016\\\/11\\\/UF-MM-1G-300.jpg\",\"contentUrl\":\"https:\\\/\\\/www.4netonline.com\\\/wpg\\\/wp-content\\\/uploads\\\/2016\\\/11\\\/UF-MM-1G-300.jpg\",\"width\":300,\"height\":300,\"caption\":\"Outdoor Fiber Cable\"},{\"@type\":\"BreadcrumbList\",\"@id\":\"https:\\\/\\\/www.4netonline.com\\\/wpg\\\/product\\\/outdoor-fiber-cable-multi-mode\\\/#breadcrumb\",\"itemListElement\":[{\"@type\":\"ListItem\",\"position\":1,\"name\":\"Home\",\"item\":\"https:\\\/\\\/www.4netonline.com\\\/wpg\\\/\"},{\"@type\":\"ListItem\",\"position\":2,\"name\":\"Shop\",\"item\":\"https:\\\/\\\/www.4netonline.com\\\/wpg\\\/shop-2\\\/\"},{\"@type\":\"ListItem\",\"position\":3,\"name\":\"FO Cable SM or MM\"}]},{\"@type\":\"WebSite\",\"@id\":\"https:\\\/\\\/www.4netonline.com\\\/wpg\\\/#website\",\"url\":\"https:\\\/\\\/www.4netonline.com\\\/wpg\\\/\",\"name\":\"4Net Networking\",\"description\":\"\",\"publisher\":{\"@id\":\"https:\\\/\\\/www.4netonline.com\\\/wpg\\\/#organization\"},\"potentialAction\":[{\"@type\":\"SearchAction\",\"target\":{\"@type\":\"EntryPoint\",\"urlTemplate\":\"https:\\\/\\\/www.4netonline.com\\\/wpg\\\/?s={search_term_string}\"},\"query-input\":{\"@type\":\"PropertyValueSpecification\",\"valueRequired\":true,\"valueName\":\"search_term_string\"}}],\"inLanguage\":\"en-US\"},{\"@type\":\"Organization\",\"@id\":\"https:\\\/\\\/www.4netonline.com\\\/wpg\\\/#organization\",\"name\":\"4net Networks\",\"url\":\"https:\\\/\\\/www.4netonline.com\\\/wpg\\\/\",\"logo\":{\"@type\":\"ImageObject\",\"inLanguage\":\"en-US\",\"@id\":\"https:\\\/\\\/www.4netonline.com\\\/wpg\\\/#\\\/schema\\\/logo\\\/image\\\/\",\"url\":\"\",\"contentUrl\":\"\",\"caption\":\"4net Networks\"},\"image\":{\"@id\":\"https:\\\/\\\/www.4netonline.com\\\/wpg\\\/#\\\/schema\\\/logo\\\/image\\\/\"},\"sameAs\":[\"https:\\\/\\\/www.facebook.com\\\/4netNetworking\\\/\",\"https:\\\/\\\/x.com\\\/4netonline\",\"https:\\\/\\\/www.linkedin.com\\\/company\\\/4net-networking-corp\",\"https:\\\/\\\/www.youtube.com\\\/channel\\\/UCmHmX1rrKiDV0uOWZBVSn7g\"]}]}<\/script>\n<!-- \/ Yoast SEO plugin. -->","yoast_head_json":{"title":"FO Cable SM or MM - 4Net Networking","description":"Outdoor Fiber Cable Single-Mode or Multi-Mode Compatibility1 Gbps Using SFP or 10G Speeds Using SFP+BiDi\u00a0Models for Reuse of Existing","robots":{"index":"index","follow":"follow","max-snippet":"max-snippet:-1","max-image-preview":"max-image-preview:large","max-video-preview":"max-video-preview:-1"},"canonical":"https:\/\/www.4netonline.com\/wpg\/product\/outdoor-fiber-cable-multi-mode\/","og_locale":"en_US","og_type":"article","og_title":"FO Cable SM or MM - 4Net Networking","og_description":"Outdoor Fiber Cable Single-Mode or Multi-Mode Compatibility1 Gbps Using SFP or 10G Speeds Using SFP+BiDi\u00a0Models for Reuse of Existing","og_url":"https:\/\/www.4netonline.com\/wpg\/product\/outdoor-fiber-cable-multi-mode\/","og_site_name":"4Net Networking","article_publisher":"https:\/\/www.facebook.com\/4netNetworking\/","article_modified_time":"2023-04-14T20:12:33+00:00","og_image":[{"width":300,"height":300,"url":"https:\/\/www.4netonline.com\/wpg\/wp-content\/uploads\/2016\/11\/UF-MM-1G-300.jpg","type":"image\/jpeg"}],"twitter_card":"summary_large_image","twitter_site":"@4netonline","twitter_misc":{"Est. reading time":"3 minutes"},"schema":{"@context":"https:\/\/schema.org","@graph":[{"@type":"WebPage","@id":"https:\/\/www.4netonline.com\/wpg\/product\/outdoor-fiber-cable-multi-mode\/","url":"https:\/\/www.4netonline.com\/wpg\/product\/outdoor-fiber-cable-multi-mode\/","name":"FO Cable SM or MM - 4Net Networking","isPartOf":{"@id":"https:\/\/www.4netonline.com\/wpg\/#website"},"primaryImageOfPage":{"@id":"https:\/\/www.4netonline.com\/wpg\/product\/outdoor-fiber-cable-multi-mode\/#primaryimage"},"image":{"@id":"https:\/\/www.4netonline.com\/wpg\/product\/outdoor-fiber-cable-multi-mode\/#primaryimage"},"thumbnailUrl":"https:\/\/www.4netonline.com\/wpg\/wp-content\/uploads\/2016\/11\/UF-MM-1G-300.jpg","datePublished":"2016-11-17T16:59:08+00:00","dateModified":"2023-04-14T20:12:33+00:00","description":"Outdoor Fiber Cable Single-Mode or Multi-Mode Compatibility1 Gbps Using SFP or 10G Speeds Using SFP+BiDi\u00a0Models for Reuse of Existing","breadcrumb":{"@id":"https:\/\/www.4netonline.com\/wpg\/product\/outdoor-fiber-cable-multi-mode\/#breadcrumb"},"inLanguage":"en-US","potentialAction":[{"@type":"ReadAction","target":["https:\/\/www.4netonline.com\/wpg\/product\/outdoor-fiber-cable-multi-mode\/"]}]},{"@type":"ImageObject","inLanguage":"en-US","@id":"https:\/\/www.4netonline.com\/wpg\/product\/outdoor-fiber-cable-multi-mode\/#primaryimage","url":"https:\/\/www.4netonline.com\/wpg\/wp-content\/uploads\/2016\/11\/UF-MM-1G-300.jpg","contentUrl":"https:\/\/www.4netonline.com\/wpg\/wp-content\/uploads\/2016\/11\/UF-MM-1G-300.jpg","width":300,"height":300,"caption":"Outdoor Fiber Cable"},{"@type":"BreadcrumbList","@id":"https:\/\/www.4netonline.com\/wpg\/product\/outdoor-fiber-cable-multi-mode\/#breadcrumb","itemListElement":[{"@type":"ListItem","position":1,"name":"Home","item":"https:\/\/www.4netonline.com\/wpg\/"},{"@type":"ListItem","position":2,"name":"Shop","item":"https:\/\/www.4netonline.com\/wpg\/shop-2\/"},{"@type":"ListItem","position":3,"name":"FO Cable SM or MM"}]},{"@type":"WebSite","@id":"https:\/\/www.4netonline.com\/wpg\/#website","url":"https:\/\/www.4netonline.com\/wpg\/","name":"4Net Networking","description":"","publisher":{"@id":"https:\/\/www.4netonline.com\/wpg\/#organization"},"potentialAction":[{"@type":"SearchAction","target":{"@type":"EntryPoint","urlTemplate":"https:\/\/www.4netonline.com\/wpg\/?s={search_term_string}"},"query-input":{"@type":"PropertyValueSpecification","valueRequired":true,"valueName":"search_term_string"}}],"inLanguage":"en-US"},{"@type":"Organization","@id":"https:\/\/www.4netonline.com\/wpg\/#organization","name":"4net Networks","url":"https:\/\/www.4netonline.com\/wpg\/","logo":{"@type":"ImageObject","inLanguage":"en-US","@id":"https:\/\/www.4netonline.com\/wpg\/#\/schema\/logo\/image\/","url":"","contentUrl":"","caption":"4net Networks"},"image":{"@id":"https:\/\/www.4netonline.com\/wpg\/#\/schema\/logo\/image\/"},"sameAs":["https:\/\/www.facebook.com\/4netNetworking\/","https:\/\/x.com\/4netonline","https:\/\/www.linkedin.com\/company\/4net-networking-corp","https:\/\/www.youtube.com\/channel\/UCmHmX1rrKiDV0uOWZBVSn7g"]}]}},"_links":{"self":[{"href":"https:\/\/www.4netonline.com\/wpg\/wp-json\/wp\/v2\/product\/9008","targetHints":{"allow":["GET"]}}],"collection":[{"href":"https:\/\/www.4netonline.com\/wpg\/wp-json\/wp\/v2\/product"}],"about":[{"href":"https:\/\/www.4netonline.com\/wpg\/wp-json\/wp\/v2\/types\/product"}],"version-history":[{"count":0,"href":"https:\/\/www.4netonline.com\/wpg\/wp-json\/wp\/v2\/product\/9008\/revisions"}],"wp:featuredmedia":[{"embeddable":true,"href":"https:\/\/www.4netonline.com\/wpg\/wp-json\/wp\/v2\/media\/9096"}],"wp:attachment":[{"href":"https:\/\/www.4netonline.com\/wpg\/wp-json\/wp\/v2\/media?parent=9008"}],"wp:term":[{"taxonomy":"brand","embeddable":true,"href":"https:\/\/www.4netonline.com\/wpg\/wp-json\/wp\/v2\/etheme_brands?post=9008"},{"taxonomy":"product_brand","embeddable":true,"href":"https:\/\/www.4netonline.com\/wpg\/wp-json\/wp\/v2\/product_brand?post=9008"},{"taxonomy":"product_cat","embeddable":true,"href":"https:\/\/www.4netonline.com\/wpg\/wp-json\/wp\/v2\/product_cat?post=9008"},{"taxonomy":"product_tag","embeddable":true,"href":"https:\/\/www.4netonline.com\/wpg\/wp-json\/wp\/v2\/product_tag?post=9008"}],"curies":[{"name":"wp","href":"https:\/\/api.w.org\/{rel}","templated":true}]}}