{"id":8794,"date":"2016-10-21T15:15:27","date_gmt":"2016-10-21T20:15:27","guid":{"rendered":"https:\/\/4netonline.com\/wpg\/?post_type=product&#038;p=8794"},"modified":"2023-08-25T14:05:16","modified_gmt":"2023-08-25T19:05:16","slug":"sg105-5-port-gigabit-desktop-switch","status":"publish","type":"product","link":"https:\/\/www.4netonline.com\/wpg\/product\/sg105-5-port-gigabit-desktop-switch\/","title":{"rendered":"Desktop Switch  5-Port Gigabit"},"content":{"rendered":"<p style=\"text-align: center;\">Desktop Switch<\/p>\n<p>&nbsp;<\/p>\n<p>SG105 is a 5-Port Gigabit Desktop SOHO switch. It provides 5 10\/100\/1000Mbps auto-negotiation ports, which you can use to establish a LAN network, or extend the uplink network. Compared with a 100M switch, it enhances transmission speed up to 10 times, eliminating the bottleneck of cascading bandwidth. It supports desktop installation and wall-mounting. Without configuration, it can be played once plugged.<br \/>\nWith the stable connectivity and easy-to-use features, it is perfectly fit for the networking of school dormitories, small offices, home offices and Video Surveillance.<\/p>\n<ul>\n<li>5* 10\/100\/1000Mbps auto-negotiation ports<\/li>\n<li>Auto MDI\/MDIX simplifies networking and maintenance<\/li>\n<li>Full wire speed forwarding ensures a smooth network experience<\/li>\n<li>Flow control for full duplex and backpressure for half duplex avoids frame dropping as port blocked<\/li>\n<li>Adopts store-and-forward mechanism and provides 2K MAC address table<\/li>\n<li>15K Jumbo frame improves the forwarding speed of large data<\/li>\n<li>Adopts green and environmental ABS material, improving heat resistance and heat dissipation<\/li>\n<li>Allows IP camera accessing and provides a running and clear image<\/li>\n<li>Desktop and wall mounting simplify installation<\/li>\n<\/ul>\n<p align=\"center\">Model:<\/p>\n<p align=\"center\">SG105<\/p>\n<p align=\"center\"><a href=\"https:\/\/4netonline.com\/wpg\/sales-team\/franklin-gutierrez-herrera\/\">MORE INFORMATION<\/a><\/p>\n<p style=\"text-align: left;\" align=\"center\"><span style=\"color: #ffffff;\">Somos un Distribuidor Master Mayorista localizado en Miami, FL. USA. Contamos con m\u00e1s de 18 a\u00f1os de experiencias y amplia presencia en Latinoam\u00e9rica. Productos; -Cables de Fibra Optica -Accesorios, Cajas y herramientas para Instalaci\u00f3n de redes de Fibra Opticas -Antenas -Cableado estructurado -Conectores y accesorios para instalaci\u00f3n de cableados -Productos para aplicaciones profesionales de Wireless (Wi-Fi); Switch, Routers, Antenas, Mesh, Somos distribuidores directos de marcas l\u00edderes en el mercado, tenemos varios programas donde ofrecemos bajos precios para compa\u00f1\u00edas aliadas. Usted y su empresa se beneficiar\u00e1 del ahorro y otras ventajas que la har\u00e1n m\u00e1s atractiva a sus clientes con las siguientes marcas: Ubiquiti Mikrotik Cambium Networks Tenda Cablix Mimosa ALG COM Desktop Switch<\/span><\/p>\n<p style=\"text-align: left;\" align=\"center\"><span style=\"color: #ffffff;\">Exportamos a: Argentina Bolivia Brasil Chile Colombia Costa Rica Ecuador M\u00e9xico Paraguay Panam\u00e1 Per\u00fa Puerto Rico Uruguay El Caribe Venezuela We are a Master wholesale distributor located in Miami, FL. USA. We have over 18 years of experience and broad presence in Latin America. Line of products; -Optic Fiber &#8211; Accessories to install Optiv Fiber Network &#8211; Structured Cabling Products; &#8211; Wireless ( Wi-Fi based) products for Professional Applications; &#8211; CCTV &amp; Surveillance equipments and accessories; We are direct distributors of leading brands in the market, we have several programs where we offer low prices for allied companies. You and your company will benefit from the savings and other benefits that will make your business more attractive to your customers with the following brands: Desktop Switch<\/span><\/p>\n","protected":false},"excerpt":{"rendered":"<p>Desktop Switch &nbsp; SG105 is a 5-Port Gigabit Desktop SOHO switch. It provides 5 10\/100\/1000Mbps auto-negotiation ports, which you can&#8230;<\/p>\n","protected":false},"featured_media":9128,"template":"","meta":[],"etheme_brands":[{"term_id":1119,"name":"Tenda","slug":"tenda","term_group":0,"term_taxonomy_id":1119,"taxonomy":"brand","description":"","parent":0,"count":54,"filter":"raw"}],"product_brand":[],"product_cat":[1341,1342,1333],"product_tag":[],"class_list":{"0":"post-8794","1":"product","2":"type-product","3":"status-publish","4":"has-post-thumbnail","6":"brand-tenda","7":"product_cat-tenda-business","8":"product_cat-tenda-business-switches","9":"product_cat-tenda","11":"first","12":"instock","13":"taxable","14":"shipping-taxable","15":"purchasable","16":"product-type-simple"},"yoast_head":"<!-- This site is optimized with the Yoast SEO plugin v27.3 - https:\/\/yoast.com\/product\/yoast-seo-wordpress\/ -->\n<title>Desktop Switch 5-Port Gigabit - 4Net Networking tenda 4net<\/title>\n<meta name=\"description\" content=\"Desktop Switch SG105 is a 5-Port Gigabit Desktop SOHO switch. It provides 5 10\/100\/1000Mbps auto-negotiation ports, which you can use to\" \/>\n<meta name=\"robots\" content=\"index, follow, max-snippet:-1, max-image-preview:large, max-video-preview:-1\" \/>\n<link rel=\"canonical\" href=\"https:\/\/www.4netonline.com\/wpg\/product\/sg105-5-port-gigabit-desktop-switch\/\" \/>\n<meta property=\"og:locale\" content=\"en_US\" \/>\n<meta property=\"og:type\" content=\"article\" \/>\n<meta property=\"og:title\" content=\"Desktop Switch 5-Port Gigabit - 4Net Networking tenda 4net\" \/>\n<meta property=\"og:description\" content=\"Desktop Switch SG105 is a 5-Port Gigabit Desktop SOHO switch. It provides 5 10\/100\/1000Mbps auto-negotiation ports, which you can use to\" \/>\n<meta property=\"og:url\" content=\"https:\/\/www.4netonline.com\/wpg\/product\/sg105-5-port-gigabit-desktop-switch\/\" \/>\n<meta property=\"og:site_name\" content=\"4Net Networking\" \/>\n<meta property=\"article:publisher\" content=\"https:\/\/www.facebook.com\/4netNetworking\/\" \/>\n<meta property=\"article:modified_time\" content=\"2023-08-25T19:05:16+00:00\" \/>\n<meta property=\"og:image\" content=\"https:\/\/www.4netonline.com\/wpg\/wp-content\/uploads\/2016\/10\/b_201607221428274113.jpg\" \/>\n\t<meta property=\"og:image:width\" content=\"800\" \/>\n\t<meta property=\"og:image:height\" content=\"800\" \/>\n\t<meta property=\"og:image:type\" content=\"image\/jpeg\" \/>\n<meta name=\"twitter:card\" content=\"summary_large_image\" \/>\n<meta name=\"twitter:site\" content=\"@4netonline\" \/>\n<meta name=\"twitter:label1\" content=\"Est. reading time\" \/>\n\t<meta name=\"twitter:data1\" content=\"2 minutes\" \/>\n<script type=\"application\/ld+json\" class=\"yoast-schema-graph\">{\"@context\":\"https:\\\/\\\/schema.org\",\"@graph\":[{\"@type\":\"WebPage\",\"@id\":\"https:\\\/\\\/www.4netonline.com\\\/wpg\\\/product\\\/sg105-5-port-gigabit-desktop-switch\\\/\",\"url\":\"https:\\\/\\\/www.4netonline.com\\\/wpg\\\/product\\\/sg105-5-port-gigabit-desktop-switch\\\/\",\"name\":\"Desktop Switch 5-Port Gigabit - 4Net Networking tenda 4net\",\"isPartOf\":{\"@id\":\"https:\\\/\\\/www.4netonline.com\\\/wpg\\\/#website\"},\"primaryImageOfPage\":{\"@id\":\"https:\\\/\\\/www.4netonline.com\\\/wpg\\\/product\\\/sg105-5-port-gigabit-desktop-switch\\\/#primaryimage\"},\"image\":{\"@id\":\"https:\\\/\\\/www.4netonline.com\\\/wpg\\\/product\\\/sg105-5-port-gigabit-desktop-switch\\\/#primaryimage\"},\"thumbnailUrl\":\"https:\\\/\\\/www.4netonline.com\\\/wpg\\\/wp-content\\\/uploads\\\/2016\\\/10\\\/b_201607221428274113.jpg\",\"datePublished\":\"2016-10-21T20:15:27+00:00\",\"dateModified\":\"2023-08-25T19:05:16+00:00\",\"description\":\"Desktop Switch SG105 is a 5-Port Gigabit Desktop SOHO switch. It provides 5 10\\\/100\\\/1000Mbps auto-negotiation ports, which you can use to\",\"breadcrumb\":{\"@id\":\"https:\\\/\\\/www.4netonline.com\\\/wpg\\\/product\\\/sg105-5-port-gigabit-desktop-switch\\\/#breadcrumb\"},\"inLanguage\":\"en-US\",\"potentialAction\":[{\"@type\":\"ReadAction\",\"target\":[\"https:\\\/\\\/www.4netonline.com\\\/wpg\\\/product\\\/sg105-5-port-gigabit-desktop-switch\\\/\"]}]},{\"@type\":\"ImageObject\",\"inLanguage\":\"en-US\",\"@id\":\"https:\\\/\\\/www.4netonline.com\\\/wpg\\\/product\\\/sg105-5-port-gigabit-desktop-switch\\\/#primaryimage\",\"url\":\"https:\\\/\\\/www.4netonline.com\\\/wpg\\\/wp-content\\\/uploads\\\/2016\\\/10\\\/b_201607221428274113.jpg\",\"contentUrl\":\"https:\\\/\\\/www.4netonline.com\\\/wpg\\\/wp-content\\\/uploads\\\/2016\\\/10\\\/b_201607221428274113.jpg\",\"width\":800,\"height\":800,\"caption\":\"Desktop Switch\"},{\"@type\":\"BreadcrumbList\",\"@id\":\"https:\\\/\\\/www.4netonline.com\\\/wpg\\\/product\\\/sg105-5-port-gigabit-desktop-switch\\\/#breadcrumb\",\"itemListElement\":[{\"@type\":\"ListItem\",\"position\":1,\"name\":\"Home\",\"item\":\"https:\\\/\\\/www.4netonline.com\\\/wpg\\\/\"},{\"@type\":\"ListItem\",\"position\":2,\"name\":\"Shop\",\"item\":\"https:\\\/\\\/www.4netonline.com\\\/wpg\\\/shop-2\\\/\"},{\"@type\":\"ListItem\",\"position\":3,\"name\":\"Desktop Switch 5-Port Gigabit\"}]},{\"@type\":\"WebSite\",\"@id\":\"https:\\\/\\\/www.4netonline.com\\\/wpg\\\/#website\",\"url\":\"https:\\\/\\\/www.4netonline.com\\\/wpg\\\/\",\"name\":\"4Net Networking\",\"description\":\"\",\"publisher\":{\"@id\":\"https:\\\/\\\/www.4netonline.com\\\/wpg\\\/#organization\"},\"potentialAction\":[{\"@type\":\"SearchAction\",\"target\":{\"@type\":\"EntryPoint\",\"urlTemplate\":\"https:\\\/\\\/www.4netonline.com\\\/wpg\\\/?s={search_term_string}\"},\"query-input\":{\"@type\":\"PropertyValueSpecification\",\"valueRequired\":true,\"valueName\":\"search_term_string\"}}],\"inLanguage\":\"en-US\"},{\"@type\":\"Organization\",\"@id\":\"https:\\\/\\\/www.4netonline.com\\\/wpg\\\/#organization\",\"name\":\"4net Networks\",\"url\":\"https:\\\/\\\/www.4netonline.com\\\/wpg\\\/\",\"logo\":{\"@type\":\"ImageObject\",\"inLanguage\":\"en-US\",\"@id\":\"https:\\\/\\\/www.4netonline.com\\\/wpg\\\/#\\\/schema\\\/logo\\\/image\\\/\",\"url\":\"\",\"contentUrl\":\"\",\"caption\":\"4net Networks\"},\"image\":{\"@id\":\"https:\\\/\\\/www.4netonline.com\\\/wpg\\\/#\\\/schema\\\/logo\\\/image\\\/\"},\"sameAs\":[\"https:\\\/\\\/www.facebook.com\\\/4netNetworking\\\/\",\"https:\\\/\\\/x.com\\\/4netonline\",\"https:\\\/\\\/www.linkedin.com\\\/company\\\/4net-networking-corp\",\"https:\\\/\\\/www.youtube.com\\\/channel\\\/UCmHmX1rrKiDV0uOWZBVSn7g\"]}]}<\/script>\n<!-- \/ Yoast SEO plugin. -->","yoast_head_json":{"title":"Desktop Switch 5-Port Gigabit - 4Net Networking tenda 4net","description":"Desktop Switch SG105 is a 5-Port Gigabit Desktop SOHO switch. It provides 5 10\/100\/1000Mbps auto-negotiation ports, which you can use to","robots":{"index":"index","follow":"follow","max-snippet":"max-snippet:-1","max-image-preview":"max-image-preview:large","max-video-preview":"max-video-preview:-1"},"canonical":"https:\/\/www.4netonline.com\/wpg\/product\/sg105-5-port-gigabit-desktop-switch\/","og_locale":"en_US","og_type":"article","og_title":"Desktop Switch 5-Port Gigabit - 4Net Networking tenda 4net","og_description":"Desktop Switch SG105 is a 5-Port Gigabit Desktop SOHO switch. It provides 5 10\/100\/1000Mbps auto-negotiation ports, which you can use to","og_url":"https:\/\/www.4netonline.com\/wpg\/product\/sg105-5-port-gigabit-desktop-switch\/","og_site_name":"4Net Networking","article_publisher":"https:\/\/www.facebook.com\/4netNetworking\/","article_modified_time":"2023-08-25T19:05:16+00:00","og_image":[{"width":800,"height":800,"url":"https:\/\/www.4netonline.com\/wpg\/wp-content\/uploads\/2016\/10\/b_201607221428274113.jpg","type":"image\/jpeg"}],"twitter_card":"summary_large_image","twitter_site":"@4netonline","twitter_misc":{"Est. reading time":"2 minutes"},"schema":{"@context":"https:\/\/schema.org","@graph":[{"@type":"WebPage","@id":"https:\/\/www.4netonline.com\/wpg\/product\/sg105-5-port-gigabit-desktop-switch\/","url":"https:\/\/www.4netonline.com\/wpg\/product\/sg105-5-port-gigabit-desktop-switch\/","name":"Desktop Switch 5-Port Gigabit - 4Net Networking tenda 4net","isPartOf":{"@id":"https:\/\/www.4netonline.com\/wpg\/#website"},"primaryImageOfPage":{"@id":"https:\/\/www.4netonline.com\/wpg\/product\/sg105-5-port-gigabit-desktop-switch\/#primaryimage"},"image":{"@id":"https:\/\/www.4netonline.com\/wpg\/product\/sg105-5-port-gigabit-desktop-switch\/#primaryimage"},"thumbnailUrl":"https:\/\/www.4netonline.com\/wpg\/wp-content\/uploads\/2016\/10\/b_201607221428274113.jpg","datePublished":"2016-10-21T20:15:27+00:00","dateModified":"2023-08-25T19:05:16+00:00","description":"Desktop Switch SG105 is a 5-Port Gigabit Desktop SOHO switch. It provides 5 10\/100\/1000Mbps auto-negotiation ports, which you can use to","breadcrumb":{"@id":"https:\/\/www.4netonline.com\/wpg\/product\/sg105-5-port-gigabit-desktop-switch\/#breadcrumb"},"inLanguage":"en-US","potentialAction":[{"@type":"ReadAction","target":["https:\/\/www.4netonline.com\/wpg\/product\/sg105-5-port-gigabit-desktop-switch\/"]}]},{"@type":"ImageObject","inLanguage":"en-US","@id":"https:\/\/www.4netonline.com\/wpg\/product\/sg105-5-port-gigabit-desktop-switch\/#primaryimage","url":"https:\/\/www.4netonline.com\/wpg\/wp-content\/uploads\/2016\/10\/b_201607221428274113.jpg","contentUrl":"https:\/\/www.4netonline.com\/wpg\/wp-content\/uploads\/2016\/10\/b_201607221428274113.jpg","width":800,"height":800,"caption":"Desktop Switch"},{"@type":"BreadcrumbList","@id":"https:\/\/www.4netonline.com\/wpg\/product\/sg105-5-port-gigabit-desktop-switch\/#breadcrumb","itemListElement":[{"@type":"ListItem","position":1,"name":"Home","item":"https:\/\/www.4netonline.com\/wpg\/"},{"@type":"ListItem","position":2,"name":"Shop","item":"https:\/\/www.4netonline.com\/wpg\/shop-2\/"},{"@type":"ListItem","position":3,"name":"Desktop Switch 5-Port Gigabit"}]},{"@type":"WebSite","@id":"https:\/\/www.4netonline.com\/wpg\/#website","url":"https:\/\/www.4netonline.com\/wpg\/","name":"4Net Networking","description":"","publisher":{"@id":"https:\/\/www.4netonline.com\/wpg\/#organization"},"potentialAction":[{"@type":"SearchAction","target":{"@type":"EntryPoint","urlTemplate":"https:\/\/www.4netonline.com\/wpg\/?s={search_term_string}"},"query-input":{"@type":"PropertyValueSpecification","valueRequired":true,"valueName":"search_term_string"}}],"inLanguage":"en-US"},{"@type":"Organization","@id":"https:\/\/www.4netonline.com\/wpg\/#organization","name":"4net Networks","url":"https:\/\/www.4netonline.com\/wpg\/","logo":{"@type":"ImageObject","inLanguage":"en-US","@id":"https:\/\/www.4netonline.com\/wpg\/#\/schema\/logo\/image\/","url":"","contentUrl":"","caption":"4net Networks"},"image":{"@id":"https:\/\/www.4netonline.com\/wpg\/#\/schema\/logo\/image\/"},"sameAs":["https:\/\/www.facebook.com\/4netNetworking\/","https:\/\/x.com\/4netonline","https:\/\/www.linkedin.com\/company\/4net-networking-corp","https:\/\/www.youtube.com\/channel\/UCmHmX1rrKiDV0uOWZBVSn7g"]}]}},"_links":{"self":[{"href":"https:\/\/www.4netonline.com\/wpg\/wp-json\/wp\/v2\/product\/8794","targetHints":{"allow":["GET"]}}],"collection":[{"href":"https:\/\/www.4netonline.com\/wpg\/wp-json\/wp\/v2\/product"}],"about":[{"href":"https:\/\/www.4netonline.com\/wpg\/wp-json\/wp\/v2\/types\/product"}],"version-history":[{"count":0,"href":"https:\/\/www.4netonline.com\/wpg\/wp-json\/wp\/v2\/product\/8794\/revisions"}],"wp:featuredmedia":[{"embeddable":true,"href":"https:\/\/www.4netonline.com\/wpg\/wp-json\/wp\/v2\/media\/9128"}],"wp:attachment":[{"href":"https:\/\/www.4netonline.com\/wpg\/wp-json\/wp\/v2\/media?parent=8794"}],"wp:term":[{"taxonomy":"brand","embeddable":true,"href":"https:\/\/www.4netonline.com\/wpg\/wp-json\/wp\/v2\/etheme_brands?post=8794"},{"taxonomy":"product_brand","embeddable":true,"href":"https:\/\/www.4netonline.com\/wpg\/wp-json\/wp\/v2\/product_brand?post=8794"},{"taxonomy":"product_cat","embeddable":true,"href":"https:\/\/www.4netonline.com\/wpg\/wp-json\/wp\/v2\/product_cat?post=8794"},{"taxonomy":"product_tag","embeddable":true,"href":"https:\/\/www.4netonline.com\/wpg\/wp-json\/wp\/v2\/product_tag?post=8794"}],"curies":[{"name":"wp","href":"https:\/\/api.w.org\/{rel}","templated":true}]}}