{"id":8778,"date":"2016-10-21T14:47:22","date_gmt":"2016-10-21T19:47:22","guid":{"rendered":"https:\/\/4netonline.com\/wpg\/?post_type=product&#038;p=8778"},"modified":"2023-04-14T15:26:24","modified_gmt":"2023-04-14T20:26:24","slug":"wireless-n300-access-point","status":"publish","type":"product","link":"https:\/\/www.4netonline.com\/wpg\/product\/wireless-n300-access-point\/","title":{"rendered":"i6 Wireless N300 AP"},"content":{"rendered":"<p style=\"text-align: center\">Wireless<\/p>\n<p style=\"text-align: center\"><a href=\"https:\/\/4netonline.com\/wpg\/sales-team\/franklin-gutierrez-herrera\/\">MORE INFORMATION<\/a><\/p>\n<h5>High Power Design<\/h5>\n<div>Adopt Wireless independent power implifier to improve transimit power.Thus,the wireless signal is stronger and the coverage is optimized.<\/div>\n<div>\n<h5>Ceiling Design<\/h5>\n<div>With the aesthetic ceiling design,i6 can be integrated seamlessly into any wall or ceiling surface.The LED indicator simplifies deployment and configuration.<\/div>\n<div>\n<h5>Power over Ethernet(802.3af)<\/h5>\n<div>The port on the back panel is PoE 802.3af compliant,which allows both power and data to be carried over a single Ethernet cable to i6.So the i6 can be deployed in areas where power outlets are scarce or not available.<\/div>\n<div>\n<h5>Quality of Service (QoS)<\/h5>\n<div>Prioritizes data,voice and video applications to ensure time-sensitive traffic takes priority over all other traffic.<\/div>\n<div>\n<h5>Industrial Wireless Security<\/h5>\n<div>i6 offers multi-level wireless encryption options to prevent unauthorized access and protect your important data.<br \/>\n\u25cf 64\/128\/152-bit WEP,WPA\/WPA2-Enterprise,WPA-PSK\/WPA2-PSK<br \/>\n\u25cf Mac Address Filtering<br \/>\n\u25cf SSID to VLAN Mapping<br \/>\n\u25cf Client isolation and SSID isolation<\/div>\n<div>\n<h5>Centralized Managed by AP Controller<\/h5>\n<div>i6 can be managed by AP Controller M3 and bring easier deployment and management when you deploy multiple APs in the network.<\/div>\n<\/div>\n<\/div>\n<\/div>\n<\/div>\n<\/div>\n<p align=\"center\">Model:<\/p>\n<p align=\"center\">i6<\/p>\n<h4 class=\"t-18 t-black t-normal mb2\"><span style=\"color: #ffffff\">Overview<\/span><\/h4>\n<p class=\"break-words white-space-pre-wrap mb5 t-14 t-black--light t-normal\"><span style=\"color: #ffffff\">Somos un Distribuidor Master Mayorista localizado en Miami, FL. USA. Contamos con m\u00e1s de 18 a\u00f1os de experiencias y amplia presencia en Latinoam\u00e9rica. Productos; -Cables de Fibra Optica -Accesorios, Cajas y herramientas para Instalaci\u00f3n de redes de Fibra Opticas -Antenas -Cableado estructurado -Conectores y accesorios para instalaci\u00f3n de cableados -Productos para aplicaciones profesionales de Wireless (Wi-Fi); Switch, Routers, Antenas, Mesh, Somos distribuidores directos de marcas l\u00edderes en el mercado, tenemos varios programas donde ofrecemos bajos precios para compa\u00f1\u00edas aliadas. Usted y su empresa se beneficiar\u00e1 del ahorro y otras ventajas que la har\u00e1n m\u00e1s atractiva a sus clientes con las siguientes marcas: Ubiquiti Mikrotik Cambium Networks Tenda Cablix Mimosa ALG COM Exportamos a: Argentina Bolivia Brasil Chile Colombia Costa Rica Ecuador M\u00e9xico Paraguay Panam\u00e1 Per\u00fa Puerto Rico Uruguay El Caribe Venezuela<\/span><\/p>\n","protected":false},"excerpt":{"rendered":"<div class=\"col-xs-12 col-sm-4\">\n<div class=\"thumbnail\"><\/div>\n<\/div>\n<div class=\"col-sm-8 justone\"><\/div>\n","protected":false},"featured_media":8779,"template":"","meta":[],"etheme_brands":[{"term_id":1119,"name":"Tenda","slug":"tenda","term_group":0,"term_taxonomy_id":1119,"taxonomy":"brand","description":"","parent":0,"count":54,"filter":"raw"}],"product_brand":[],"product_cat":[1341,1333,1346],"product_tag":[],"class_list":{"0":"post-8778","1":"product","2":"type-product","3":"status-publish","4":"has-post-thumbnail","6":"brand-tenda","7":"product_cat-tenda-business","8":"product_cat-tenda","9":"product_cat-tenda-business-wireless-ap","11":"first","12":"instock","13":"taxable","14":"shipping-taxable","15":"purchasable","16":"product-type-simple"},"yoast_head":"<!-- This site is optimized with the Yoast SEO plugin v27.3 - https:\/\/yoast.com\/product\/yoast-seo-wordpress\/ -->\n<title>Wireless i6 N300 Access Point High Power Design<\/title>\n<meta name=\"description\" content=\"i6 Wireless can be managed by AP Controller M3 and bring easier deployment and management when you deploy multiple APs in the network.\" \/>\n<meta name=\"robots\" content=\"index, follow, max-snippet:-1, max-image-preview:large, max-video-preview:-1\" \/>\n<link rel=\"canonical\" href=\"https:\/\/www.4netonline.com\/wpg\/product\/wireless-n300-access-point\/\" \/>\n<meta property=\"og:locale\" content=\"en_US\" \/>\n<meta property=\"og:type\" content=\"article\" \/>\n<meta property=\"og:title\" content=\"Wireless i6 N300 Access Point High Power Design\" \/>\n<meta property=\"og:description\" content=\"i6 Wireless can be managed by AP Controller M3 and bring easier deployment and management when you deploy multiple APs in the network.\" \/>\n<meta property=\"og:url\" content=\"https:\/\/www.4netonline.com\/wpg\/product\/wireless-n300-access-point\/\" \/>\n<meta property=\"og:site_name\" content=\"4Net Networking\" \/>\n<meta property=\"article:publisher\" content=\"https:\/\/www.facebook.com\/4netNetworking\/\" \/>\n<meta property=\"article:modified_time\" content=\"2023-04-14T20:26:24+00:00\" \/>\n<meta property=\"og:image\" content=\"https:\/\/www.4netonline.com\/wpg\/wp-content\/uploads\/2016\/10\/b_2015129170267748.jpg\" \/>\n\t<meta property=\"og:image:width\" content=\"800\" \/>\n\t<meta property=\"og:image:height\" content=\"800\" \/>\n\t<meta property=\"og:image:type\" content=\"image\/jpeg\" \/>\n<meta name=\"twitter:card\" content=\"summary_large_image\" \/>\n<meta name=\"twitter:site\" content=\"@4netonline\" \/>\n<meta name=\"twitter:label1\" content=\"Est. reading time\" \/>\n\t<meta name=\"twitter:data1\" content=\"2 minutes\" \/>\n<script type=\"application\/ld+json\" class=\"yoast-schema-graph\">{\"@context\":\"https:\\\/\\\/schema.org\",\"@graph\":[{\"@type\":\"WebPage\",\"@id\":\"https:\\\/\\\/www.4netonline.com\\\/wpg\\\/product\\\/wireless-n300-access-point\\\/\",\"url\":\"https:\\\/\\\/www.4netonline.com\\\/wpg\\\/product\\\/wireless-n300-access-point\\\/\",\"name\":\"Wireless i6 N300 Access Point High Power Design\",\"isPartOf\":{\"@id\":\"https:\\\/\\\/www.4netonline.com\\\/wpg\\\/#website\"},\"primaryImageOfPage\":{\"@id\":\"https:\\\/\\\/www.4netonline.com\\\/wpg\\\/product\\\/wireless-n300-access-point\\\/#primaryimage\"},\"image\":{\"@id\":\"https:\\\/\\\/www.4netonline.com\\\/wpg\\\/product\\\/wireless-n300-access-point\\\/#primaryimage\"},\"thumbnailUrl\":\"https:\\\/\\\/www.4netonline.com\\\/wpg\\\/wp-content\\\/uploads\\\/2016\\\/10\\\/b_2015129170267748.jpg\",\"datePublished\":\"2016-10-21T19:47:22+00:00\",\"dateModified\":\"2023-04-14T20:26:24+00:00\",\"description\":\"i6 Wireless can be managed by AP Controller M3 and bring easier deployment and management when you deploy multiple APs in the network.\",\"breadcrumb\":{\"@id\":\"https:\\\/\\\/www.4netonline.com\\\/wpg\\\/product\\\/wireless-n300-access-point\\\/#breadcrumb\"},\"inLanguage\":\"en-US\",\"potentialAction\":[{\"@type\":\"ReadAction\",\"target\":[\"https:\\\/\\\/www.4netonline.com\\\/wpg\\\/product\\\/wireless-n300-access-point\\\/\"]}]},{\"@type\":\"ImageObject\",\"inLanguage\":\"en-US\",\"@id\":\"https:\\\/\\\/www.4netonline.com\\\/wpg\\\/product\\\/wireless-n300-access-point\\\/#primaryimage\",\"url\":\"https:\\\/\\\/www.4netonline.com\\\/wpg\\\/wp-content\\\/uploads\\\/2016\\\/10\\\/b_2015129170267748.jpg\",\"contentUrl\":\"https:\\\/\\\/www.4netonline.com\\\/wpg\\\/wp-content\\\/uploads\\\/2016\\\/10\\\/b_2015129170267748.jpg\",\"width\":800,\"height\":800,\"caption\":\"Wireless\"},{\"@type\":\"BreadcrumbList\",\"@id\":\"https:\\\/\\\/www.4netonline.com\\\/wpg\\\/product\\\/wireless-n300-access-point\\\/#breadcrumb\",\"itemListElement\":[{\"@type\":\"ListItem\",\"position\":1,\"name\":\"Home\",\"item\":\"https:\\\/\\\/www.4netonline.com\\\/wpg\\\/\"},{\"@type\":\"ListItem\",\"position\":2,\"name\":\"Shop\",\"item\":\"https:\\\/\\\/www.4netonline.com\\\/wpg\\\/shop-2\\\/\"},{\"@type\":\"ListItem\",\"position\":3,\"name\":\"i6 Wireless N300 AP\"}]},{\"@type\":\"WebSite\",\"@id\":\"https:\\\/\\\/www.4netonline.com\\\/wpg\\\/#website\",\"url\":\"https:\\\/\\\/www.4netonline.com\\\/wpg\\\/\",\"name\":\"4Net Networking\",\"description\":\"\",\"publisher\":{\"@id\":\"https:\\\/\\\/www.4netonline.com\\\/wpg\\\/#organization\"},\"potentialAction\":[{\"@type\":\"SearchAction\",\"target\":{\"@type\":\"EntryPoint\",\"urlTemplate\":\"https:\\\/\\\/www.4netonline.com\\\/wpg\\\/?s={search_term_string}\"},\"query-input\":{\"@type\":\"PropertyValueSpecification\",\"valueRequired\":true,\"valueName\":\"search_term_string\"}}],\"inLanguage\":\"en-US\"},{\"@type\":\"Organization\",\"@id\":\"https:\\\/\\\/www.4netonline.com\\\/wpg\\\/#organization\",\"name\":\"4net Networks\",\"url\":\"https:\\\/\\\/www.4netonline.com\\\/wpg\\\/\",\"logo\":{\"@type\":\"ImageObject\",\"inLanguage\":\"en-US\",\"@id\":\"https:\\\/\\\/www.4netonline.com\\\/wpg\\\/#\\\/schema\\\/logo\\\/image\\\/\",\"url\":\"\",\"contentUrl\":\"\",\"caption\":\"4net Networks\"},\"image\":{\"@id\":\"https:\\\/\\\/www.4netonline.com\\\/wpg\\\/#\\\/schema\\\/logo\\\/image\\\/\"},\"sameAs\":[\"https:\\\/\\\/www.facebook.com\\\/4netNetworking\\\/\",\"https:\\\/\\\/x.com\\\/4netonline\",\"https:\\\/\\\/www.linkedin.com\\\/company\\\/4net-networking-corp\",\"https:\\\/\\\/www.youtube.com\\\/channel\\\/UCmHmX1rrKiDV0uOWZBVSn7g\"]}]}<\/script>\n<!-- \/ Yoast SEO plugin. -->","yoast_head_json":{"title":"Wireless i6 N300 Access Point High Power Design","description":"i6 Wireless can be managed by AP Controller M3 and bring easier deployment and management when you deploy multiple APs in the network.","robots":{"index":"index","follow":"follow","max-snippet":"max-snippet:-1","max-image-preview":"max-image-preview:large","max-video-preview":"max-video-preview:-1"},"canonical":"https:\/\/www.4netonline.com\/wpg\/product\/wireless-n300-access-point\/","og_locale":"en_US","og_type":"article","og_title":"Wireless i6 N300 Access Point High Power Design","og_description":"i6 Wireless can be managed by AP Controller M3 and bring easier deployment and management when you deploy multiple APs in the network.","og_url":"https:\/\/www.4netonline.com\/wpg\/product\/wireless-n300-access-point\/","og_site_name":"4Net Networking","article_publisher":"https:\/\/www.facebook.com\/4netNetworking\/","article_modified_time":"2023-04-14T20:26:24+00:00","og_image":[{"width":800,"height":800,"url":"https:\/\/www.4netonline.com\/wpg\/wp-content\/uploads\/2016\/10\/b_2015129170267748.jpg","type":"image\/jpeg"}],"twitter_card":"summary_large_image","twitter_site":"@4netonline","twitter_misc":{"Est. reading time":"2 minutes"},"schema":{"@context":"https:\/\/schema.org","@graph":[{"@type":"WebPage","@id":"https:\/\/www.4netonline.com\/wpg\/product\/wireless-n300-access-point\/","url":"https:\/\/www.4netonline.com\/wpg\/product\/wireless-n300-access-point\/","name":"Wireless i6 N300 Access Point High Power Design","isPartOf":{"@id":"https:\/\/www.4netonline.com\/wpg\/#website"},"primaryImageOfPage":{"@id":"https:\/\/www.4netonline.com\/wpg\/product\/wireless-n300-access-point\/#primaryimage"},"image":{"@id":"https:\/\/www.4netonline.com\/wpg\/product\/wireless-n300-access-point\/#primaryimage"},"thumbnailUrl":"https:\/\/www.4netonline.com\/wpg\/wp-content\/uploads\/2016\/10\/b_2015129170267748.jpg","datePublished":"2016-10-21T19:47:22+00:00","dateModified":"2023-04-14T20:26:24+00:00","description":"i6 Wireless can be managed by AP Controller M3 and bring easier deployment and management when you deploy multiple APs in the network.","breadcrumb":{"@id":"https:\/\/www.4netonline.com\/wpg\/product\/wireless-n300-access-point\/#breadcrumb"},"inLanguage":"en-US","potentialAction":[{"@type":"ReadAction","target":["https:\/\/www.4netonline.com\/wpg\/product\/wireless-n300-access-point\/"]}]},{"@type":"ImageObject","inLanguage":"en-US","@id":"https:\/\/www.4netonline.com\/wpg\/product\/wireless-n300-access-point\/#primaryimage","url":"https:\/\/www.4netonline.com\/wpg\/wp-content\/uploads\/2016\/10\/b_2015129170267748.jpg","contentUrl":"https:\/\/www.4netonline.com\/wpg\/wp-content\/uploads\/2016\/10\/b_2015129170267748.jpg","width":800,"height":800,"caption":"Wireless"},{"@type":"BreadcrumbList","@id":"https:\/\/www.4netonline.com\/wpg\/product\/wireless-n300-access-point\/#breadcrumb","itemListElement":[{"@type":"ListItem","position":1,"name":"Home","item":"https:\/\/www.4netonline.com\/wpg\/"},{"@type":"ListItem","position":2,"name":"Shop","item":"https:\/\/www.4netonline.com\/wpg\/shop-2\/"},{"@type":"ListItem","position":3,"name":"i6 Wireless N300 AP"}]},{"@type":"WebSite","@id":"https:\/\/www.4netonline.com\/wpg\/#website","url":"https:\/\/www.4netonline.com\/wpg\/","name":"4Net Networking","description":"","publisher":{"@id":"https:\/\/www.4netonline.com\/wpg\/#organization"},"potentialAction":[{"@type":"SearchAction","target":{"@type":"EntryPoint","urlTemplate":"https:\/\/www.4netonline.com\/wpg\/?s={search_term_string}"},"query-input":{"@type":"PropertyValueSpecification","valueRequired":true,"valueName":"search_term_string"}}],"inLanguage":"en-US"},{"@type":"Organization","@id":"https:\/\/www.4netonline.com\/wpg\/#organization","name":"4net Networks","url":"https:\/\/www.4netonline.com\/wpg\/","logo":{"@type":"ImageObject","inLanguage":"en-US","@id":"https:\/\/www.4netonline.com\/wpg\/#\/schema\/logo\/image\/","url":"","contentUrl":"","caption":"4net Networks"},"image":{"@id":"https:\/\/www.4netonline.com\/wpg\/#\/schema\/logo\/image\/"},"sameAs":["https:\/\/www.facebook.com\/4netNetworking\/","https:\/\/x.com\/4netonline","https:\/\/www.linkedin.com\/company\/4net-networking-corp","https:\/\/www.youtube.com\/channel\/UCmHmX1rrKiDV0uOWZBVSn7g"]}]}},"_links":{"self":[{"href":"https:\/\/www.4netonline.com\/wpg\/wp-json\/wp\/v2\/product\/8778","targetHints":{"allow":["GET"]}}],"collection":[{"href":"https:\/\/www.4netonline.com\/wpg\/wp-json\/wp\/v2\/product"}],"about":[{"href":"https:\/\/www.4netonline.com\/wpg\/wp-json\/wp\/v2\/types\/product"}],"version-history":[{"count":0,"href":"https:\/\/www.4netonline.com\/wpg\/wp-json\/wp\/v2\/product\/8778\/revisions"}],"wp:featuredmedia":[{"embeddable":true,"href":"https:\/\/www.4netonline.com\/wpg\/wp-json\/wp\/v2\/media\/8779"}],"wp:attachment":[{"href":"https:\/\/www.4netonline.com\/wpg\/wp-json\/wp\/v2\/media?parent=8778"}],"wp:term":[{"taxonomy":"brand","embeddable":true,"href":"https:\/\/www.4netonline.com\/wpg\/wp-json\/wp\/v2\/etheme_brands?post=8778"},{"taxonomy":"product_brand","embeddable":true,"href":"https:\/\/www.4netonline.com\/wpg\/wp-json\/wp\/v2\/product_brand?post=8778"},{"taxonomy":"product_cat","embeddable":true,"href":"https:\/\/www.4netonline.com\/wpg\/wp-json\/wp\/v2\/product_cat?post=8778"},{"taxonomy":"product_tag","embeddable":true,"href":"https:\/\/www.4netonline.com\/wpg\/wp-json\/wp\/v2\/product_tag?post=8778"}],"curies":[{"name":"wp","href":"https:\/\/api.w.org\/{rel}","templated":true}]}}