{"id":7983,"date":"2016-07-26T14:11:21","date_gmt":"2016-07-26T19:11:21","guid":{"rendered":"https:\/\/4netonline.com\/wpg\/?post_type=product&#038;p=7983"},"modified":"2023-04-14T15:54:27","modified_gmt":"2023-04-14T20:54:27","slug":"hap-ac-lite-64mb","status":"publish","type":"product","link":"https:\/\/www.4netonline.com\/wpg\/product\/hap-ac-lite-64mb\/","title":{"rendered":"hAP ac lite RB952Ui-5ac2nD"},"content":{"rendered":"<p style=\"text-align: center\">hAP ac lite<\/p>\n<p>The hAP ac lite is a Dual-concurrent Access Point, that provides Wifi coverage for 2.4GHz and 5GHz frequencies at the same time.<\/p>\n<p>Unit is equipped with a 650MHz CPU, 64MB RAM, five 10\/100Mbps Ethernet ports (PoE output on port #5), dual-chain 802.11b\/g\/n 2.4GHz wireless, single chain 802.11ac 5GHz wireless, USB port for 3G\/4G modem and a RouterOS L4 license.<\/p>\n<p>We have two versions available &#8211; RB952Ui-5ac2nD (International) and RB952Ui-5ac2nD-US (USA). RB952Ui-5ac2nD-US (USA) is factory locked for 2412-2462MHz, 5170-5250MHz and 5725-5835MHz frequencies. This lock can not be removed. RB952Ui-5ac2nD (International) supports 2412-2484MHz and 5150MHz &#8211; 5875MHz range.<\/p>\n<p style=\"text-align: center\"><a href=\"https:\/\/4netonline.com\/wpg\/sales-team\/franklin-gutierrez-herrera\/\">Questions?<\/a><\/p>\n<p><img fetchpriority=\"high\" decoding=\"async\" class=\"alignnone wp-image-7984 size-large\" src=\"https:\/\/4netonline.com\/wpg\/wp-content\/uploads\/2016\/07\/RB952Ui-5ac2nD-1024x959.png\" alt=\"hAP ac lite\" width=\"1024\" height=\"959\" data-id=\"7984\" srcset=\"https:\/\/www.4netonline.com\/wpg\/wp-content\/uploads\/2016\/07\/RB952Ui-5ac2nD-1024x959.png 1024w, https:\/\/www.4netonline.com\/wpg\/wp-content\/uploads\/2016\/07\/RB952Ui-5ac2nD-600x562.png 600w, https:\/\/www.4netonline.com\/wpg\/wp-content\/uploads\/2016\/07\/RB952Ui-5ac2nD-300x281.png 300w, https:\/\/www.4netonline.com\/wpg\/wp-content\/uploads\/2016\/07\/RB952Ui-5ac2nD-768x719.png 768w, https:\/\/www.4netonline.com\/wpg\/wp-content\/uploads\/2016\/07\/RB952Ui-5ac2nD.png 1294w\" sizes=\"(max-width: 1024px) 100vw, 1024px\" \/><\/p>\n<p><img decoding=\"async\" class=\"alignnone wp-image-9830 size-large\" src=\"https:\/\/4netonline.com\/wpg\/wp-content\/uploads\/2016\/07\/RB952Ui-5ac2nD_TesteResults-1024x486.jpg\" alt=\"hAP ac lite\" width=\"1024\" height=\"486\" data-id=\"9830\" srcset=\"https:\/\/www.4netonline.com\/wpg\/wp-content\/uploads\/2016\/07\/RB952Ui-5ac2nD_TesteResults-1024x486.jpg 1024w, https:\/\/www.4netonline.com\/wpg\/wp-content\/uploads\/2016\/07\/RB952Ui-5ac2nD_TesteResults-600x285.jpg 600w, https:\/\/www.4netonline.com\/wpg\/wp-content\/uploads\/2016\/07\/RB952Ui-5ac2nD_TesteResults-300x143.jpg 300w, https:\/\/www.4netonline.com\/wpg\/wp-content\/uploads\/2016\/07\/RB952Ui-5ac2nD_TesteResults-768x365.jpg 768w, https:\/\/www.4netonline.com\/wpg\/wp-content\/uploads\/2016\/07\/RB952Ui-5ac2nD_TesteResults.jpg 1562w\" sizes=\"(max-width: 1024px) 100vw, 1024px\" \/><\/p>\n<p align=\"center\">\u00a064MB Models:<\/p>\n<p align=\"center\">RB952Ui-5ac2nD | RB952Ui-5ac2nD-US<\/p>\n<p align=\"center\"><span style=\"color: #ffffff\">RB952Ui5ac2nD | RB952Ui-5ac2nDUS<\/span><\/p>\n<p style=\"text-align: left\" align=\"center\"><span style=\"color: #ffffff\">hAP ac lite<\/span><\/p>\n<h4 class=\"t-18 t-black t-normal mb2\"><span style=\"color: #ffffff\">Overview<\/span><\/h4>\n<p class=\"break-words white-space-pre-wrap mb5 t-14 t-black--light t-normal\"><span style=\"color: #ffffff\">Somos un Distribuidor Master Mayorista localizado en Miami, FL. USA. Contamos con m\u00e1s de 20 a\u00f1os de experiencias y amplia presencia en Latinoam\u00e9rica. Productos; -Cables de Fibra Optica -Accesorios, Cajas y herramientas para Instalaci\u00f3n de redes de Fibra Opticas -Antenas -Cableado estructurado -Conectores y accesorios para instalaci\u00f3n de cableados -Productos para aplicaciones profesionales de Wireless (Wi-Fi); Switch, Routers, Antenas, Mesh, Somos distribuidores directos de marcas l\u00edderes en el mercado, tenemos varios programas donde ofrecemos bajos precios para compa\u00f1\u00edas aliadas. Usted y su empresa se beneficiar\u00e1 del ahorro y otras ventajas que la har\u00e1n m\u00e1s atractiva a sus clientes con las siguientes marcas: Ubiquiti Mikrotik Cambium Networks Tenda Cablix Mimosa ALG COM Exportamos a: Argentina Bolivia Brasil Chile Colombia Costa Rica Ecuador M\u00e9xico Paraguay Panam\u00e1 Per\u00fa Puerto Rico Uruguay El Caribe Venezuela &#8212;&#8212;&#8212;&#8212;&#8212;&#8212;&#8212;&#8212;&#8212;&#8212;&#8212;&#8212;&#8212;&#8212;&#8212;&#8212;&#8212;&#8212;&#8212;&#8212;&#8212;&#8212;&#8212;&#8212;&#8212;&#8212;&#8212;&#8212;&#8212;&#8212;&#8212;&#8212;&#8212;&#8212;&#8212;&#8212;&#8212;&#8212;&#8212;&#8212;&#8212;&#8212;&#8211;<\/span><\/p>\n<p class=\"break-words white-space-pre-wrap mb5 t-14 t-black--light t-normal\"><span style=\"color: #ffffff\">We are a Master wholesale distributor located in Miami, FL. USA. We have over 20 years of experience and broad presence in Latin America. Line of products; -Optic Fiber &#8211; Accessories to install Optiv Fiber Network &#8211; Structured Cabling Products; &#8211; Wireless ( Wi-Fi based) products for Professional Applications; &#8211; CCTV &amp; Surveillance equipments and accessories; We are direct distributors of leading brands in the market, we have several programs where we offer low prices for allied companies. You and your company will benefit from the savings and other benefits that will make your business more attractive to your customers with the following brands:<\/span><\/p>\n<p style=\"text-align: left\" align=\"center\"><span style=\"color: #ffffff\">hAP ac lite<\/span><\/p>\n<p align=\"center\">\n","protected":false},"excerpt":{"rendered":"<p>hAP ac lite The hAP ac lite is a Dual-concurrent Access Point, that provides Wifi coverage for 2.4GHz and 5GHz&#8230;<\/p>\n","protected":false},"featured_media":7985,"template":"","meta":[],"etheme_brands":[{"term_id":1116,"name":"Mikrotik","slug":"mikrotik","term_group":0,"term_taxonomy_id":1116,"taxonomy":"brand","description":"","parent":0,"count":113,"filter":"raw"}],"product_brand":[],"product_cat":[1165,1173,1168],"product_tag":[795,797,796],"class_list":{"0":"post-7983","1":"product","2":"type-product","3":"status-publish","4":"has-post-thumbnail","6":"brand-mikrotik","7":"product_cat-mikrotik","8":"product_cat-mikrotik-routerboard","9":"product_cat-mikrotik-wireless-for-home-and-office","10":"product_tag-ethernet","11":"product_tag-mikrotik","12":"product_tag-router","14":"first","15":"instock","16":"taxable","17":"shipping-taxable","18":"purchasable","19":"product-type-variable"},"yoast_head":"<!-- This site is optimized with the Yoast SEO plugin v27.2 - https:\/\/yoast.com\/product\/yoast-seo-wordpress\/ -->\n<title>hAP ac lite - RB952Ui-5ac2nD 2.4GHz 5GHz 650MHz CPU, 64MB RAM<\/title>\n<meta name=\"description\" content=\"The hAP ac lite is a Dual-concurrent Access Point, that provides Wifi coverage for 2.4GHz and 5GHz frequencies at the same time. Unit is\" \/>\n<meta name=\"robots\" content=\"index, follow, max-snippet:-1, max-image-preview:large, max-video-preview:-1\" \/>\n<link rel=\"canonical\" href=\"https:\/\/www.4netonline.com\/wpg\/product\/hap-ac-lite-64mb\/\" \/>\n<meta property=\"og:locale\" content=\"en_US\" \/>\n<meta property=\"og:type\" content=\"article\" \/>\n<meta property=\"og:title\" content=\"hAP ac lite - RB952Ui-5ac2nD 2.4GHz 5GHz 650MHz CPU, 64MB RAM\" \/>\n<meta property=\"og:description\" content=\"The hAP ac lite is a Dual-concurrent Access Point, that provides Wifi coverage for 2.4GHz and 5GHz frequencies at the same time. Unit is\" \/>\n<meta property=\"og:url\" content=\"https:\/\/www.4netonline.com\/wpg\/product\/hap-ac-lite-64mb\/\" \/>\n<meta property=\"og:site_name\" content=\"4Net Networking\" \/>\n<meta property=\"article:publisher\" content=\"https:\/\/www.facebook.com\/4netNetworking\/\" \/>\n<meta property=\"article:modified_time\" content=\"2023-04-14T20:54:27+00:00\" \/>\n<meta property=\"og:image\" content=\"https:\/\/www.4netonline.com\/wpg\/wp-content\/uploads\/2016\/07\/RB952Ui-5ac2nD.jpg\" \/>\n\t<meta property=\"og:image:width\" content=\"1000\" \/>\n\t<meta property=\"og:image:height\" content=\"1000\" \/>\n\t<meta property=\"og:image:type\" content=\"image\/jpeg\" \/>\n<meta name=\"twitter:card\" content=\"summary_large_image\" \/>\n<meta name=\"twitter:site\" content=\"@4netonline\" \/>\n<meta name=\"twitter:label1\" content=\"Est. reading time\" \/>\n\t<meta name=\"twitter:data1\" content=\"2 minutes\" \/>\n<script type=\"application\/ld+json\" class=\"yoast-schema-graph\">{\"@context\":\"https:\/\/schema.org\",\"@graph\":[{\"@type\":\"WebPage\",\"@id\":\"https:\/\/www.4netonline.com\/wpg\/product\/hap-ac-lite-64mb\/\",\"url\":\"https:\/\/www.4netonline.com\/wpg\/product\/hap-ac-lite-64mb\/\",\"name\":\"hAP ac lite - RB952Ui-5ac2nD 2.4GHz 5GHz 650MHz CPU, 64MB RAM\",\"isPartOf\":{\"@id\":\"https:\/\/www.4netonline.com\/wpg\/#website\"},\"primaryImageOfPage\":{\"@id\":\"https:\/\/www.4netonline.com\/wpg\/product\/hap-ac-lite-64mb\/#primaryimage\"},\"image\":{\"@id\":\"https:\/\/www.4netonline.com\/wpg\/product\/hap-ac-lite-64mb\/#primaryimage\"},\"thumbnailUrl\":\"https:\/\/www.4netonline.com\/wpg\/wp-content\/uploads\/2016\/07\/RB952Ui-5ac2nD.jpg\",\"datePublished\":\"2016-07-26T19:11:21+00:00\",\"dateModified\":\"2023-04-14T20:54:27+00:00\",\"description\":\"The hAP ac lite is a Dual-concurrent Access Point, that provides Wifi coverage for 2.4GHz and 5GHz frequencies at the same time. Unit is\",\"breadcrumb\":{\"@id\":\"https:\/\/www.4netonline.com\/wpg\/product\/hap-ac-lite-64mb\/#breadcrumb\"},\"inLanguage\":\"en-US\",\"potentialAction\":[{\"@type\":\"ReadAction\",\"target\":[\"https:\/\/www.4netonline.com\/wpg\/product\/hap-ac-lite-64mb\/\"]}]},{\"@type\":\"ImageObject\",\"inLanguage\":\"en-US\",\"@id\":\"https:\/\/www.4netonline.com\/wpg\/product\/hap-ac-lite-64mb\/#primaryimage\",\"url\":\"https:\/\/www.4netonline.com\/wpg\/wp-content\/uploads\/2016\/07\/RB952Ui-5ac2nD.jpg\",\"contentUrl\":\"https:\/\/www.4netonline.com\/wpg\/wp-content\/uploads\/2016\/07\/RB952Ui-5ac2nD.jpg\",\"width\":1000,\"height\":1000,\"caption\":\"hAP ac lite\"},{\"@type\":\"BreadcrumbList\",\"@id\":\"https:\/\/www.4netonline.com\/wpg\/product\/hap-ac-lite-64mb\/#breadcrumb\",\"itemListElement\":[{\"@type\":\"ListItem\",\"position\":1,\"name\":\"Home\",\"item\":\"https:\/\/www.4netonline.com\/wpg\/\"},{\"@type\":\"ListItem\",\"position\":2,\"name\":\"Shop\",\"item\":\"https:\/\/www.4netonline.com\/wpg\/shop-2\/\"},{\"@type\":\"ListItem\",\"position\":3,\"name\":\"hAP ac lite RB952Ui-5ac2nD\"}]},{\"@type\":\"WebSite\",\"@id\":\"https:\/\/www.4netonline.com\/wpg\/#website\",\"url\":\"https:\/\/www.4netonline.com\/wpg\/\",\"name\":\"4Net Networking\",\"description\":\"\",\"publisher\":{\"@id\":\"https:\/\/www.4netonline.com\/wpg\/#organization\"},\"potentialAction\":[{\"@type\":\"SearchAction\",\"target\":{\"@type\":\"EntryPoint\",\"urlTemplate\":\"https:\/\/www.4netonline.com\/wpg\/?s={search_term_string}\"},\"query-input\":{\"@type\":\"PropertyValueSpecification\",\"valueRequired\":true,\"valueName\":\"search_term_string\"}}],\"inLanguage\":\"en-US\"},{\"@type\":\"Organization\",\"@id\":\"https:\/\/www.4netonline.com\/wpg\/#organization\",\"name\":\"4net Networks\",\"url\":\"https:\/\/www.4netonline.com\/wpg\/\",\"logo\":{\"@type\":\"ImageObject\",\"inLanguage\":\"en-US\",\"@id\":\"https:\/\/www.4netonline.com\/wpg\/#\/schema\/logo\/image\/\",\"url\":\"\",\"contentUrl\":\"\",\"caption\":\"4net Networks\"},\"image\":{\"@id\":\"https:\/\/www.4netonline.com\/wpg\/#\/schema\/logo\/image\/\"},\"sameAs\":[\"https:\/\/www.facebook.com\/4netNetworking\/\",\"https:\/\/x.com\/4netonline\",\"https:\/\/www.linkedin.com\/company\/4net-networking-corp\",\"https:\/\/www.youtube.com\/channel\/UCmHmX1rrKiDV0uOWZBVSn7g\"]}]}<\/script>\n<!-- \/ Yoast SEO plugin. -->","yoast_head_json":{"title":"hAP ac lite - RB952Ui-5ac2nD 2.4GHz 5GHz 650MHz CPU, 64MB RAM","description":"The hAP ac lite is a Dual-concurrent Access Point, that provides Wifi coverage for 2.4GHz and 5GHz frequencies at the same time. Unit is","robots":{"index":"index","follow":"follow","max-snippet":"max-snippet:-1","max-image-preview":"max-image-preview:large","max-video-preview":"max-video-preview:-1"},"canonical":"https:\/\/www.4netonline.com\/wpg\/product\/hap-ac-lite-64mb\/","og_locale":"en_US","og_type":"article","og_title":"hAP ac lite - RB952Ui-5ac2nD 2.4GHz 5GHz 650MHz CPU, 64MB RAM","og_description":"The hAP ac lite is a Dual-concurrent Access Point, that provides Wifi coverage for 2.4GHz and 5GHz frequencies at the same time. Unit is","og_url":"https:\/\/www.4netonline.com\/wpg\/product\/hap-ac-lite-64mb\/","og_site_name":"4Net Networking","article_publisher":"https:\/\/www.facebook.com\/4netNetworking\/","article_modified_time":"2023-04-14T20:54:27+00:00","og_image":[{"width":1000,"height":1000,"url":"https:\/\/www.4netonline.com\/wpg\/wp-content\/uploads\/2016\/07\/RB952Ui-5ac2nD.jpg","type":"image\/jpeg"}],"twitter_card":"summary_large_image","twitter_site":"@4netonline","twitter_misc":{"Est. reading time":"2 minutes"},"schema":{"@context":"https:\/\/schema.org","@graph":[{"@type":"WebPage","@id":"https:\/\/www.4netonline.com\/wpg\/product\/hap-ac-lite-64mb\/","url":"https:\/\/www.4netonline.com\/wpg\/product\/hap-ac-lite-64mb\/","name":"hAP ac lite - RB952Ui-5ac2nD 2.4GHz 5GHz 650MHz CPU, 64MB RAM","isPartOf":{"@id":"https:\/\/www.4netonline.com\/wpg\/#website"},"primaryImageOfPage":{"@id":"https:\/\/www.4netonline.com\/wpg\/product\/hap-ac-lite-64mb\/#primaryimage"},"image":{"@id":"https:\/\/www.4netonline.com\/wpg\/product\/hap-ac-lite-64mb\/#primaryimage"},"thumbnailUrl":"https:\/\/www.4netonline.com\/wpg\/wp-content\/uploads\/2016\/07\/RB952Ui-5ac2nD.jpg","datePublished":"2016-07-26T19:11:21+00:00","dateModified":"2023-04-14T20:54:27+00:00","description":"The hAP ac lite is a Dual-concurrent Access Point, that provides Wifi coverage for 2.4GHz and 5GHz frequencies at the same time. Unit is","breadcrumb":{"@id":"https:\/\/www.4netonline.com\/wpg\/product\/hap-ac-lite-64mb\/#breadcrumb"},"inLanguage":"en-US","potentialAction":[{"@type":"ReadAction","target":["https:\/\/www.4netonline.com\/wpg\/product\/hap-ac-lite-64mb\/"]}]},{"@type":"ImageObject","inLanguage":"en-US","@id":"https:\/\/www.4netonline.com\/wpg\/product\/hap-ac-lite-64mb\/#primaryimage","url":"https:\/\/www.4netonline.com\/wpg\/wp-content\/uploads\/2016\/07\/RB952Ui-5ac2nD.jpg","contentUrl":"https:\/\/www.4netonline.com\/wpg\/wp-content\/uploads\/2016\/07\/RB952Ui-5ac2nD.jpg","width":1000,"height":1000,"caption":"hAP ac lite"},{"@type":"BreadcrumbList","@id":"https:\/\/www.4netonline.com\/wpg\/product\/hap-ac-lite-64mb\/#breadcrumb","itemListElement":[{"@type":"ListItem","position":1,"name":"Home","item":"https:\/\/www.4netonline.com\/wpg\/"},{"@type":"ListItem","position":2,"name":"Shop","item":"https:\/\/www.4netonline.com\/wpg\/shop-2\/"},{"@type":"ListItem","position":3,"name":"hAP ac lite RB952Ui-5ac2nD"}]},{"@type":"WebSite","@id":"https:\/\/www.4netonline.com\/wpg\/#website","url":"https:\/\/www.4netonline.com\/wpg\/","name":"4Net Networking","description":"","publisher":{"@id":"https:\/\/www.4netonline.com\/wpg\/#organization"},"potentialAction":[{"@type":"SearchAction","target":{"@type":"EntryPoint","urlTemplate":"https:\/\/www.4netonline.com\/wpg\/?s={search_term_string}"},"query-input":{"@type":"PropertyValueSpecification","valueRequired":true,"valueName":"search_term_string"}}],"inLanguage":"en-US"},{"@type":"Organization","@id":"https:\/\/www.4netonline.com\/wpg\/#organization","name":"4net Networks","url":"https:\/\/www.4netonline.com\/wpg\/","logo":{"@type":"ImageObject","inLanguage":"en-US","@id":"https:\/\/www.4netonline.com\/wpg\/#\/schema\/logo\/image\/","url":"","contentUrl":"","caption":"4net Networks"},"image":{"@id":"https:\/\/www.4netonline.com\/wpg\/#\/schema\/logo\/image\/"},"sameAs":["https:\/\/www.facebook.com\/4netNetworking\/","https:\/\/x.com\/4netonline","https:\/\/www.linkedin.com\/company\/4net-networking-corp","https:\/\/www.youtube.com\/channel\/UCmHmX1rrKiDV0uOWZBVSn7g"]}]}},"_links":{"self":[{"href":"https:\/\/www.4netonline.com\/wpg\/wp-json\/wp\/v2\/product\/7983","targetHints":{"allow":["GET"]}}],"collection":[{"href":"https:\/\/www.4netonline.com\/wpg\/wp-json\/wp\/v2\/product"}],"about":[{"href":"https:\/\/www.4netonline.com\/wpg\/wp-json\/wp\/v2\/types\/product"}],"version-history":[{"count":0,"href":"https:\/\/www.4netonline.com\/wpg\/wp-json\/wp\/v2\/product\/7983\/revisions"}],"wp:featuredmedia":[{"embeddable":true,"href":"https:\/\/www.4netonline.com\/wpg\/wp-json\/wp\/v2\/media\/7985"}],"wp:attachment":[{"href":"https:\/\/www.4netonline.com\/wpg\/wp-json\/wp\/v2\/media?parent=7983"}],"wp:term":[{"taxonomy":"brand","embeddable":true,"href":"https:\/\/www.4netonline.com\/wpg\/wp-json\/wp\/v2\/etheme_brands?post=7983"},{"taxonomy":"product_brand","embeddable":true,"href":"https:\/\/www.4netonline.com\/wpg\/wp-json\/wp\/v2\/product_brand?post=7983"},{"taxonomy":"product_cat","embeddable":true,"href":"https:\/\/www.4netonline.com\/wpg\/wp-json\/wp\/v2\/product_cat?post=7983"},{"taxonomy":"product_tag","embeddable":true,"href":"https:\/\/www.4netonline.com\/wpg\/wp-json\/wp\/v2\/product_tag?post=7983"}],"curies":[{"name":"wp","href":"https:\/\/api.w.org\/{rel}","templated":true}]}}