{"id":6863,"date":"2016-06-30T17:10:10","date_gmt":"2016-06-30T22:10:10","guid":{"rendered":"https:\/\/4netonline.com\/wpg\/?post_type=product&#038;p=6863"},"modified":"2023-08-25T12:55:16","modified_gmt":"2023-08-25T17:55:16","slug":"mport","status":"publish","type":"product","link":"https:\/\/www.4netonline.com\/wpg\/product\/mport\/","title":{"rendered":"mPort mFi Series Sensors"},"content":{"rendered":"<h4><strong>mPORT-S<\/strong><\/h4>\n<p>Two mFi RJ45 connectors and a terminal block connector with RS232\/422\/485 serial connectivity through a standard DB9 serial port or a terminal block connector and built-in WiFi and Ethernet to connect to the IP network.<\/p>\n<ul>\n<li>Dimensions 100 x 60 x 27.5 mm (H x W x D) 100 x 60 x 36.5 mm (with Bracket)<\/li>\n<li>Power Supply 24V, 0.5A Surge Protection Integrated PoE Adapter (Included)<\/li>\n<li>Max. Power Consumption 3 W<\/li>\n<li>Networking Interface (1) 10\/100 Ethernet Port<\/li>\n<li>Ports (1) DB9 Serial Port (1) Terminal Block Serial Port<\/li>\n<li>WiFi Standards 802.11b\/g\/n<\/li>\n<li>Serial Protocols RS232, RS422, RS485<\/li>\n<li>Memory 16 MB RAM, 8 MB Flash<\/li>\n<\/ul>\n<h4><strong>mfi-MSC<\/strong><\/h4>\n<p>mFi is a Machine to Machine management system from Ubiquiti Networks Inc. The mFi hardware can be managed and monitored from the mFi Controller software. The mFi Controller software allows you to create rules that trigger actions based on data from your mFi sensors. For example motion detection could turn a light on or a high temperature reading could trigger a fan. The mFi platform is compatible with third party devices making the options unlimited! Ceiling Mount Motion Sensor (mFi MSC) is a dual technology motion sensor using both passive infrared and microwave motion sensors to minimize the likelihood of false detections. It is wall mountable and designed for security occupancy detection resource scheduling and other smart building applications. For use with mFi mPort hardware and mFi Controller software (included with the mFi mPort). Connection Type: mFi RJ45 Sensors: Dual Technologies Passive Infrared and Microwave<\/p>\n<p style=\"text-align: center\">mPort<\/p>\n<p class=\"comAnimateSlideUp is-animate\" style=\"text-align: center\">Easy Bridging to IP Network<\/p>\n<p style=\"text-align: center\"><a href=\"https:\/\/4netonline.com\/wpg\/sales-team\/franklin-gutierrez-herrera\/\">Questions?<\/a><\/p>\n<p class=\"comAnimateSlideUp is-animate\" style=\"text-align: center\">The mPort<sup>&#x2122;<\/sup> instantly bridges any serial connection, sensor or other device to your Ethernet or Wi-Fi network.<\/p>\n<p class=\"comAnimateSlideUp is-animate\" style=\"text-align: center\"><img fetchpriority=\"high\" decoding=\"async\" class=\"aligncenter wp-image-6864\" src=\"https:\/\/4netonline.com\/wpg\/wp-content\/uploads\/2016\/06\/mport_1-300x132.jpg\" alt=\"mport_1\" width=\"600\" height=\"265\" data-id=\"6864\" srcset=\"https:\/\/www.4netonline.com\/wpg\/wp-content\/uploads\/2016\/06\/mport_1-300x132.jpg 300w, https:\/\/www.4netonline.com\/wpg\/wp-content\/uploads\/2016\/06\/mport_1-600x265.jpg 600w, https:\/\/www.4netonline.com\/wpg\/wp-content\/uploads\/2016\/06\/mport_1-768x339.jpg 768w, https:\/\/www.4netonline.com\/wpg\/wp-content\/uploads\/2016\/06\/mport_1-1024x452.jpg 1024w, https:\/\/www.4netonline.com\/wpg\/wp-content\/uploads\/2016\/06\/mport_1.jpg 1700w\" sizes=\"(max-width: 600px) 100vw, 600px\" \/><\/p>\n<p class=\"comAnimateSlideUp is-animate\" style=\"text-align: center\"><span style=\"color: #ffffff\">4net<\/span><\/p>\n<p class=\"comAnimateSlideUp is-animate\" style=\"text-align: center\"><span style=\"color: #ffffff\">4net<\/span><\/p>\n<p class=\"comAnimateSlideUp is-animate\" style=\"text-align: center\"><span style=\"color: #ffffff\">4net<\/span><\/p>\n<h3 class=\"comAnimateSlideUp is-animate\" style=\"text-align: center\">mFi<sup>\u00ae<\/sup> Sensors<\/h3>\n<p class=\"comAnimateSlideUp is-animate\" style=\"text-align: center\">Ubiquiti offers a wide selection of sensors including motion, temperature, current and door\/window sensors. Connect sensors to the mPort<sup>&#x2122;<\/sup> to create an intelligent mFi<sup>\u00ae<\/sup> network for machine management and smart building automation.<\/p>\n<p class=\"comAnimateSlideUp is-animate\" style=\"text-align: center\"><img decoding=\"async\" class=\"aligncenter wp-image-6865\" src=\"https:\/\/4netonline.com\/wpg\/wp-content\/uploads\/2016\/06\/mport_2-300x100.jpg\" alt=\"mport_2\" width=\"700\" height=\"233\" data-id=\"6865\" srcset=\"https:\/\/www.4netonline.com\/wpg\/wp-content\/uploads\/2016\/06\/mport_2-300x100.jpg 300w, https:\/\/www.4netonline.com\/wpg\/wp-content\/uploads\/2016\/06\/mport_2-600x200.jpg 600w, https:\/\/www.4netonline.com\/wpg\/wp-content\/uploads\/2016\/06\/mport_2-768x256.jpg 768w, https:\/\/www.4netonline.com\/wpg\/wp-content\/uploads\/2016\/06\/mport_2-1024x341.jpg 1024w, https:\/\/www.4netonline.com\/wpg\/wp-content\/uploads\/2016\/06\/mport_2.jpg 1800w\" sizes=\"(max-width: 700px) 100vw, 700px\" \/><\/p>\n<p class=\"comAnimateSlideUp is-animate\" style=\"text-align: center\"><span style=\"color: #ffffff\">4net<\/span><\/p>\n<p class=\"comAnimateSlideUp is-animate\" style=\"text-align: center\"><span style=\"color: #ffffff\">4net<\/span><\/p>\n<p class=\"comAnimateSlideUp is-animate\" style=\"text-align: center\"><span style=\"color: #ffffff\">4net<\/span><\/p>\n<h3 class=\"comAnimateSlideUp is-animate\" style=\"text-align: center\">Advanced Management Software<\/h3>\n<p class=\"comAnimateSlideUp is-animate\" style=\"text-align: center\">Make buildings smarter and more efficient using the intuitive UI and powerful features of the mFi<sup>\u00ae<\/sup> Controller software.<\/p>\n<p class=\"comAnimateSlideUp is-animate\" style=\"text-align: center\"><img decoding=\"async\" class=\"aligncenter wp-image-6866\" src=\"https:\/\/4netonline.com\/wpg\/wp-content\/uploads\/2016\/06\/mport_3-300x138.jpg\" alt=\"mPort\" width=\"700\" height=\"323\" data-id=\"6866\" srcset=\"https:\/\/www.4netonline.com\/wpg\/wp-content\/uploads\/2016\/06\/mport_3-300x138.jpg 300w, https:\/\/www.4netonline.com\/wpg\/wp-content\/uploads\/2016\/06\/mport_3-600x277.jpg 600w, https:\/\/www.4netonline.com\/wpg\/wp-content\/uploads\/2016\/06\/mport_3-768x354.jpg 768w, https:\/\/www.4netonline.com\/wpg\/wp-content\/uploads\/2016\/06\/mport_3-1024x473.jpg 1024w, https:\/\/www.4netonline.com\/wpg\/wp-content\/uploads\/2016\/06\/mport_3.jpg 1950w\" sizes=\"(max-width: 700px) 100vw, 700px\" \/><\/p>\n<p class=\"comAnimateSlideUp is-animate\" style=\"text-align: center\"><span style=\"color: #ffffff\">4net<\/span><\/p>\n<p class=\"comAnimateSlideUp is-animate\" style=\"text-align: center\"><span style=\"color: #ffffff\">4net<\/span><\/p>\n<p class=\"comAnimateSlideUp is-animate\" style=\"text-align: center\"><span style=\"color: #ffffff\">4net<\/span><\/p>\n<h3 class=\"comAnimateSlideUp is-animate\" style=\"text-align: center\">Simple Setup<\/h3>\n<p class=\"comAnimateSlideUp is-animate\" style=\"text-align: center\">Easily set up devices by creating rules to control sensors and machines depending on schedules or conditions.<\/p>\n<p class=\"comAnimateSlideUp is-animate\"><img loading=\"lazy\" decoding=\"async\" class=\"aligncenter wp-image-6867\" src=\"https:\/\/4netonline.com\/wpg\/wp-content\/uploads\/2016\/06\/mport_4-300x275.jpg\" alt=\"mPort\" width=\"550\" height=\"504\" data-id=\"6867\" srcset=\"https:\/\/www.4netonline.com\/wpg\/wp-content\/uploads\/2016\/06\/mport_4-300x275.jpg 300w, https:\/\/www.4netonline.com\/wpg\/wp-content\/uploads\/2016\/06\/mport_4-600x550.jpg 600w, https:\/\/www.4netonline.com\/wpg\/wp-content\/uploads\/2016\/06\/mport_4-768x704.jpg 768w, https:\/\/www.4netonline.com\/wpg\/wp-content\/uploads\/2016\/06\/mport_4-1024x939.jpg 1024w, https:\/\/www.4netonline.com\/wpg\/wp-content\/uploads\/2016\/06\/mport_4.jpg 1200w\" sizes=\"(max-width: 550px) 100vw, 550px\" \/><\/p>\n<p class=\"comAnimateSlideUp is-animate\" style=\"text-align: center\">Models:<\/p>\n<p class=\"comAnimateSlideUp is-animate\" style=\"text-align: center\">mPort | mPort-S | mFi-CS | mFi-DS | mFi-MSC | mFi-MSW | mFi-THS<\/p>\n<p class=\"comAnimateSlideUp is-animate\" style=\"text-align: center\"><span style=\"color: #ffffff\">mPort | mPortS | mFiCS | mFiDS | mFiMSC | mFiMSW | mFiTHS<\/span><\/p>\n<p>&nbsp;<\/p>\n<p><span style=\"color: #ffffff\"> mPort <\/span><\/p>\n<h4 class=\"t-18 t-black t-normal mb2\"><span style=\"color: #ffffff\">Overview<\/span><\/h4>\n<p class=\"break-words white-space-pre-wrap mb5 t-14 t-black--light t-normal\"><span style=\"color: #ffffff\">Somos un Distribuidor Master Mayorista localizado en Miami, FL. USA. Contamos con m\u00e1s de 20 a\u00f1os de experiencias y amplia presencia en Latinoam\u00e9rica. Productos; -Cables de Fibra Optica -Accesorios, Cajas y herramientas para Instalaci\u00f3n de redes de Fibra Opticas -Antenas -Cableado estructurado -Conectores y accesorios para instalaci\u00f3n de cableados -Productos para aplicaciones profesionales de Wireless (Wi-Fi); Switch, Routers, Antenas, Mesh, Somos distribuidores directos de marcas l\u00edderes en el mercado, tenemos varios programas donde ofrecemos bajos precios para compa\u00f1\u00edas aliadas. Usted y su empresa se beneficiar\u00e1 del ahorro y otras ventajas que la har\u00e1n m\u00e1s atractiva a sus clientes con las siguientes marcas: Ubiquiti Mikrotik Cambium Networks Tenda Cablix Mimosa ALG COM Exportamos a: Argentina Bolivia Brasil Chile Colombia Costa Rica Ecuador M\u00e9xico Paraguay Panam\u00e1 Per\u00fa Puerto Rico Uruguay El Caribe Venezuela &#8212;&#8212;&#8212;&#8212;&#8212;&#8212;&#8212;&#8212;&#8212;&#8212;&#8212;&#8212;&#8212;&#8212;&#8212;&#8212;&#8212;&#8212;&#8212;&#8212;&#8212;&#8212;&#8212;&#8212;&#8212;&#8212;&#8212;&#8212;&#8212;&#8212;&#8212;&#8212;&#8212;&#8212;&#8212;&#8212;&#8212;&#8212;&#8212;&#8212;&#8212;&#8212;&#8211; We are a Master wholesale distributor located in Miami, FL. USA. We have over 20 years of experience and broad presence in Latin America. Line of products; -Optic Fiber &#8211; Accessories to install Optiv Fiber Network &#8211; Structured Cabling Products; &#8211; Wireless ( Wi-Fi based) products for Professional Applications; &#8211; CCTV &amp; Surveillance equipments and accessories; We are direct distributors of leading brands in the market, we have several programs where we offer low prices for allied companies. You and your company will benefit from the savings and other benefits that will make your business more attractive to your customers with the following brands:<\/span><\/p>\n<p><span style=\"color: #ffffff\"> mPort <\/span><\/p>\n","protected":false},"excerpt":{"rendered":"<p>mPORT-S Two mFi RJ45 connectors and a terminal block connector with RS232\/422\/485 serial connectivity through a standard DB9 serial port&#8230;<\/p>\n","protected":false},"featured_media":6875,"template":"","meta":[],"etheme_brands":[],"product_brand":[],"product_cat":[1154,1150,1148],"product_tag":[766,761],"class_list":{"0":"post-6863","1":"product","2":"type-product","3":"status-publish","4":"has-post-thumbnail","6":"product_cat-ub-unifi-accessories","7":"product_cat-ub-unifi-network","8":"product_cat-ubiquiti","9":"product_tag-ubiquiti","10":"product_tag-wireless","12":"first","13":"instock","14":"taxable","15":"shipping-taxable","16":"purchasable","17":"product-type-variable","18":"has-default-attributes"},"yoast_head":"<!-- This site is optimized with the Yoast SEO plugin v27.3 - https:\/\/yoast.com\/product\/yoast-seo-wordpress\/ -->\n<title>mPort mFi Series Sensors - 4Net Networking<\/title>\n<meta name=\"description\" content=\"mPort is an mFi\u00ae Networked Machine Interface and Monitor. It connects a variety of devices, including the mFi Sensors, to the\" \/>\n<meta name=\"robots\" content=\"index, follow, max-snippet:-1, max-image-preview:large, max-video-preview:-1\" \/>\n<link rel=\"canonical\" href=\"https:\/\/www.4netonline.com\/wpg\/product\/mport\/\" \/>\n<meta property=\"og:locale\" content=\"en_US\" \/>\n<meta property=\"og:type\" content=\"article\" \/>\n<meta property=\"og:title\" content=\"mPort mFi Series Sensors - 4Net Networking\" \/>\n<meta property=\"og:description\" content=\"mPort is an mFi\u00ae Networked Machine Interface and Monitor. It connects a variety of devices, including the mFi Sensors, to the\" \/>\n<meta property=\"og:url\" content=\"https:\/\/www.4netonline.com\/wpg\/product\/mport\/\" \/>\n<meta property=\"og:site_name\" content=\"4Net Networking\" \/>\n<meta property=\"article:publisher\" content=\"https:\/\/www.facebook.com\/4netNetworking\/\" \/>\n<meta property=\"article:modified_time\" content=\"2023-08-25T17:55:16+00:00\" \/>\n<meta property=\"og:image\" content=\"https:\/\/www.4netonline.com\/wpg\/wp-content\/uploads\/2016\/06\/mPort.jpg\" \/>\n\t<meta property=\"og:image:width\" content=\"1000\" \/>\n\t<meta property=\"og:image:height\" content=\"1000\" \/>\n\t<meta property=\"og:image:type\" content=\"image\/jpeg\" \/>\n<meta name=\"twitter:card\" content=\"summary_large_image\" \/>\n<meta name=\"twitter:site\" content=\"@4netonline\" \/>\n<meta name=\"twitter:label1\" content=\"Est. reading time\" \/>\n\t<meta name=\"twitter:data1\" content=\"4 minutes\" \/>\n<script type=\"application\/ld+json\" class=\"yoast-schema-graph\">{\"@context\":\"https:\\\/\\\/schema.org\",\"@graph\":[{\"@type\":\"WebPage\",\"@id\":\"https:\\\/\\\/www.4netonline.com\\\/wpg\\\/product\\\/mport\\\/\",\"url\":\"https:\\\/\\\/www.4netonline.com\\\/wpg\\\/product\\\/mport\\\/\",\"name\":\"mPort mFi Series Sensors - 4Net Networking\",\"isPartOf\":{\"@id\":\"https:\\\/\\\/www.4netonline.com\\\/wpg\\\/#website\"},\"primaryImageOfPage\":{\"@id\":\"https:\\\/\\\/www.4netonline.com\\\/wpg\\\/product\\\/mport\\\/#primaryimage\"},\"image\":{\"@id\":\"https:\\\/\\\/www.4netonline.com\\\/wpg\\\/product\\\/mport\\\/#primaryimage\"},\"thumbnailUrl\":\"https:\\\/\\\/www.4netonline.com\\\/wpg\\\/wp-content\\\/uploads\\\/2016\\\/06\\\/mPort.jpg\",\"datePublished\":\"2016-06-30T22:10:10+00:00\",\"dateModified\":\"2023-08-25T17:55:16+00:00\",\"description\":\"mPort is an mFi\u00ae Networked Machine Interface and Monitor. It connects a variety of devices, including the mFi Sensors, to the\",\"breadcrumb\":{\"@id\":\"https:\\\/\\\/www.4netonline.com\\\/wpg\\\/product\\\/mport\\\/#breadcrumb\"},\"inLanguage\":\"en-US\",\"potentialAction\":[{\"@type\":\"ReadAction\",\"target\":[\"https:\\\/\\\/www.4netonline.com\\\/wpg\\\/product\\\/mport\\\/\"]}]},{\"@type\":\"ImageObject\",\"inLanguage\":\"en-US\",\"@id\":\"https:\\\/\\\/www.4netonline.com\\\/wpg\\\/product\\\/mport\\\/#primaryimage\",\"url\":\"https:\\\/\\\/www.4netonline.com\\\/wpg\\\/wp-content\\\/uploads\\\/2016\\\/06\\\/mPort.jpg\",\"contentUrl\":\"https:\\\/\\\/www.4netonline.com\\\/wpg\\\/wp-content\\\/uploads\\\/2016\\\/06\\\/mPort.jpg\",\"width\":1000,\"height\":1000,\"caption\":\"mPort\"},{\"@type\":\"BreadcrumbList\",\"@id\":\"https:\\\/\\\/www.4netonline.com\\\/wpg\\\/product\\\/mport\\\/#breadcrumb\",\"itemListElement\":[{\"@type\":\"ListItem\",\"position\":1,\"name\":\"Home\",\"item\":\"https:\\\/\\\/www.4netonline.com\\\/wpg\\\/\"},{\"@type\":\"ListItem\",\"position\":2,\"name\":\"Shop\",\"item\":\"https:\\\/\\\/www.4netonline.com\\\/wpg\\\/shop-2\\\/\"},{\"@type\":\"ListItem\",\"position\":3,\"name\":\"mPort mFi Series Sensors\"}]},{\"@type\":\"WebSite\",\"@id\":\"https:\\\/\\\/www.4netonline.com\\\/wpg\\\/#website\",\"url\":\"https:\\\/\\\/www.4netonline.com\\\/wpg\\\/\",\"name\":\"4Net Networking\",\"description\":\"\",\"publisher\":{\"@id\":\"https:\\\/\\\/www.4netonline.com\\\/wpg\\\/#organization\"},\"potentialAction\":[{\"@type\":\"SearchAction\",\"target\":{\"@type\":\"EntryPoint\",\"urlTemplate\":\"https:\\\/\\\/www.4netonline.com\\\/wpg\\\/?s={search_term_string}\"},\"query-input\":{\"@type\":\"PropertyValueSpecification\",\"valueRequired\":true,\"valueName\":\"search_term_string\"}}],\"inLanguage\":\"en-US\"},{\"@type\":\"Organization\",\"@id\":\"https:\\\/\\\/www.4netonline.com\\\/wpg\\\/#organization\",\"name\":\"4net Networks\",\"url\":\"https:\\\/\\\/www.4netonline.com\\\/wpg\\\/\",\"logo\":{\"@type\":\"ImageObject\",\"inLanguage\":\"en-US\",\"@id\":\"https:\\\/\\\/www.4netonline.com\\\/wpg\\\/#\\\/schema\\\/logo\\\/image\\\/\",\"url\":\"\",\"contentUrl\":\"\",\"caption\":\"4net Networks\"},\"image\":{\"@id\":\"https:\\\/\\\/www.4netonline.com\\\/wpg\\\/#\\\/schema\\\/logo\\\/image\\\/\"},\"sameAs\":[\"https:\\\/\\\/www.facebook.com\\\/4netNetworking\\\/\",\"https:\\\/\\\/x.com\\\/4netonline\",\"https:\\\/\\\/www.linkedin.com\\\/company\\\/4net-networking-corp\",\"https:\\\/\\\/www.youtube.com\\\/channel\\\/UCmHmX1rrKiDV0uOWZBVSn7g\"]}]}<\/script>\n<!-- \/ Yoast SEO plugin. -->","yoast_head_json":{"title":"mPort mFi Series Sensors - 4Net Networking","description":"mPort is an mFi\u00ae Networked Machine Interface and Monitor. It connects a variety of devices, including the mFi Sensors, to the","robots":{"index":"index","follow":"follow","max-snippet":"max-snippet:-1","max-image-preview":"max-image-preview:large","max-video-preview":"max-video-preview:-1"},"canonical":"https:\/\/www.4netonline.com\/wpg\/product\/mport\/","og_locale":"en_US","og_type":"article","og_title":"mPort mFi Series Sensors - 4Net Networking","og_description":"mPort is an mFi\u00ae Networked Machine Interface and Monitor. It connects a variety of devices, including the mFi Sensors, to the","og_url":"https:\/\/www.4netonline.com\/wpg\/product\/mport\/","og_site_name":"4Net Networking","article_publisher":"https:\/\/www.facebook.com\/4netNetworking\/","article_modified_time":"2023-08-25T17:55:16+00:00","og_image":[{"width":1000,"height":1000,"url":"https:\/\/www.4netonline.com\/wpg\/wp-content\/uploads\/2016\/06\/mPort.jpg","type":"image\/jpeg"}],"twitter_card":"summary_large_image","twitter_site":"@4netonline","twitter_misc":{"Est. reading time":"4 minutes"},"schema":{"@context":"https:\/\/schema.org","@graph":[{"@type":"WebPage","@id":"https:\/\/www.4netonline.com\/wpg\/product\/mport\/","url":"https:\/\/www.4netonline.com\/wpg\/product\/mport\/","name":"mPort mFi Series Sensors - 4Net Networking","isPartOf":{"@id":"https:\/\/www.4netonline.com\/wpg\/#website"},"primaryImageOfPage":{"@id":"https:\/\/www.4netonline.com\/wpg\/product\/mport\/#primaryimage"},"image":{"@id":"https:\/\/www.4netonline.com\/wpg\/product\/mport\/#primaryimage"},"thumbnailUrl":"https:\/\/www.4netonline.com\/wpg\/wp-content\/uploads\/2016\/06\/mPort.jpg","datePublished":"2016-06-30T22:10:10+00:00","dateModified":"2023-08-25T17:55:16+00:00","description":"mPort is an mFi\u00ae Networked Machine Interface and Monitor. It connects a variety of devices, including the mFi Sensors, to the","breadcrumb":{"@id":"https:\/\/www.4netonline.com\/wpg\/product\/mport\/#breadcrumb"},"inLanguage":"en-US","potentialAction":[{"@type":"ReadAction","target":["https:\/\/www.4netonline.com\/wpg\/product\/mport\/"]}]},{"@type":"ImageObject","inLanguage":"en-US","@id":"https:\/\/www.4netonline.com\/wpg\/product\/mport\/#primaryimage","url":"https:\/\/www.4netonline.com\/wpg\/wp-content\/uploads\/2016\/06\/mPort.jpg","contentUrl":"https:\/\/www.4netonline.com\/wpg\/wp-content\/uploads\/2016\/06\/mPort.jpg","width":1000,"height":1000,"caption":"mPort"},{"@type":"BreadcrumbList","@id":"https:\/\/www.4netonline.com\/wpg\/product\/mport\/#breadcrumb","itemListElement":[{"@type":"ListItem","position":1,"name":"Home","item":"https:\/\/www.4netonline.com\/wpg\/"},{"@type":"ListItem","position":2,"name":"Shop","item":"https:\/\/www.4netonline.com\/wpg\/shop-2\/"},{"@type":"ListItem","position":3,"name":"mPort mFi Series Sensors"}]},{"@type":"WebSite","@id":"https:\/\/www.4netonline.com\/wpg\/#website","url":"https:\/\/www.4netonline.com\/wpg\/","name":"4Net Networking","description":"","publisher":{"@id":"https:\/\/www.4netonline.com\/wpg\/#organization"},"potentialAction":[{"@type":"SearchAction","target":{"@type":"EntryPoint","urlTemplate":"https:\/\/www.4netonline.com\/wpg\/?s={search_term_string}"},"query-input":{"@type":"PropertyValueSpecification","valueRequired":true,"valueName":"search_term_string"}}],"inLanguage":"en-US"},{"@type":"Organization","@id":"https:\/\/www.4netonline.com\/wpg\/#organization","name":"4net Networks","url":"https:\/\/www.4netonline.com\/wpg\/","logo":{"@type":"ImageObject","inLanguage":"en-US","@id":"https:\/\/www.4netonline.com\/wpg\/#\/schema\/logo\/image\/","url":"","contentUrl":"","caption":"4net Networks"},"image":{"@id":"https:\/\/www.4netonline.com\/wpg\/#\/schema\/logo\/image\/"},"sameAs":["https:\/\/www.facebook.com\/4netNetworking\/","https:\/\/x.com\/4netonline","https:\/\/www.linkedin.com\/company\/4net-networking-corp","https:\/\/www.youtube.com\/channel\/UCmHmX1rrKiDV0uOWZBVSn7g"]}]}},"_links":{"self":[{"href":"https:\/\/www.4netonline.com\/wpg\/wp-json\/wp\/v2\/product\/6863","targetHints":{"allow":["GET"]}}],"collection":[{"href":"https:\/\/www.4netonline.com\/wpg\/wp-json\/wp\/v2\/product"}],"about":[{"href":"https:\/\/www.4netonline.com\/wpg\/wp-json\/wp\/v2\/types\/product"}],"version-history":[{"count":0,"href":"https:\/\/www.4netonline.com\/wpg\/wp-json\/wp\/v2\/product\/6863\/revisions"}],"wp:featuredmedia":[{"embeddable":true,"href":"https:\/\/www.4netonline.com\/wpg\/wp-json\/wp\/v2\/media\/6875"}],"wp:attachment":[{"href":"https:\/\/www.4netonline.com\/wpg\/wp-json\/wp\/v2\/media?parent=6863"}],"wp:term":[{"taxonomy":"brand","embeddable":true,"href":"https:\/\/www.4netonline.com\/wpg\/wp-json\/wp\/v2\/etheme_brands?post=6863"},{"taxonomy":"product_brand","embeddable":true,"href":"https:\/\/www.4netonline.com\/wpg\/wp-json\/wp\/v2\/product_brand?post=6863"},{"taxonomy":"product_cat","embeddable":true,"href":"https:\/\/www.4netonline.com\/wpg\/wp-json\/wp\/v2\/product_cat?post=6863"},{"taxonomy":"product_tag","embeddable":true,"href":"https:\/\/www.4netonline.com\/wpg\/wp-json\/wp\/v2\/product_tag?post=6863"}],"curies":[{"name":"wp","href":"https:\/\/api.w.org\/{rel}","templated":true}]}}