{"id":6627,"date":"2016-06-29T13:00:26","date_gmt":"2016-06-29T18:00:26","guid":{"rendered":"https:\/\/4netonline.com\/wpg\/?post_type=product&#038;p=6627"},"modified":"2023-04-12T15:23:40","modified_gmt":"2023-04-12T20:23:40","slug":"airmax-sector-antennas","status":"publish","type":"product","link":"https:\/\/www.4netonline.com\/wpg\/product\/airmax-sector-antennas\/","title":{"rendered":"UISP airMAX AM-2G\/AM-3G\/AM-5G"},"content":{"rendered":"<p style=\"text-align: center;\">airMAX Antenna<\/p>\n<p style=\"text-align: center;\"><a href=\"https:\/\/4netonline.com\/wpg\/sales-team\/franklin-gutierrez-herrera\/\">Questions?<\/a><\/p>\n<p class=\"comAnimateSlideUp is-animate\" style=\"text-align: center;\">Breakthrough Design and Performance<\/p>\n<p class=\"comAnimateSlideUp is-animate\" style=\"text-align: center;\">The innovative airMAX<sup>\u00ae<\/sup> Sector Antennas feature carrier-class construction and 2&#215;2, dual-polarity performance.<\/p>\n<p class=\"comAnimateSlideUp is-animate\" style=\"text-align: center;\"><img fetchpriority=\"high\" decoding=\"async\" class=\"aligncenter wp-image-6629\" src=\"https:\/\/4netonline.com\/wpg\/wp-content\/uploads\/2016\/06\/airmaxsector_1-300x180.jpg\" alt=\"airmaxsector_1\" width=\"600\" height=\"360\" data-id=\"6629\" srcset=\"https:\/\/www.4netonline.com\/wpg\/wp-content\/uploads\/2016\/06\/airmaxsector_1-300x180.jpg 300w, https:\/\/www.4netonline.com\/wpg\/wp-content\/uploads\/2016\/06\/airmaxsector_1-600x360.jpg 600w, https:\/\/www.4netonline.com\/wpg\/wp-content\/uploads\/2016\/06\/airmaxsector_1-768x461.jpg 768w, https:\/\/www.4netonline.com\/wpg\/wp-content\/uploads\/2016\/06\/airmaxsector_1-1024x614.jpg 1024w, https:\/\/www.4netonline.com\/wpg\/wp-content\/uploads\/2016\/06\/airmaxsector_1.jpg 2000w\" sizes=\"(max-width: 600px) 100vw, 600px\" \/><\/p>\n<p class=\"comAnimateSlideUp is-animate\" style=\"text-align: center;\"><span style=\"color: #ffffff;\">4net<\/span><\/p>\n<p class=\"comAnimateSlideUp is-animate\" style=\"text-align: center;\"><span style=\"color: #ffffff;\">4net<\/span><\/p>\n<p class=\"comAnimateSlideUp is-animate\" style=\"text-align: center;\"><span style=\"color: #ffffff;\">4net<\/span><\/p>\n<h3 class=\"comAnimateSlideUp is-animate\" style=\"text-align: center;\">Reduced Interference, Higher Gain<\/h3>\n<p class=\"comAnimateSlideUp is-animate\" style=\"text-align: center;\">Highly resistant to noise interference, the airMAX<sup>\u00ae<\/sup> Sector Antennas provide superior gain and beam performance for high-capacity, multipoint networks.<\/p>\n<p class=\"comAnimateSlideUp is-animate\" style=\"text-align: center;\"><img decoding=\"async\" class=\"aligncenter wp-image-6630\" src=\"https:\/\/4netonline.com\/wpg\/wp-content\/uploads\/2016\/06\/airmaxsector_2-300x296.jpg\" alt=\"airmaxsector_2\" width=\"200\" height=\"197\" data-id=\"6630\" srcset=\"https:\/\/www.4netonline.com\/wpg\/wp-content\/uploads\/2016\/06\/airmaxsector_2-300x296.jpg 300w, https:\/\/www.4netonline.com\/wpg\/wp-content\/uploads\/2016\/06\/airmaxsector_2-100x100.jpg 100w, https:\/\/www.4netonline.com\/wpg\/wp-content\/uploads\/2016\/06\/airmaxsector_2.jpg 406w\" sizes=\"(max-width: 200px) 100vw, 200px\" \/><\/p>\n<p class=\"comAnimateSlideUp is-animate\" style=\"text-align: center;\"><span style=\"color: #ffffff;\">4net<\/span><\/p>\n<p class=\"comAnimateSlideUp is-animate\" style=\"text-align: center;\"><span style=\"color: #ffffff;\">4net<\/span><\/p>\n<p class=\"comAnimateSlideUp is-animate\" style=\"text-align: center;\"><span style=\"color: #ffffff;\">4net<\/span><\/p>\n<h3 class=\"comAnimateSlideUp is-animate\" style=\"text-align: center;\">RF Isolation and Beamwidth Options<\/h3>\n<p class=\"comAnimateSlideUp is-animate\" style=\"text-align: center;\">The versatile airMAX<sup>\u00ae<\/sup> Titanium Sector models feature advanced RF isolation and adjustable beamwidth options: 60\u00b0, 90\u00b0 or 120\u00b0.<\/p>\n<p class=\"comAnimateSlideUp is-animate\" style=\"text-align: center;\"><img decoding=\"async\" class=\"aligncenter wp-image-6631\" src=\"https:\/\/4netonline.com\/wpg\/wp-content\/uploads\/2016\/06\/airmaxsector_3-300x164.jpg\" alt=\"airmaxsector_3\" width=\"400\" height=\"219\" data-id=\"6631\" srcset=\"https:\/\/www.4netonline.com\/wpg\/wp-content\/uploads\/2016\/06\/airmaxsector_3-300x164.jpg 300w, https:\/\/www.4netonline.com\/wpg\/wp-content\/uploads\/2016\/06\/airmaxsector_3-600x329.jpg 600w, https:\/\/www.4netonline.com\/wpg\/wp-content\/uploads\/2016\/06\/airmaxsector_3.jpg 730w\" sizes=\"(max-width: 400px) 100vw, 400px\" \/><\/p>\n<p class=\"comAnimateSlideUp is-animate\" style=\"text-align: center;\"><span style=\"color: #ffffff;\">4net<\/span><\/p>\n<p class=\"comAnimateSlideUp is-animate\" style=\"text-align: center;\"><span style=\"color: #ffffff;\">4net<\/span><\/p>\n<p class=\"comAnimateSlideUp is-animate\" style=\"text-align: center;\"><span style=\"color: #ffffff;\">4net<\/span><\/p>\n<h3 class=\"comAnimateSlideUp is-animate\" style=\"text-align: center;\">Industrial-Strength Construction<\/h3>\n<p class=\"comAnimateSlideUp is-animate\" style=\"text-align: center;\">airMAX<sup>\u00ae<\/sup> Antennas are designed with robust mechanical design for outdoor application use.<\/p>\n<p class=\"comAnimateSlideUp is-animate\" style=\"text-align: center;\"><img loading=\"lazy\" decoding=\"async\" class=\"aligncenter wp-image-6590\" src=\"https:\/\/4netonline.com\/wpg\/wp-content\/uploads\/2016\/06\/rocketdish_2-300x268.jpg\" alt=\"rocketdish_2\" width=\"300\" height=\"268\" data-id=\"6590\" srcset=\"https:\/\/www.4netonline.com\/wpg\/wp-content\/uploads\/2016\/06\/rocketdish_2-300x268.jpg 300w, https:\/\/www.4netonline.com\/wpg\/wp-content\/uploads\/2016\/06\/rocketdish_2.jpg 448w\" sizes=\"(max-width: 300px) 100vw, 300px\" \/><\/p>\n<p class=\"comAnimateSlideUp is-animate\" style=\"text-align: center;\"><span style=\"color: #ffffff;\">4net<\/span><\/p>\n<p class=\"comAnimateSlideUp is-animate\" style=\"text-align: center;\"><span style=\"color: #ffffff;\">4net<\/span><\/p>\n<p class=\"comAnimateSlideUp is-animate\" style=\"text-align: center;\"><span style=\"color: #ffffff;\">4net<\/span><\/p>\n<h3 class=\"comAnimateSlideUp is-animate\" style=\"text-align: center;\">Plug and Play Integration<\/h3>\n<p class=\"comAnimateSlideUp is-animate\" style=\"text-align: center;\">Every airMAX<sup>\u00ae<\/sup> Antenna has a built-in Rocket<sup>&#x2122;<\/sup> mount, so no tools are needed to install the Rocket BaseStation.<\/p>\n<p class=\"comAnimateSlideUp is-animate\"><img loading=\"lazy\" decoding=\"async\" class=\"aligncenter wp-image-6591\" src=\"https:\/\/4netonline.com\/wpg\/wp-content\/uploads\/2016\/06\/rocketdish_3-300x164.jpg\" alt=\"rocketdish_3\" width=\"400\" height=\"219\" data-id=\"6591\" srcset=\"https:\/\/www.4netonline.com\/wpg\/wp-content\/uploads\/2016\/06\/rocketdish_3-300x164.jpg 300w, https:\/\/www.4netonline.com\/wpg\/wp-content\/uploads\/2016\/06\/rocketdish_3-600x329.jpg 600w, https:\/\/www.4netonline.com\/wpg\/wp-content\/uploads\/2016\/06\/rocketdish_3.jpg 730w\" sizes=\"(max-width: 400px) 100vw, 400px\" \/><\/p>\n<p class=\"comAnimateSlideUp is-animate\" align=\"center\">Models:<\/p>\n<p class=\"comAnimateSlideUp is-animate\" align=\"center\">AM-2G15-120 | AM-2G16-90 | AM-3G18-120 | AM-5G16-120 | AM-5G17-90 | AM-5G19-120 | AM-5G20-90 | AM-9M13 | AM-M-V5G-Ti | AM-V2G-Ti | AM-V5G-Ti<\/p>\n<p class=\"comAnimateSlideUp is-animate\" align=\"center\"><span style=\"color: #ffffff;\">AM2G15120 | AM2G1690 | AM3G18120 | AM5G16120 | AM5G1790 | AM5G19120 | AM5G2090 | AM9M13 | AMMV5GTi | AMV2GTi | AMV5GTi<\/span><\/p>\n<p style=\"text-align: left;\" align=\"center\"><span style=\"color: #ffffff;\">airMAX Antenna<\/span><\/p>\n<h4 class=\"t-18 t-black t-normal mb2\"><span style=\"color: #ffffff;\">Overview<\/span><\/h4>\n<p class=\"break-words white-space-pre-wrap mb5 t-14 t-black--light t-normal\"><span style=\"color: #ffffff;\">Somos un Distribuidor Master Mayorista localizado en Miami, FL. USA. Contamos con m\u00e1s de 20 a\u00f1os de experiencias y amplia presencia en Latinoam\u00e9rica. Productos; -Cables de Fibra Optica -Accesorios, Cajas y herramientas para Instalaci\u00f3n de redes de Fibra Opticas -Antenas -Cableado estructurado -Conectores y accesorios para instalaci\u00f3n de cableados -Productos para aplicaciones profesionales de Wireless (Wi-Fi); Switch, Routers, Antenas, Mesh, Somos distribuidores directos de marcas l\u00edderes en el mercado, tenemos varios programas donde ofrecemos bajos precios para compa\u00f1\u00edas aliadas. Usted y su empresa se beneficiar\u00e1 del ahorro y otras ventajas que la har\u00e1n m\u00e1s atractiva a sus clientes con las siguientes marcas: Ubiquiti Mikrotik Cambium Networks Tenda Cablix Mimosa ALG COM Exportamos a: Argentina Bolivia Brasil Chile Colombia Costa Rica Ecuador M\u00e9xico Paraguay Panam\u00e1 Per\u00fa Puerto Rico Uruguay El Caribe Venezuela &#8212;&#8212;&#8212;&#8212;&#8212;&#8212;&#8212;&#8212;&#8212;&#8212;&#8212;&#8212;&#8212;&#8212;&#8212;&#8212;&#8212;&#8212;&#8212;&#8212;&#8212;&#8212;&#8212;&#8212;&#8212;&#8212;&#8212;&#8212;&#8212;&#8212;&#8212;&#8212;&#8212;&#8212;&#8212;&#8212;&#8212;&#8212;&#8212;&#8212;&#8212;&#8212;&#8211; We are a Master wholesale distributor located in Miami, FL. USA. We have over 20 years of experience and broad presence in Latin America. Line of products; -Optic Fiber &#8211; Accessories to install Optic Fiber Network &#8211; Structured Cabling Products; &#8211; Wireless ( Wi-Fi based) products for Professional Applications; &#8211;<\/span><\/p>\n<p style=\"text-align: left;\" align=\"center\"><span style=\"color: #ffffff;\">airMAX Antenna<\/span><\/p>\n","protected":false},"excerpt":{"rendered":"<p class=\"comProductPageHero__subTitle comAnimateSlideUp is-animate\">airMAX<sup>\u00ae<\/sup> 2\u00d72 BaseStation Sector Antenna<\/p>\n<p class=\"comProductPageHero__description comAnimateSlideUp is-animate\">Pair the airMAX<sup>\u00ae<\/sup> Sector Antenna with a Rocket<sup>&#x2122;<\/sup>M BaseStation for sector coverage in Point-to-MultiPoint (PtMP) networks.<\/p>\n","protected":false},"featured_media":43193,"template":"","meta":[],"etheme_brands":[{"term_id":1114,"name":"Ubiquiti","slug":"ubiquiti","term_group":0,"term_taxonomy_id":1114,"taxonomy":"brand","description":"","parent":0,"count":272,"filter":"raw"}],"product_brand":[],"product_cat":[1155,1148,1156],"product_tag":[],"class_list":{"0":"post-6627","1":"product","2":"type-product","3":"status-publish","4":"has-post-thumbnail","6":"brand-ubiquiti","7":"product_cat-ub-isp-operator","8":"product_cat-ubiquiti","9":"product_cat-ub-isp-operator-wireless-products","11":"first","12":"instock","13":"taxable","14":"shipping-taxable","15":"purchasable","16":"product-type-variable","17":"has-default-attributes"},"yoast_head":"<!-- This site is optimized with the Yoast SEO plugin v27.3 - https:\/\/yoast.com\/product\/yoast-seo-wordpress\/ -->\n<title>UISP airMAX AM-2G\/AM-3G\/AM-5G - 4Net Networking<\/title>\n<meta name=\"description\" content=\"airMAX Antenna airMAX\u00ae 2\u00d72 BaseStation Sector Antenna We are a Master wholesale distributor located in Miami, FL. USA. We have over 20 yea\" \/>\n<meta name=\"robots\" content=\"index, follow, max-snippet:-1, max-image-preview:large, max-video-preview:-1\" \/>\n<link rel=\"canonical\" href=\"https:\/\/www.4netonline.com\/wpg\/product\/airmax-sector-antennas\/\" \/>\n<meta property=\"og:locale\" content=\"en_US\" \/>\n<meta property=\"og:type\" content=\"article\" \/>\n<meta property=\"og:title\" content=\"UISP airMAX AM-2G\/AM-3G\/AM-5G - 4Net Networking\" \/>\n<meta property=\"og:description\" content=\"airMAX Antenna airMAX\u00ae 2\u00d72 BaseStation Sector Antenna We are a Master wholesale distributor located in Miami, FL. USA. We have over 20 yea\" \/>\n<meta property=\"og:url\" content=\"https:\/\/www.4netonline.com\/wpg\/product\/airmax-sector-antennas\/\" \/>\n<meta property=\"og:site_name\" content=\"4Net Networking\" \/>\n<meta property=\"article:publisher\" content=\"https:\/\/www.facebook.com\/4netNetworking\/\" \/>\n<meta property=\"article:modified_time\" content=\"2023-04-12T20:23:40+00:00\" \/>\n<meta property=\"og:image\" content=\"https:\/\/www.4netonline.com\/wpg\/wp-content\/uploads\/2016\/06\/26.jpg\" \/>\n\t<meta property=\"og:image:width\" content=\"960\" \/>\n\t<meta property=\"og:image:height\" content=\"960\" \/>\n\t<meta property=\"og:image:type\" content=\"image\/jpeg\" \/>\n<meta name=\"twitter:card\" content=\"summary_large_image\" \/>\n<meta name=\"twitter:site\" content=\"@4netonline\" \/>\n<meta name=\"twitter:label1\" content=\"Est. reading time\" \/>\n\t<meta name=\"twitter:data1\" content=\"3 minutes\" \/>\n<script type=\"application\/ld+json\" class=\"yoast-schema-graph\">{\"@context\":\"https:\\\/\\\/schema.org\",\"@graph\":[{\"@type\":\"WebPage\",\"@id\":\"https:\\\/\\\/www.4netonline.com\\\/wpg\\\/product\\\/airmax-sector-antennas\\\/\",\"url\":\"https:\\\/\\\/www.4netonline.com\\\/wpg\\\/product\\\/airmax-sector-antennas\\\/\",\"name\":\"UISP airMAX AM-2G\\\/AM-3G\\\/AM-5G - 4Net Networking\",\"isPartOf\":{\"@id\":\"https:\\\/\\\/www.4netonline.com\\\/wpg\\\/#website\"},\"primaryImageOfPage\":{\"@id\":\"https:\\\/\\\/www.4netonline.com\\\/wpg\\\/product\\\/airmax-sector-antennas\\\/#primaryimage\"},\"image\":{\"@id\":\"https:\\\/\\\/www.4netonline.com\\\/wpg\\\/product\\\/airmax-sector-antennas\\\/#primaryimage\"},\"thumbnailUrl\":\"https:\\\/\\\/www.4netonline.com\\\/wpg\\\/wp-content\\\/uploads\\\/2016\\\/06\\\/26.jpg\",\"datePublished\":\"2016-06-29T18:00:26+00:00\",\"dateModified\":\"2023-04-12T20:23:40+00:00\",\"description\":\"airMAX Antenna airMAX\u00ae 2\u00d72 BaseStation Sector Antenna We are a Master wholesale distributor located in Miami, FL. USA. We have over 20 yea\",\"breadcrumb\":{\"@id\":\"https:\\\/\\\/www.4netonline.com\\\/wpg\\\/product\\\/airmax-sector-antennas\\\/#breadcrumb\"},\"inLanguage\":\"en-US\",\"potentialAction\":[{\"@type\":\"ReadAction\",\"target\":[\"https:\\\/\\\/www.4netonline.com\\\/wpg\\\/product\\\/airmax-sector-antennas\\\/\"]}]},{\"@type\":\"ImageObject\",\"inLanguage\":\"en-US\",\"@id\":\"https:\\\/\\\/www.4netonline.com\\\/wpg\\\/product\\\/airmax-sector-antennas\\\/#primaryimage\",\"url\":\"https:\\\/\\\/www.4netonline.com\\\/wpg\\\/wp-content\\\/uploads\\\/2016\\\/06\\\/26.jpg\",\"contentUrl\":\"https:\\\/\\\/www.4netonline.com\\\/wpg\\\/wp-content\\\/uploads\\\/2016\\\/06\\\/26.jpg\",\"width\":960,\"height\":960},{\"@type\":\"BreadcrumbList\",\"@id\":\"https:\\\/\\\/www.4netonline.com\\\/wpg\\\/product\\\/airmax-sector-antennas\\\/#breadcrumb\",\"itemListElement\":[{\"@type\":\"ListItem\",\"position\":1,\"name\":\"Home\",\"item\":\"https:\\\/\\\/www.4netonline.com\\\/wpg\\\/\"},{\"@type\":\"ListItem\",\"position\":2,\"name\":\"Shop\",\"item\":\"https:\\\/\\\/www.4netonline.com\\\/wpg\\\/shop-2\\\/\"},{\"@type\":\"ListItem\",\"position\":3,\"name\":\"UISP airMAX AM-2G\\\/AM-3G\\\/AM-5G\"}]},{\"@type\":\"WebSite\",\"@id\":\"https:\\\/\\\/www.4netonline.com\\\/wpg\\\/#website\",\"url\":\"https:\\\/\\\/www.4netonline.com\\\/wpg\\\/\",\"name\":\"4Net Networking\",\"description\":\"\",\"publisher\":{\"@id\":\"https:\\\/\\\/www.4netonline.com\\\/wpg\\\/#organization\"},\"potentialAction\":[{\"@type\":\"SearchAction\",\"target\":{\"@type\":\"EntryPoint\",\"urlTemplate\":\"https:\\\/\\\/www.4netonline.com\\\/wpg\\\/?s={search_term_string}\"},\"query-input\":{\"@type\":\"PropertyValueSpecification\",\"valueRequired\":true,\"valueName\":\"search_term_string\"}}],\"inLanguage\":\"en-US\"},{\"@type\":\"Organization\",\"@id\":\"https:\\\/\\\/www.4netonline.com\\\/wpg\\\/#organization\",\"name\":\"4net Networks\",\"url\":\"https:\\\/\\\/www.4netonline.com\\\/wpg\\\/\",\"logo\":{\"@type\":\"ImageObject\",\"inLanguage\":\"en-US\",\"@id\":\"https:\\\/\\\/www.4netonline.com\\\/wpg\\\/#\\\/schema\\\/logo\\\/image\\\/\",\"url\":\"\",\"contentUrl\":\"\",\"caption\":\"4net Networks\"},\"image\":{\"@id\":\"https:\\\/\\\/www.4netonline.com\\\/wpg\\\/#\\\/schema\\\/logo\\\/image\\\/\"},\"sameAs\":[\"https:\\\/\\\/www.facebook.com\\\/4netNetworking\\\/\",\"https:\\\/\\\/x.com\\\/4netonline\",\"https:\\\/\\\/www.linkedin.com\\\/company\\\/4net-networking-corp\",\"https:\\\/\\\/www.youtube.com\\\/channel\\\/UCmHmX1rrKiDV0uOWZBVSn7g\"]}]}<\/script>\n<!-- \/ Yoast SEO plugin. -->","yoast_head_json":{"title":"UISP airMAX AM-2G\/AM-3G\/AM-5G - 4Net Networking","description":"airMAX Antenna airMAX\u00ae 2\u00d72 BaseStation Sector Antenna We are a Master wholesale distributor located in Miami, FL. USA. We have over 20 yea","robots":{"index":"index","follow":"follow","max-snippet":"max-snippet:-1","max-image-preview":"max-image-preview:large","max-video-preview":"max-video-preview:-1"},"canonical":"https:\/\/www.4netonline.com\/wpg\/product\/airmax-sector-antennas\/","og_locale":"en_US","og_type":"article","og_title":"UISP airMAX AM-2G\/AM-3G\/AM-5G - 4Net Networking","og_description":"airMAX Antenna airMAX\u00ae 2\u00d72 BaseStation Sector Antenna We are a Master wholesale distributor located in Miami, FL. USA. We have over 20 yea","og_url":"https:\/\/www.4netonline.com\/wpg\/product\/airmax-sector-antennas\/","og_site_name":"4Net Networking","article_publisher":"https:\/\/www.facebook.com\/4netNetworking\/","article_modified_time":"2023-04-12T20:23:40+00:00","og_image":[{"width":960,"height":960,"url":"https:\/\/www.4netonline.com\/wpg\/wp-content\/uploads\/2016\/06\/26.jpg","type":"image\/jpeg"}],"twitter_card":"summary_large_image","twitter_site":"@4netonline","twitter_misc":{"Est. reading time":"3 minutes"},"schema":{"@context":"https:\/\/schema.org","@graph":[{"@type":"WebPage","@id":"https:\/\/www.4netonline.com\/wpg\/product\/airmax-sector-antennas\/","url":"https:\/\/www.4netonline.com\/wpg\/product\/airmax-sector-antennas\/","name":"UISP airMAX AM-2G\/AM-3G\/AM-5G - 4Net Networking","isPartOf":{"@id":"https:\/\/www.4netonline.com\/wpg\/#website"},"primaryImageOfPage":{"@id":"https:\/\/www.4netonline.com\/wpg\/product\/airmax-sector-antennas\/#primaryimage"},"image":{"@id":"https:\/\/www.4netonline.com\/wpg\/product\/airmax-sector-antennas\/#primaryimage"},"thumbnailUrl":"https:\/\/www.4netonline.com\/wpg\/wp-content\/uploads\/2016\/06\/26.jpg","datePublished":"2016-06-29T18:00:26+00:00","dateModified":"2023-04-12T20:23:40+00:00","description":"airMAX Antenna airMAX\u00ae 2\u00d72 BaseStation Sector Antenna We are a Master wholesale distributor located in Miami, FL. USA. We have over 20 yea","breadcrumb":{"@id":"https:\/\/www.4netonline.com\/wpg\/product\/airmax-sector-antennas\/#breadcrumb"},"inLanguage":"en-US","potentialAction":[{"@type":"ReadAction","target":["https:\/\/www.4netonline.com\/wpg\/product\/airmax-sector-antennas\/"]}]},{"@type":"ImageObject","inLanguage":"en-US","@id":"https:\/\/www.4netonline.com\/wpg\/product\/airmax-sector-antennas\/#primaryimage","url":"https:\/\/www.4netonline.com\/wpg\/wp-content\/uploads\/2016\/06\/26.jpg","contentUrl":"https:\/\/www.4netonline.com\/wpg\/wp-content\/uploads\/2016\/06\/26.jpg","width":960,"height":960},{"@type":"BreadcrumbList","@id":"https:\/\/www.4netonline.com\/wpg\/product\/airmax-sector-antennas\/#breadcrumb","itemListElement":[{"@type":"ListItem","position":1,"name":"Home","item":"https:\/\/www.4netonline.com\/wpg\/"},{"@type":"ListItem","position":2,"name":"Shop","item":"https:\/\/www.4netonline.com\/wpg\/shop-2\/"},{"@type":"ListItem","position":3,"name":"UISP airMAX AM-2G\/AM-3G\/AM-5G"}]},{"@type":"WebSite","@id":"https:\/\/www.4netonline.com\/wpg\/#website","url":"https:\/\/www.4netonline.com\/wpg\/","name":"4Net Networking","description":"","publisher":{"@id":"https:\/\/www.4netonline.com\/wpg\/#organization"},"potentialAction":[{"@type":"SearchAction","target":{"@type":"EntryPoint","urlTemplate":"https:\/\/www.4netonline.com\/wpg\/?s={search_term_string}"},"query-input":{"@type":"PropertyValueSpecification","valueRequired":true,"valueName":"search_term_string"}}],"inLanguage":"en-US"},{"@type":"Organization","@id":"https:\/\/www.4netonline.com\/wpg\/#organization","name":"4net Networks","url":"https:\/\/www.4netonline.com\/wpg\/","logo":{"@type":"ImageObject","inLanguage":"en-US","@id":"https:\/\/www.4netonline.com\/wpg\/#\/schema\/logo\/image\/","url":"","contentUrl":"","caption":"4net Networks"},"image":{"@id":"https:\/\/www.4netonline.com\/wpg\/#\/schema\/logo\/image\/"},"sameAs":["https:\/\/www.facebook.com\/4netNetworking\/","https:\/\/x.com\/4netonline","https:\/\/www.linkedin.com\/company\/4net-networking-corp","https:\/\/www.youtube.com\/channel\/UCmHmX1rrKiDV0uOWZBVSn7g"]}]}},"_links":{"self":[{"href":"https:\/\/www.4netonline.com\/wpg\/wp-json\/wp\/v2\/product\/6627","targetHints":{"allow":["GET"]}}],"collection":[{"href":"https:\/\/www.4netonline.com\/wpg\/wp-json\/wp\/v2\/product"}],"about":[{"href":"https:\/\/www.4netonline.com\/wpg\/wp-json\/wp\/v2\/types\/product"}],"version-history":[{"count":0,"href":"https:\/\/www.4netonline.com\/wpg\/wp-json\/wp\/v2\/product\/6627\/revisions"}],"wp:featuredmedia":[{"embeddable":true,"href":"https:\/\/www.4netonline.com\/wpg\/wp-json\/wp\/v2\/media\/43193"}],"wp:attachment":[{"href":"https:\/\/www.4netonline.com\/wpg\/wp-json\/wp\/v2\/media?parent=6627"}],"wp:term":[{"taxonomy":"brand","embeddable":true,"href":"https:\/\/www.4netonline.com\/wpg\/wp-json\/wp\/v2\/etheme_brands?post=6627"},{"taxonomy":"product_brand","embeddable":true,"href":"https:\/\/www.4netonline.com\/wpg\/wp-json\/wp\/v2\/product_brand?post=6627"},{"taxonomy":"product_cat","embeddable":true,"href":"https:\/\/www.4netonline.com\/wpg\/wp-json\/wp\/v2\/product_cat?post=6627"},{"taxonomy":"product_tag","embeddable":true,"href":"https:\/\/www.4netonline.com\/wpg\/wp-json\/wp\/v2\/product_tag?post=6627"}],"curies":[{"name":"wp","href":"https:\/\/api.w.org\/{rel}","templated":true}]}}