{"id":6614,"date":"2016-06-28T16:00:35","date_gmt":"2016-06-28T21:00:35","guid":{"rendered":"https:\/\/4netonline.com\/wpg\/?post_type=product&#038;p=6614"},"modified":"2023-04-12T15:28:36","modified_gmt":"2023-04-12T20:28:36","slug":"rocketdish-ac-antennas-rocketdish-ac","status":"publish","type":"product","link":"https:\/\/www.4netonline.com\/wpg\/product\/rocketdish-ac-antennas-rocketdish-ac\/","title":{"rendered":"RocketDish AC RD\u20115G31\u2011AC"},"content":{"rendered":"<p style=\"text-align: center;\">RocketDish AC Antennas<\/p>\n<p>&nbsp;<\/p>\n<p style=\"text-align: center;\"><a href=\"https:\/\/4netonline.com\/wpg\/sales-team\/franklin-gutierrez-herrera\/\">Questions?<\/a><\/p>\n<p class=\"comAnimateSlideUp is-animate\" style=\"text-align: center;\">Breakthrough Design and Performance<\/p>\n<p class=\"comAnimateSlideUp is-animate\" style=\"text-align: center;\">The powerful RocketDish<sup>&#x2122;<\/sup> ac Antennas feature carrier-class construction and 2&#215;2, dual-polarity performance.<\/p>\n<p class=\"comAnimateSlideUp is-animate\" style=\"text-align: center;\"><img fetchpriority=\"high\" decoding=\"async\" class=\"aligncenter wp-image-6615\" src=\"https:\/\/4netonline.com\/wpg\/wp-content\/uploads\/2016\/06\/rocketdishac_1-300x275.jpg\" alt=\"RocketDish AC Antennas\" width=\"500\" height=\"458\" data-id=\"6615\" srcset=\"https:\/\/www.4netonline.com\/wpg\/wp-content\/uploads\/2016\/06\/rocketdishac_1-300x275.jpg 300w, https:\/\/www.4netonline.com\/wpg\/wp-content\/uploads\/2016\/06\/rocketdishac_1-600x550.jpg 600w, https:\/\/www.4netonline.com\/wpg\/wp-content\/uploads\/2016\/06\/rocketdishac_1-768x704.jpg 768w, https:\/\/www.4netonline.com\/wpg\/wp-content\/uploads\/2016\/06\/rocketdishac_1-1024x939.jpg 1024w, https:\/\/www.4netonline.com\/wpg\/wp-content\/uploads\/2016\/06\/rocketdishac_1.jpg 1200w\" sizes=\"(max-width: 500px) 100vw, 500px\" \/><\/p>\n<p class=\"comAnimateSlideUp is-animate\" style=\"text-align: center;\"><span style=\"color: #ffffff;\">4net<\/span><\/p>\n<p class=\"comAnimateSlideUp is-animate\" style=\"text-align: center;\"><span style=\"color: #ffffff;\">4net<\/span><\/p>\n<p class=\"comAnimateSlideUp is-animate\" style=\"text-align: center;\"><span style=\"color: #ffffff;\">4net<\/span><\/p>\n<div class=\"comProductFeature__text \">\n<h3 class=\"comAnimateSlideUp is-animate\" style=\"text-align: center;\">Powerful Beam Directivity<\/h3>\n<p class=\"comAnimateSlideUp is-animate\" style=\"text-align: center;\">The RocketDish<sup>&#x2122;<\/sup>\u00a0ac Antennas feature high isolation and improved F\/B ratio for better Signal-to-Noise Ratio (SNR), which allows the use of higher-order modulation and the maximum data rate.<\/p>\n<p class=\"comAnimateSlideUp is-animate\" style=\"text-align: center;\"><img decoding=\"async\" class=\"aligncenter wp-image-6616\" src=\"https:\/\/4netonline.com\/wpg\/wp-content\/uploads\/2016\/06\/rocketdishac_2-300x286.jpg\" alt=\"rocketdishac_2\" width=\"350\" height=\"333\" data-id=\"6616\" srcset=\"https:\/\/www.4netonline.com\/wpg\/wp-content\/uploads\/2016\/06\/rocketdishac_2-300x286.jpg 300w, https:\/\/www.4netonline.com\/wpg\/wp-content\/uploads\/2016\/06\/rocketdishac_2.jpg 420w\" sizes=\"(max-width: 350px) 100vw, 350px\" \/><\/p>\n<p class=\"comAnimateSlideUp is-animate\" style=\"text-align: center;\"><span style=\"color: #ffffff;\">4net<\/span><\/p>\n<p class=\"comAnimateSlideUp is-animate\" style=\"text-align: center;\"><span style=\"color: #ffffff;\">4net<\/span><\/p>\n<p class=\"comAnimateSlideUp is-animate\" style=\"text-align: center;\"><span style=\"color: #ffffff;\">4net<\/span><\/p>\n<h3 class=\"comAnimateSlideUp is-animate\" style=\"text-align: center;\">Reduced Interference, Higher Gain<\/h3>\n<p class=\"comAnimateSlideUp is-animate\" style=\"text-align: center;\">The improved F\/B ratio and lower sidelobes significantly reduce interference, so the innovative RocketDish<sup>&#x2122;<\/sup> ac Antennas provide superior gain and beam performance for high-capacity, multipoint networks.<\/p>\n<p class=\"comAnimateSlideUp is-animate\" style=\"text-align: center;\"><img decoding=\"async\" class=\"aligncenter wp-image-6617\" src=\"https:\/\/4netonline.com\/wpg\/wp-content\/uploads\/2016\/06\/rocketdishac_3-300x164.jpg\" alt=\"rocketdishac_3\" width=\"500\" height=\"274\" data-id=\"6617\" srcset=\"https:\/\/www.4netonline.com\/wpg\/wp-content\/uploads\/2016\/06\/rocketdishac_3-300x164.jpg 300w, https:\/\/www.4netonline.com\/wpg\/wp-content\/uploads\/2016\/06\/rocketdishac_3-600x329.jpg 600w, https:\/\/www.4netonline.com\/wpg\/wp-content\/uploads\/2016\/06\/rocketdishac_3.jpg 730w\" sizes=\"(max-width: 500px) 100vw, 500px\" \/><\/p>\n<p class=\"comAnimateSlideUp is-animate\" style=\"text-align: center;\"><span style=\"color: #ffffff;\">4net<\/span><\/p>\n<p class=\"comAnimateSlideUp is-animate\" style=\"text-align: center;\"><span style=\"color: #ffffff;\">4net<\/span><\/p>\n<p class=\"comAnimateSlideUp is-animate\" style=\"text-align: center;\"><span style=\"color: #ffffff;\">4net<\/span><\/p>\n<h3 class=\"comAnimateSlideUp is-animate\" style=\"text-align: center;\">Industrial-Strength Construction<\/h3>\n<p class=\"comAnimateSlideUp is-animate\" style=\"text-align: center;\">RocketDish<sup>&#x2122;<\/sup> ac Antennas are designed with robust mechanical design for outdoor application use.<\/p>\n<p class=\"comAnimateSlideUp is-animate\" style=\"text-align: center;\"><img loading=\"lazy\" decoding=\"async\" class=\"aligncenter wp-image-6618\" src=\"https:\/\/4netonline.com\/wpg\/wp-content\/uploads\/2016\/06\/rocketdishac_4-300x165.jpg\" alt=\"rocketdishac_4\" width=\"600\" height=\"331\" data-id=\"6618\" srcset=\"https:\/\/www.4netonline.com\/wpg\/wp-content\/uploads\/2016\/06\/rocketdishac_4-300x165.jpg 300w, https:\/\/www.4netonline.com\/wpg\/wp-content\/uploads\/2016\/06\/rocketdishac_4-600x331.jpg 600w, https:\/\/www.4netonline.com\/wpg\/wp-content\/uploads\/2016\/06\/rocketdishac_4-768x423.jpg 768w, https:\/\/www.4netonline.com\/wpg\/wp-content\/uploads\/2016\/06\/rocketdishac_4-1024x564.jpg 1024w, https:\/\/www.4netonline.com\/wpg\/wp-content\/uploads\/2016\/06\/rocketdishac_4.jpg 1600w\" sizes=\"(max-width: 600px) 100vw, 600px\" \/><\/p>\n<p class=\"comAnimateSlideUp is-animate\" style=\"text-align: center;\"><span style=\"color: #ffffff;\">4net<\/span><\/p>\n<p class=\"comAnimateSlideUp is-animate\" style=\"text-align: center;\"><span style=\"color: #ffffff;\">4net<\/span><\/p>\n<p class=\"comAnimateSlideUp is-animate\" style=\"text-align: center;\"><span style=\"color: #ffffff;\">4net<\/span><\/p>\n<h3 class=\"comAnimateSlideUp is-animate\" style=\"text-align: center;\">Plug and Play Integration<\/h3>\n<p class=\"comAnimateSlideUp is-animate\" style=\"text-align: center;\">Every RocketDish<sup>&#x2122;<\/sup> ac Antenna has a built-in Rocket<sup>&#x2122;<\/sup> mount, so no tools are needed to install the Rocket BaseStation.<\/p>\n<p class=\"comAnimateSlideUp is-animate\" style=\"text-align: center;\"><img loading=\"lazy\" decoding=\"async\" class=\"aligncenter wp-image-6619\" src=\"https:\/\/4netonline.com\/wpg\/wp-content\/uploads\/2016\/06\/rocketdishac_5-271x300.jpg\" alt=\"rocketdishac_5\" width=\"300\" height=\"332\" data-id=\"6619\" srcset=\"https:\/\/www.4netonline.com\/wpg\/wp-content\/uploads\/2016\/06\/rocketdishac_5-271x300.jpg 271w, https:\/\/www.4netonline.com\/wpg\/wp-content\/uploads\/2016\/06\/rocketdishac_5-600x665.jpg 600w, https:\/\/www.4netonline.com\/wpg\/wp-content\/uploads\/2016\/06\/rocketdishac_5-768x851.jpg 768w, https:\/\/www.4netonline.com\/wpg\/wp-content\/uploads\/2016\/06\/rocketdishac_5-300x332.jpg 300w, https:\/\/www.4netonline.com\/wpg\/wp-content\/uploads\/2016\/06\/rocketdishac_5.jpg 818w\" sizes=\"(max-width: 300px) 100vw, 300px\" \/><\/p>\n<p class=\"comAnimateSlideUp is-animate\" style=\"text-align: center;\"><span style=\"color: #ffffff;\">4net<\/span><\/p>\n<p class=\"comAnimateSlideUp is-animate\" style=\"text-align: center;\"><span style=\"color: #ffffff;\">4net<\/span><\/p>\n<p class=\"comAnimateSlideUp is-animate\" style=\"text-align: center;\"><span style=\"color: #ffffff;\">4net<\/span><\/p>\n<div class=\"comProductFeature__text \">\n<h3 class=\"comAnimateSlideUp is-animate\" style=\"text-align: center;\">Weatherproof Design<\/h3>\n<p class=\"comAnimateSlideUp is-animate\" style=\"text-align: center;\">Ruggedized yet lightweight components resist corrosion and are designed to withstand harsh outdoor conditions. The included radome and metal shroud help protect against nature\u2019s elements.<\/p>\n<p class=\"comAnimateSlideUp is-animate\"><img loading=\"lazy\" decoding=\"async\" class=\"aligncenter wp-image-6620\" src=\"https:\/\/4netonline.com\/wpg\/wp-content\/uploads\/2016\/06\/rocketdishac_6-300x206.jpg\" alt=\"rocketdishac_6\" width=\"450\" height=\"309\" data-id=\"6620\" srcset=\"https:\/\/www.4netonline.com\/wpg\/wp-content\/uploads\/2016\/06\/rocketdishac_6-300x206.jpg 300w, https:\/\/www.4netonline.com\/wpg\/wp-content\/uploads\/2016\/06\/rocketdishac_6-600x412.jpg 600w, https:\/\/www.4netonline.com\/wpg\/wp-content\/uploads\/2016\/06\/rocketdishac_6-768x527.jpg 768w, https:\/\/www.4netonline.com\/wpg\/wp-content\/uploads\/2016\/06\/rocketdishac_6-1024x703.jpg 1024w, https:\/\/www.4netonline.com\/wpg\/wp-content\/uploads\/2016\/06\/rocketdishac_6.jpg 1456w\" sizes=\"(max-width: 450px) 100vw, 450px\" \/><\/p>\n<p class=\"comAnimateSlideUp is-animate\" align=\"center\">Model:<\/p>\n<p class=\"comAnimateSlideUp is-animate\" align=\"center\">RD-5G31-AC<\/p>\n<p class=\"comAnimateSlideUp is-animate\" align=\"center\"><span style=\"color: #ffffff;\">RD5G31AC<\/span><\/p>\n<\/div>\n<p style=\"text-align: left;\" align=\"center\"><span style=\"color: #ffffff;\">RocketDish AC Antennas<\/span><\/p>\n<h4 class=\"t-18 t-black t-normal mb2\"><span style=\"color: #ffffff;\">Overview<\/span><\/h4>\n<p class=\"break-words white-space-pre-wrap mb5 t-14 t-black--light t-normal\"><span style=\"color: #ffffff;\">Somos un Distribuidor Master Mayorista localizado en Miami, FL. USA. Contamos con m\u00e1s de 20 a\u00f1os de experiencias y amplia presencia en Latinoam\u00e9rica. Productos; -Cables de Fibra Optica -Accesorios, Cajas y herramientas para Instalaci\u00f3n de redes de Fibra Opticas -Antenas -Cableado estructurado -Conectores y accesorios para instalaci\u00f3n de cableados -Productos para aplicaciones profesionales de Wireless (Wi-Fi); Switch, Routers, Antenas, Mesh, Somos distribuidores directos de marcas l\u00edderes en el mercado, tenemos varios programas donde ofrecemos bajos precios para compa\u00f1\u00edas aliadas. Usted y su empresa se beneficiar\u00e1 del ahorro y otras ventajas que la har\u00e1n m\u00e1s atractiva a sus clientes con las siguientes marcas: Ubiquiti Mikrotik Cambium Networks Tenda Cablix Mimosa ALG COM Exportamos a: Argentina Bolivia Brasil Chile Colombia Costa Rica Ecuador M\u00e9xico Paraguay Panam\u00e1 Per\u00fa Puerto Rico Uruguay El Caribe Venezuela<\/span><\/p>\n<\/div>\n<p style=\"text-align: left;\" align=\"center\"><span style=\"color: #ffffff;\">RocketDish AC Antennas<\/span><\/p>\n","protected":false},"excerpt":{"rendered":"<p>RocketDish AC Antennas &nbsp; Questions? Breakthrough Design and Performance The powerful RocketDish&#x2122; ac Antennas feature carrier-class construction and 2&#215;2, dual-polarity&#8230;<\/p>\n","protected":false},"featured_media":9449,"template":"","meta":[],"etheme_brands":[{"term_id":1114,"name":"Ubiquiti","slug":"ubiquiti","term_group":0,"term_taxonomy_id":1114,"taxonomy":"brand","description":"","parent":0,"count":272,"filter":"raw"}],"product_brand":[],"product_cat":[1155,1148,1156],"product_tag":[],"class_list":{"0":"post-6614","1":"product","2":"type-product","3":"status-publish","4":"has-post-thumbnail","6":"brand-ubiquiti","7":"product_cat-ub-isp-operator","8":"product_cat-ubiquiti","9":"product_cat-ub-isp-operator-wireless-products","11":"first","12":"instock","13":"taxable","14":"shipping-taxable","15":"purchasable","16":"product-type-simple"},"yoast_head":"<!-- This site is optimized with the Yoast SEO plugin v27.3 - https:\/\/yoast.com\/product\/yoast-seo-wordpress\/ -->\n<title>RocketDish AC Antennas the Rocket\u21225ac radios ub<\/title>\n<meta name=\"description\" content=\"RocketDish AC AntennasThe RocketDish ac Antennas , noise isolation, and beam complement the Rocket\u21225ac radios for Point\u2011to\u2011Point (PtP)\" \/>\n<meta name=\"robots\" content=\"index, follow, max-snippet:-1, max-image-preview:large, max-video-preview:-1\" \/>\n<link rel=\"canonical\" href=\"https:\/\/www.4netonline.com\/wpg\/product\/rocketdish-ac-antennas-rocketdish-ac\/\" \/>\n<meta property=\"og:locale\" content=\"en_US\" \/>\n<meta property=\"og:type\" content=\"article\" \/>\n<meta property=\"og:title\" content=\"RocketDish AC Antennas the Rocket\u21225ac radios ub\" \/>\n<meta property=\"og:description\" content=\"RocketDish AC AntennasThe RocketDish ac Antennas , noise isolation, and beam complement the Rocket\u21225ac radios for Point\u2011to\u2011Point (PtP)\" \/>\n<meta property=\"og:url\" content=\"https:\/\/www.4netonline.com\/wpg\/product\/rocketdish-ac-antennas-rocketdish-ac\/\" \/>\n<meta property=\"og:site_name\" content=\"4Net Networking\" \/>\n<meta property=\"article:publisher\" content=\"https:\/\/www.facebook.com\/4netNetworking\/\" \/>\n<meta property=\"article:modified_time\" content=\"2023-04-12T20:28:36+00:00\" \/>\n<meta property=\"og:image\" content=\"https:\/\/www.4netonline.com\/wpg\/wp-content\/uploads\/2016\/06\/RD-5G31-AC-1.jpeg\" \/>\n\t<meta property=\"og:image:width\" content=\"225\" \/>\n\t<meta property=\"og:image:height\" content=\"225\" \/>\n\t<meta property=\"og:image:type\" content=\"image\/jpeg\" \/>\n<meta name=\"twitter:card\" content=\"summary_large_image\" \/>\n<meta name=\"twitter:site\" content=\"@4netonline\" \/>\n<meta name=\"twitter:label1\" content=\"Est. reading time\" \/>\n\t<meta name=\"twitter:data1\" content=\"3 minutes\" \/>\n<script type=\"application\/ld+json\" class=\"yoast-schema-graph\">{\"@context\":\"https:\\\/\\\/schema.org\",\"@graph\":[{\"@type\":\"WebPage\",\"@id\":\"https:\\\/\\\/www.4netonline.com\\\/wpg\\\/product\\\/rocketdish-ac-antennas-rocketdish-ac\\\/\",\"url\":\"https:\\\/\\\/www.4netonline.com\\\/wpg\\\/product\\\/rocketdish-ac-antennas-rocketdish-ac\\\/\",\"name\":\"RocketDish AC Antennas the Rocket\u21225ac radios ub\",\"isPartOf\":{\"@id\":\"https:\\\/\\\/www.4netonline.com\\\/wpg\\\/#website\"},\"primaryImageOfPage\":{\"@id\":\"https:\\\/\\\/www.4netonline.com\\\/wpg\\\/product\\\/rocketdish-ac-antennas-rocketdish-ac\\\/#primaryimage\"},\"image\":{\"@id\":\"https:\\\/\\\/www.4netonline.com\\\/wpg\\\/product\\\/rocketdish-ac-antennas-rocketdish-ac\\\/#primaryimage\"},\"thumbnailUrl\":\"https:\\\/\\\/www.4netonline.com\\\/wpg\\\/wp-content\\\/uploads\\\/2016\\\/06\\\/RD-5G31-AC-1.jpeg\",\"datePublished\":\"2016-06-28T21:00:35+00:00\",\"dateModified\":\"2023-04-12T20:28:36+00:00\",\"description\":\"RocketDish AC AntennasThe RocketDish ac Antennas , noise isolation, and beam complement the Rocket\u21225ac radios for Point\u2011to\u2011Point (PtP)\",\"breadcrumb\":{\"@id\":\"https:\\\/\\\/www.4netonline.com\\\/wpg\\\/product\\\/rocketdish-ac-antennas-rocketdish-ac\\\/#breadcrumb\"},\"inLanguage\":\"en-US\",\"potentialAction\":[{\"@type\":\"ReadAction\",\"target\":[\"https:\\\/\\\/www.4netonline.com\\\/wpg\\\/product\\\/rocketdish-ac-antennas-rocketdish-ac\\\/\"]}]},{\"@type\":\"ImageObject\",\"inLanguage\":\"en-US\",\"@id\":\"https:\\\/\\\/www.4netonline.com\\\/wpg\\\/product\\\/rocketdish-ac-antennas-rocketdish-ac\\\/#primaryimage\",\"url\":\"https:\\\/\\\/www.4netonline.com\\\/wpg\\\/wp-content\\\/uploads\\\/2016\\\/06\\\/RD-5G31-AC-1.jpeg\",\"contentUrl\":\"https:\\\/\\\/www.4netonline.com\\\/wpg\\\/wp-content\\\/uploads\\\/2016\\\/06\\\/RD-5G31-AC-1.jpeg\",\"width\":225,\"height\":225,\"caption\":\"rocketdish\"},{\"@type\":\"BreadcrumbList\",\"@id\":\"https:\\\/\\\/www.4netonline.com\\\/wpg\\\/product\\\/rocketdish-ac-antennas-rocketdish-ac\\\/#breadcrumb\",\"itemListElement\":[{\"@type\":\"ListItem\",\"position\":1,\"name\":\"Home\",\"item\":\"https:\\\/\\\/www.4netonline.com\\\/wpg\\\/\"},{\"@type\":\"ListItem\",\"position\":2,\"name\":\"Shop\",\"item\":\"https:\\\/\\\/www.4netonline.com\\\/wpg\\\/shop-2\\\/\"},{\"@type\":\"ListItem\",\"position\":3,\"name\":\"RocketDish AC RD\u20115G31\u2011AC\"}]},{\"@type\":\"WebSite\",\"@id\":\"https:\\\/\\\/www.4netonline.com\\\/wpg\\\/#website\",\"url\":\"https:\\\/\\\/www.4netonline.com\\\/wpg\\\/\",\"name\":\"4Net Networking\",\"description\":\"\",\"publisher\":{\"@id\":\"https:\\\/\\\/www.4netonline.com\\\/wpg\\\/#organization\"},\"potentialAction\":[{\"@type\":\"SearchAction\",\"target\":{\"@type\":\"EntryPoint\",\"urlTemplate\":\"https:\\\/\\\/www.4netonline.com\\\/wpg\\\/?s={search_term_string}\"},\"query-input\":{\"@type\":\"PropertyValueSpecification\",\"valueRequired\":true,\"valueName\":\"search_term_string\"}}],\"inLanguage\":\"en-US\"},{\"@type\":\"Organization\",\"@id\":\"https:\\\/\\\/www.4netonline.com\\\/wpg\\\/#organization\",\"name\":\"4net Networks\",\"url\":\"https:\\\/\\\/www.4netonline.com\\\/wpg\\\/\",\"logo\":{\"@type\":\"ImageObject\",\"inLanguage\":\"en-US\",\"@id\":\"https:\\\/\\\/www.4netonline.com\\\/wpg\\\/#\\\/schema\\\/logo\\\/image\\\/\",\"url\":\"\",\"contentUrl\":\"\",\"caption\":\"4net Networks\"},\"image\":{\"@id\":\"https:\\\/\\\/www.4netonline.com\\\/wpg\\\/#\\\/schema\\\/logo\\\/image\\\/\"},\"sameAs\":[\"https:\\\/\\\/www.facebook.com\\\/4netNetworking\\\/\",\"https:\\\/\\\/x.com\\\/4netonline\",\"https:\\\/\\\/www.linkedin.com\\\/company\\\/4net-networking-corp\",\"https:\\\/\\\/www.youtube.com\\\/channel\\\/UCmHmX1rrKiDV0uOWZBVSn7g\"]}]}<\/script>\n<!-- \/ Yoast SEO plugin. -->","yoast_head_json":{"title":"RocketDish AC Antennas the Rocket\u21225ac radios ub","description":"RocketDish AC AntennasThe RocketDish ac Antennas , noise isolation, and beam complement the Rocket\u21225ac radios for Point\u2011to\u2011Point (PtP)","robots":{"index":"index","follow":"follow","max-snippet":"max-snippet:-1","max-image-preview":"max-image-preview:large","max-video-preview":"max-video-preview:-1"},"canonical":"https:\/\/www.4netonline.com\/wpg\/product\/rocketdish-ac-antennas-rocketdish-ac\/","og_locale":"en_US","og_type":"article","og_title":"RocketDish AC Antennas the Rocket\u21225ac radios ub","og_description":"RocketDish AC AntennasThe RocketDish ac Antennas , noise isolation, and beam complement the Rocket\u21225ac radios for Point\u2011to\u2011Point (PtP)","og_url":"https:\/\/www.4netonline.com\/wpg\/product\/rocketdish-ac-antennas-rocketdish-ac\/","og_site_name":"4Net Networking","article_publisher":"https:\/\/www.facebook.com\/4netNetworking\/","article_modified_time":"2023-04-12T20:28:36+00:00","og_image":[{"width":225,"height":225,"url":"https:\/\/www.4netonline.com\/wpg\/wp-content\/uploads\/2016\/06\/RD-5G31-AC-1.jpeg","type":"image\/jpeg"}],"twitter_card":"summary_large_image","twitter_site":"@4netonline","twitter_misc":{"Est. reading time":"3 minutes"},"schema":{"@context":"https:\/\/schema.org","@graph":[{"@type":"WebPage","@id":"https:\/\/www.4netonline.com\/wpg\/product\/rocketdish-ac-antennas-rocketdish-ac\/","url":"https:\/\/www.4netonline.com\/wpg\/product\/rocketdish-ac-antennas-rocketdish-ac\/","name":"RocketDish AC Antennas the Rocket\u21225ac radios ub","isPartOf":{"@id":"https:\/\/www.4netonline.com\/wpg\/#website"},"primaryImageOfPage":{"@id":"https:\/\/www.4netonline.com\/wpg\/product\/rocketdish-ac-antennas-rocketdish-ac\/#primaryimage"},"image":{"@id":"https:\/\/www.4netonline.com\/wpg\/product\/rocketdish-ac-antennas-rocketdish-ac\/#primaryimage"},"thumbnailUrl":"https:\/\/www.4netonline.com\/wpg\/wp-content\/uploads\/2016\/06\/RD-5G31-AC-1.jpeg","datePublished":"2016-06-28T21:00:35+00:00","dateModified":"2023-04-12T20:28:36+00:00","description":"RocketDish AC AntennasThe RocketDish ac Antennas , noise isolation, and beam complement the Rocket\u21225ac radios for Point\u2011to\u2011Point (PtP)","breadcrumb":{"@id":"https:\/\/www.4netonline.com\/wpg\/product\/rocketdish-ac-antennas-rocketdish-ac\/#breadcrumb"},"inLanguage":"en-US","potentialAction":[{"@type":"ReadAction","target":["https:\/\/www.4netonline.com\/wpg\/product\/rocketdish-ac-antennas-rocketdish-ac\/"]}]},{"@type":"ImageObject","inLanguage":"en-US","@id":"https:\/\/www.4netonline.com\/wpg\/product\/rocketdish-ac-antennas-rocketdish-ac\/#primaryimage","url":"https:\/\/www.4netonline.com\/wpg\/wp-content\/uploads\/2016\/06\/RD-5G31-AC-1.jpeg","contentUrl":"https:\/\/www.4netonline.com\/wpg\/wp-content\/uploads\/2016\/06\/RD-5G31-AC-1.jpeg","width":225,"height":225,"caption":"rocketdish"},{"@type":"BreadcrumbList","@id":"https:\/\/www.4netonline.com\/wpg\/product\/rocketdish-ac-antennas-rocketdish-ac\/#breadcrumb","itemListElement":[{"@type":"ListItem","position":1,"name":"Home","item":"https:\/\/www.4netonline.com\/wpg\/"},{"@type":"ListItem","position":2,"name":"Shop","item":"https:\/\/www.4netonline.com\/wpg\/shop-2\/"},{"@type":"ListItem","position":3,"name":"RocketDish AC RD\u20115G31\u2011AC"}]},{"@type":"WebSite","@id":"https:\/\/www.4netonline.com\/wpg\/#website","url":"https:\/\/www.4netonline.com\/wpg\/","name":"4Net Networking","description":"","publisher":{"@id":"https:\/\/www.4netonline.com\/wpg\/#organization"},"potentialAction":[{"@type":"SearchAction","target":{"@type":"EntryPoint","urlTemplate":"https:\/\/www.4netonline.com\/wpg\/?s={search_term_string}"},"query-input":{"@type":"PropertyValueSpecification","valueRequired":true,"valueName":"search_term_string"}}],"inLanguage":"en-US"},{"@type":"Organization","@id":"https:\/\/www.4netonline.com\/wpg\/#organization","name":"4net Networks","url":"https:\/\/www.4netonline.com\/wpg\/","logo":{"@type":"ImageObject","inLanguage":"en-US","@id":"https:\/\/www.4netonline.com\/wpg\/#\/schema\/logo\/image\/","url":"","contentUrl":"","caption":"4net Networks"},"image":{"@id":"https:\/\/www.4netonline.com\/wpg\/#\/schema\/logo\/image\/"},"sameAs":["https:\/\/www.facebook.com\/4netNetworking\/","https:\/\/x.com\/4netonline","https:\/\/www.linkedin.com\/company\/4net-networking-corp","https:\/\/www.youtube.com\/channel\/UCmHmX1rrKiDV0uOWZBVSn7g"]}]}},"_links":{"self":[{"href":"https:\/\/www.4netonline.com\/wpg\/wp-json\/wp\/v2\/product\/6614","targetHints":{"allow":["GET"]}}],"collection":[{"href":"https:\/\/www.4netonline.com\/wpg\/wp-json\/wp\/v2\/product"}],"about":[{"href":"https:\/\/www.4netonline.com\/wpg\/wp-json\/wp\/v2\/types\/product"}],"version-history":[{"count":0,"href":"https:\/\/www.4netonline.com\/wpg\/wp-json\/wp\/v2\/product\/6614\/revisions"}],"wp:featuredmedia":[{"embeddable":true,"href":"https:\/\/www.4netonline.com\/wpg\/wp-json\/wp\/v2\/media\/9449"}],"wp:attachment":[{"href":"https:\/\/www.4netonline.com\/wpg\/wp-json\/wp\/v2\/media?parent=6614"}],"wp:term":[{"taxonomy":"brand","embeddable":true,"href":"https:\/\/www.4netonline.com\/wpg\/wp-json\/wp\/v2\/etheme_brands?post=6614"},{"taxonomy":"product_brand","embeddable":true,"href":"https:\/\/www.4netonline.com\/wpg\/wp-json\/wp\/v2\/product_brand?post=6614"},{"taxonomy":"product_cat","embeddable":true,"href":"https:\/\/www.4netonline.com\/wpg\/wp-json\/wp\/v2\/product_cat?post=6614"},{"taxonomy":"product_tag","embeddable":true,"href":"https:\/\/www.4netonline.com\/wpg\/wp-json\/wp\/v2\/product_tag?post=6614"}],"curies":[{"name":"wp","href":"https:\/\/api.w.org\/{rel}","templated":true}]}}