{"id":6587,"date":"2016-06-28T15:00:09","date_gmt":"2016-06-28T20:00:09","guid":{"rendered":"https:\/\/4netonline.com\/wpg\/?post_type=product&#038;p=6587"},"modified":"2023-04-12T15:30:34","modified_gmt":"2023-04-12T20:30:34","slug":"rocketdish-antennas-carrier-class","status":"publish","type":"product","link":"https:\/\/www.4netonline.com\/wpg\/product\/rocketdish-antennas-carrier-class\/","title":{"rendered":"RocketDish Ant 2&#215;2 RD-5G"},"content":{"rendered":"<p>Pair a RocketDish&#x2122; antenna with a Rocket\u00ae basestation to create the endpoint of a high-performance, Point-to-Point (PtP) bridge or network backhaul (Rocket sold separately). The RocketDish is available in the following frequency models:<\/p>\n<ul>\n<li style=\"list-style-type: none;\">\n<ul>\n<li style=\"list-style-type: none;\">\n<ul>\n<li>2.4 GHz<\/li>\n<li>3 GHz<\/li>\n<li>5 GHz<\/li>\n<\/ul>\n<\/li>\n<\/ul>\n<\/li>\n<\/ul>\n<p>The 5 GHz frequency band is free to use, worldwide, offers plentiful spectrum, and works well for long-distance links. However, 5 GHz signals have more difficulty passing through obstacles than lower-frequency signals.<\/p>\n<p style=\"text-align: center;\">RocketDish Antennas carrier class<\/p>\n<p class=\"comAnimateSlideUp is-animate\" style=\"text-align: center;\">Breakthrough Design and Performance<\/p>\n<p class=\"comAnimateSlideUp is-animate\" style=\"text-align: center;\">The powerful airMAX<sup>\u00ae<\/sup> RocketDish<sup>&#x2122;<\/sup> Antennas feature carrier-class construction and 2&#215;2, dual-polarity performance.<\/p>\n<p>&nbsp;<\/p>\n<p style=\"text-align: center;\"><a href=\"https:\/\/4netonline.com\/wpg\/sales-team\/franklin-gutierrez-herrera\/\">Questions?<\/a><\/p>\n<p class=\"comAnimateSlideUp is-animate\" style=\"text-align: center;\"><img fetchpriority=\"high\" decoding=\"async\" class=\"aligncenter wp-image-6589\" src=\"https:\/\/4netonline.com\/wpg\/wp-content\/uploads\/2016\/06\/rocketdish_1-300x267.jpg\" alt=\"rocketdish_1\" width=\"450\" height=\"401\" data-id=\"6589\" srcset=\"https:\/\/www.4netonline.com\/wpg\/wp-content\/uploads\/2016\/06\/rocketdish_1-300x267.jpg 300w, https:\/\/www.4netonline.com\/wpg\/wp-content\/uploads\/2016\/06\/rocketdish_1-600x534.jpg 600w, https:\/\/www.4netonline.com\/wpg\/wp-content\/uploads\/2016\/06\/rocketdish_1-768x684.jpg 768w, https:\/\/www.4netonline.com\/wpg\/wp-content\/uploads\/2016\/06\/rocketdish_1-1024x912.jpg 1024w, https:\/\/www.4netonline.com\/wpg\/wp-content\/uploads\/2016\/06\/rocketdish_1.jpg 1171w\" sizes=\"(max-width: 450px) 100vw, 450px\" \/><\/p>\n<p class=\"comAnimateSlideUp is-animate\" style=\"text-align: center;\"><span style=\"color: #ffffff;\">4net<\/span><\/p>\n<p class=\"comAnimateSlideUp is-animate\" style=\"text-align: center;\"><span style=\"color: #ffffff;\">4net<\/span><\/p>\n<p class=\"comAnimateSlideUp is-animate\" style=\"text-align: center;\"><span style=\"color: #ffffff;\">4net<\/span><\/p>\n<h3 class=\"comAnimateSlideUp is-animate\" style=\"text-align: center;\">Industrial-Strength Construction<\/h3>\n<p class=\"comAnimateSlideUp is-animate\" style=\"text-align: center;\">airMAX<sup>\u00ae<\/sup> Antennas are designed with robust mechanical design for outdoor application use.<\/p>\n<p class=\"comAnimateSlideUp is-animate\" style=\"text-align: center;\"><img decoding=\"async\" class=\"aligncenter wp-image-6590\" src=\"https:\/\/4netonline.com\/wpg\/wp-content\/uploads\/2016\/06\/rocketdish_2-300x268.jpg\" alt=\"rocketdish_2\" width=\"300\" height=\"268\" data-id=\"6590\" srcset=\"https:\/\/www.4netonline.com\/wpg\/wp-content\/uploads\/2016\/06\/rocketdish_2-300x268.jpg 300w, https:\/\/www.4netonline.com\/wpg\/wp-content\/uploads\/2016\/06\/rocketdish_2.jpg 448w\" sizes=\"(max-width: 300px) 100vw, 300px\" \/><\/p>\n<p class=\"comAnimateSlideUp is-animate\" style=\"text-align: center;\"><span style=\"color: #ffffff;\">4net<\/span><\/p>\n<p class=\"comAnimateSlideUp is-animate\" style=\"text-align: center;\"><span style=\"color: #ffffff;\">4net<\/span><\/p>\n<p class=\"comAnimateSlideUp is-animate\" style=\"text-align: center;\"><span style=\"color: #ffffff;\">4net<\/span><\/p>\n<h3 class=\"comAnimateSlideUp is-animate\" style=\"text-align: center;\">Plug and Play Integration<\/h3>\n<p class=\"comAnimateSlideUp is-animate\" style=\"text-align: center;\">Every airMAX<sup>\u00ae<\/sup> Antenna has a built-in Rocket<sup>&#x2122;<\/sup> mount, so no tools are needed to install the Rocket BaseStation.<\/p>\n<p class=\"comAnimateSlideUp is-animate\"><img decoding=\"async\" class=\"aligncenter wp-image-6591\" src=\"https:\/\/4netonline.com\/wpg\/wp-content\/uploads\/2016\/06\/rocketdish_3-300x164.jpg\" alt=\"rocketdish_3\" width=\"600\" height=\"329\" data-id=\"6591\" srcset=\"https:\/\/www.4netonline.com\/wpg\/wp-content\/uploads\/2016\/06\/rocketdish_3-300x164.jpg 300w, https:\/\/www.4netonline.com\/wpg\/wp-content\/uploads\/2016\/06\/rocketdish_3-600x329.jpg 600w, https:\/\/www.4netonline.com\/wpg\/wp-content\/uploads\/2016\/06\/rocketdish_3.jpg 730w\" sizes=\"(max-width: 600px) 100vw, 600px\" \/><\/p>\n<p class=\"comAnimateSlideUp is-animate\" style=\"text-align: center;\">Models:<\/p>\n<p class=\"comAnimateSlideUp is-animate\" style=\"text-align: center;\">\u00a0RD\u20115G<\/p>\n<p><span style=\"color: #ffffff;\">RocketDish Antennas carrier class<\/span><\/p>\n<h4 class=\"t-18 t-black t-normal mb2\"><span style=\"color: #ffffff;\">Overview<\/span><\/h4>\n<p class=\"break-words white-space-pre-wrap mb5 t-14 t-black--light t-normal\"><span style=\"color: #ffffff;\">Somos un Distribuidor Master Mayorista localizado en Miami, FL. USA. Contamos con m\u00e1s de 20 a\u00f1os de experiencias y amplia presencia en Latinoam\u00e9rica. Productos; -Cables de Fibra Optica -Accesorios, Cajas y herramientas para Instalaci\u00f3n de redes de Fibra Opticas -Antenas -Cableado estructurado -Conectores y accesorios para instalaci\u00f3n de cableados -Productos para aplicaciones profesionales de Wireless (Wi-Fi); Switch, Routers, Antenas, Mesh, Somos distribuidores directos de marcas l\u00edderes en el mercado, tenemos varios programas donde ofrecemos bajos precios para compa\u00f1\u00edas aliadas. Usted y su empresa se beneficiar\u00e1 del ahorro y otras ventajas que la har\u00e1n m\u00e1s atractiva a sus clientes con las siguientes marcas: Ubiquiti Mikrotik Cambium Networks Tenda Cablix Mimosa ALG COM Exportamos a: Argentina Bolivia Brasil Chile Colombia Costa Rica Ecuador M\u00e9xico Paraguay Panam\u00e1 Per\u00fa Puerto Rico Uruguay El Caribe Venezuela<\/span><\/p>\n<p><span style=\"color: #ffffff;\">We are a Master wholesale distributor located in Miami, FL. USA. We have over 20 years of experience and broad presence in Latin America. Line of products; -Optic Fiber &#8211; Accessories to install Optic Fiber Network &#8211; Structured Cabling Products; &#8211; Wireless ( Wi-Fi based) products for Professional Applications; &#8211; CCTV &amp; Surveillance equipments and accessories; We are direct distributors of leading brands in the market, we have several programs where we offer low prices for allied companies. You and your company will benefit from the savings and other benefits that will make your business more attractive to your customers with the following brands:<\/span><\/p>\n<p><span style=\"color: #ffffff;\">RocketDish Antennas carrier class<\/span><\/p>\n","protected":false},"excerpt":{"rendered":"<p>Pair a RocketDish&#x2122; antenna with a Rocket\u00ae basestation to create the endpoint of a high-performance, Point-to-Point (PtP) bridge or network&#8230;<\/p>\n","protected":false},"featured_media":6596,"template":"","meta":[],"etheme_brands":[{"term_id":1114,"name":"Ubiquiti","slug":"ubiquiti","term_group":0,"term_taxonomy_id":1114,"taxonomy":"brand","description":"","parent":0,"count":272,"filter":"raw"}],"product_brand":[],"product_cat":[1155,1148,1156],"product_tag":[],"class_list":{"0":"post-6587","1":"product","2":"type-product","3":"status-publish","4":"has-post-thumbnail","6":"brand-ubiquiti","7":"product_cat-ub-isp-operator","8":"product_cat-ubiquiti","9":"product_cat-ub-isp-operator-wireless-products","11":"first","12":"instock","13":"taxable","14":"shipping-taxable","15":"purchasable","16":"product-type-simple"},"yoast_head":"<!-- This site is optimized with the Yoast SEO plugin v27.3 - https:\/\/yoast.com\/product\/yoast-seo-wordpress\/ -->\n<title>RocketDish Ant 2x2 RD-5G - 4Net Networking<\/title>\n<meta name=\"description\" content=\"RocketDish Antennas carrier classBreakthrough Design and PerformanceThe powerful airMAX\u00ae RocketDish Antennas feature carrier-class con,\" \/>\n<meta name=\"robots\" content=\"index, follow, max-snippet:-1, max-image-preview:large, max-video-preview:-1\" \/>\n<link rel=\"canonical\" href=\"https:\/\/www.4netonline.com\/wpg\/product\/rocketdish-antennas-carrier-class\/\" \/>\n<meta property=\"og:locale\" content=\"en_US\" \/>\n<meta property=\"og:type\" content=\"article\" \/>\n<meta property=\"og:title\" content=\"RocketDish Ant 2x2 RD-5G - 4Net Networking\" \/>\n<meta property=\"og:description\" content=\"RocketDish Antennas carrier classBreakthrough Design and PerformanceThe powerful airMAX\u00ae RocketDish Antennas feature carrier-class con,\" \/>\n<meta property=\"og:url\" content=\"https:\/\/www.4netonline.com\/wpg\/product\/rocketdish-antennas-carrier-class\/\" \/>\n<meta property=\"og:site_name\" content=\"4Net Networking\" \/>\n<meta property=\"article:publisher\" content=\"https:\/\/www.facebook.com\/4netNetworking\/\" \/>\n<meta property=\"article:modified_time\" content=\"2023-04-12T20:30:34+00:00\" \/>\n<meta property=\"og:image\" content=\"https:\/\/www.4netonline.com\/wpg\/wp-content\/uploads\/2016\/06\/RD-2G24.jpg\" \/>\n\t<meta property=\"og:image:width\" content=\"1000\" \/>\n\t<meta property=\"og:image:height\" content=\"1000\" \/>\n\t<meta property=\"og:image:type\" content=\"image\/jpeg\" \/>\n<meta name=\"twitter:card\" content=\"summary_large_image\" \/>\n<meta name=\"twitter:site\" content=\"@4netonline\" \/>\n<meta name=\"twitter:label1\" content=\"Est. reading time\" \/>\n\t<meta name=\"twitter:data1\" content=\"3 minutes\" \/>\n<script type=\"application\/ld+json\" class=\"yoast-schema-graph\">{\"@context\":\"https:\\\/\\\/schema.org\",\"@graph\":[{\"@type\":\"WebPage\",\"@id\":\"https:\\\/\\\/www.4netonline.com\\\/wpg\\\/product\\\/rocketdish-antennas-carrier-class\\\/\",\"url\":\"https:\\\/\\\/www.4netonline.com\\\/wpg\\\/product\\\/rocketdish-antennas-carrier-class\\\/\",\"name\":\"RocketDish Ant 2x2 RD-5G - 4Net Networking\",\"isPartOf\":{\"@id\":\"https:\\\/\\\/www.4netonline.com\\\/wpg\\\/#website\"},\"primaryImageOfPage\":{\"@id\":\"https:\\\/\\\/www.4netonline.com\\\/wpg\\\/product\\\/rocketdish-antennas-carrier-class\\\/#primaryimage\"},\"image\":{\"@id\":\"https:\\\/\\\/www.4netonline.com\\\/wpg\\\/product\\\/rocketdish-antennas-carrier-class\\\/#primaryimage\"},\"thumbnailUrl\":\"https:\\\/\\\/www.4netonline.com\\\/wpg\\\/wp-content\\\/uploads\\\/2016\\\/06\\\/RD-2G24.jpg\",\"datePublished\":\"2016-06-28T20:00:09+00:00\",\"dateModified\":\"2023-04-12T20:30:34+00:00\",\"description\":\"RocketDish Antennas carrier classBreakthrough Design and PerformanceThe powerful airMAX\u00ae RocketDish Antennas feature carrier-class con,\",\"breadcrumb\":{\"@id\":\"https:\\\/\\\/www.4netonline.com\\\/wpg\\\/product\\\/rocketdish-antennas-carrier-class\\\/#breadcrumb\"},\"inLanguage\":\"en-US\",\"potentialAction\":[{\"@type\":\"ReadAction\",\"target\":[\"https:\\\/\\\/www.4netonline.com\\\/wpg\\\/product\\\/rocketdish-antennas-carrier-class\\\/\"]}]},{\"@type\":\"ImageObject\",\"inLanguage\":\"en-US\",\"@id\":\"https:\\\/\\\/www.4netonline.com\\\/wpg\\\/product\\\/rocketdish-antennas-carrier-class\\\/#primaryimage\",\"url\":\"https:\\\/\\\/www.4netonline.com\\\/wpg\\\/wp-content\\\/uploads\\\/2016\\\/06\\\/RD-2G24.jpg\",\"contentUrl\":\"https:\\\/\\\/www.4netonline.com\\\/wpg\\\/wp-content\\\/uploads\\\/2016\\\/06\\\/RD-2G24.jpg\",\"width\":1000,\"height\":1000,\"caption\":\"RocketDish\"},{\"@type\":\"BreadcrumbList\",\"@id\":\"https:\\\/\\\/www.4netonline.com\\\/wpg\\\/product\\\/rocketdish-antennas-carrier-class\\\/#breadcrumb\",\"itemListElement\":[{\"@type\":\"ListItem\",\"position\":1,\"name\":\"Home\",\"item\":\"https:\\\/\\\/www.4netonline.com\\\/wpg\\\/\"},{\"@type\":\"ListItem\",\"position\":2,\"name\":\"Shop\",\"item\":\"https:\\\/\\\/www.4netonline.com\\\/wpg\\\/shop-2\\\/\"},{\"@type\":\"ListItem\",\"position\":3,\"name\":\"RocketDish Ant 2&#215;2 RD-5G\"}]},{\"@type\":\"WebSite\",\"@id\":\"https:\\\/\\\/www.4netonline.com\\\/wpg\\\/#website\",\"url\":\"https:\\\/\\\/www.4netonline.com\\\/wpg\\\/\",\"name\":\"4Net Networking\",\"description\":\"\",\"publisher\":{\"@id\":\"https:\\\/\\\/www.4netonline.com\\\/wpg\\\/#organization\"},\"potentialAction\":[{\"@type\":\"SearchAction\",\"target\":{\"@type\":\"EntryPoint\",\"urlTemplate\":\"https:\\\/\\\/www.4netonline.com\\\/wpg\\\/?s={search_term_string}\"},\"query-input\":{\"@type\":\"PropertyValueSpecification\",\"valueRequired\":true,\"valueName\":\"search_term_string\"}}],\"inLanguage\":\"en-US\"},{\"@type\":\"Organization\",\"@id\":\"https:\\\/\\\/www.4netonline.com\\\/wpg\\\/#organization\",\"name\":\"4net Networks\",\"url\":\"https:\\\/\\\/www.4netonline.com\\\/wpg\\\/\",\"logo\":{\"@type\":\"ImageObject\",\"inLanguage\":\"en-US\",\"@id\":\"https:\\\/\\\/www.4netonline.com\\\/wpg\\\/#\\\/schema\\\/logo\\\/image\\\/\",\"url\":\"\",\"contentUrl\":\"\",\"caption\":\"4net Networks\"},\"image\":{\"@id\":\"https:\\\/\\\/www.4netonline.com\\\/wpg\\\/#\\\/schema\\\/logo\\\/image\\\/\"},\"sameAs\":[\"https:\\\/\\\/www.facebook.com\\\/4netNetworking\\\/\",\"https:\\\/\\\/x.com\\\/4netonline\",\"https:\\\/\\\/www.linkedin.com\\\/company\\\/4net-networking-corp\",\"https:\\\/\\\/www.youtube.com\\\/channel\\\/UCmHmX1rrKiDV0uOWZBVSn7g\"]}]}<\/script>\n<!-- \/ Yoast SEO plugin. -->","yoast_head_json":{"title":"RocketDish Ant 2x2 RD-5G - 4Net Networking","description":"RocketDish Antennas carrier classBreakthrough Design and PerformanceThe powerful airMAX\u00ae RocketDish Antennas feature carrier-class con,","robots":{"index":"index","follow":"follow","max-snippet":"max-snippet:-1","max-image-preview":"max-image-preview:large","max-video-preview":"max-video-preview:-1"},"canonical":"https:\/\/www.4netonline.com\/wpg\/product\/rocketdish-antennas-carrier-class\/","og_locale":"en_US","og_type":"article","og_title":"RocketDish Ant 2x2 RD-5G - 4Net Networking","og_description":"RocketDish Antennas carrier classBreakthrough Design and PerformanceThe powerful airMAX\u00ae RocketDish Antennas feature carrier-class con,","og_url":"https:\/\/www.4netonline.com\/wpg\/product\/rocketdish-antennas-carrier-class\/","og_site_name":"4Net Networking","article_publisher":"https:\/\/www.facebook.com\/4netNetworking\/","article_modified_time":"2023-04-12T20:30:34+00:00","og_image":[{"width":1000,"height":1000,"url":"https:\/\/www.4netonline.com\/wpg\/wp-content\/uploads\/2016\/06\/RD-2G24.jpg","type":"image\/jpeg"}],"twitter_card":"summary_large_image","twitter_site":"@4netonline","twitter_misc":{"Est. reading time":"3 minutes"},"schema":{"@context":"https:\/\/schema.org","@graph":[{"@type":"WebPage","@id":"https:\/\/www.4netonline.com\/wpg\/product\/rocketdish-antennas-carrier-class\/","url":"https:\/\/www.4netonline.com\/wpg\/product\/rocketdish-antennas-carrier-class\/","name":"RocketDish Ant 2x2 RD-5G - 4Net Networking","isPartOf":{"@id":"https:\/\/www.4netonline.com\/wpg\/#website"},"primaryImageOfPage":{"@id":"https:\/\/www.4netonline.com\/wpg\/product\/rocketdish-antennas-carrier-class\/#primaryimage"},"image":{"@id":"https:\/\/www.4netonline.com\/wpg\/product\/rocketdish-antennas-carrier-class\/#primaryimage"},"thumbnailUrl":"https:\/\/www.4netonline.com\/wpg\/wp-content\/uploads\/2016\/06\/RD-2G24.jpg","datePublished":"2016-06-28T20:00:09+00:00","dateModified":"2023-04-12T20:30:34+00:00","description":"RocketDish Antennas carrier classBreakthrough Design and PerformanceThe powerful airMAX\u00ae RocketDish Antennas feature carrier-class con,","breadcrumb":{"@id":"https:\/\/www.4netonline.com\/wpg\/product\/rocketdish-antennas-carrier-class\/#breadcrumb"},"inLanguage":"en-US","potentialAction":[{"@type":"ReadAction","target":["https:\/\/www.4netonline.com\/wpg\/product\/rocketdish-antennas-carrier-class\/"]}]},{"@type":"ImageObject","inLanguage":"en-US","@id":"https:\/\/www.4netonline.com\/wpg\/product\/rocketdish-antennas-carrier-class\/#primaryimage","url":"https:\/\/www.4netonline.com\/wpg\/wp-content\/uploads\/2016\/06\/RD-2G24.jpg","contentUrl":"https:\/\/www.4netonline.com\/wpg\/wp-content\/uploads\/2016\/06\/RD-2G24.jpg","width":1000,"height":1000,"caption":"RocketDish"},{"@type":"BreadcrumbList","@id":"https:\/\/www.4netonline.com\/wpg\/product\/rocketdish-antennas-carrier-class\/#breadcrumb","itemListElement":[{"@type":"ListItem","position":1,"name":"Home","item":"https:\/\/www.4netonline.com\/wpg\/"},{"@type":"ListItem","position":2,"name":"Shop","item":"https:\/\/www.4netonline.com\/wpg\/shop-2\/"},{"@type":"ListItem","position":3,"name":"RocketDish Ant 2&#215;2 RD-5G"}]},{"@type":"WebSite","@id":"https:\/\/www.4netonline.com\/wpg\/#website","url":"https:\/\/www.4netonline.com\/wpg\/","name":"4Net Networking","description":"","publisher":{"@id":"https:\/\/www.4netonline.com\/wpg\/#organization"},"potentialAction":[{"@type":"SearchAction","target":{"@type":"EntryPoint","urlTemplate":"https:\/\/www.4netonline.com\/wpg\/?s={search_term_string}"},"query-input":{"@type":"PropertyValueSpecification","valueRequired":true,"valueName":"search_term_string"}}],"inLanguage":"en-US"},{"@type":"Organization","@id":"https:\/\/www.4netonline.com\/wpg\/#organization","name":"4net Networks","url":"https:\/\/www.4netonline.com\/wpg\/","logo":{"@type":"ImageObject","inLanguage":"en-US","@id":"https:\/\/www.4netonline.com\/wpg\/#\/schema\/logo\/image\/","url":"","contentUrl":"","caption":"4net Networks"},"image":{"@id":"https:\/\/www.4netonline.com\/wpg\/#\/schema\/logo\/image\/"},"sameAs":["https:\/\/www.facebook.com\/4netNetworking\/","https:\/\/x.com\/4netonline","https:\/\/www.linkedin.com\/company\/4net-networking-corp","https:\/\/www.youtube.com\/channel\/UCmHmX1rrKiDV0uOWZBVSn7g"]}]}},"_links":{"self":[{"href":"https:\/\/www.4netonline.com\/wpg\/wp-json\/wp\/v2\/product\/6587","targetHints":{"allow":["GET"]}}],"collection":[{"href":"https:\/\/www.4netonline.com\/wpg\/wp-json\/wp\/v2\/product"}],"about":[{"href":"https:\/\/www.4netonline.com\/wpg\/wp-json\/wp\/v2\/types\/product"}],"version-history":[{"count":0,"href":"https:\/\/www.4netonline.com\/wpg\/wp-json\/wp\/v2\/product\/6587\/revisions"}],"wp:featuredmedia":[{"embeddable":true,"href":"https:\/\/www.4netonline.com\/wpg\/wp-json\/wp\/v2\/media\/6596"}],"wp:attachment":[{"href":"https:\/\/www.4netonline.com\/wpg\/wp-json\/wp\/v2\/media?parent=6587"}],"wp:term":[{"taxonomy":"brand","embeddable":true,"href":"https:\/\/www.4netonline.com\/wpg\/wp-json\/wp\/v2\/etheme_brands?post=6587"},{"taxonomy":"product_brand","embeddable":true,"href":"https:\/\/www.4netonline.com\/wpg\/wp-json\/wp\/v2\/product_brand?post=6587"},{"taxonomy":"product_cat","embeddable":true,"href":"https:\/\/www.4netonline.com\/wpg\/wp-json\/wp\/v2\/product_cat?post=6587"},{"taxonomy":"product_tag","embeddable":true,"href":"https:\/\/www.4netonline.com\/wpg\/wp-json\/wp\/v2\/product_tag?post=6587"}],"curies":[{"name":"wp","href":"https:\/\/api.w.org\/{rel}","templated":true}]}}