{"id":6094,"date":"2016-06-17T10:29:15","date_gmt":"2016-06-17T15:29:15","guid":{"rendered":"https:\/\/4netonline.com\/wpg\/?post_type=product&#038;p=6094"},"modified":"2023-08-25T12:39:36","modified_gmt":"2023-08-25T17:39:36","slug":"ml6-22-cat-6-inline-coupler","status":"publish","type":"product","link":"https:\/\/www.4netonline.com\/wpg\/product\/ml6-22-cat-6-inline-coupler\/","title":{"rendered":"Cat 6 Inline Coupler ML6-22"},"content":{"rendered":"<p style=\"text-align: center;\">Cat 6 Inline Coupler<\/p>\n<p><strong>Part number\u00a0Inline<\/strong><\/p>\n<p>ML6-22 X<\/p>\n<p>Where X = Color<\/p>\n<p>X = I &#8211; Ivory<\/p>\n<p>X = W &#8211; White<\/p>\n<p>X = K &#8211; Black<\/p>\n<p>X = O &#8211; Orange<\/p>\n<p>X = B &#8211; Blue<\/p>\n<p>X = R &#8211; Red<\/p>\n<p>Other colors under request<\/p>\n<p><strong>Material<\/strong><\/p>\n<p>1. RJ45 Jack Housing: ABS+PC, UL94V-0, with optional color.<\/p>\n<p>2. RJ45 Jack Bracket Set: PC, UL 94V-2.<\/p>\n<p>3. RJ45 Contact<\/p>\n<p>2.1. Material: Phosphor Bronze with Nickel plated.<\/p>\n<p>2.2. Finish: 6 micro-inch gold plated on Plug contact area.<\/p>\n<p>4. PCB: FR4, UL 94V-0.<\/p>\n<p><strong>Performance<\/strong><\/p>\n<p>1. Insertion force: 20N max. (IEC 60603-7-4).<\/p>\n<p>2. Retention strength: 7.7kg between Jack and Plug.<\/p>\n<p>3. Operating temperature: -10\u00b0C to 60\u00b0C. (ISO\/IEC 11801, ANSI\/TIA 568 B.2)<\/p>\n<p>4. Life (mating cycles):<\/p>\n<p>Jack: 750 cycles min. (ISO\/IEC 11801, IEC 60603-7-4)<\/p>\n<p>5. The Cat5e transmission performance is in compliance with the ANSI\/TIA 568 B.2-1\u00a0standard.<\/p>\n<p style=\"text-align: center;\"><a href=\"https:\/\/4netonline.com\/wpg\/sales-team\/franklin-gutierrez-herrera\/\">Questions?<\/a><\/p>\n<p><span style=\"color: #ffffff;\">Cat 6 Inline Coupler<\/span><\/p>\n<h4 class=\"t-18 t-black t-normal mb2\"><span style=\"color: #ffffff;\">Overview<\/span><\/h4>\n<p class=\"break-words white-space-pre-wrap mb5 t-14 t-black--light t-normal\"><span style=\"color: #ffffff;\">Somos un Distribuidor Master Mayorista localizado en Miami, FL. USA. Contamos con m\u00e1s de 20 a\u00f1os de experiencias y amplia presencia en Latinoam\u00e9rica. Productos; -Cables de Fibra Optica -Accesorios, Cajas y herramientas para Instalaci\u00f3n de redes de Fibra Opticas -Antenas -Cableado estructurado -Conectores y accesorios para instalaci\u00f3n de cableados -Productos para aplicaciones profesionales de Wireless (Wi-Fi); Switch, Routers, Antenas, Mesh, Somos distribuidores directos de marcas l\u00edderes en el mercado, tenemos varios programas donde ofrecemos bajos precios para compa\u00f1\u00edas aliadas. Usted y su empresa se beneficiar\u00e1 del ahorro y otras ventajas que la har\u00e1n m\u00e1s atractiva a sus clientes con las siguientes marcas: Ubiquiti Mikrotik Cambium Networks Tenda Cablix Mimosa ALG COM Exportamos a: Argentina Bolivia Brasil Chile Colombia Costa Rica Ecuador M\u00e9xico Paraguay Panam\u00e1 Per\u00fa Puerto Rico Uruguay El Caribe Venezuela<\/span><\/p>\n<p class=\"break-words white-space-pre-wrap mb5 t-14 t-black--light t-normal\"><span style=\"color: #ffffff;\">We are a Master wholesale distributor located in Miami, FL. USA. We have over 20 years of experience and broad presence in Latin America. Line of products; -Optic Fiber &#8211; Accessories to install Optic Fiber Network &#8211; Structured Cabling Products; &#8211; Wireless ( Wi-Fi based) products for Professional Applications; &#8211; CCTV &amp; Surveillance equipments and accessories; We are direct distributors of leading brands in the market,\u00a0<\/span><\/p>\n<p><span style=\"color: #ffffff;\">Cat 6 Inline Coupler<\/span><\/p>\n","protected":false},"excerpt":{"rendered":"<p>Cat 6 Inline Coupler Part number\u00a0Inline ML6-22 X Where X = Color X = I &#8211; Ivory X = W&#8230;<\/p>\n","protected":false},"featured_media":6095,"template":"","meta":[],"etheme_brands":[{"term_id":1115,"name":"Cablix","slug":"cablix","term_group":0,"term_taxonomy_id":1115,"taxonomy":"brand","description":"","parent":0,"count":181,"filter":"raw"}],"product_brand":[],"product_cat":[1401,1427,1423],"product_tag":[],"class_list":{"0":"post-6094","1":"product","2":"type-product","3":"status-publish","4":"has-post-thumbnail","6":"brand-cablix","7":"product_cat-cablix","8":"product_cat-cablix-metallic-jacks-faceplates","9":"product_cat-cablix-metallic","11":"first","12":"instock","13":"taxable","14":"shipping-taxable","15":"purchasable","16":"product-type-simple"},"yoast_head":"<!-- This site is optimized with the Yoast SEO plugin v27.3 - https:\/\/yoast.com\/product\/yoast-seo-wordpress\/ -->\n<title>Cat 6 Inline Coupler ML6-22 - cablix Cat 6 Inline Coupler<\/title>\n<meta name=\"description\" content=\"Cat 6 Inline Coupler We are a Master wholesale distributor located in Miami, FL. USA. We have over 20 years of experience and broad\" \/>\n<meta name=\"robots\" content=\"index, follow, max-snippet:-1, max-image-preview:large, max-video-preview:-1\" \/>\n<link rel=\"canonical\" href=\"https:\/\/www.4netonline.com\/wpg\/product\/ml6-22-cat-6-inline-coupler\/\" \/>\n<meta property=\"og:locale\" content=\"en_US\" \/>\n<meta property=\"og:type\" content=\"article\" \/>\n<meta property=\"og:title\" content=\"Cat 6 Inline Coupler ML6-22 - cablix Cat 6 Inline Coupler\" \/>\n<meta property=\"og:description\" content=\"Cat 6 Inline Coupler We are a Master wholesale distributor located in Miami, FL. USA. We have over 20 years of experience and broad\" \/>\n<meta property=\"og:url\" content=\"https:\/\/www.4netonline.com\/wpg\/product\/ml6-22-cat-6-inline-coupler\/\" \/>\n<meta property=\"og:site_name\" content=\"4Net Networking\" \/>\n<meta property=\"article:publisher\" content=\"https:\/\/www.facebook.com\/4netNetworking\/\" \/>\n<meta property=\"article:modified_time\" content=\"2023-08-25T17:39:36+00:00\" \/>\n<meta property=\"og:image\" content=\"https:\/\/www.4netonline.com\/wpg\/wp-content\/uploads\/2016\/06\/ml6-22w.jpg\" \/>\n\t<meta property=\"og:image:width\" content=\"2000\" \/>\n\t<meta property=\"og:image:height\" content=\"2000\" \/>\n\t<meta property=\"og:image:type\" content=\"image\/jpeg\" \/>\n<meta name=\"twitter:card\" content=\"summary_large_image\" \/>\n<meta name=\"twitter:site\" content=\"@4netonline\" \/>\n<meta name=\"twitter:label1\" content=\"Est. reading time\" \/>\n\t<meta name=\"twitter:data1\" content=\"2 minutes\" \/>\n<script type=\"application\/ld+json\" class=\"yoast-schema-graph\">{\"@context\":\"https:\\\/\\\/schema.org\",\"@graph\":[{\"@type\":\"WebPage\",\"@id\":\"https:\\\/\\\/www.4netonline.com\\\/wpg\\\/product\\\/ml6-22-cat-6-inline-coupler\\\/\",\"url\":\"https:\\\/\\\/www.4netonline.com\\\/wpg\\\/product\\\/ml6-22-cat-6-inline-coupler\\\/\",\"name\":\"Cat 6 Inline Coupler ML6-22 - cablix Cat 6 Inline Coupler\",\"isPartOf\":{\"@id\":\"https:\\\/\\\/www.4netonline.com\\\/wpg\\\/#website\"},\"primaryImageOfPage\":{\"@id\":\"https:\\\/\\\/www.4netonline.com\\\/wpg\\\/product\\\/ml6-22-cat-6-inline-coupler\\\/#primaryimage\"},\"image\":{\"@id\":\"https:\\\/\\\/www.4netonline.com\\\/wpg\\\/product\\\/ml6-22-cat-6-inline-coupler\\\/#primaryimage\"},\"thumbnailUrl\":\"https:\\\/\\\/www.4netonline.com\\\/wpg\\\/wp-content\\\/uploads\\\/2016\\\/06\\\/ml6-22w.jpg\",\"datePublished\":\"2016-06-17T15:29:15+00:00\",\"dateModified\":\"2023-08-25T17:39:36+00:00\",\"description\":\"Cat 6 Inline Coupler We are a Master wholesale distributor located in Miami, FL. USA. We have over 20 years of experience and broad\",\"breadcrumb\":{\"@id\":\"https:\\\/\\\/www.4netonline.com\\\/wpg\\\/product\\\/ml6-22-cat-6-inline-coupler\\\/#breadcrumb\"},\"inLanguage\":\"en-US\",\"potentialAction\":[{\"@type\":\"ReadAction\",\"target\":[\"https:\\\/\\\/www.4netonline.com\\\/wpg\\\/product\\\/ml6-22-cat-6-inline-coupler\\\/\"]}]},{\"@type\":\"ImageObject\",\"inLanguage\":\"en-US\",\"@id\":\"https:\\\/\\\/www.4netonline.com\\\/wpg\\\/product\\\/ml6-22-cat-6-inline-coupler\\\/#primaryimage\",\"url\":\"https:\\\/\\\/www.4netonline.com\\\/wpg\\\/wp-content\\\/uploads\\\/2016\\\/06\\\/ml6-22w.jpg\",\"contentUrl\":\"https:\\\/\\\/www.4netonline.com\\\/wpg\\\/wp-content\\\/uploads\\\/2016\\\/06\\\/ml6-22w.jpg\",\"width\":2000,\"height\":2000,\"caption\":\"Cat 6 Inline Coupler\"},{\"@type\":\"BreadcrumbList\",\"@id\":\"https:\\\/\\\/www.4netonline.com\\\/wpg\\\/product\\\/ml6-22-cat-6-inline-coupler\\\/#breadcrumb\",\"itemListElement\":[{\"@type\":\"ListItem\",\"position\":1,\"name\":\"Home\",\"item\":\"https:\\\/\\\/www.4netonline.com\\\/wpg\\\/\"},{\"@type\":\"ListItem\",\"position\":2,\"name\":\"Shop\",\"item\":\"https:\\\/\\\/www.4netonline.com\\\/wpg\\\/shop-2\\\/\"},{\"@type\":\"ListItem\",\"position\":3,\"name\":\"Cat 6 Inline Coupler ML6-22\"}]},{\"@type\":\"WebSite\",\"@id\":\"https:\\\/\\\/www.4netonline.com\\\/wpg\\\/#website\",\"url\":\"https:\\\/\\\/www.4netonline.com\\\/wpg\\\/\",\"name\":\"4Net Networking\",\"description\":\"\",\"publisher\":{\"@id\":\"https:\\\/\\\/www.4netonline.com\\\/wpg\\\/#organization\"},\"potentialAction\":[{\"@type\":\"SearchAction\",\"target\":{\"@type\":\"EntryPoint\",\"urlTemplate\":\"https:\\\/\\\/www.4netonline.com\\\/wpg\\\/?s={search_term_string}\"},\"query-input\":{\"@type\":\"PropertyValueSpecification\",\"valueRequired\":true,\"valueName\":\"search_term_string\"}}],\"inLanguage\":\"en-US\"},{\"@type\":\"Organization\",\"@id\":\"https:\\\/\\\/www.4netonline.com\\\/wpg\\\/#organization\",\"name\":\"4net Networks\",\"url\":\"https:\\\/\\\/www.4netonline.com\\\/wpg\\\/\",\"logo\":{\"@type\":\"ImageObject\",\"inLanguage\":\"en-US\",\"@id\":\"https:\\\/\\\/www.4netonline.com\\\/wpg\\\/#\\\/schema\\\/logo\\\/image\\\/\",\"url\":\"\",\"contentUrl\":\"\",\"caption\":\"4net Networks\"},\"image\":{\"@id\":\"https:\\\/\\\/www.4netonline.com\\\/wpg\\\/#\\\/schema\\\/logo\\\/image\\\/\"},\"sameAs\":[\"https:\\\/\\\/www.facebook.com\\\/4netNetworking\\\/\",\"https:\\\/\\\/x.com\\\/4netonline\",\"https:\\\/\\\/www.linkedin.com\\\/company\\\/4net-networking-corp\",\"https:\\\/\\\/www.youtube.com\\\/channel\\\/UCmHmX1rrKiDV0uOWZBVSn7g\"]}]}<\/script>\n<!-- \/ Yoast SEO plugin. -->","yoast_head_json":{"title":"Cat 6 Inline Coupler ML6-22 - cablix Cat 6 Inline Coupler","description":"Cat 6 Inline Coupler We are a Master wholesale distributor located in Miami, FL. USA. We have over 20 years of experience and broad","robots":{"index":"index","follow":"follow","max-snippet":"max-snippet:-1","max-image-preview":"max-image-preview:large","max-video-preview":"max-video-preview:-1"},"canonical":"https:\/\/www.4netonline.com\/wpg\/product\/ml6-22-cat-6-inline-coupler\/","og_locale":"en_US","og_type":"article","og_title":"Cat 6 Inline Coupler ML6-22 - cablix Cat 6 Inline Coupler","og_description":"Cat 6 Inline Coupler We are a Master wholesale distributor located in Miami, FL. USA. We have over 20 years of experience and broad","og_url":"https:\/\/www.4netonline.com\/wpg\/product\/ml6-22-cat-6-inline-coupler\/","og_site_name":"4Net Networking","article_publisher":"https:\/\/www.facebook.com\/4netNetworking\/","article_modified_time":"2023-08-25T17:39:36+00:00","og_image":[{"width":2000,"height":2000,"url":"https:\/\/www.4netonline.com\/wpg\/wp-content\/uploads\/2016\/06\/ml6-22w.jpg","type":"image\/jpeg"}],"twitter_card":"summary_large_image","twitter_site":"@4netonline","twitter_misc":{"Est. reading time":"2 minutes"},"schema":{"@context":"https:\/\/schema.org","@graph":[{"@type":"WebPage","@id":"https:\/\/www.4netonline.com\/wpg\/product\/ml6-22-cat-6-inline-coupler\/","url":"https:\/\/www.4netonline.com\/wpg\/product\/ml6-22-cat-6-inline-coupler\/","name":"Cat 6 Inline Coupler ML6-22 - cablix Cat 6 Inline Coupler","isPartOf":{"@id":"https:\/\/www.4netonline.com\/wpg\/#website"},"primaryImageOfPage":{"@id":"https:\/\/www.4netonline.com\/wpg\/product\/ml6-22-cat-6-inline-coupler\/#primaryimage"},"image":{"@id":"https:\/\/www.4netonline.com\/wpg\/product\/ml6-22-cat-6-inline-coupler\/#primaryimage"},"thumbnailUrl":"https:\/\/www.4netonline.com\/wpg\/wp-content\/uploads\/2016\/06\/ml6-22w.jpg","datePublished":"2016-06-17T15:29:15+00:00","dateModified":"2023-08-25T17:39:36+00:00","description":"Cat 6 Inline Coupler We are a Master wholesale distributor located in Miami, FL. USA. We have over 20 years of experience and broad","breadcrumb":{"@id":"https:\/\/www.4netonline.com\/wpg\/product\/ml6-22-cat-6-inline-coupler\/#breadcrumb"},"inLanguage":"en-US","potentialAction":[{"@type":"ReadAction","target":["https:\/\/www.4netonline.com\/wpg\/product\/ml6-22-cat-6-inline-coupler\/"]}]},{"@type":"ImageObject","inLanguage":"en-US","@id":"https:\/\/www.4netonline.com\/wpg\/product\/ml6-22-cat-6-inline-coupler\/#primaryimage","url":"https:\/\/www.4netonline.com\/wpg\/wp-content\/uploads\/2016\/06\/ml6-22w.jpg","contentUrl":"https:\/\/www.4netonline.com\/wpg\/wp-content\/uploads\/2016\/06\/ml6-22w.jpg","width":2000,"height":2000,"caption":"Cat 6 Inline Coupler"},{"@type":"BreadcrumbList","@id":"https:\/\/www.4netonline.com\/wpg\/product\/ml6-22-cat-6-inline-coupler\/#breadcrumb","itemListElement":[{"@type":"ListItem","position":1,"name":"Home","item":"https:\/\/www.4netonline.com\/wpg\/"},{"@type":"ListItem","position":2,"name":"Shop","item":"https:\/\/www.4netonline.com\/wpg\/shop-2\/"},{"@type":"ListItem","position":3,"name":"Cat 6 Inline Coupler ML6-22"}]},{"@type":"WebSite","@id":"https:\/\/www.4netonline.com\/wpg\/#website","url":"https:\/\/www.4netonline.com\/wpg\/","name":"4Net Networking","description":"","publisher":{"@id":"https:\/\/www.4netonline.com\/wpg\/#organization"},"potentialAction":[{"@type":"SearchAction","target":{"@type":"EntryPoint","urlTemplate":"https:\/\/www.4netonline.com\/wpg\/?s={search_term_string}"},"query-input":{"@type":"PropertyValueSpecification","valueRequired":true,"valueName":"search_term_string"}}],"inLanguage":"en-US"},{"@type":"Organization","@id":"https:\/\/www.4netonline.com\/wpg\/#organization","name":"4net Networks","url":"https:\/\/www.4netonline.com\/wpg\/","logo":{"@type":"ImageObject","inLanguage":"en-US","@id":"https:\/\/www.4netonline.com\/wpg\/#\/schema\/logo\/image\/","url":"","contentUrl":"","caption":"4net Networks"},"image":{"@id":"https:\/\/www.4netonline.com\/wpg\/#\/schema\/logo\/image\/"},"sameAs":["https:\/\/www.facebook.com\/4netNetworking\/","https:\/\/x.com\/4netonline","https:\/\/www.linkedin.com\/company\/4net-networking-corp","https:\/\/www.youtube.com\/channel\/UCmHmX1rrKiDV0uOWZBVSn7g"]}]}},"_links":{"self":[{"href":"https:\/\/www.4netonline.com\/wpg\/wp-json\/wp\/v2\/product\/6094","targetHints":{"allow":["GET"]}}],"collection":[{"href":"https:\/\/www.4netonline.com\/wpg\/wp-json\/wp\/v2\/product"}],"about":[{"href":"https:\/\/www.4netonline.com\/wpg\/wp-json\/wp\/v2\/types\/product"}],"version-history":[{"count":0,"href":"https:\/\/www.4netonline.com\/wpg\/wp-json\/wp\/v2\/product\/6094\/revisions"}],"wp:featuredmedia":[{"embeddable":true,"href":"https:\/\/www.4netonline.com\/wpg\/wp-json\/wp\/v2\/media\/6095"}],"wp:attachment":[{"href":"https:\/\/www.4netonline.com\/wpg\/wp-json\/wp\/v2\/media?parent=6094"}],"wp:term":[{"taxonomy":"brand","embeddable":true,"href":"https:\/\/www.4netonline.com\/wpg\/wp-json\/wp\/v2\/etheme_brands?post=6094"},{"taxonomy":"product_brand","embeddable":true,"href":"https:\/\/www.4netonline.com\/wpg\/wp-json\/wp\/v2\/product_brand?post=6094"},{"taxonomy":"product_cat","embeddable":true,"href":"https:\/\/www.4netonline.com\/wpg\/wp-json\/wp\/v2\/product_cat?post=6094"},{"taxonomy":"product_tag","embeddable":true,"href":"https:\/\/www.4netonline.com\/wpg\/wp-json\/wp\/v2\/product_tag?post=6094"}],"curies":[{"name":"wp","href":"https:\/\/api.w.org\/{rel}","templated":true}]}}