{"id":37192,"date":"2020-10-02T12:56:18","date_gmt":"2020-10-02T17:56:18","guid":{"rendered":"https:\/\/4netonline.com\/wpg\/?post_type=product&#038;p=37192"},"modified":"2023-08-25T14:14:10","modified_gmt":"2023-08-25T19:14:10","slug":"gpen-passive-poe-injector-mikrotik-gpen11","status":"publish","type":"product","link":"https:\/\/www.4netonline.com\/wpg\/product\/gpen-passive-poe-injector-mikrotik-gpen11\/","title":{"rendered":"GPEN Passive POE Injector MikroTik GPEN11"},"content":{"rendered":"<p>GPEN Passive POE Injector<\/p>\n<p>The MikroTik GPEN11 is a power injector that can be mounted on a wall, and will power your uplink devices with PoE power. The GPEN11 is part of the GPEN (Gigabit Passive Ethernet Network) concept, which aims to replace GPON installations with lower cost and more easy to deploy ethernet alternative.<\/p>\n<p>It also has a designated space for an ISP sticker on the front. Sticker size: 6,6 x 2,54 cm.<\/p>\n<p>GPEN11 can be mounted inside customer premises, next to the WiFi router which provides the connectivity to the users. The GPEN11 itself will then power the ISP router, whether a outdoor wireless unit mounted on a roof, or the network switch.<br \/>\nThe GPEN unit can be securely attached to a wall, or communications cabinet. The ethernet cable can be routed either directly through it\u2019s bottom cable opening, or into the wall, as preferred.<\/p>\n<h5>Product Specifications<\/h5>\n<p>\u2022 10\/100\/1000 Ethernet ports: 2<br \/>\n\u2022 Number of DC inputs: 1<br \/>\n\u2022 PoE out: Yes, Passive PoE<br \/>\n\u2022 Supported input voltage: 12 &#8211; 57 V<br \/>\n\u2022 Dimensions: 92 x 104 x 24 mm<br \/>\n\u2022 Operating temperature: -40 to 70\u00b0C<\/p>\n<h5>Product Includes<\/h5>\n<p>\u2022 GPEN11<br \/>\n\u2022 K-62 screw pack<\/p>\n<p style=\"text-align: center;\"><a href=\"https:\/\/4netonline.com\/wpg\/sales-team\/franklin-gutierrez-herrera\/\">Question?<\/a><\/p>\n<p>&nbsp;<\/p>\n<h4 class=\"t-18 t-black t-normal mb2\"><span style=\"color: #ffffff;\">Overview<\/span><\/h4>\n<p class=\"break-words white-space-pre-wrap mb5 t-14 t-black--light t-normal\"><span style=\"color: #ffffff;\">Somos un Distribuidor Master Mayorista localizado en Miami, FL. USA. Contamos con m\u00e1s de 20 a\u00f1os de experiencias y amplia presencia en Latinoam\u00e9rica. Productos; -Cables de Fibra Optica -Accesorios, Cajas y herramientas para Instalaci\u00f3n de redes de Fibra Opticas -Antenas -Cableado estructurado -Conectores y accesorios para instalaci\u00f3n de cableados -Productos para aplicaciones profesionales de Wireless (Wi-Fi); Switch, Routers, Antenas, Mesh, Somos distribuidores directos de marcas l\u00edderes en el mercado, tenemos varios programas donde ofrecemos bajos precios para compa\u00f1\u00edas aliadas. Usted y su empresa se beneficiar\u00e1 del ahorro y otras ventajas que la har\u00e1n m\u00e1s atractiva a sus clientes con las siguientes marcas: Ubiquiti Mikrotik Cambium Networks Tenda Cablix Mimosa ALG COM Exportamos a: Argentina Bolivia Brasil Chile Colombia Costa Rica Ecuador M\u00e9xico Paraguay Panam\u00e1 Per\u00fa Puerto Rico Uruguay El Caribe Venezuela<\/span><\/p>\n<p><span style=\"color: #ffffff;\">GPEN Passive POE Injector<\/span><\/p>\n","protected":false},"excerpt":{"rendered":"<p>GPEN Passive POE Injector The MikroTik GPEN11 is a power injector that can be mounted on a wall, and will&#8230;<\/p>\n","protected":false},"featured_media":37195,"template":"","meta":[],"etheme_brands":[{"term_id":1116,"name":"Mikrotik","slug":"mikrotik","term_group":0,"term_taxonomy_id":1116,"taxonomy":"brand","description":"","parent":0,"count":113,"filter":"raw"}],"product_brand":[],"product_cat":[1176,1165],"product_tag":[],"class_list":{"0":"post-37192","1":"product","2":"type-product","3":"status-publish","4":"has-post-thumbnail","6":"brand-mikrotik","7":"product_cat-mikrotik-accessories","8":"product_cat-mikrotik","10":"first","11":"instock","12":"taxable","13":"shipping-taxable","14":"purchasable","15":"product-type-simple"},"yoast_head":"<!-- This site is optimized with the Yoast SEO plugin v27.3 - https:\/\/yoast.com\/product\/yoast-seo-wordpress\/ -->\n<title>GPEN Passive POE Injector MikroTik GPEN11 - 4Net Networking<\/title>\n<meta name=\"description\" content=\"GPEN Passive POE Injector MikroTik GPEN11 is a power injector that can be mounted on a wall, and will power your uplink devices with PoE\" \/>\n<meta name=\"robots\" content=\"index, follow, max-snippet:-1, max-image-preview:large, max-video-preview:-1\" \/>\n<link rel=\"canonical\" href=\"https:\/\/www.4netonline.com\/wpg\/product\/gpen-passive-poe-injector-mikrotik-gpen11\/\" \/>\n<meta property=\"og:locale\" content=\"en_US\" \/>\n<meta property=\"og:type\" content=\"article\" \/>\n<meta property=\"og:title\" content=\"GPEN Passive POE Injector MikroTik GPEN11 - 4Net Networking\" \/>\n<meta property=\"og:description\" content=\"GPEN Passive POE Injector MikroTik GPEN11 is a power injector that can be mounted on a wall, and will power your uplink devices with PoE\" \/>\n<meta property=\"og:url\" content=\"https:\/\/www.4netonline.com\/wpg\/product\/gpen-passive-poe-injector-mikrotik-gpen11\/\" \/>\n<meta property=\"og:site_name\" content=\"4Net Networking\" \/>\n<meta property=\"article:publisher\" content=\"https:\/\/www.facebook.com\/4netNetworking\/\" \/>\n<meta property=\"article:modified_time\" content=\"2023-08-25T19:14:10+00:00\" \/>\n<meta property=\"og:image\" content=\"https:\/\/www.4netonline.com\/wpg\/wp-content\/uploads\/2020\/10\/39.png\" \/>\n\t<meta property=\"og:image:width\" content=\"600\" \/>\n\t<meta property=\"og:image:height\" content=\"600\" \/>\n\t<meta property=\"og:image:type\" content=\"image\/png\" \/>\n<meta name=\"twitter:card\" content=\"summary_large_image\" \/>\n<meta name=\"twitter:site\" content=\"@4netonline\" \/>\n<meta name=\"twitter:label1\" content=\"Est. reading time\" \/>\n\t<meta name=\"twitter:data1\" content=\"2 minutes\" \/>\n<script type=\"application\/ld+json\" class=\"yoast-schema-graph\">{\"@context\":\"https:\\\/\\\/schema.org\",\"@graph\":[{\"@type\":\"WebPage\",\"@id\":\"https:\\\/\\\/www.4netonline.com\\\/wpg\\\/product\\\/gpen-passive-poe-injector-mikrotik-gpen11\\\/\",\"url\":\"https:\\\/\\\/www.4netonline.com\\\/wpg\\\/product\\\/gpen-passive-poe-injector-mikrotik-gpen11\\\/\",\"name\":\"GPEN Passive POE Injector MikroTik GPEN11 - 4Net Networking\",\"isPartOf\":{\"@id\":\"https:\\\/\\\/www.4netonline.com\\\/wpg\\\/#website\"},\"primaryImageOfPage\":{\"@id\":\"https:\\\/\\\/www.4netonline.com\\\/wpg\\\/product\\\/gpen-passive-poe-injector-mikrotik-gpen11\\\/#primaryimage\"},\"image\":{\"@id\":\"https:\\\/\\\/www.4netonline.com\\\/wpg\\\/product\\\/gpen-passive-poe-injector-mikrotik-gpen11\\\/#primaryimage\"},\"thumbnailUrl\":\"https:\\\/\\\/www.4netonline.com\\\/wpg\\\/wp-content\\\/uploads\\\/2020\\\/10\\\/39.png\",\"datePublished\":\"2020-10-02T17:56:18+00:00\",\"dateModified\":\"2023-08-25T19:14:10+00:00\",\"description\":\"GPEN Passive POE Injector MikroTik GPEN11 is a power injector that can be mounted on a wall, and will power your uplink devices with PoE\",\"breadcrumb\":{\"@id\":\"https:\\\/\\\/www.4netonline.com\\\/wpg\\\/product\\\/gpen-passive-poe-injector-mikrotik-gpen11\\\/#breadcrumb\"},\"inLanguage\":\"en-US\",\"potentialAction\":[{\"@type\":\"ReadAction\",\"target\":[\"https:\\\/\\\/www.4netonline.com\\\/wpg\\\/product\\\/gpen-passive-poe-injector-mikrotik-gpen11\\\/\"]}]},{\"@type\":\"ImageObject\",\"inLanguage\":\"en-US\",\"@id\":\"https:\\\/\\\/www.4netonline.com\\\/wpg\\\/product\\\/gpen-passive-poe-injector-mikrotik-gpen11\\\/#primaryimage\",\"url\":\"https:\\\/\\\/www.4netonline.com\\\/wpg\\\/wp-content\\\/uploads\\\/2020\\\/10\\\/39.png\",\"contentUrl\":\"https:\\\/\\\/www.4netonline.com\\\/wpg\\\/wp-content\\\/uploads\\\/2020\\\/10\\\/39.png\",\"width\":600,\"height\":600,\"caption\":\"GPEN Passive POE Injector\"},{\"@type\":\"BreadcrumbList\",\"@id\":\"https:\\\/\\\/www.4netonline.com\\\/wpg\\\/product\\\/gpen-passive-poe-injector-mikrotik-gpen11\\\/#breadcrumb\",\"itemListElement\":[{\"@type\":\"ListItem\",\"position\":1,\"name\":\"Home\",\"item\":\"https:\\\/\\\/www.4netonline.com\\\/wpg\\\/\"},{\"@type\":\"ListItem\",\"position\":2,\"name\":\"Shop\",\"item\":\"https:\\\/\\\/www.4netonline.com\\\/wpg\\\/shop-2\\\/\"},{\"@type\":\"ListItem\",\"position\":3,\"name\":\"GPEN Passive POE Injector MikroTik GPEN11\"}]},{\"@type\":\"WebSite\",\"@id\":\"https:\\\/\\\/www.4netonline.com\\\/wpg\\\/#website\",\"url\":\"https:\\\/\\\/www.4netonline.com\\\/wpg\\\/\",\"name\":\"4Net Networking\",\"description\":\"\",\"publisher\":{\"@id\":\"https:\\\/\\\/www.4netonline.com\\\/wpg\\\/#organization\"},\"potentialAction\":[{\"@type\":\"SearchAction\",\"target\":{\"@type\":\"EntryPoint\",\"urlTemplate\":\"https:\\\/\\\/www.4netonline.com\\\/wpg\\\/?s={search_term_string}\"},\"query-input\":{\"@type\":\"PropertyValueSpecification\",\"valueRequired\":true,\"valueName\":\"search_term_string\"}}],\"inLanguage\":\"en-US\"},{\"@type\":\"Organization\",\"@id\":\"https:\\\/\\\/www.4netonline.com\\\/wpg\\\/#organization\",\"name\":\"4net Networks\",\"url\":\"https:\\\/\\\/www.4netonline.com\\\/wpg\\\/\",\"logo\":{\"@type\":\"ImageObject\",\"inLanguage\":\"en-US\",\"@id\":\"https:\\\/\\\/www.4netonline.com\\\/wpg\\\/#\\\/schema\\\/logo\\\/image\\\/\",\"url\":\"\",\"contentUrl\":\"\",\"caption\":\"4net Networks\"},\"image\":{\"@id\":\"https:\\\/\\\/www.4netonline.com\\\/wpg\\\/#\\\/schema\\\/logo\\\/image\\\/\"},\"sameAs\":[\"https:\\\/\\\/www.facebook.com\\\/4netNetworking\\\/\",\"https:\\\/\\\/x.com\\\/4netonline\",\"https:\\\/\\\/www.linkedin.com\\\/company\\\/4net-networking-corp\",\"https:\\\/\\\/www.youtube.com\\\/channel\\\/UCmHmX1rrKiDV0uOWZBVSn7g\"]}]}<\/script>\n<!-- \/ Yoast SEO plugin. -->","yoast_head_json":{"title":"GPEN Passive POE Injector MikroTik GPEN11 - 4Net Networking","description":"GPEN Passive POE Injector MikroTik GPEN11 is a power injector that can be mounted on a wall, and will power your uplink devices with PoE","robots":{"index":"index","follow":"follow","max-snippet":"max-snippet:-1","max-image-preview":"max-image-preview:large","max-video-preview":"max-video-preview:-1"},"canonical":"https:\/\/www.4netonline.com\/wpg\/product\/gpen-passive-poe-injector-mikrotik-gpen11\/","og_locale":"en_US","og_type":"article","og_title":"GPEN Passive POE Injector MikroTik GPEN11 - 4Net Networking","og_description":"GPEN Passive POE Injector MikroTik GPEN11 is a power injector that can be mounted on a wall, and will power your uplink devices with PoE","og_url":"https:\/\/www.4netonline.com\/wpg\/product\/gpen-passive-poe-injector-mikrotik-gpen11\/","og_site_name":"4Net Networking","article_publisher":"https:\/\/www.facebook.com\/4netNetworking\/","article_modified_time":"2023-08-25T19:14:10+00:00","og_image":[{"width":600,"height":600,"url":"https:\/\/www.4netonline.com\/wpg\/wp-content\/uploads\/2020\/10\/39.png","type":"image\/png"}],"twitter_card":"summary_large_image","twitter_site":"@4netonline","twitter_misc":{"Est. reading time":"2 minutes"},"schema":{"@context":"https:\/\/schema.org","@graph":[{"@type":"WebPage","@id":"https:\/\/www.4netonline.com\/wpg\/product\/gpen-passive-poe-injector-mikrotik-gpen11\/","url":"https:\/\/www.4netonline.com\/wpg\/product\/gpen-passive-poe-injector-mikrotik-gpen11\/","name":"GPEN Passive POE Injector MikroTik GPEN11 - 4Net Networking","isPartOf":{"@id":"https:\/\/www.4netonline.com\/wpg\/#website"},"primaryImageOfPage":{"@id":"https:\/\/www.4netonline.com\/wpg\/product\/gpen-passive-poe-injector-mikrotik-gpen11\/#primaryimage"},"image":{"@id":"https:\/\/www.4netonline.com\/wpg\/product\/gpen-passive-poe-injector-mikrotik-gpen11\/#primaryimage"},"thumbnailUrl":"https:\/\/www.4netonline.com\/wpg\/wp-content\/uploads\/2020\/10\/39.png","datePublished":"2020-10-02T17:56:18+00:00","dateModified":"2023-08-25T19:14:10+00:00","description":"GPEN Passive POE Injector MikroTik GPEN11 is a power injector that can be mounted on a wall, and will power your uplink devices with PoE","breadcrumb":{"@id":"https:\/\/www.4netonline.com\/wpg\/product\/gpen-passive-poe-injector-mikrotik-gpen11\/#breadcrumb"},"inLanguage":"en-US","potentialAction":[{"@type":"ReadAction","target":["https:\/\/www.4netonline.com\/wpg\/product\/gpen-passive-poe-injector-mikrotik-gpen11\/"]}]},{"@type":"ImageObject","inLanguage":"en-US","@id":"https:\/\/www.4netonline.com\/wpg\/product\/gpen-passive-poe-injector-mikrotik-gpen11\/#primaryimage","url":"https:\/\/www.4netonline.com\/wpg\/wp-content\/uploads\/2020\/10\/39.png","contentUrl":"https:\/\/www.4netonline.com\/wpg\/wp-content\/uploads\/2020\/10\/39.png","width":600,"height":600,"caption":"GPEN Passive POE Injector"},{"@type":"BreadcrumbList","@id":"https:\/\/www.4netonline.com\/wpg\/product\/gpen-passive-poe-injector-mikrotik-gpen11\/#breadcrumb","itemListElement":[{"@type":"ListItem","position":1,"name":"Home","item":"https:\/\/www.4netonline.com\/wpg\/"},{"@type":"ListItem","position":2,"name":"Shop","item":"https:\/\/www.4netonline.com\/wpg\/shop-2\/"},{"@type":"ListItem","position":3,"name":"GPEN Passive POE Injector MikroTik GPEN11"}]},{"@type":"WebSite","@id":"https:\/\/www.4netonline.com\/wpg\/#website","url":"https:\/\/www.4netonline.com\/wpg\/","name":"4Net Networking","description":"","publisher":{"@id":"https:\/\/www.4netonline.com\/wpg\/#organization"},"potentialAction":[{"@type":"SearchAction","target":{"@type":"EntryPoint","urlTemplate":"https:\/\/www.4netonline.com\/wpg\/?s={search_term_string}"},"query-input":{"@type":"PropertyValueSpecification","valueRequired":true,"valueName":"search_term_string"}}],"inLanguage":"en-US"},{"@type":"Organization","@id":"https:\/\/www.4netonline.com\/wpg\/#organization","name":"4net Networks","url":"https:\/\/www.4netonline.com\/wpg\/","logo":{"@type":"ImageObject","inLanguage":"en-US","@id":"https:\/\/www.4netonline.com\/wpg\/#\/schema\/logo\/image\/","url":"","contentUrl":"","caption":"4net Networks"},"image":{"@id":"https:\/\/www.4netonline.com\/wpg\/#\/schema\/logo\/image\/"},"sameAs":["https:\/\/www.facebook.com\/4netNetworking\/","https:\/\/x.com\/4netonline","https:\/\/www.linkedin.com\/company\/4net-networking-corp","https:\/\/www.youtube.com\/channel\/UCmHmX1rrKiDV0uOWZBVSn7g"]}]}},"_links":{"self":[{"href":"https:\/\/www.4netonline.com\/wpg\/wp-json\/wp\/v2\/product\/37192","targetHints":{"allow":["GET"]}}],"collection":[{"href":"https:\/\/www.4netonline.com\/wpg\/wp-json\/wp\/v2\/product"}],"about":[{"href":"https:\/\/www.4netonline.com\/wpg\/wp-json\/wp\/v2\/types\/product"}],"version-history":[{"count":0,"href":"https:\/\/www.4netonline.com\/wpg\/wp-json\/wp\/v2\/product\/37192\/revisions"}],"wp:featuredmedia":[{"embeddable":true,"href":"https:\/\/www.4netonline.com\/wpg\/wp-json\/wp\/v2\/media\/37195"}],"wp:attachment":[{"href":"https:\/\/www.4netonline.com\/wpg\/wp-json\/wp\/v2\/media?parent=37192"}],"wp:term":[{"taxonomy":"brand","embeddable":true,"href":"https:\/\/www.4netonline.com\/wpg\/wp-json\/wp\/v2\/etheme_brands?post=37192"},{"taxonomy":"product_brand","embeddable":true,"href":"https:\/\/www.4netonline.com\/wpg\/wp-json\/wp\/v2\/product_brand?post=37192"},{"taxonomy":"product_cat","embeddable":true,"href":"https:\/\/www.4netonline.com\/wpg\/wp-json\/wp\/v2\/product_cat?post=37192"},{"taxonomy":"product_tag","embeddable":true,"href":"https:\/\/www.4netonline.com\/wpg\/wp-json\/wp\/v2\/product_tag?post=37192"}],"curies":[{"name":"wp","href":"https:\/\/api.w.org\/{rel}","templated":true}]}}