{"id":36802,"date":"2020-08-25T12:22:48","date_gmt":"2020-08-25T17:22:48","guid":{"rendered":"https:\/\/4netonline.com\/wpg\/?post_type=product&#038;p=36802"},"modified":"2023-08-25T10:02:42","modified_gmt":"2023-08-25T15:02:42","slug":"cat5-rj45-connector-mme-21-100","status":"publish","type":"product","link":"https:\/\/www.4netonline.com\/wpg\/product\/cat5-rj45-connector-mme-21-100\/","title":{"rendered":"CAT5 RJ45 CONNECTOR MME-21-100"},"content":{"rendered":"<p style=\"text-align: center\">CAT5 RJ45 CONNECTOR<\/p>\n<h5 class=\"product-tab-title\">DESCRIPTION<\/h5>\n<p align=\"center\">RJ-45 Male Connector Cat5e<\/p>\n<ul>\n<li>T568A &amp; T568B wiring<\/li>\n<li>ANSI\/TIA 568 C.2 standard<\/li>\n<\/ul>\n<p><strong>Part number<\/strong><\/p>\n<p>MME-XX-100<\/p>\n<p>&nbsp;<\/p>\n<p><strong>Technical information<\/strong><\/p>\n<ul>\n<li>T568A &amp; T568B wiring.<\/li>\n<li>The Cat5e transmission performance is in compliance\u00a0with the ANSI\/TIA 568 C.2 standard.<\/li>\n<\/ul>\n<p>&nbsp;<\/p>\n<p><span style=\"color: #ffffff\">CAT5 RJ45 CONNECTOR<\/span><\/p>\n<p><span style=\"color: #ffffff\">Overview<\/span><br \/>\n<span style=\"color: #ffffff\">Somos un Distribuidor Master Mayorista localizado en Miami, FL. USA.<\/span><br \/>\n<span style=\"color: #ffffff\">Contamos con m\u00e1s de 20 a\u00f1os de experiencias y amplia presencia en Latinoam\u00e9rica.<\/span><\/p>\n<p><span style=\"color: #ffffff\">Productos;<\/span><br \/>\n<span style=\"color: #ffffff\">-Cables de Fibra Optica<\/span><br \/>\n<span style=\"color: #ffffff\">-Accesorios, Cajas y herramientas para Instalaci\u00f3n de redes de Fibra Opticas<\/span><br \/>\n<span style=\"color: #ffffff\">-Antenas<\/span><br \/>\n<span style=\"color: #ffffff\">-Cableado estructurado<\/span><br \/>\n<span style=\"color: #ffffff\">-Conectores y accesorios para instalaci\u00f3n de cableados<\/span><br \/>\n<span style=\"color: #ffffff\">-Productos para aplicaciones profesionales de Wireless (Wi-Fi); Switch, Routers, Antenas, Mesh,<\/span><\/p>\n<p><span style=\"color: #ffffff\">Somos distribuidores directos de marcas l\u00edderes en el mercado, tenemos varios programas donde ofrecemos bajos precios para compa\u00f1\u00edas aliadas. Usted y su empresa se beneficiar\u00e1 del ahorro y otras ventajas que la har\u00e1n m\u00e1s atractiva a sus clientes con las siguientes marcas:<\/span><\/p>\n<p><span style=\"color: #ffffff\">Ubiquiti<\/span><br \/>\n<span style=\"color: #ffffff\">Mikrotik<\/span><br \/>\n<span style=\"color: #ffffff\">Cambium Networks<\/span><br \/>\n<span style=\"color: #ffffff\">Tenda<\/span><br \/>\n<span style=\"color: #ffffff\">Cablix<\/span><br \/>\n<span style=\"color: #ffffff\">Mimosa<\/span><br \/>\n<span style=\"color: #ffffff\">ALG COM<\/span><\/p>\n<p><span style=\"color: #ffffff\">Exportamos a:<\/span><\/p>\n<p><span style=\"color: #ffffff\">Argentina<\/span><br \/>\n<span style=\"color: #ffffff\">Bolivia<\/span><br \/>\n<span style=\"color: #ffffff\">Brasil<\/span><br \/>\n<span style=\"color: #ffffff\">Chile<\/span><br \/>\n<span style=\"color: #ffffff\">Colombia<\/span><br \/>\n<span style=\"color: #ffffff\">Costa Rica<\/span><br \/>\n<span style=\"color: #ffffff\">Ecuador<\/span><br \/>\n<span style=\"color: #ffffff\">M\u00e9xico<\/span><br \/>\n<span style=\"color: #ffffff\">Paraguay<\/span><br \/>\n<span style=\"color: #ffffff\">Panam\u00e1<\/span><br \/>\n<span style=\"color: #ffffff\">Per\u00fa<\/span><br \/>\n<span style=\"color: #ffffff\">Puerto Rico<\/span><br \/>\n<span style=\"color: #ffffff\">Uruguay<\/span><br \/>\n<span style=\"color: #ffffff\">El Caribe<\/span><br \/>\n<span style=\"color: #ffffff\">Venezuela<\/span><\/p>\n<p><span style=\"color: #ffffff\">&#8212;&#8212;&#8212;&#8212;&#8212;&#8212;&#8212;&#8212;&#8212;&#8212;&#8212;&#8212;&#8212;&#8212;&#8212;&#8212;&#8212;&#8212;&#8212;&#8212;&#8212;&#8212;&#8212;&#8212;&#8212;&#8212;&#8212;&#8212;&#8212;&#8212;&#8212;&#8212;&#8212;&#8212;&#8212;&#8212;&#8212;&#8212;&#8212;&#8212;&#8212;&#8212;&#8211;<\/span><\/p>\n<p><span style=\"color: #ffffff\">We are a Master wholesale distributor located in Miami, FL. USA.<\/span><br \/>\n<span style=\"color: #ffffff\">We have over 20 years of experience and broad presence in Latin America.<\/span><\/p>\n<p>&nbsp;<\/p>\n<p><span style=\"color: #ffffff\">Line of products; -Optic Fiber &#8211; Accessories to install Optic Fiber Network &#8211; Structured Cabling Products; &#8211; Wireless ( Wi-Fi based) products for Professional Applications; &#8211; CCTV &amp; Surveillance equipments and accessories; We are direct distributors of leading brands in the market, we have several programs where we offer low prices for allied companies. You and your company will benefit from the savings and other benefits that will make your business more attractive to your customers with the following brands:<\/span><\/p>\n<p><span style=\"color: #ffffff\">ethernet, internet, wireless, routers, optic fiber, telecomunicaciones, cctv, video, cables, cat6, cat5, antennas, redes, network, distribuidor, wholesale, HTTx, Fibra Optica, and Splicing<\/span><\/p>\n","protected":false},"excerpt":{"rendered":"<p>CAT5 RJ45 CONNECTOR DESCRIPTION RJ-45 Male Connector Cat5e T568A &amp; T568B wiring ANSI\/TIA 568 C.2 standard Part number MME-XX-100 &nbsp;&#8230;<\/p>\n","protected":false},"featured_media":36804,"template":"","meta":[],"etheme_brands":[{"term_id":1115,"name":"Cablix","slug":"cablix","term_group":0,"term_taxonomy_id":1115,"taxonomy":"brand","description":"","parent":0,"count":181,"filter":"raw"}],"product_brand":[],"product_cat":[1401,1425,1423],"product_tag":[],"class_list":{"0":"post-36802","1":"product","2":"type-product","3":"status-publish","4":"has-post-thumbnail","6":"brand-cablix","7":"product_cat-cablix","8":"product_cat-cablix-metallic-connectors","9":"product_cat-cablix-metallic","11":"first","12":"instock","13":"taxable","14":"shipping-taxable","15":"purchasable","16":"product-type-simple"},"yoast_head":"<!-- This site is optimized with the Yoast SEO plugin v27.3 - https:\/\/yoast.com\/product\/yoast-seo-wordpress\/ -->\n<title>CAT5 RJ45 CONNECTOR MME-21-100 - 4Net Networking<\/title>\n<meta name=\"description\" content=\"CAT5 RJ45 CONNECTOR T568A &amp; T568B wiring.The Cat5e transmission performance is in compliance\u00a0with the ANSI\/TIA 568 C.2 standard.\" \/>\n<meta name=\"robots\" content=\"index, follow, max-snippet:-1, max-image-preview:large, max-video-preview:-1\" \/>\n<link rel=\"canonical\" href=\"https:\/\/www.4netonline.com\/wpg\/product\/cat5-rj45-connector-mme-21-100\/\" \/>\n<meta property=\"og:locale\" content=\"en_US\" \/>\n<meta property=\"og:type\" content=\"article\" \/>\n<meta property=\"og:title\" content=\"CAT5 RJ45 CONNECTOR MME-21-100 - 4Net Networking\" \/>\n<meta property=\"og:description\" content=\"CAT5 RJ45 CONNECTOR T568A &amp; T568B wiring.The Cat5e transmission performance is in compliance\u00a0with the ANSI\/TIA 568 C.2 standard.\" \/>\n<meta property=\"og:url\" content=\"https:\/\/www.4netonline.com\/wpg\/product\/cat5-rj45-connector-mme-21-100\/\" \/>\n<meta property=\"og:site_name\" content=\"4Net Networking\" \/>\n<meta property=\"article:publisher\" content=\"https:\/\/www.facebook.com\/4netNetworking\/\" \/>\n<meta property=\"article:modified_time\" content=\"2023-08-25T15:02:42+00:00\" \/>\n<meta property=\"og:image\" content=\"https:\/\/www.4netonline.com\/wpg\/wp-content\/uploads\/2020\/08\/18-1.jpg\" \/>\n\t<meta property=\"og:image:width\" content=\"600\" \/>\n\t<meta property=\"og:image:height\" content=\"600\" \/>\n\t<meta property=\"og:image:type\" content=\"image\/jpeg\" \/>\n<meta name=\"twitter:card\" content=\"summary_large_image\" \/>\n<meta name=\"twitter:site\" content=\"@4netonline\" \/>\n<meta name=\"twitter:label1\" content=\"Est. reading time\" \/>\n\t<meta name=\"twitter:data1\" content=\"2 minutes\" \/>\n<script type=\"application\/ld+json\" class=\"yoast-schema-graph\">{\"@context\":\"https:\\\/\\\/schema.org\",\"@graph\":[{\"@type\":\"WebPage\",\"@id\":\"https:\\\/\\\/www.4netonline.com\\\/wpg\\\/product\\\/cat5-rj45-connector-mme-21-100\\\/\",\"url\":\"https:\\\/\\\/www.4netonline.com\\\/wpg\\\/product\\\/cat5-rj45-connector-mme-21-100\\\/\",\"name\":\"CAT5 RJ45 CONNECTOR MME-21-100 - 4Net Networking\",\"isPartOf\":{\"@id\":\"https:\\\/\\\/www.4netonline.com\\\/wpg\\\/#website\"},\"primaryImageOfPage\":{\"@id\":\"https:\\\/\\\/www.4netonline.com\\\/wpg\\\/product\\\/cat5-rj45-connector-mme-21-100\\\/#primaryimage\"},\"image\":{\"@id\":\"https:\\\/\\\/www.4netonline.com\\\/wpg\\\/product\\\/cat5-rj45-connector-mme-21-100\\\/#primaryimage\"},\"thumbnailUrl\":\"https:\\\/\\\/www.4netonline.com\\\/wpg\\\/wp-content\\\/uploads\\\/2020\\\/08\\\/18-1.jpg\",\"datePublished\":\"2020-08-25T17:22:48+00:00\",\"dateModified\":\"2023-08-25T15:02:42+00:00\",\"description\":\"CAT5 RJ45 CONNECTOR T568A & T568B wiring.The Cat5e transmission performance is in compliance\u00a0with the ANSI\\\/TIA 568 C.2 standard.\",\"breadcrumb\":{\"@id\":\"https:\\\/\\\/www.4netonline.com\\\/wpg\\\/product\\\/cat5-rj45-connector-mme-21-100\\\/#breadcrumb\"},\"inLanguage\":\"en-US\",\"potentialAction\":[{\"@type\":\"ReadAction\",\"target\":[\"https:\\\/\\\/www.4netonline.com\\\/wpg\\\/product\\\/cat5-rj45-connector-mme-21-100\\\/\"]}]},{\"@type\":\"ImageObject\",\"inLanguage\":\"en-US\",\"@id\":\"https:\\\/\\\/www.4netonline.com\\\/wpg\\\/product\\\/cat5-rj45-connector-mme-21-100\\\/#primaryimage\",\"url\":\"https:\\\/\\\/www.4netonline.com\\\/wpg\\\/wp-content\\\/uploads\\\/2020\\\/08\\\/18-1.jpg\",\"contentUrl\":\"https:\\\/\\\/www.4netonline.com\\\/wpg\\\/wp-content\\\/uploads\\\/2020\\\/08\\\/18-1.jpg\",\"width\":600,\"height\":600,\"caption\":\"CAT5 RJ45 CONNECTOR\"},{\"@type\":\"BreadcrumbList\",\"@id\":\"https:\\\/\\\/www.4netonline.com\\\/wpg\\\/product\\\/cat5-rj45-connector-mme-21-100\\\/#breadcrumb\",\"itemListElement\":[{\"@type\":\"ListItem\",\"position\":1,\"name\":\"Home\",\"item\":\"https:\\\/\\\/www.4netonline.com\\\/wpg\\\/\"},{\"@type\":\"ListItem\",\"position\":2,\"name\":\"Shop\",\"item\":\"https:\\\/\\\/www.4netonline.com\\\/wpg\\\/shop-2\\\/\"},{\"@type\":\"ListItem\",\"position\":3,\"name\":\"CAT5 RJ45 CONNECTOR MME-21-100\"}]},{\"@type\":\"WebSite\",\"@id\":\"https:\\\/\\\/www.4netonline.com\\\/wpg\\\/#website\",\"url\":\"https:\\\/\\\/www.4netonline.com\\\/wpg\\\/\",\"name\":\"4Net Networking\",\"description\":\"\",\"publisher\":{\"@id\":\"https:\\\/\\\/www.4netonline.com\\\/wpg\\\/#organization\"},\"potentialAction\":[{\"@type\":\"SearchAction\",\"target\":{\"@type\":\"EntryPoint\",\"urlTemplate\":\"https:\\\/\\\/www.4netonline.com\\\/wpg\\\/?s={search_term_string}\"},\"query-input\":{\"@type\":\"PropertyValueSpecification\",\"valueRequired\":true,\"valueName\":\"search_term_string\"}}],\"inLanguage\":\"en-US\"},{\"@type\":\"Organization\",\"@id\":\"https:\\\/\\\/www.4netonline.com\\\/wpg\\\/#organization\",\"name\":\"4net Networks\",\"url\":\"https:\\\/\\\/www.4netonline.com\\\/wpg\\\/\",\"logo\":{\"@type\":\"ImageObject\",\"inLanguage\":\"en-US\",\"@id\":\"https:\\\/\\\/www.4netonline.com\\\/wpg\\\/#\\\/schema\\\/logo\\\/image\\\/\",\"url\":\"\",\"contentUrl\":\"\",\"caption\":\"4net Networks\"},\"image\":{\"@id\":\"https:\\\/\\\/www.4netonline.com\\\/wpg\\\/#\\\/schema\\\/logo\\\/image\\\/\"},\"sameAs\":[\"https:\\\/\\\/www.facebook.com\\\/4netNetworking\\\/\",\"https:\\\/\\\/x.com\\\/4netonline\",\"https:\\\/\\\/www.linkedin.com\\\/company\\\/4net-networking-corp\",\"https:\\\/\\\/www.youtube.com\\\/channel\\\/UCmHmX1rrKiDV0uOWZBVSn7g\"]}]}<\/script>\n<!-- \/ Yoast SEO plugin. -->","yoast_head_json":{"title":"CAT5 RJ45 CONNECTOR MME-21-100 - 4Net Networking","description":"CAT5 RJ45 CONNECTOR T568A & T568B wiring.The Cat5e transmission performance is in compliance\u00a0with the ANSI\/TIA 568 C.2 standard.","robots":{"index":"index","follow":"follow","max-snippet":"max-snippet:-1","max-image-preview":"max-image-preview:large","max-video-preview":"max-video-preview:-1"},"canonical":"https:\/\/www.4netonline.com\/wpg\/product\/cat5-rj45-connector-mme-21-100\/","og_locale":"en_US","og_type":"article","og_title":"CAT5 RJ45 CONNECTOR MME-21-100 - 4Net Networking","og_description":"CAT5 RJ45 CONNECTOR T568A & T568B wiring.The Cat5e transmission performance is in compliance\u00a0with the ANSI\/TIA 568 C.2 standard.","og_url":"https:\/\/www.4netonline.com\/wpg\/product\/cat5-rj45-connector-mme-21-100\/","og_site_name":"4Net Networking","article_publisher":"https:\/\/www.facebook.com\/4netNetworking\/","article_modified_time":"2023-08-25T15:02:42+00:00","og_image":[{"width":600,"height":600,"url":"https:\/\/www.4netonline.com\/wpg\/wp-content\/uploads\/2020\/08\/18-1.jpg","type":"image\/jpeg"}],"twitter_card":"summary_large_image","twitter_site":"@4netonline","twitter_misc":{"Est. reading time":"2 minutes"},"schema":{"@context":"https:\/\/schema.org","@graph":[{"@type":"WebPage","@id":"https:\/\/www.4netonline.com\/wpg\/product\/cat5-rj45-connector-mme-21-100\/","url":"https:\/\/www.4netonline.com\/wpg\/product\/cat5-rj45-connector-mme-21-100\/","name":"CAT5 RJ45 CONNECTOR MME-21-100 - 4Net Networking","isPartOf":{"@id":"https:\/\/www.4netonline.com\/wpg\/#website"},"primaryImageOfPage":{"@id":"https:\/\/www.4netonline.com\/wpg\/product\/cat5-rj45-connector-mme-21-100\/#primaryimage"},"image":{"@id":"https:\/\/www.4netonline.com\/wpg\/product\/cat5-rj45-connector-mme-21-100\/#primaryimage"},"thumbnailUrl":"https:\/\/www.4netonline.com\/wpg\/wp-content\/uploads\/2020\/08\/18-1.jpg","datePublished":"2020-08-25T17:22:48+00:00","dateModified":"2023-08-25T15:02:42+00:00","description":"CAT5 RJ45 CONNECTOR T568A & T568B wiring.The Cat5e transmission performance is in compliance\u00a0with the ANSI\/TIA 568 C.2 standard.","breadcrumb":{"@id":"https:\/\/www.4netonline.com\/wpg\/product\/cat5-rj45-connector-mme-21-100\/#breadcrumb"},"inLanguage":"en-US","potentialAction":[{"@type":"ReadAction","target":["https:\/\/www.4netonline.com\/wpg\/product\/cat5-rj45-connector-mme-21-100\/"]}]},{"@type":"ImageObject","inLanguage":"en-US","@id":"https:\/\/www.4netonline.com\/wpg\/product\/cat5-rj45-connector-mme-21-100\/#primaryimage","url":"https:\/\/www.4netonline.com\/wpg\/wp-content\/uploads\/2020\/08\/18-1.jpg","contentUrl":"https:\/\/www.4netonline.com\/wpg\/wp-content\/uploads\/2020\/08\/18-1.jpg","width":600,"height":600,"caption":"CAT5 RJ45 CONNECTOR"},{"@type":"BreadcrumbList","@id":"https:\/\/www.4netonline.com\/wpg\/product\/cat5-rj45-connector-mme-21-100\/#breadcrumb","itemListElement":[{"@type":"ListItem","position":1,"name":"Home","item":"https:\/\/www.4netonline.com\/wpg\/"},{"@type":"ListItem","position":2,"name":"Shop","item":"https:\/\/www.4netonline.com\/wpg\/shop-2\/"},{"@type":"ListItem","position":3,"name":"CAT5 RJ45 CONNECTOR MME-21-100"}]},{"@type":"WebSite","@id":"https:\/\/www.4netonline.com\/wpg\/#website","url":"https:\/\/www.4netonline.com\/wpg\/","name":"4Net Networking","description":"","publisher":{"@id":"https:\/\/www.4netonline.com\/wpg\/#organization"},"potentialAction":[{"@type":"SearchAction","target":{"@type":"EntryPoint","urlTemplate":"https:\/\/www.4netonline.com\/wpg\/?s={search_term_string}"},"query-input":{"@type":"PropertyValueSpecification","valueRequired":true,"valueName":"search_term_string"}}],"inLanguage":"en-US"},{"@type":"Organization","@id":"https:\/\/www.4netonline.com\/wpg\/#organization","name":"4net Networks","url":"https:\/\/www.4netonline.com\/wpg\/","logo":{"@type":"ImageObject","inLanguage":"en-US","@id":"https:\/\/www.4netonline.com\/wpg\/#\/schema\/logo\/image\/","url":"","contentUrl":"","caption":"4net Networks"},"image":{"@id":"https:\/\/www.4netonline.com\/wpg\/#\/schema\/logo\/image\/"},"sameAs":["https:\/\/www.facebook.com\/4netNetworking\/","https:\/\/x.com\/4netonline","https:\/\/www.linkedin.com\/company\/4net-networking-corp","https:\/\/www.youtube.com\/channel\/UCmHmX1rrKiDV0uOWZBVSn7g"]}]}},"_links":{"self":[{"href":"https:\/\/www.4netonline.com\/wpg\/wp-json\/wp\/v2\/product\/36802","targetHints":{"allow":["GET"]}}],"collection":[{"href":"https:\/\/www.4netonline.com\/wpg\/wp-json\/wp\/v2\/product"}],"about":[{"href":"https:\/\/www.4netonline.com\/wpg\/wp-json\/wp\/v2\/types\/product"}],"version-history":[{"count":0,"href":"https:\/\/www.4netonline.com\/wpg\/wp-json\/wp\/v2\/product\/36802\/revisions"}],"wp:featuredmedia":[{"embeddable":true,"href":"https:\/\/www.4netonline.com\/wpg\/wp-json\/wp\/v2\/media\/36804"}],"wp:attachment":[{"href":"https:\/\/www.4netonline.com\/wpg\/wp-json\/wp\/v2\/media?parent=36802"}],"wp:term":[{"taxonomy":"brand","embeddable":true,"href":"https:\/\/www.4netonline.com\/wpg\/wp-json\/wp\/v2\/etheme_brands?post=36802"},{"taxonomy":"product_brand","embeddable":true,"href":"https:\/\/www.4netonline.com\/wpg\/wp-json\/wp\/v2\/product_brand?post=36802"},{"taxonomy":"product_cat","embeddable":true,"href":"https:\/\/www.4netonline.com\/wpg\/wp-json\/wp\/v2\/product_cat?post=36802"},{"taxonomy":"product_tag","embeddable":true,"href":"https:\/\/www.4netonline.com\/wpg\/wp-json\/wp\/v2\/product_tag?post=36802"}],"curies":[{"name":"wp","href":"https:\/\/api.w.org\/{rel}","templated":true}]}}