{"id":36481,"date":"2020-08-05T08:31:33","date_gmt":"2020-08-05T13:31:33","guid":{"rendered":"https:\/\/4netonline.com\/wpg\/?post_type=product&#038;p=36481"},"modified":"2023-04-12T14:12:22","modified_gmt":"2023-04-12T19:12:22","slug":"gigabit-powerline-adapter-kit-ph3-powerline-av1000","status":"publish","type":"product","link":"https:\/\/www.4netonline.com\/wpg\/product\/gigabit-powerline-adapter-kit-ph3-powerline-av1000\/","title":{"rendered":"Adapter Kit PH3 Powerline"},"content":{"rendered":"<p style=\"text-align: center\">Gigabit Powerline Adapter Kit<\/p>\n<p>PH3 Low-power circuit design, full load power consumption less than 3.2W also built the latest intelligent detection function, when the device connected to it is turned off or standby mode, the power will automatically switch from normal mode to 0.36W power saving mode, you can save up to 88% of power consumption.<\/p>\n<p>With advanced HomePlug AV2 technology, PH3 provides you with stable, high-speed data transfer rates of up to 1000Mbps on the powerline, and integration Gigabit Ethernet ports for wired devices bring you full Gigabit network; Perfect support 4K HD video smooth online play, At the same whether it is a multimedia player, online games, PH3 can provide fast Internet experience<\/p>\n<p>Accessible wall, Internet signal transfer while the powerline exist<\/p>\n<p>Powerline technology allows existing wires become vector transmission of multimedia and data flow\uff0cyou can access to the internet where the socket exist\uff0ceasy to get home, office network expansion and extension<\/p>\n<p>Election materials, safe and reliable<\/p>\n<p>Rigorous work, excellent choice of materials is PH3 transmission stable, reliable and durable basis\uff0ceffective transmission distance up to 300 meters<br \/>\n\u2022\u00a0\u00a0Broadcom Gigabit Powerline chips \u00a0\u00a0\u2022\u00a0\u00a0V0 class fire retardant housing \u00a0\u00a0\u2022\u00a0\u00a0 Innovative board design process<\/p>\n<p>Plug and play, easy networking<\/p>\n<p>The factory default pairing, plug in the socket to finish the networking automatically, no need to set, saving time<\/p>\n<p>Intelligent power-saving, environmental protection<\/p>\n<p>PH3 Low-power circuit design, full load power consumption less than 3.2W<br \/>\nalso built the latest intelligent detection function, when the device connected to it is turned off or standby mode, the power will automatically switch from normal mode to 0.36W power saving mode, you can save up to 88% of power consumption<\/p>\n<p><span style=\"color: #ffffff\">Somos un Distribuidor Master Mayorista localizado en Miami, FL. USA. Contamos con m\u00e1s de 20 a\u00f1os de experiencias y amplia presencia en Latinoam\u00e9rica. Productos; -Cables de Fibra Optica -Accesorios, Cajas y herramientas para Instalaci\u00f3n de redes de Fibra Opticas -Antenas -Cableado estructurado -Conectores y accesorios para instalaci\u00f3n de cableados -Productos para aplicaciones profesionales de Wireless (Wi-Fi); Switch, Routers, Antenas, Mesh, <\/span><\/p>\n<p>&nbsp;<\/p>\n<p>&nbsp;<\/p>\n<p style=\"text-align: center\"><a href=\"https:\/\/4netonline.com\/wpg\/sales-team\/franklin-gutierrez-herrera\/\">More Information<\/a><\/p>\n<p>Gigabit Powerline Adapter Kit<\/p>\n","protected":false},"excerpt":{"rendered":"<p>Gigabit Powerline Adapter Kit PH3 Low-power circuit design, full load power consumption less than 3.2W also built the latest intelligent&#8230;<\/p>\n","protected":false},"featured_media":36482,"template":"","meta":[],"etheme_brands":[{"term_id":1119,"name":"Tenda","slug":"tenda","term_group":0,"term_taxonomy_id":1119,"taxonomy":"brand","description":"","parent":0,"count":54,"filter":"raw"}],"product_brand":[],"product_cat":[1340,1334,1333],"product_tag":[],"class_list":{"0":"post-36481","1":"product","2":"type-product","3":"status-publish","4":"has-post-thumbnail","6":"brand-tenda","7":"product_cat-tenda-consumer-adapters","8":"product_cat-tenda-consumer","9":"product_cat-tenda","11":"first","12":"instock","13":"taxable","14":"shipping-taxable","15":"purchasable","16":"product-type-simple"},"yoast_head":"<!-- This site is optimized with the Yoast SEO plugin v27.3 - https:\/\/yoast.com\/product\/yoast-seo-wordpress\/ -->\n<title>Adapter Kit PH3 Powerline - 4Net Networking<\/title>\n<meta name=\"description\" content=\"Gigabit Powerline Adapter Kit PH3 Low-power circuit design, full load power consumption less than 3.2W also built the latest intelli\" \/>\n<meta name=\"robots\" content=\"index, follow, max-snippet:-1, max-image-preview:large, max-video-preview:-1\" \/>\n<link rel=\"canonical\" href=\"https:\/\/www.4netonline.com\/wpg\/product\/gigabit-powerline-adapter-kit-ph3-powerline-av1000\/\" \/>\n<meta property=\"og:locale\" content=\"en_US\" \/>\n<meta property=\"og:type\" content=\"article\" \/>\n<meta property=\"og:title\" content=\"Adapter Kit PH3 Powerline - 4Net Networking\" \/>\n<meta property=\"og:description\" content=\"Gigabit Powerline Adapter Kit PH3 Low-power circuit design, full load power consumption less than 3.2W also built the latest intelli\" \/>\n<meta property=\"og:url\" content=\"https:\/\/www.4netonline.com\/wpg\/product\/gigabit-powerline-adapter-kit-ph3-powerline-av1000\/\" \/>\n<meta property=\"og:site_name\" content=\"4Net Networking\" \/>\n<meta property=\"article:publisher\" content=\"https:\/\/www.facebook.com\/4netNetworking\/\" \/>\n<meta property=\"article:modified_time\" content=\"2023-04-12T19:12:22+00:00\" \/>\n<meta property=\"og:image\" content=\"https:\/\/www.4netonline.com\/wpg\/wp-content\/uploads\/2020\/08\/27.jpg\" \/>\n\t<meta property=\"og:image:width\" content=\"800\" \/>\n\t<meta property=\"og:image:height\" content=\"800\" \/>\n\t<meta property=\"og:image:type\" content=\"image\/jpeg\" \/>\n<meta name=\"twitter:card\" content=\"summary_large_image\" \/>\n<meta name=\"twitter:site\" content=\"@4netonline\" \/>\n<meta name=\"twitter:label1\" content=\"Est. reading time\" \/>\n\t<meta name=\"twitter:data1\" content=\"2 minutes\" \/>\n<script type=\"application\/ld+json\" class=\"yoast-schema-graph\">{\"@context\":\"https:\\\/\\\/schema.org\",\"@graph\":[{\"@type\":\"WebPage\",\"@id\":\"https:\\\/\\\/www.4netonline.com\\\/wpg\\\/product\\\/gigabit-powerline-adapter-kit-ph3-powerline-av1000\\\/\",\"url\":\"https:\\\/\\\/www.4netonline.com\\\/wpg\\\/product\\\/gigabit-powerline-adapter-kit-ph3-powerline-av1000\\\/\",\"name\":\"Adapter Kit PH3 Powerline - 4Net Networking\",\"isPartOf\":{\"@id\":\"https:\\\/\\\/www.4netonline.com\\\/wpg\\\/#website\"},\"primaryImageOfPage\":{\"@id\":\"https:\\\/\\\/www.4netonline.com\\\/wpg\\\/product\\\/gigabit-powerline-adapter-kit-ph3-powerline-av1000\\\/#primaryimage\"},\"image\":{\"@id\":\"https:\\\/\\\/www.4netonline.com\\\/wpg\\\/product\\\/gigabit-powerline-adapter-kit-ph3-powerline-av1000\\\/#primaryimage\"},\"thumbnailUrl\":\"https:\\\/\\\/www.4netonline.com\\\/wpg\\\/wp-content\\\/uploads\\\/2020\\\/08\\\/27.jpg\",\"datePublished\":\"2020-08-05T13:31:33+00:00\",\"dateModified\":\"2023-04-12T19:12:22+00:00\",\"description\":\"Gigabit Powerline Adapter Kit PH3 Low-power circuit design, full load power consumption less than 3.2W also built the latest intelli\",\"breadcrumb\":{\"@id\":\"https:\\\/\\\/www.4netonline.com\\\/wpg\\\/product\\\/gigabit-powerline-adapter-kit-ph3-powerline-av1000\\\/#breadcrumb\"},\"inLanguage\":\"en-US\",\"potentialAction\":[{\"@type\":\"ReadAction\",\"target\":[\"https:\\\/\\\/www.4netonline.com\\\/wpg\\\/product\\\/gigabit-powerline-adapter-kit-ph3-powerline-av1000\\\/\"]}]},{\"@type\":\"ImageObject\",\"inLanguage\":\"en-US\",\"@id\":\"https:\\\/\\\/www.4netonline.com\\\/wpg\\\/product\\\/gigabit-powerline-adapter-kit-ph3-powerline-av1000\\\/#primaryimage\",\"url\":\"https:\\\/\\\/www.4netonline.com\\\/wpg\\\/wp-content\\\/uploads\\\/2020\\\/08\\\/27.jpg\",\"contentUrl\":\"https:\\\/\\\/www.4netonline.com\\\/wpg\\\/wp-content\\\/uploads\\\/2020\\\/08\\\/27.jpg\",\"width\":800,\"height\":800,\"caption\":\"Gigabit Powerline Adapter Kit\"},{\"@type\":\"BreadcrumbList\",\"@id\":\"https:\\\/\\\/www.4netonline.com\\\/wpg\\\/product\\\/gigabit-powerline-adapter-kit-ph3-powerline-av1000\\\/#breadcrumb\",\"itemListElement\":[{\"@type\":\"ListItem\",\"position\":1,\"name\":\"Home\",\"item\":\"https:\\\/\\\/www.4netonline.com\\\/wpg\\\/\"},{\"@type\":\"ListItem\",\"position\":2,\"name\":\"Shop\",\"item\":\"https:\\\/\\\/www.4netonline.com\\\/wpg\\\/shop-2\\\/\"},{\"@type\":\"ListItem\",\"position\":3,\"name\":\"Adapter Kit PH3 Powerline\"}]},{\"@type\":\"WebSite\",\"@id\":\"https:\\\/\\\/www.4netonline.com\\\/wpg\\\/#website\",\"url\":\"https:\\\/\\\/www.4netonline.com\\\/wpg\\\/\",\"name\":\"4Net Networking\",\"description\":\"\",\"publisher\":{\"@id\":\"https:\\\/\\\/www.4netonline.com\\\/wpg\\\/#organization\"},\"potentialAction\":[{\"@type\":\"SearchAction\",\"target\":{\"@type\":\"EntryPoint\",\"urlTemplate\":\"https:\\\/\\\/www.4netonline.com\\\/wpg\\\/?s={search_term_string}\"},\"query-input\":{\"@type\":\"PropertyValueSpecification\",\"valueRequired\":true,\"valueName\":\"search_term_string\"}}],\"inLanguage\":\"en-US\"},{\"@type\":\"Organization\",\"@id\":\"https:\\\/\\\/www.4netonline.com\\\/wpg\\\/#organization\",\"name\":\"4net Networks\",\"url\":\"https:\\\/\\\/www.4netonline.com\\\/wpg\\\/\",\"logo\":{\"@type\":\"ImageObject\",\"inLanguage\":\"en-US\",\"@id\":\"https:\\\/\\\/www.4netonline.com\\\/wpg\\\/#\\\/schema\\\/logo\\\/image\\\/\",\"url\":\"\",\"contentUrl\":\"\",\"caption\":\"4net Networks\"},\"image\":{\"@id\":\"https:\\\/\\\/www.4netonline.com\\\/wpg\\\/#\\\/schema\\\/logo\\\/image\\\/\"},\"sameAs\":[\"https:\\\/\\\/www.facebook.com\\\/4netNetworking\\\/\",\"https:\\\/\\\/x.com\\\/4netonline\",\"https:\\\/\\\/www.linkedin.com\\\/company\\\/4net-networking-corp\",\"https:\\\/\\\/www.youtube.com\\\/channel\\\/UCmHmX1rrKiDV0uOWZBVSn7g\"]}]}<\/script>\n<!-- \/ Yoast SEO plugin. -->","yoast_head_json":{"title":"Adapter Kit PH3 Powerline - 4Net Networking","description":"Gigabit Powerline Adapter Kit PH3 Low-power circuit design, full load power consumption less than 3.2W also built the latest intelli","robots":{"index":"index","follow":"follow","max-snippet":"max-snippet:-1","max-image-preview":"max-image-preview:large","max-video-preview":"max-video-preview:-1"},"canonical":"https:\/\/www.4netonline.com\/wpg\/product\/gigabit-powerline-adapter-kit-ph3-powerline-av1000\/","og_locale":"en_US","og_type":"article","og_title":"Adapter Kit PH3 Powerline - 4Net Networking","og_description":"Gigabit Powerline Adapter Kit PH3 Low-power circuit design, full load power consumption less than 3.2W also built the latest intelli","og_url":"https:\/\/www.4netonline.com\/wpg\/product\/gigabit-powerline-adapter-kit-ph3-powerline-av1000\/","og_site_name":"4Net Networking","article_publisher":"https:\/\/www.facebook.com\/4netNetworking\/","article_modified_time":"2023-04-12T19:12:22+00:00","og_image":[{"width":800,"height":800,"url":"https:\/\/www.4netonline.com\/wpg\/wp-content\/uploads\/2020\/08\/27.jpg","type":"image\/jpeg"}],"twitter_card":"summary_large_image","twitter_site":"@4netonline","twitter_misc":{"Est. reading time":"2 minutes"},"schema":{"@context":"https:\/\/schema.org","@graph":[{"@type":"WebPage","@id":"https:\/\/www.4netonline.com\/wpg\/product\/gigabit-powerline-adapter-kit-ph3-powerline-av1000\/","url":"https:\/\/www.4netonline.com\/wpg\/product\/gigabit-powerline-adapter-kit-ph3-powerline-av1000\/","name":"Adapter Kit PH3 Powerline - 4Net Networking","isPartOf":{"@id":"https:\/\/www.4netonline.com\/wpg\/#website"},"primaryImageOfPage":{"@id":"https:\/\/www.4netonline.com\/wpg\/product\/gigabit-powerline-adapter-kit-ph3-powerline-av1000\/#primaryimage"},"image":{"@id":"https:\/\/www.4netonline.com\/wpg\/product\/gigabit-powerline-adapter-kit-ph3-powerline-av1000\/#primaryimage"},"thumbnailUrl":"https:\/\/www.4netonline.com\/wpg\/wp-content\/uploads\/2020\/08\/27.jpg","datePublished":"2020-08-05T13:31:33+00:00","dateModified":"2023-04-12T19:12:22+00:00","description":"Gigabit Powerline Adapter Kit PH3 Low-power circuit design, full load power consumption less than 3.2W also built the latest intelli","breadcrumb":{"@id":"https:\/\/www.4netonline.com\/wpg\/product\/gigabit-powerline-adapter-kit-ph3-powerline-av1000\/#breadcrumb"},"inLanguage":"en-US","potentialAction":[{"@type":"ReadAction","target":["https:\/\/www.4netonline.com\/wpg\/product\/gigabit-powerline-adapter-kit-ph3-powerline-av1000\/"]}]},{"@type":"ImageObject","inLanguage":"en-US","@id":"https:\/\/www.4netonline.com\/wpg\/product\/gigabit-powerline-adapter-kit-ph3-powerline-av1000\/#primaryimage","url":"https:\/\/www.4netonline.com\/wpg\/wp-content\/uploads\/2020\/08\/27.jpg","contentUrl":"https:\/\/www.4netonline.com\/wpg\/wp-content\/uploads\/2020\/08\/27.jpg","width":800,"height":800,"caption":"Gigabit Powerline Adapter Kit"},{"@type":"BreadcrumbList","@id":"https:\/\/www.4netonline.com\/wpg\/product\/gigabit-powerline-adapter-kit-ph3-powerline-av1000\/#breadcrumb","itemListElement":[{"@type":"ListItem","position":1,"name":"Home","item":"https:\/\/www.4netonline.com\/wpg\/"},{"@type":"ListItem","position":2,"name":"Shop","item":"https:\/\/www.4netonline.com\/wpg\/shop-2\/"},{"@type":"ListItem","position":3,"name":"Adapter Kit PH3 Powerline"}]},{"@type":"WebSite","@id":"https:\/\/www.4netonline.com\/wpg\/#website","url":"https:\/\/www.4netonline.com\/wpg\/","name":"4Net Networking","description":"","publisher":{"@id":"https:\/\/www.4netonline.com\/wpg\/#organization"},"potentialAction":[{"@type":"SearchAction","target":{"@type":"EntryPoint","urlTemplate":"https:\/\/www.4netonline.com\/wpg\/?s={search_term_string}"},"query-input":{"@type":"PropertyValueSpecification","valueRequired":true,"valueName":"search_term_string"}}],"inLanguage":"en-US"},{"@type":"Organization","@id":"https:\/\/www.4netonline.com\/wpg\/#organization","name":"4net Networks","url":"https:\/\/www.4netonline.com\/wpg\/","logo":{"@type":"ImageObject","inLanguage":"en-US","@id":"https:\/\/www.4netonline.com\/wpg\/#\/schema\/logo\/image\/","url":"","contentUrl":"","caption":"4net Networks"},"image":{"@id":"https:\/\/www.4netonline.com\/wpg\/#\/schema\/logo\/image\/"},"sameAs":["https:\/\/www.facebook.com\/4netNetworking\/","https:\/\/x.com\/4netonline","https:\/\/www.linkedin.com\/company\/4net-networking-corp","https:\/\/www.youtube.com\/channel\/UCmHmX1rrKiDV0uOWZBVSn7g"]}]}},"_links":{"self":[{"href":"https:\/\/www.4netonline.com\/wpg\/wp-json\/wp\/v2\/product\/36481","targetHints":{"allow":["GET"]}}],"collection":[{"href":"https:\/\/www.4netonline.com\/wpg\/wp-json\/wp\/v2\/product"}],"about":[{"href":"https:\/\/www.4netonline.com\/wpg\/wp-json\/wp\/v2\/types\/product"}],"version-history":[{"count":0,"href":"https:\/\/www.4netonline.com\/wpg\/wp-json\/wp\/v2\/product\/36481\/revisions"}],"wp:featuredmedia":[{"embeddable":true,"href":"https:\/\/www.4netonline.com\/wpg\/wp-json\/wp\/v2\/media\/36482"}],"wp:attachment":[{"href":"https:\/\/www.4netonline.com\/wpg\/wp-json\/wp\/v2\/media?parent=36481"}],"wp:term":[{"taxonomy":"brand","embeddable":true,"href":"https:\/\/www.4netonline.com\/wpg\/wp-json\/wp\/v2\/etheme_brands?post=36481"},{"taxonomy":"product_brand","embeddable":true,"href":"https:\/\/www.4netonline.com\/wpg\/wp-json\/wp\/v2\/product_brand?post=36481"},{"taxonomy":"product_cat","embeddable":true,"href":"https:\/\/www.4netonline.com\/wpg\/wp-json\/wp\/v2\/product_cat?post=36481"},{"taxonomy":"product_tag","embeddable":true,"href":"https:\/\/www.4netonline.com\/wpg\/wp-json\/wp\/v2\/product_tag?post=36481"}],"curies":[{"name":"wp","href":"https:\/\/api.w.org\/{rel}","templated":true}]}}