{"id":36475,"date":"2020-08-04T15:17:38","date_gmt":"2020-08-04T20:17:38","guid":{"rendered":"https:\/\/4netonline.com\/wpg\/?post_type=product&#038;p=36475"},"modified":"2023-04-12T14:15:42","modified_gmt":"2023-04-12T19:15:42","slug":"adapter-wireless-n150-nano-usb-adapter-w311m","status":"publish","type":"product","link":"https:\/\/www.4netonline.com\/wpg\/product\/adapter-wireless-n150-nano-usb-adapter-w311m\/","title":{"rendered":"N150 Nano USB Adapter W311M"},"content":{"rendered":"<p style=\"text-align: center\">Adapter Wireless N150 Nano<\/p>\n<p>\u00a0Wireless N standard, speeds of up to 150Mbps<br \/>\n<span class=\"whatbold\">&gt;&gt;<\/span>\u00a03x greater wireless range than wireless G products<br \/>\n<span class=\"whatbold\">&gt;&gt;<\/span>\u00a0Secure your network with 64\/128-bit WEP, WPA and WPA2<br \/>\n<span class=\"whatbold\">&gt;&gt;<\/span>\u00a0Supports soft AP to extend a wireless network<\/p>\n<p>Featuring soft AP function, the adapter can works as an access point. So when you connect it to a wired network, it eastily becomes a WiFi hotspot for multiple users to access to Internet, email, download and file transfer wirelessly.<\/p>\n<p>Compatible with 802.11g\/b devices, W311M is a wireless high gain USB Adapter with wireless transmission rate 3 times faster than 802.11g devices. It connects your desktop or notebook computer with an available USB port to your wireless network for Internet access and file sharing. Desktop users can easily add wireless connectivity without having to open the PC case. It is best for lag-free online gaming, Internet calls or even HD video streaming wirelessly.<\/p>\n<p>WiFi Protected Setup (WPS) helps you to secure your wireless network just at a push of the WPS button without going through a complicated process of security setup. The adapter also provides 64\/128-bit WEP, WPA and WPA2 encryptions for industrial-strength level of protection.<\/p>\n<p>Compliant with wireless-N standard, this adapter is able to provide 3 times greater wireless range than conventional wireless-G adapter.<\/p>\n<p>W311M is built to compatible with Windows10\/8.1\/8\/7\/XP\/Vista, MAC OS 10.6~10.10, and Linux operating systems. Most of the computers (desktop computers or laptops) comply with the USB adapter and can connect to the Internet through it easily.<\/p>\n<p>Adapter Wireless N150 Nano<\/p>\n<p style=\"text-align: center\"><a href=\"https:\/\/4netonline.com\/wpg\/sales-team\/franklin-gutierrez-herrera\/\">More Information<\/a><\/p>\n<p><span style=\"color: #ffffff\">Somos un Distribuidor Master Mayorista localizado en Miami, FL. USA. Contamos con m\u00e1s de 20 a\u00f1os de experiencias y amplia presencia en Latinoam\u00e9rica. Productos; -Cables de Fibra Optica -Accesorios, Cajas y herramientas para Instalaci\u00f3n de redes de Fibra Opticas -Antenas -Cableado estructurado -Conectores y accesorios para instalaci\u00f3n de cableados -Productos para aplicaciones profesionales de Wireless (Wi-Fi); Switch, Routers, Antenas, Mesh, <\/span><\/p>\n","protected":false},"excerpt":{"rendered":"<p>Adapter Wireless N150 Nano \u00a0Wireless N standard, speeds of up to 150Mbps &gt;&gt;\u00a03x greater wireless range than wireless G products&#8230;<\/p>\n","protected":false},"featured_media":42487,"template":"","meta":[],"etheme_brands":[{"term_id":1119,"name":"Tenda","slug":"tenda","term_group":0,"term_taxonomy_id":1119,"taxonomy":"brand","description":"","parent":0,"count":54,"filter":"raw"}],"product_brand":[],"product_cat":[1340,1334,1333],"product_tag":[],"class_list":{"0":"post-36475","1":"product","2":"type-product","3":"status-publish","4":"has-post-thumbnail","6":"brand-tenda","7":"product_cat-tenda-consumer-adapters","8":"product_cat-tenda-consumer","9":"product_cat-tenda","11":"first","12":"instock","13":"taxable","14":"shipping-taxable","15":"purchasable","16":"product-type-simple"},"yoast_head":"<!-- This site is optimized with the Yoast SEO plugin v27.3 - https:\/\/yoast.com\/product\/yoast-seo-wordpress\/ -->\n<title>N150 Nano USB Adapter W311M - 4Net Networking<\/title>\n<meta name=\"description\" content=\"Adapter Wireless N150 Nano the adapter can works as an access point. So when you connect it to a wired network, it eastily becomes\" \/>\n<meta name=\"robots\" content=\"index, follow, max-snippet:-1, max-image-preview:large, max-video-preview:-1\" \/>\n<link rel=\"canonical\" href=\"https:\/\/www.4netonline.com\/wpg\/product\/adapter-wireless-n150-nano-usb-adapter-w311m\/\" \/>\n<meta property=\"og:locale\" content=\"en_US\" \/>\n<meta property=\"og:type\" content=\"article\" \/>\n<meta property=\"og:title\" content=\"N150 Nano USB Adapter W311M - 4Net Networking\" \/>\n<meta property=\"og:description\" content=\"Adapter Wireless N150 Nano the adapter can works as an access point. So when you connect it to a wired network, it eastily becomes\" \/>\n<meta property=\"og:url\" content=\"https:\/\/www.4netonline.com\/wpg\/product\/adapter-wireless-n150-nano-usb-adapter-w311m\/\" \/>\n<meta property=\"og:site_name\" content=\"4Net Networking\" \/>\n<meta property=\"article:publisher\" content=\"https:\/\/www.facebook.com\/4netNetworking\/\" \/>\n<meta property=\"article:modified_time\" content=\"2023-04-12T19:15:42+00:00\" \/>\n<meta property=\"og:image\" content=\"https:\/\/www.4netonline.com\/wpg\/wp-content\/uploads\/2020\/08\/15.jpeg\" \/>\n\t<meta property=\"og:image:width\" content=\"1001\" \/>\n\t<meta property=\"og:image:height\" content=\"1001\" \/>\n\t<meta property=\"og:image:type\" content=\"image\/jpeg\" \/>\n<meta name=\"twitter:card\" content=\"summary_large_image\" \/>\n<meta name=\"twitter:site\" content=\"@4netonline\" \/>\n<meta name=\"twitter:label1\" content=\"Est. reading time\" \/>\n\t<meta name=\"twitter:data1\" content=\"2 minutes\" \/>\n<script type=\"application\/ld+json\" class=\"yoast-schema-graph\">{\"@context\":\"https:\\\/\\\/schema.org\",\"@graph\":[{\"@type\":\"WebPage\",\"@id\":\"https:\\\/\\\/www.4netonline.com\\\/wpg\\\/product\\\/adapter-wireless-n150-nano-usb-adapter-w311m\\\/\",\"url\":\"https:\\\/\\\/www.4netonline.com\\\/wpg\\\/product\\\/adapter-wireless-n150-nano-usb-adapter-w311m\\\/\",\"name\":\"N150 Nano USB Adapter W311M - 4Net Networking\",\"isPartOf\":{\"@id\":\"https:\\\/\\\/www.4netonline.com\\\/wpg\\\/#website\"},\"primaryImageOfPage\":{\"@id\":\"https:\\\/\\\/www.4netonline.com\\\/wpg\\\/product\\\/adapter-wireless-n150-nano-usb-adapter-w311m\\\/#primaryimage\"},\"image\":{\"@id\":\"https:\\\/\\\/www.4netonline.com\\\/wpg\\\/product\\\/adapter-wireless-n150-nano-usb-adapter-w311m\\\/#primaryimage\"},\"thumbnailUrl\":\"https:\\\/\\\/www.4netonline.com\\\/wpg\\\/wp-content\\\/uploads\\\/2020\\\/08\\\/15.jpeg\",\"datePublished\":\"2020-08-04T20:17:38+00:00\",\"dateModified\":\"2023-04-12T19:15:42+00:00\",\"description\":\"Adapter Wireless N150 Nano the adapter can works as an access point. So when you connect it to a wired network, it eastily becomes\",\"breadcrumb\":{\"@id\":\"https:\\\/\\\/www.4netonline.com\\\/wpg\\\/product\\\/adapter-wireless-n150-nano-usb-adapter-w311m\\\/#breadcrumb\"},\"inLanguage\":\"en-US\",\"potentialAction\":[{\"@type\":\"ReadAction\",\"target\":[\"https:\\\/\\\/www.4netonline.com\\\/wpg\\\/product\\\/adapter-wireless-n150-nano-usb-adapter-w311m\\\/\"]}]},{\"@type\":\"ImageObject\",\"inLanguage\":\"en-US\",\"@id\":\"https:\\\/\\\/www.4netonline.com\\\/wpg\\\/product\\\/adapter-wireless-n150-nano-usb-adapter-w311m\\\/#primaryimage\",\"url\":\"https:\\\/\\\/www.4netonline.com\\\/wpg\\\/wp-content\\\/uploads\\\/2020\\\/08\\\/15.jpeg\",\"contentUrl\":\"https:\\\/\\\/www.4netonline.com\\\/wpg\\\/wp-content\\\/uploads\\\/2020\\\/08\\\/15.jpeg\",\"width\":1001,\"height\":1001},{\"@type\":\"BreadcrumbList\",\"@id\":\"https:\\\/\\\/www.4netonline.com\\\/wpg\\\/product\\\/adapter-wireless-n150-nano-usb-adapter-w311m\\\/#breadcrumb\",\"itemListElement\":[{\"@type\":\"ListItem\",\"position\":1,\"name\":\"Home\",\"item\":\"https:\\\/\\\/www.4netonline.com\\\/wpg\\\/\"},{\"@type\":\"ListItem\",\"position\":2,\"name\":\"Shop\",\"item\":\"https:\\\/\\\/www.4netonline.com\\\/wpg\\\/shop-2\\\/\"},{\"@type\":\"ListItem\",\"position\":3,\"name\":\"N150 Nano USB Adapter W311M\"}]},{\"@type\":\"WebSite\",\"@id\":\"https:\\\/\\\/www.4netonline.com\\\/wpg\\\/#website\",\"url\":\"https:\\\/\\\/www.4netonline.com\\\/wpg\\\/\",\"name\":\"4Net Networking\",\"description\":\"\",\"publisher\":{\"@id\":\"https:\\\/\\\/www.4netonline.com\\\/wpg\\\/#organization\"},\"potentialAction\":[{\"@type\":\"SearchAction\",\"target\":{\"@type\":\"EntryPoint\",\"urlTemplate\":\"https:\\\/\\\/www.4netonline.com\\\/wpg\\\/?s={search_term_string}\"},\"query-input\":{\"@type\":\"PropertyValueSpecification\",\"valueRequired\":true,\"valueName\":\"search_term_string\"}}],\"inLanguage\":\"en-US\"},{\"@type\":\"Organization\",\"@id\":\"https:\\\/\\\/www.4netonline.com\\\/wpg\\\/#organization\",\"name\":\"4net Networks\",\"url\":\"https:\\\/\\\/www.4netonline.com\\\/wpg\\\/\",\"logo\":{\"@type\":\"ImageObject\",\"inLanguage\":\"en-US\",\"@id\":\"https:\\\/\\\/www.4netonline.com\\\/wpg\\\/#\\\/schema\\\/logo\\\/image\\\/\",\"url\":\"\",\"contentUrl\":\"\",\"caption\":\"4net Networks\"},\"image\":{\"@id\":\"https:\\\/\\\/www.4netonline.com\\\/wpg\\\/#\\\/schema\\\/logo\\\/image\\\/\"},\"sameAs\":[\"https:\\\/\\\/www.facebook.com\\\/4netNetworking\\\/\",\"https:\\\/\\\/x.com\\\/4netonline\",\"https:\\\/\\\/www.linkedin.com\\\/company\\\/4net-networking-corp\",\"https:\\\/\\\/www.youtube.com\\\/channel\\\/UCmHmX1rrKiDV0uOWZBVSn7g\"]}]}<\/script>\n<!-- \/ Yoast SEO plugin. -->","yoast_head_json":{"title":"N150 Nano USB Adapter W311M - 4Net Networking","description":"Adapter Wireless N150 Nano the adapter can works as an access point. So when you connect it to a wired network, it eastily becomes","robots":{"index":"index","follow":"follow","max-snippet":"max-snippet:-1","max-image-preview":"max-image-preview:large","max-video-preview":"max-video-preview:-1"},"canonical":"https:\/\/www.4netonline.com\/wpg\/product\/adapter-wireless-n150-nano-usb-adapter-w311m\/","og_locale":"en_US","og_type":"article","og_title":"N150 Nano USB Adapter W311M - 4Net Networking","og_description":"Adapter Wireless N150 Nano the adapter can works as an access point. So when you connect it to a wired network, it eastily becomes","og_url":"https:\/\/www.4netonline.com\/wpg\/product\/adapter-wireless-n150-nano-usb-adapter-w311m\/","og_site_name":"4Net Networking","article_publisher":"https:\/\/www.facebook.com\/4netNetworking\/","article_modified_time":"2023-04-12T19:15:42+00:00","og_image":[{"width":1001,"height":1001,"url":"https:\/\/www.4netonline.com\/wpg\/wp-content\/uploads\/2020\/08\/15.jpeg","type":"image\/jpeg"}],"twitter_card":"summary_large_image","twitter_site":"@4netonline","twitter_misc":{"Est. reading time":"2 minutes"},"schema":{"@context":"https:\/\/schema.org","@graph":[{"@type":"WebPage","@id":"https:\/\/www.4netonline.com\/wpg\/product\/adapter-wireless-n150-nano-usb-adapter-w311m\/","url":"https:\/\/www.4netonline.com\/wpg\/product\/adapter-wireless-n150-nano-usb-adapter-w311m\/","name":"N150 Nano USB Adapter W311M - 4Net Networking","isPartOf":{"@id":"https:\/\/www.4netonline.com\/wpg\/#website"},"primaryImageOfPage":{"@id":"https:\/\/www.4netonline.com\/wpg\/product\/adapter-wireless-n150-nano-usb-adapter-w311m\/#primaryimage"},"image":{"@id":"https:\/\/www.4netonline.com\/wpg\/product\/adapter-wireless-n150-nano-usb-adapter-w311m\/#primaryimage"},"thumbnailUrl":"https:\/\/www.4netonline.com\/wpg\/wp-content\/uploads\/2020\/08\/15.jpeg","datePublished":"2020-08-04T20:17:38+00:00","dateModified":"2023-04-12T19:15:42+00:00","description":"Adapter Wireless N150 Nano the adapter can works as an access point. So when you connect it to a wired network, it eastily becomes","breadcrumb":{"@id":"https:\/\/www.4netonline.com\/wpg\/product\/adapter-wireless-n150-nano-usb-adapter-w311m\/#breadcrumb"},"inLanguage":"en-US","potentialAction":[{"@type":"ReadAction","target":["https:\/\/www.4netonline.com\/wpg\/product\/adapter-wireless-n150-nano-usb-adapter-w311m\/"]}]},{"@type":"ImageObject","inLanguage":"en-US","@id":"https:\/\/www.4netonline.com\/wpg\/product\/adapter-wireless-n150-nano-usb-adapter-w311m\/#primaryimage","url":"https:\/\/www.4netonline.com\/wpg\/wp-content\/uploads\/2020\/08\/15.jpeg","contentUrl":"https:\/\/www.4netonline.com\/wpg\/wp-content\/uploads\/2020\/08\/15.jpeg","width":1001,"height":1001},{"@type":"BreadcrumbList","@id":"https:\/\/www.4netonline.com\/wpg\/product\/adapter-wireless-n150-nano-usb-adapter-w311m\/#breadcrumb","itemListElement":[{"@type":"ListItem","position":1,"name":"Home","item":"https:\/\/www.4netonline.com\/wpg\/"},{"@type":"ListItem","position":2,"name":"Shop","item":"https:\/\/www.4netonline.com\/wpg\/shop-2\/"},{"@type":"ListItem","position":3,"name":"N150 Nano USB Adapter W311M"}]},{"@type":"WebSite","@id":"https:\/\/www.4netonline.com\/wpg\/#website","url":"https:\/\/www.4netonline.com\/wpg\/","name":"4Net Networking","description":"","publisher":{"@id":"https:\/\/www.4netonline.com\/wpg\/#organization"},"potentialAction":[{"@type":"SearchAction","target":{"@type":"EntryPoint","urlTemplate":"https:\/\/www.4netonline.com\/wpg\/?s={search_term_string}"},"query-input":{"@type":"PropertyValueSpecification","valueRequired":true,"valueName":"search_term_string"}}],"inLanguage":"en-US"},{"@type":"Organization","@id":"https:\/\/www.4netonline.com\/wpg\/#organization","name":"4net Networks","url":"https:\/\/www.4netonline.com\/wpg\/","logo":{"@type":"ImageObject","inLanguage":"en-US","@id":"https:\/\/www.4netonline.com\/wpg\/#\/schema\/logo\/image\/","url":"","contentUrl":"","caption":"4net Networks"},"image":{"@id":"https:\/\/www.4netonline.com\/wpg\/#\/schema\/logo\/image\/"},"sameAs":["https:\/\/www.facebook.com\/4netNetworking\/","https:\/\/x.com\/4netonline","https:\/\/www.linkedin.com\/company\/4net-networking-corp","https:\/\/www.youtube.com\/channel\/UCmHmX1rrKiDV0uOWZBVSn7g"]}]}},"_links":{"self":[{"href":"https:\/\/www.4netonline.com\/wpg\/wp-json\/wp\/v2\/product\/36475","targetHints":{"allow":["GET"]}}],"collection":[{"href":"https:\/\/www.4netonline.com\/wpg\/wp-json\/wp\/v2\/product"}],"about":[{"href":"https:\/\/www.4netonline.com\/wpg\/wp-json\/wp\/v2\/types\/product"}],"version-history":[{"count":0,"href":"https:\/\/www.4netonline.com\/wpg\/wp-json\/wp\/v2\/product\/36475\/revisions"}],"wp:featuredmedia":[{"embeddable":true,"href":"https:\/\/www.4netonline.com\/wpg\/wp-json\/wp\/v2\/media\/42487"}],"wp:attachment":[{"href":"https:\/\/www.4netonline.com\/wpg\/wp-json\/wp\/v2\/media?parent=36475"}],"wp:term":[{"taxonomy":"brand","embeddable":true,"href":"https:\/\/www.4netonline.com\/wpg\/wp-json\/wp\/v2\/etheme_brands?post=36475"},{"taxonomy":"product_brand","embeddable":true,"href":"https:\/\/www.4netonline.com\/wpg\/wp-json\/wp\/v2\/product_brand?post=36475"},{"taxonomy":"product_cat","embeddable":true,"href":"https:\/\/www.4netonline.com\/wpg\/wp-json\/wp\/v2\/product_cat?post=36475"},{"taxonomy":"product_tag","embeddable":true,"href":"https:\/\/www.4netonline.com\/wpg\/wp-json\/wp\/v2\/product_tag?post=36475"}],"curies":[{"name":"wp","href":"https:\/\/api.w.org\/{rel}","templated":true}]}}