{"id":36152,"date":"2020-05-29T11:23:08","date_gmt":"2020-05-29T16:23:08","guid":{"rendered":"https:\/\/4netonline.com\/wpg\/?post_type=product&#038;p=36152"},"modified":"2023-04-13T10:40:23","modified_gmt":"2023-04-13T15:40:23","slug":"ubiquiti-unifi-directional-dual-band-antenna-for-uap-ac-m","status":"publish","type":"product","link":"https:\/\/www.4netonline.com\/wpg\/product\/ubiquiti-unifi-directional-dual-band-antenna-for-uap-ac-m\/","title":{"rendered":"Dual-Band Antenna UMA-D"},"content":{"rendered":"<p style=\"text-align: center\">Ubiquiti UniFi Directional<\/p>\n<p style=\"text-align: center\"><a href=\"https:\/\/4netonline.com\/wpg\/sales-team\/franklin-gutierrez-herrera\/\">Questions?<\/a><\/p>\n<p>This Directional Dual-Band Antenna for UAP-AC-M, is optimized for 802.11ac, has a high efficiency directional radiation pattern, and features a three-axis ball joint for precise aiming.<\/p>\n<p>The Ubiquiti UniFi Antenna,UMA-D, is an optional mesh antenna designed to work with the Ubiquiti UniF\u00ae AC Mesh AP, the UAP-AC-M. With dual-band support, the Ubiquiti UMA-D expands range coverage and provides customized pattern shaping. It is available in a single and 5-pack.<\/p>\n<h5>Product Features<\/h5>\n<p>\u2022 Antenna Features: Optimized for 802.11ac, the UMA-D offers a high efficiency directional radiation pattern with dual polarity.<br \/>\n\u2022 Weather-Resistant Enclosure: Encased in UV-stabilized plastic, the UMA-D can be used indoors or outdoors.<br \/>\n\u2022 Versatile Mounting: The UMA-D has a ball joint mount designed for precise aiming and can be mounted on a pole or wall.<br \/>\n\u2022 Compatibility: The UMA-D is a connectorized antenna that is compatible with the UAP-AC-M.<\/p>\n<h5>Product Specifications<\/h5>\n<p>\u2022 Enclosure: Outdoor UV Stabilized Plastic<br \/>\n\u2022 RF Connections: (2) RP-SMA<br \/>\n\u2022 Supported Frequency Range: 2.4 &#8211; 2.5GHz, 5.1 &#8211; 5.9GHz<br \/>\n\u2022 HPOL Beamwidth: 2.4GHz &#8211; 90\u00b0 \/ 5Ghz &#8211; 45\u00b0<br \/>\n\u2022 VPOL Beamwidth: 2.4GHz &#8211; 90\u00b0 \/ 5Ghz &#8211; 45\u00b0<br \/>\n\u2022 Elevation Beamwidth: 2.4GHz &#8211; 90\u00b0 \/ 5Ghz &#8211; 45\u00b0<br \/>\n\u2022 Maximum VSWR: 2:1<br \/>\n\u2022 Polarization: Dual-Linear<br \/>\n\u2022 Cross-Pol Isolation: 2.4GHz &#8211; 25dB \/ 5Ghz &#8211; 30dB<br \/>\n\u2022 Antenna Gain: 2.4GHz &#8211; 10dBi \/ 5Ghz &#8211; 15dBi<br \/>\n\u2022 Mounting: Wall\/Pole (kits included)<br \/>\n\u2022 Dimensions: 7.93 x 5.04 x 1.28&#8243;<\/p>\n<h5>Product Includes<\/h5>\n<p>\u2022 Wall-Mount Kit<br \/>\n\u2022 Lock Ring<br \/>\n\u2022 Ball Joint Mount<br \/>\n\u2022 Mount Assembly<\/p>\n<p>&nbsp;<\/p>\n<p><span style=\"color: #ffffff\">Ubiquiti UniFi Directional<\/span><\/p>\n<h4 class=\"t-18 t-black t-normal mb2\"><span style=\"color: #ffffff\">Overview<\/span><\/h4>\n<p class=\"break-words white-space-pre-wrap mb5 t-14 t-black--light t-normal\"><span style=\"color: #ffffff\">Somos un Distribuidor Master Mayorista localizado en Miami, FL. USA. Contamos con m\u00e1s de 20 a\u00f1os de experiencias y amplia presencia en Latinoam\u00e9rica. Productos; -Cables de Fibra Optica -Accesorios, Cajas y herramientas para Instalaci\u00f3n de redes de Fibra Opticas -Antenas -Cableado estructurado -Conectores y accesorios para instalaci\u00f3n de cableados -Productos para aplicaciones profesionales de Wireless (Wi-Fi); Switch, Routers, Antenas, Mesh, Somos distribuidores directos de marcas l\u00edderes en el mercado, tenemos varios programas donde ofrecemos bajos precios para compa\u00f1\u00edas aliadas. Usted y su empresa se beneficiar\u00e1 del ahorro y otras ventajas que la har\u00e1n m\u00e1s atractiva a sus clientes con las siguientes marcas:<\/span><\/p>\n<p><span style=\"color: #ffffff\">Ubiquiti UniFi Directional<\/span><\/p>\n","protected":false},"excerpt":{"rendered":"<p>Ubiquiti UniFi Directional Questions? This Directional Dual-Band Antenna for UAP-AC-M, is optimized for 802.11ac, has a high efficiency directional radiation&#8230;<\/p>\n","protected":false},"featured_media":36154,"template":"","meta":[],"etheme_brands":[{"term_id":1114,"name":"Ubiquiti","slug":"ubiquiti","term_group":0,"term_taxonomy_id":1114,"taxonomy":"brand","description":"","parent":0,"count":272,"filter":"raw"}],"product_brand":[],"product_cat":[1155,1148,1156],"product_tag":[],"class_list":{"0":"post-36152","1":"product","2":"type-product","3":"status-publish","4":"has-post-thumbnail","6":"brand-ubiquiti","7":"product_cat-ub-isp-operator","8":"product_cat-ubiquiti","9":"product_cat-ub-isp-operator-wireless-products","11":"first","12":"instock","13":"taxable","14":"shipping-taxable","15":"purchasable","16":"product-type-simple"},"yoast_head":"<!-- This site is optimized with the Yoast SEO plugin v27.3 - https:\/\/yoast.com\/product\/yoast-seo-wordpress\/ -->\n<title>Dual-Band Antenna UMA-D - 4Net Networking<\/title>\n<meta name=\"description\" content=\"Ubiquiti UniFi Directional This Directional Dual-Band Antenna for UAP-AC-M, is optimized for 802.11ac, has a high efficiency directional\" \/>\n<meta name=\"robots\" content=\"index, follow, max-snippet:-1, max-image-preview:large, max-video-preview:-1\" \/>\n<link rel=\"canonical\" href=\"https:\/\/www.4netonline.com\/wpg\/product\/ubiquiti-unifi-directional-dual-band-antenna-for-uap-ac-m\/\" \/>\n<meta property=\"og:locale\" content=\"en_US\" \/>\n<meta property=\"og:type\" content=\"article\" \/>\n<meta property=\"og:title\" content=\"Dual-Band Antenna UMA-D - 4Net Networking\" \/>\n<meta property=\"og:description\" content=\"Ubiquiti UniFi Directional This Directional Dual-Band Antenna for UAP-AC-M, is optimized for 802.11ac, has a high efficiency directional\" \/>\n<meta property=\"og:url\" content=\"https:\/\/www.4netonline.com\/wpg\/product\/ubiquiti-unifi-directional-dual-band-antenna-for-uap-ac-m\/\" \/>\n<meta property=\"og:site_name\" content=\"4Net Networking\" \/>\n<meta property=\"article:publisher\" content=\"https:\/\/www.facebook.com\/4netNetworking\/\" \/>\n<meta property=\"article:modified_time\" content=\"2023-04-13T15:40:23+00:00\" \/>\n<meta property=\"og:image\" content=\"https:\/\/www.4netonline.com\/wpg\/wp-content\/uploads\/2020\/05\/43.jpg\" \/>\n\t<meta property=\"og:image:width\" content=\"600\" \/>\n\t<meta property=\"og:image:height\" content=\"600\" \/>\n\t<meta property=\"og:image:type\" content=\"image\/jpeg\" \/>\n<meta name=\"twitter:card\" content=\"summary_large_image\" \/>\n<meta name=\"twitter:site\" content=\"@4netonline\" \/>\n<meta name=\"twitter:label1\" content=\"Est. reading time\" \/>\n\t<meta name=\"twitter:data1\" content=\"2 minutes\" \/>\n<script type=\"application\/ld+json\" class=\"yoast-schema-graph\">{\"@context\":\"https:\\\/\\\/schema.org\",\"@graph\":[{\"@type\":\"WebPage\",\"@id\":\"https:\\\/\\\/www.4netonline.com\\\/wpg\\\/product\\\/ubiquiti-unifi-directional-dual-band-antenna-for-uap-ac-m\\\/\",\"url\":\"https:\\\/\\\/www.4netonline.com\\\/wpg\\\/product\\\/ubiquiti-unifi-directional-dual-band-antenna-for-uap-ac-m\\\/\",\"name\":\"Dual-Band Antenna UMA-D - 4Net Networking\",\"isPartOf\":{\"@id\":\"https:\\\/\\\/www.4netonline.com\\\/wpg\\\/#website\"},\"primaryImageOfPage\":{\"@id\":\"https:\\\/\\\/www.4netonline.com\\\/wpg\\\/product\\\/ubiquiti-unifi-directional-dual-band-antenna-for-uap-ac-m\\\/#primaryimage\"},\"image\":{\"@id\":\"https:\\\/\\\/www.4netonline.com\\\/wpg\\\/product\\\/ubiquiti-unifi-directional-dual-band-antenna-for-uap-ac-m\\\/#primaryimage\"},\"thumbnailUrl\":\"https:\\\/\\\/www.4netonline.com\\\/wpg\\\/wp-content\\\/uploads\\\/2020\\\/05\\\/43.jpg\",\"datePublished\":\"2020-05-29T16:23:08+00:00\",\"dateModified\":\"2023-04-13T15:40:23+00:00\",\"description\":\"Ubiquiti UniFi Directional This Directional Dual-Band Antenna for UAP-AC-M, is optimized for 802.11ac, has a high efficiency directional\",\"breadcrumb\":{\"@id\":\"https:\\\/\\\/www.4netonline.com\\\/wpg\\\/product\\\/ubiquiti-unifi-directional-dual-band-antenna-for-uap-ac-m\\\/#breadcrumb\"},\"inLanguage\":\"en-US\",\"potentialAction\":[{\"@type\":\"ReadAction\",\"target\":[\"https:\\\/\\\/www.4netonline.com\\\/wpg\\\/product\\\/ubiquiti-unifi-directional-dual-band-antenna-for-uap-ac-m\\\/\"]}]},{\"@type\":\"ImageObject\",\"inLanguage\":\"en-US\",\"@id\":\"https:\\\/\\\/www.4netonline.com\\\/wpg\\\/product\\\/ubiquiti-unifi-directional-dual-band-antenna-for-uap-ac-m\\\/#primaryimage\",\"url\":\"https:\\\/\\\/www.4netonline.com\\\/wpg\\\/wp-content\\\/uploads\\\/2020\\\/05\\\/43.jpg\",\"contentUrl\":\"https:\\\/\\\/www.4netonline.com\\\/wpg\\\/wp-content\\\/uploads\\\/2020\\\/05\\\/43.jpg\",\"width\":600,\"height\":600},{\"@type\":\"BreadcrumbList\",\"@id\":\"https:\\\/\\\/www.4netonline.com\\\/wpg\\\/product\\\/ubiquiti-unifi-directional-dual-band-antenna-for-uap-ac-m\\\/#breadcrumb\",\"itemListElement\":[{\"@type\":\"ListItem\",\"position\":1,\"name\":\"Home\",\"item\":\"https:\\\/\\\/www.4netonline.com\\\/wpg\\\/\"},{\"@type\":\"ListItem\",\"position\":2,\"name\":\"Shop\",\"item\":\"https:\\\/\\\/www.4netonline.com\\\/wpg\\\/shop-2\\\/\"},{\"@type\":\"ListItem\",\"position\":3,\"name\":\"Dual-Band Antenna UMA-D\"}]},{\"@type\":\"WebSite\",\"@id\":\"https:\\\/\\\/www.4netonline.com\\\/wpg\\\/#website\",\"url\":\"https:\\\/\\\/www.4netonline.com\\\/wpg\\\/\",\"name\":\"4Net Networking\",\"description\":\"\",\"publisher\":{\"@id\":\"https:\\\/\\\/www.4netonline.com\\\/wpg\\\/#organization\"},\"potentialAction\":[{\"@type\":\"SearchAction\",\"target\":{\"@type\":\"EntryPoint\",\"urlTemplate\":\"https:\\\/\\\/www.4netonline.com\\\/wpg\\\/?s={search_term_string}\"},\"query-input\":{\"@type\":\"PropertyValueSpecification\",\"valueRequired\":true,\"valueName\":\"search_term_string\"}}],\"inLanguage\":\"en-US\"},{\"@type\":\"Organization\",\"@id\":\"https:\\\/\\\/www.4netonline.com\\\/wpg\\\/#organization\",\"name\":\"4net Networks\",\"url\":\"https:\\\/\\\/www.4netonline.com\\\/wpg\\\/\",\"logo\":{\"@type\":\"ImageObject\",\"inLanguage\":\"en-US\",\"@id\":\"https:\\\/\\\/www.4netonline.com\\\/wpg\\\/#\\\/schema\\\/logo\\\/image\\\/\",\"url\":\"\",\"contentUrl\":\"\",\"caption\":\"4net Networks\"},\"image\":{\"@id\":\"https:\\\/\\\/www.4netonline.com\\\/wpg\\\/#\\\/schema\\\/logo\\\/image\\\/\"},\"sameAs\":[\"https:\\\/\\\/www.facebook.com\\\/4netNetworking\\\/\",\"https:\\\/\\\/x.com\\\/4netonline\",\"https:\\\/\\\/www.linkedin.com\\\/company\\\/4net-networking-corp\",\"https:\\\/\\\/www.youtube.com\\\/channel\\\/UCmHmX1rrKiDV0uOWZBVSn7g\"]}]}<\/script>\n<!-- \/ Yoast SEO plugin. -->","yoast_head_json":{"title":"Dual-Band Antenna UMA-D - 4Net Networking","description":"Ubiquiti UniFi Directional This Directional Dual-Band Antenna for UAP-AC-M, is optimized for 802.11ac, has a high efficiency directional","robots":{"index":"index","follow":"follow","max-snippet":"max-snippet:-1","max-image-preview":"max-image-preview:large","max-video-preview":"max-video-preview:-1"},"canonical":"https:\/\/www.4netonline.com\/wpg\/product\/ubiquiti-unifi-directional-dual-band-antenna-for-uap-ac-m\/","og_locale":"en_US","og_type":"article","og_title":"Dual-Band Antenna UMA-D - 4Net Networking","og_description":"Ubiquiti UniFi Directional This Directional Dual-Band Antenna for UAP-AC-M, is optimized for 802.11ac, has a high efficiency directional","og_url":"https:\/\/www.4netonline.com\/wpg\/product\/ubiquiti-unifi-directional-dual-band-antenna-for-uap-ac-m\/","og_site_name":"4Net Networking","article_publisher":"https:\/\/www.facebook.com\/4netNetworking\/","article_modified_time":"2023-04-13T15:40:23+00:00","og_image":[{"width":600,"height":600,"url":"https:\/\/www.4netonline.com\/wpg\/wp-content\/uploads\/2020\/05\/43.jpg","type":"image\/jpeg"}],"twitter_card":"summary_large_image","twitter_site":"@4netonline","twitter_misc":{"Est. reading time":"2 minutes"},"schema":{"@context":"https:\/\/schema.org","@graph":[{"@type":"WebPage","@id":"https:\/\/www.4netonline.com\/wpg\/product\/ubiquiti-unifi-directional-dual-band-antenna-for-uap-ac-m\/","url":"https:\/\/www.4netonline.com\/wpg\/product\/ubiquiti-unifi-directional-dual-band-antenna-for-uap-ac-m\/","name":"Dual-Band Antenna UMA-D - 4Net Networking","isPartOf":{"@id":"https:\/\/www.4netonline.com\/wpg\/#website"},"primaryImageOfPage":{"@id":"https:\/\/www.4netonline.com\/wpg\/product\/ubiquiti-unifi-directional-dual-band-antenna-for-uap-ac-m\/#primaryimage"},"image":{"@id":"https:\/\/www.4netonline.com\/wpg\/product\/ubiquiti-unifi-directional-dual-band-antenna-for-uap-ac-m\/#primaryimage"},"thumbnailUrl":"https:\/\/www.4netonline.com\/wpg\/wp-content\/uploads\/2020\/05\/43.jpg","datePublished":"2020-05-29T16:23:08+00:00","dateModified":"2023-04-13T15:40:23+00:00","description":"Ubiquiti UniFi Directional This Directional Dual-Band Antenna for UAP-AC-M, is optimized for 802.11ac, has a high efficiency directional","breadcrumb":{"@id":"https:\/\/www.4netonline.com\/wpg\/product\/ubiquiti-unifi-directional-dual-band-antenna-for-uap-ac-m\/#breadcrumb"},"inLanguage":"en-US","potentialAction":[{"@type":"ReadAction","target":["https:\/\/www.4netonline.com\/wpg\/product\/ubiquiti-unifi-directional-dual-band-antenna-for-uap-ac-m\/"]}]},{"@type":"ImageObject","inLanguage":"en-US","@id":"https:\/\/www.4netonline.com\/wpg\/product\/ubiquiti-unifi-directional-dual-band-antenna-for-uap-ac-m\/#primaryimage","url":"https:\/\/www.4netonline.com\/wpg\/wp-content\/uploads\/2020\/05\/43.jpg","contentUrl":"https:\/\/www.4netonline.com\/wpg\/wp-content\/uploads\/2020\/05\/43.jpg","width":600,"height":600},{"@type":"BreadcrumbList","@id":"https:\/\/www.4netonline.com\/wpg\/product\/ubiquiti-unifi-directional-dual-band-antenna-for-uap-ac-m\/#breadcrumb","itemListElement":[{"@type":"ListItem","position":1,"name":"Home","item":"https:\/\/www.4netonline.com\/wpg\/"},{"@type":"ListItem","position":2,"name":"Shop","item":"https:\/\/www.4netonline.com\/wpg\/shop-2\/"},{"@type":"ListItem","position":3,"name":"Dual-Band Antenna UMA-D"}]},{"@type":"WebSite","@id":"https:\/\/www.4netonline.com\/wpg\/#website","url":"https:\/\/www.4netonline.com\/wpg\/","name":"4Net Networking","description":"","publisher":{"@id":"https:\/\/www.4netonline.com\/wpg\/#organization"},"potentialAction":[{"@type":"SearchAction","target":{"@type":"EntryPoint","urlTemplate":"https:\/\/www.4netonline.com\/wpg\/?s={search_term_string}"},"query-input":{"@type":"PropertyValueSpecification","valueRequired":true,"valueName":"search_term_string"}}],"inLanguage":"en-US"},{"@type":"Organization","@id":"https:\/\/www.4netonline.com\/wpg\/#organization","name":"4net Networks","url":"https:\/\/www.4netonline.com\/wpg\/","logo":{"@type":"ImageObject","inLanguage":"en-US","@id":"https:\/\/www.4netonline.com\/wpg\/#\/schema\/logo\/image\/","url":"","contentUrl":"","caption":"4net Networks"},"image":{"@id":"https:\/\/www.4netonline.com\/wpg\/#\/schema\/logo\/image\/"},"sameAs":["https:\/\/www.facebook.com\/4netNetworking\/","https:\/\/x.com\/4netonline","https:\/\/www.linkedin.com\/company\/4net-networking-corp","https:\/\/www.youtube.com\/channel\/UCmHmX1rrKiDV0uOWZBVSn7g"]}]}},"_links":{"self":[{"href":"https:\/\/www.4netonline.com\/wpg\/wp-json\/wp\/v2\/product\/36152","targetHints":{"allow":["GET"]}}],"collection":[{"href":"https:\/\/www.4netonline.com\/wpg\/wp-json\/wp\/v2\/product"}],"about":[{"href":"https:\/\/www.4netonline.com\/wpg\/wp-json\/wp\/v2\/types\/product"}],"version-history":[{"count":0,"href":"https:\/\/www.4netonline.com\/wpg\/wp-json\/wp\/v2\/product\/36152\/revisions"}],"wp:featuredmedia":[{"embeddable":true,"href":"https:\/\/www.4netonline.com\/wpg\/wp-json\/wp\/v2\/media\/36154"}],"wp:attachment":[{"href":"https:\/\/www.4netonline.com\/wpg\/wp-json\/wp\/v2\/media?parent=36152"}],"wp:term":[{"taxonomy":"brand","embeddable":true,"href":"https:\/\/www.4netonline.com\/wpg\/wp-json\/wp\/v2\/etheme_brands?post=36152"},{"taxonomy":"product_brand","embeddable":true,"href":"https:\/\/www.4netonline.com\/wpg\/wp-json\/wp\/v2\/product_brand?post=36152"},{"taxonomy":"product_cat","embeddable":true,"href":"https:\/\/www.4netonline.com\/wpg\/wp-json\/wp\/v2\/product_cat?post=36152"},{"taxonomy":"product_tag","embeddable":true,"href":"https:\/\/www.4netonline.com\/wpg\/wp-json\/wp\/v2\/product_tag?post=36152"}],"curies":[{"name":"wp","href":"https:\/\/api.w.org\/{rel}","templated":true}]}}