{"id":35990,"date":"2020-05-11T15:45:55","date_gmt":"2020-05-11T20:45:55","guid":{"rendered":"https:\/\/4netonline.com\/wpg\/?post_type=product&#038;p=35990"},"modified":"2023-04-13T12:23:49","modified_gmt":"2023-04-13T17:23:49","slug":"epmp-bridge-in-a-box-5-ghz-row-us-cord","status":"publish","type":"product","link":"https:\/\/www.4netonline.com\/wpg\/product\/epmp-bridge-in-a-box-5-ghz-row-us-cord\/","title":{"rendered":"Bridge in a Box C050900B171A"},"content":{"rendered":"<p style=\"text-align: center\">ePMP Bridge in a Box<\/p>\n<p class=\"has-medium-font-size\"><strong>What is Bridge-in-a-Box?<\/strong><\/p>\n<p>Thousands of small businesses and residential users are using Bridge-in-a-Box to wirelessly extend their networks by simply connecting point A to point B. Each Bridge-in-a-Box comes with two wireless radio modules and power supplies that can be used to extend your network from wherever you have an Ethernet port to wherever you need one from 50 feet to 5 miles away (20 meters to 8 kilometers).\u00a0 The modules are extremely easy to deploy as they come pre-configured and pre-paired to connect.<\/p>\n<p>For those places you couldn\u2019t connect before, Bridge-in-a-Box will get you there today.<\/p>\n<p class=\"has-medium-font-size\"><strong>What are people connecting with Bridge-in-a-Box?<\/strong><\/p>\n<ul>\n<li>Machine Shops \/ Garages \/ Storage Sheds \/ Docks \/ Boat Ramps<\/li>\n<li>Any remote or outlying buildings<\/li>\n<li>Remote parking lots<\/li>\n<li>Campus Buildings<\/li>\n<li>Building to Building<\/li>\n<li>Cabins and Lodges<\/li>\n<li>Construction Sites<\/li>\n<li>Temporary Events such as Concerts, Farmers Markets, etc.<\/li>\n<li>Athletic Fields and Events<div class=\"ead-preview\"><div class=\"ead-document\" style=\"position: relative;\"><div class=\"ead-iframe-wrapper\"><iframe src=\"\/\/docs.google.com\/viewer?url=https%3A%2F%2F4netonline.com%2Fwpg%2Fwp-content%2Fuploads%2F2020%2F05%2FSS_ePMP_Bridge_in_a_box_06222018.pdf&amp;embedded=true&amp;hl=en\" title=\"Embedded Document\" class=\"ead-iframe\" style=\"width: 100%;height: 500px;border: none;visibility: hidden;\"><\/iframe><\/div>\t\t\t<div class=\"ead-document-loading\" style=\"width:100%;height:100%;position:absolute;left:0;top:0;z-index:10;\">\n\t\t\t\t<div class=\"ead-loading-wrap\">\n\t\t\t\t\t<div class=\"ead-loading-main\">\n\t\t\t\t\t\t<div class=\"ead-loading\">\n\t\t\t\t\t\t\t<img decoding=\"async\" src=\"https:\/\/www.4netonline.com\/wpg\/wp-content\/plugins\/embed-any-document\/images\/loading.svg\" width=\"55\" height=\"55\" alt=\"Loader\">\n\t\t\t\t\t\t\t<span>Loading...<\/span>\n\t\t\t\t\t\t<\/div>\n\t\t\t\t\t<\/div>\n\t\t\t\t\t<div class=\"ead-loading-foot\">\n\t\t\t\t\t\t<div class=\"ead-loading-foot-title\">\n\t\t\t\t\t\t\t<img decoding=\"async\" src=\"https:\/\/www.4netonline.com\/wpg\/wp-content\/plugins\/embed-any-document\/images\/EAD-logo.svg\" alt=\"EAD Logo\" width=\"36\" height=\"23\"\/>\n\t\t\t\t\t\t\t<span>Taking too long?<\/span>\n\t\t\t\t\t\t<\/div>\n\t\t\t\t\t\t<p>\n\t\t\t\t\t\t\t<div class=\"ead-document-btn ead-reload-btn\" role=\"button\">\n\t\t\t\t\t\t\t\t<img decoding=\"async\" src=\"https:\/\/www.4netonline.com\/wpg\/wp-content\/plugins\/embed-any-document\/images\/reload.svg\" alt=\"Reload\" width=\"12\" height=\"12\"\/> Reload document\t\t\t\t\t\t\t<\/div>\n\t\t\t\t\t\t\t<span>|<\/span>\n\t\t\t\t\t\t\t<a href=\"https:\/\/4netonline.com\/wpg\/wp-content\/uploads\/2020\/05\/SS_ePMP_Bridge_in_a_box_06222018.pdf\" class=\"ead-document-btn\" target=\"_blank\">\n\t\t\t\t\t\t\t\t<img loading=\"lazy\" decoding=\"async\" src=\"https:\/\/www.4netonline.com\/wpg\/wp-content\/plugins\/embed-any-document\/images\/open.svg\" alt=\"Open\" width=\"12\" height=\"12\"\/> Open in new tab\t\t\t\t\t\t\t<\/a>\n\t\t\t\t\t<\/div>\n\t\t\t\t<\/div>\n\t\t\t<\/div>\n\t\t<\/div><p class=\"embed_download\"><a href=\"https:\/\/4netonline.com\/wpg\/wp-content\/uploads\/2020\/05\/SS_ePMP_Bridge_in_a_box_06222018.pdf\" download>Download <\/a><\/p><\/div><\/li>\n<\/ul>\n<p style=\"text-align: center\"><a href=\"https:\/\/4netonline.com\/wpg\/sales-team\/franklin-gutierrez-herrera\/\">Questions?<\/a><\/p>\n<p><span style=\"color: #ffffff\">ePMP Bridge in a Box<\/span><\/p>\n<p><span style=\"color: #ffffff\">Somos un Distribuidor Master Mayorista localizado en Miami, FL. USA. Contamos con m\u00e1s de 20 a\u00f1os de experiencias y amplia presencia en Latinoam\u00e9rica. Productos; -Cables de Fibra Optica -Accesorios, Cajas y herramientas para Instalaci\u00f3n de redes de Fibra Opticas -Antenas -Cableado estructurado -Conectores y accesorios para instalaci\u00f3n de cableados -Productos para aplicaciones profesionales de Wireless (Wi-Fi); Switch, Routers, Antenas, Mesh, Somos distribuidores directos de marcas l\u00edderes en el mercado, tenemos varios programas donde ofrecemos bajos precios para compa\u00f1\u00edas aliadas. Usted y su empresa se beneficiar\u00e1 del ahorro y otras ventajas que la har\u00e1n m\u00e1s atractiva a sus clientes con las siguientes marcas: Ubiquiti Mikrotik Cambium Networks Tenda Cablix Mimosa ALG COM <\/span><\/p>\n<p><span style=\"color: #ffffff\">Exportamos a: Argentina Bolivia Brasil Chile Colombia Costa Rica Ecuador M\u00e9xico Paraguay Panam\u00e1 Per\u00fa Puerto Rico Uruguay El Caribe Venezuela &#8212;&#8212;&#8212;&#8212;&#8212;&#8212;&#8212;&#8212;&#8212;&#8212;&#8212;&#8212;&#8212;&#8212;&#8212;&#8212;&#8212;&#8212;&#8212;&#8212;&#8212;&#8212;&#8212;&#8212;&#8212;&#8212;&#8212;&#8212;&#8212;&#8212;&#8212;&#8212;&#8212;&#8212;&#8212;&#8212;&#8212;&#8212;&#8212;&#8212;&#8212;&#8212;&#8211; We are a Master wholesale distributor located in Miami, FL. USA. We have over 20 years of experience and broad presence in Latin America. Line of products; -Optic Fiber &#8211; Accessories to install Optic Fiber Network &#8211;\u00a0<\/span><\/p>\n<p><span style=\"color: #ffffff\">ePMP Bridge in a Box<\/span><\/p>\n","protected":false},"excerpt":{"rendered":"<p>ePMP Bridge in a Box What is Bridge-in-a-Box? Thousands of small businesses and residential users are using Bridge-in-a-Box to wirelessly&#8230;<\/p>\n","protected":false},"featured_media":35992,"template":"","meta":[],"etheme_brands":[{"term_id":1117,"name":"Cambium","slug":"cambium","term_group":0,"term_taxonomy_id":1117,"taxonomy":"brand","description":"","parent":0,"count":73,"filter":"raw"}],"product_brand":[],"product_cat":[1158,1160,1162,1163],"product_tag":[],"class_list":{"0":"post-35990","1":"product","2":"type-product","3":"status-publish","4":"has-post-thumbnail","6":"brand-cambium","7":"product_cat-cambium","8":"product_cat-cambium-enterprise-network","9":"product_cat-cambium-hybrid-networks","10":"product_cat-cambium-outdoor-wireless","12":"first","13":"instock","14":"taxable","15":"shipping-taxable","16":"purchasable","17":"product-type-simple"},"yoast_head":"<!-- This site is optimized with the Yoast SEO plugin v27.2 - https:\/\/yoast.com\/product\/yoast-seo-wordpress\/ -->\n<title>Bridge in a Box C050900B171A - 4Net Networking<\/title>\n<meta name=\"description\" content=\"ePMP Bridge in a Box \u2013 5 GHz (RoW) (US Cord) C050900B171A Thousands of small businesses and residential users are using Bridge-in-a-Box\" \/>\n<meta name=\"robots\" content=\"index, follow, max-snippet:-1, max-image-preview:large, max-video-preview:-1\" \/>\n<link rel=\"canonical\" href=\"https:\/\/www.4netonline.com\/wpg\/product\/epmp-bridge-in-a-box-5-ghz-row-us-cord\/\" \/>\n<meta property=\"og:locale\" content=\"en_US\" \/>\n<meta property=\"og:type\" content=\"article\" \/>\n<meta property=\"og:title\" content=\"Bridge in a Box C050900B171A - 4Net Networking\" \/>\n<meta property=\"og:description\" content=\"ePMP Bridge in a Box \u2013 5 GHz (RoW) (US Cord) C050900B171A Thousands of small businesses and residential users are using Bridge-in-a-Box\" \/>\n<meta property=\"og:url\" content=\"https:\/\/www.4netonline.com\/wpg\/product\/epmp-bridge-in-a-box-5-ghz-row-us-cord\/\" \/>\n<meta property=\"og:site_name\" content=\"4Net Networking\" \/>\n<meta property=\"article:publisher\" content=\"https:\/\/www.facebook.com\/4netNetworking\/\" \/>\n<meta property=\"article:modified_time\" content=\"2023-04-13T17:23:49+00:00\" \/>\n<meta property=\"og:image\" content=\"https:\/\/www.4netonline.com\/wpg\/wp-content\/uploads\/2020\/05\/Bridge-In-A-Box-3-1024x768-1.jpg\" \/>\n\t<meta property=\"og:image:width\" content=\"600\" \/>\n\t<meta property=\"og:image:height\" content=\"600\" \/>\n\t<meta property=\"og:image:type\" content=\"image\/jpeg\" \/>\n<meta name=\"twitter:card\" content=\"summary_large_image\" \/>\n<meta name=\"twitter:site\" content=\"@4netonline\" \/>\n<meta name=\"twitter:label1\" content=\"Est. reading time\" \/>\n\t<meta name=\"twitter:data1\" content=\"2 minutes\" \/>\n<script type=\"application\/ld+json\" class=\"yoast-schema-graph\">{\"@context\":\"https:\/\/schema.org\",\"@graph\":[{\"@type\":\"WebPage\",\"@id\":\"https:\/\/www.4netonline.com\/wpg\/product\/epmp-bridge-in-a-box-5-ghz-row-us-cord\/\",\"url\":\"https:\/\/www.4netonline.com\/wpg\/product\/epmp-bridge-in-a-box-5-ghz-row-us-cord\/\",\"name\":\"Bridge in a Box C050900B171A - 4Net Networking\",\"isPartOf\":{\"@id\":\"https:\/\/www.4netonline.com\/wpg\/#website\"},\"primaryImageOfPage\":{\"@id\":\"https:\/\/www.4netonline.com\/wpg\/product\/epmp-bridge-in-a-box-5-ghz-row-us-cord\/#primaryimage\"},\"image\":{\"@id\":\"https:\/\/www.4netonline.com\/wpg\/product\/epmp-bridge-in-a-box-5-ghz-row-us-cord\/#primaryimage\"},\"thumbnailUrl\":\"https:\/\/www.4netonline.com\/wpg\/wp-content\/uploads\/2020\/05\/Bridge-In-A-Box-3-1024x768-1.jpg\",\"datePublished\":\"2020-05-11T20:45:55+00:00\",\"dateModified\":\"2023-04-13T17:23:49+00:00\",\"description\":\"ePMP Bridge in a Box \u2013 5 GHz (RoW) (US Cord) C050900B171A Thousands of small businesses and residential users are using Bridge-in-a-Box\",\"breadcrumb\":{\"@id\":\"https:\/\/www.4netonline.com\/wpg\/product\/epmp-bridge-in-a-box-5-ghz-row-us-cord\/#breadcrumb\"},\"inLanguage\":\"en-US\",\"potentialAction\":[{\"@type\":\"ReadAction\",\"target\":[\"https:\/\/www.4netonline.com\/wpg\/product\/epmp-bridge-in-a-box-5-ghz-row-us-cord\/\"]}]},{\"@type\":\"ImageObject\",\"inLanguage\":\"en-US\",\"@id\":\"https:\/\/www.4netonline.com\/wpg\/product\/epmp-bridge-in-a-box-5-ghz-row-us-cord\/#primaryimage\",\"url\":\"https:\/\/www.4netonline.com\/wpg\/wp-content\/uploads\/2020\/05\/Bridge-In-A-Box-3-1024x768-1.jpg\",\"contentUrl\":\"https:\/\/www.4netonline.com\/wpg\/wp-content\/uploads\/2020\/05\/Bridge-In-A-Box-3-1024x768-1.jpg\",\"width\":600,\"height\":600},{\"@type\":\"BreadcrumbList\",\"@id\":\"https:\/\/www.4netonline.com\/wpg\/product\/epmp-bridge-in-a-box-5-ghz-row-us-cord\/#breadcrumb\",\"itemListElement\":[{\"@type\":\"ListItem\",\"position\":1,\"name\":\"Home\",\"item\":\"https:\/\/www.4netonline.com\/wpg\/\"},{\"@type\":\"ListItem\",\"position\":2,\"name\":\"Shop\",\"item\":\"https:\/\/www.4netonline.com\/wpg\/shop-2\/\"},{\"@type\":\"ListItem\",\"position\":3,\"name\":\"Bridge in a Box C050900B171A\"}]},{\"@type\":\"WebSite\",\"@id\":\"https:\/\/www.4netonline.com\/wpg\/#website\",\"url\":\"https:\/\/www.4netonline.com\/wpg\/\",\"name\":\"4Net Networking\",\"description\":\"\",\"publisher\":{\"@id\":\"https:\/\/www.4netonline.com\/wpg\/#organization\"},\"potentialAction\":[{\"@type\":\"SearchAction\",\"target\":{\"@type\":\"EntryPoint\",\"urlTemplate\":\"https:\/\/www.4netonline.com\/wpg\/?s={search_term_string}\"},\"query-input\":{\"@type\":\"PropertyValueSpecification\",\"valueRequired\":true,\"valueName\":\"search_term_string\"}}],\"inLanguage\":\"en-US\"},{\"@type\":\"Organization\",\"@id\":\"https:\/\/www.4netonline.com\/wpg\/#organization\",\"name\":\"4net Networks\",\"url\":\"https:\/\/www.4netonline.com\/wpg\/\",\"logo\":{\"@type\":\"ImageObject\",\"inLanguage\":\"en-US\",\"@id\":\"https:\/\/www.4netonline.com\/wpg\/#\/schema\/logo\/image\/\",\"url\":\"\",\"contentUrl\":\"\",\"caption\":\"4net Networks\"},\"image\":{\"@id\":\"https:\/\/www.4netonline.com\/wpg\/#\/schema\/logo\/image\/\"},\"sameAs\":[\"https:\/\/www.facebook.com\/4netNetworking\/\",\"https:\/\/x.com\/4netonline\",\"https:\/\/www.linkedin.com\/company\/4net-networking-corp\",\"https:\/\/www.youtube.com\/channel\/UCmHmX1rrKiDV0uOWZBVSn7g\"]}]}<\/script>\n<!-- \/ Yoast SEO plugin. -->","yoast_head_json":{"title":"Bridge in a Box C050900B171A - 4Net Networking","description":"ePMP Bridge in a Box \u2013 5 GHz (RoW) (US Cord) C050900B171A Thousands of small businesses and residential users are using Bridge-in-a-Box","robots":{"index":"index","follow":"follow","max-snippet":"max-snippet:-1","max-image-preview":"max-image-preview:large","max-video-preview":"max-video-preview:-1"},"canonical":"https:\/\/www.4netonline.com\/wpg\/product\/epmp-bridge-in-a-box-5-ghz-row-us-cord\/","og_locale":"en_US","og_type":"article","og_title":"Bridge in a Box C050900B171A - 4Net Networking","og_description":"ePMP Bridge in a Box \u2013 5 GHz (RoW) (US Cord) C050900B171A Thousands of small businesses and residential users are using Bridge-in-a-Box","og_url":"https:\/\/www.4netonline.com\/wpg\/product\/epmp-bridge-in-a-box-5-ghz-row-us-cord\/","og_site_name":"4Net Networking","article_publisher":"https:\/\/www.facebook.com\/4netNetworking\/","article_modified_time":"2023-04-13T17:23:49+00:00","og_image":[{"width":600,"height":600,"url":"https:\/\/www.4netonline.com\/wpg\/wp-content\/uploads\/2020\/05\/Bridge-In-A-Box-3-1024x768-1.jpg","type":"image\/jpeg"}],"twitter_card":"summary_large_image","twitter_site":"@4netonline","twitter_misc":{"Est. reading time":"2 minutes"},"schema":{"@context":"https:\/\/schema.org","@graph":[{"@type":"WebPage","@id":"https:\/\/www.4netonline.com\/wpg\/product\/epmp-bridge-in-a-box-5-ghz-row-us-cord\/","url":"https:\/\/www.4netonline.com\/wpg\/product\/epmp-bridge-in-a-box-5-ghz-row-us-cord\/","name":"Bridge in a Box C050900B171A - 4Net Networking","isPartOf":{"@id":"https:\/\/www.4netonline.com\/wpg\/#website"},"primaryImageOfPage":{"@id":"https:\/\/www.4netonline.com\/wpg\/product\/epmp-bridge-in-a-box-5-ghz-row-us-cord\/#primaryimage"},"image":{"@id":"https:\/\/www.4netonline.com\/wpg\/product\/epmp-bridge-in-a-box-5-ghz-row-us-cord\/#primaryimage"},"thumbnailUrl":"https:\/\/www.4netonline.com\/wpg\/wp-content\/uploads\/2020\/05\/Bridge-In-A-Box-3-1024x768-1.jpg","datePublished":"2020-05-11T20:45:55+00:00","dateModified":"2023-04-13T17:23:49+00:00","description":"ePMP Bridge in a Box \u2013 5 GHz (RoW) (US Cord) C050900B171A Thousands of small businesses and residential users are using Bridge-in-a-Box","breadcrumb":{"@id":"https:\/\/www.4netonline.com\/wpg\/product\/epmp-bridge-in-a-box-5-ghz-row-us-cord\/#breadcrumb"},"inLanguage":"en-US","potentialAction":[{"@type":"ReadAction","target":["https:\/\/www.4netonline.com\/wpg\/product\/epmp-bridge-in-a-box-5-ghz-row-us-cord\/"]}]},{"@type":"ImageObject","inLanguage":"en-US","@id":"https:\/\/www.4netonline.com\/wpg\/product\/epmp-bridge-in-a-box-5-ghz-row-us-cord\/#primaryimage","url":"https:\/\/www.4netonline.com\/wpg\/wp-content\/uploads\/2020\/05\/Bridge-In-A-Box-3-1024x768-1.jpg","contentUrl":"https:\/\/www.4netonline.com\/wpg\/wp-content\/uploads\/2020\/05\/Bridge-In-A-Box-3-1024x768-1.jpg","width":600,"height":600},{"@type":"BreadcrumbList","@id":"https:\/\/www.4netonline.com\/wpg\/product\/epmp-bridge-in-a-box-5-ghz-row-us-cord\/#breadcrumb","itemListElement":[{"@type":"ListItem","position":1,"name":"Home","item":"https:\/\/www.4netonline.com\/wpg\/"},{"@type":"ListItem","position":2,"name":"Shop","item":"https:\/\/www.4netonline.com\/wpg\/shop-2\/"},{"@type":"ListItem","position":3,"name":"Bridge in a Box C050900B171A"}]},{"@type":"WebSite","@id":"https:\/\/www.4netonline.com\/wpg\/#website","url":"https:\/\/www.4netonline.com\/wpg\/","name":"4Net Networking","description":"","publisher":{"@id":"https:\/\/www.4netonline.com\/wpg\/#organization"},"potentialAction":[{"@type":"SearchAction","target":{"@type":"EntryPoint","urlTemplate":"https:\/\/www.4netonline.com\/wpg\/?s={search_term_string}"},"query-input":{"@type":"PropertyValueSpecification","valueRequired":true,"valueName":"search_term_string"}}],"inLanguage":"en-US"},{"@type":"Organization","@id":"https:\/\/www.4netonline.com\/wpg\/#organization","name":"4net Networks","url":"https:\/\/www.4netonline.com\/wpg\/","logo":{"@type":"ImageObject","inLanguage":"en-US","@id":"https:\/\/www.4netonline.com\/wpg\/#\/schema\/logo\/image\/","url":"","contentUrl":"","caption":"4net Networks"},"image":{"@id":"https:\/\/www.4netonline.com\/wpg\/#\/schema\/logo\/image\/"},"sameAs":["https:\/\/www.facebook.com\/4netNetworking\/","https:\/\/x.com\/4netonline","https:\/\/www.linkedin.com\/company\/4net-networking-corp","https:\/\/www.youtube.com\/channel\/UCmHmX1rrKiDV0uOWZBVSn7g"]}]}},"_links":{"self":[{"href":"https:\/\/www.4netonline.com\/wpg\/wp-json\/wp\/v2\/product\/35990","targetHints":{"allow":["GET"]}}],"collection":[{"href":"https:\/\/www.4netonline.com\/wpg\/wp-json\/wp\/v2\/product"}],"about":[{"href":"https:\/\/www.4netonline.com\/wpg\/wp-json\/wp\/v2\/types\/product"}],"version-history":[{"count":0,"href":"https:\/\/www.4netonline.com\/wpg\/wp-json\/wp\/v2\/product\/35990\/revisions"}],"wp:featuredmedia":[{"embeddable":true,"href":"https:\/\/www.4netonline.com\/wpg\/wp-json\/wp\/v2\/media\/35992"}],"wp:attachment":[{"href":"https:\/\/www.4netonline.com\/wpg\/wp-json\/wp\/v2\/media?parent=35990"}],"wp:term":[{"taxonomy":"brand","embeddable":true,"href":"https:\/\/www.4netonline.com\/wpg\/wp-json\/wp\/v2\/etheme_brands?post=35990"},{"taxonomy":"product_brand","embeddable":true,"href":"https:\/\/www.4netonline.com\/wpg\/wp-json\/wp\/v2\/product_brand?post=35990"},{"taxonomy":"product_cat","embeddable":true,"href":"https:\/\/www.4netonline.com\/wpg\/wp-json\/wp\/v2\/product_cat?post=35990"},{"taxonomy":"product_tag","embeddable":true,"href":"https:\/\/www.4netonline.com\/wpg\/wp-json\/wp\/v2\/product_tag?post=35990"}],"curies":[{"name":"wp","href":"https:\/\/api.w.org\/{rel}","templated":true}]}}