{"id":35559,"date":"2020-04-01T10:45:54","date_gmt":"2020-04-01T15:45:54","guid":{"rendered":"https:\/\/4netonline.com\/wpg\/?post_type=product&#038;p=35559"},"modified":"2023-08-25T10:05:56","modified_gmt":"2023-08-25T15:05:56","slug":"fiber-optic-outdoor-cabinet-jbx-1174-cablix","status":"publish","type":"product","link":"https:\/\/www.4netonline.com\/wpg\/product\/fiber-optic-outdoor-cabinet-jbx-1174-cablix\/","title":{"rendered":"FO Cabinet JBX-1174"},"content":{"rendered":"<p style=\"text-align: center\">Fiber optic outdoor cabinet<\/p>\n<p style=\"text-align: center\"><a href=\"https:\/\/4netonline.com\/wpg\/sales-team\/franklin-gutierrez-herrera\/\">Questions?<\/a><\/p>\n<p>19\u2019\u2019 Fiber optic outdoor cabinet is an outdoor optical equipment that is especially designed for outdoor optical nodes in access network. Inside can install 19\u2019\u2019 rack patch panel or ODF unit<\/p>\n<p>TECHNICAL PARAMETERS:<\/p>\n<ul>\n<li>Nominal work wave-length: 850nm, 1310nm, 1550nm<\/li>\n<li>Protection level: IP65<\/li>\n<li>Work Temperature: -45\u2103-+85\u2103<\/li>\n<li>Relative humidity:\u226485%(+30\u2103)<\/li>\n<li>Atmospheric pressure: 70~106 KPa<\/li>\n<li>Insertion loss: \u22640.3dB<\/li>\n<li>Return loss:\u226545dB (PC),55dB(UPC),60dB(APC)<\/li>\n<li>Isolation resistance(between frame and protection grounding):\uff1e1000 M\u03a9\/<\/li>\n<\/ul>\n<p>Features:<\/p>\n<ul>\n<li>High intensity and anti-erosion performance.<\/li>\n<li>Able to counter abrupt climate change and extreme environment<\/li>\n<li>Capacity can be flexibly customized as required<\/li>\n<li>Installation is quick and convenient<\/li>\n<li>Perfect design of fiber wiring routing could facilitate management and maintenance of fibers<\/li>\n<li>With secure and reliable fastening and grounding protection devices for the optic fiber<\/li>\n<li>Applicable to strap-shaped and non-strap shaped fibers<\/li>\n<\/ul>\n<p><span style=\"color: #ffffff\">Fiber optic outdoor cabinet<\/span><\/p>\n<h4 class=\"t-18 t-black t-normal mb2\"><span style=\"color: #ffffff\">Overview<\/span><\/h4>\n<p class=\"break-words white-space-pre-wrap mb5 t-14 t-black--light t-normal\"><span style=\"color: #ffffff\">Somos un Distribuidor Master Mayorista localizado en Miami, FL. USA. Contamos con m\u00e1s de 20 a\u00f1os de experiencias y amplia presencia en Latinoam\u00e9rica. Productos; -Cables de Fibra Optica -Accesorios, Cajas y herramientas para Instalaci\u00f3n de redes de Fibra Opticas -Antenas -Cableado estructurado -Conectores y accesorios para instalaci\u00f3n de cableados -Productos para aplicaciones profesionales de Wireless (Wi-Fi); Switch, Routers, Antenas, Mesh, Somos distribuidores directos de marcas l\u00edderes en el mercado, tenemos varios programas donde ofrecemos bajos precios para compa\u00f1\u00edas aliadas. Usted y su empresa se beneficiar\u00e1 del ahorro y otras ventajas que la har\u00e1n m\u00e1s atractiva a sus clientes con las siguientes marcas: Ubiquiti Mikrotik Cambium Networks Tenda Cablix Mimosa ALG COM Exportamos a: Argentina Bolivia Brasil Chile Colombia Costa Rica Ecuador M\u00e9xico Paraguay Panam\u00e1 Per\u00fa Puerto Rico Uruguay El Caribe Venezuela<\/span><\/p>\n<p><span style=\"color: #ffffff\">We are a Master wholesale distributor located in Miami, FL. USA. We have over 20 years of experience and broad presence in Latin America. Line of products; -Optic Fiber &#8211; Accessories to install Optic Fiber Network &#8211; Structured Cabling Products; &#8211; Wireless ( Wi-Fi based) products for Professional Applications;<\/span><\/p>\n<p><span style=\"color: #ffffff\">Fiber optic outdoor cabinet<\/span><\/p>\n<p>&nbsp;<\/p>\n","protected":false},"excerpt":{"rendered":"<p>Fiber optic outdoor cabinet Questions? 19\u2019\u2019 Fiber optic outdoor cabinet is an outdoor optical equipment that is especially designed for&#8230;<\/p>\n","protected":false},"featured_media":35560,"template":"","meta":[],"etheme_brands":[{"term_id":1115,"name":"Cablix","slug":"cablix","term_group":0,"term_taxonomy_id":1115,"taxonomy":"brand","description":"","parent":0,"count":181,"filter":"raw"}],"product_brand":[],"product_cat":[1401,1407,1414],"product_tag":[],"class_list":{"0":"post-35559","1":"product","2":"type-product","3":"status-publish","4":"has-post-thumbnail","6":"brand-cablix","7":"product_cat-cablix","8":"product_cat-cablix-fiber","9":"product_cat-cablix-fiber-panels-enclosures","11":"first","12":"instock","13":"taxable","14":"shipping-taxable","15":"purchasable","16":"product-type-simple"},"yoast_head":"<!-- This site is optimized with the Yoast SEO plugin v27.3 - https:\/\/yoast.com\/product\/yoast-seo-wordpress\/ -->\n<title>FO Cabinet JBX-1174 - 4Net Networking<\/title>\n<meta name=\"description\" content=\"FO Cabinet JBX-1174 Fiber optic outdoor cabinet 19\u2019\u2019 is an outdoor optical especially designed for outdoor optical access network. can\" \/>\n<meta name=\"robots\" content=\"index, follow, max-snippet:-1, max-image-preview:large, max-video-preview:-1\" \/>\n<link rel=\"canonical\" href=\"https:\/\/www.4netonline.com\/wpg\/product\/fiber-optic-outdoor-cabinet-jbx-1174-cablix\/\" \/>\n<meta property=\"og:locale\" content=\"en_US\" \/>\n<meta property=\"og:type\" content=\"article\" \/>\n<meta property=\"og:title\" content=\"FO Cabinet JBX-1174 - 4Net Networking\" \/>\n<meta property=\"og:description\" content=\"FO Cabinet JBX-1174 Fiber optic outdoor cabinet 19\u2019\u2019 is an outdoor optical especially designed for outdoor optical access network. can\" \/>\n<meta property=\"og:url\" content=\"https:\/\/www.4netonline.com\/wpg\/product\/fiber-optic-outdoor-cabinet-jbx-1174-cablix\/\" \/>\n<meta property=\"og:site_name\" content=\"4Net Networking\" \/>\n<meta property=\"article:publisher\" content=\"https:\/\/www.facebook.com\/4netNetworking\/\" \/>\n<meta property=\"article:modified_time\" content=\"2023-08-25T15:05:56+00:00\" \/>\n<meta property=\"og:image\" content=\"https:\/\/www.4netonline.com\/wpg\/wp-content\/uploads\/2020\/04\/29.jpg\" \/>\n\t<meta property=\"og:image:width\" content=\"600\" \/>\n\t<meta property=\"og:image:height\" content=\"601\" \/>\n\t<meta property=\"og:image:type\" content=\"image\/jpeg\" \/>\n<meta name=\"twitter:card\" content=\"summary_large_image\" \/>\n<meta name=\"twitter:site\" content=\"@4netonline\" \/>\n<meta name=\"twitter:label1\" content=\"Est. reading time\" \/>\n\t<meta name=\"twitter:data1\" content=\"2 minutes\" \/>\n<script type=\"application\/ld+json\" class=\"yoast-schema-graph\">{\"@context\":\"https:\\\/\\\/schema.org\",\"@graph\":[{\"@type\":\"WebPage\",\"@id\":\"https:\\\/\\\/www.4netonline.com\\\/wpg\\\/product\\\/fiber-optic-outdoor-cabinet-jbx-1174-cablix\\\/\",\"url\":\"https:\\\/\\\/www.4netonline.com\\\/wpg\\\/product\\\/fiber-optic-outdoor-cabinet-jbx-1174-cablix\\\/\",\"name\":\"FO Cabinet JBX-1174 - 4Net Networking\",\"isPartOf\":{\"@id\":\"https:\\\/\\\/www.4netonline.com\\\/wpg\\\/#website\"},\"primaryImageOfPage\":{\"@id\":\"https:\\\/\\\/www.4netonline.com\\\/wpg\\\/product\\\/fiber-optic-outdoor-cabinet-jbx-1174-cablix\\\/#primaryimage\"},\"image\":{\"@id\":\"https:\\\/\\\/www.4netonline.com\\\/wpg\\\/product\\\/fiber-optic-outdoor-cabinet-jbx-1174-cablix\\\/#primaryimage\"},\"thumbnailUrl\":\"https:\\\/\\\/www.4netonline.com\\\/wpg\\\/wp-content\\\/uploads\\\/2020\\\/04\\\/29.jpg\",\"datePublished\":\"2020-04-01T15:45:54+00:00\",\"dateModified\":\"2023-08-25T15:05:56+00:00\",\"description\":\"FO Cabinet JBX-1174 Fiber optic outdoor cabinet 19\u2019\u2019 is an outdoor optical especially designed for outdoor optical access network. can\",\"breadcrumb\":{\"@id\":\"https:\\\/\\\/www.4netonline.com\\\/wpg\\\/product\\\/fiber-optic-outdoor-cabinet-jbx-1174-cablix\\\/#breadcrumb\"},\"inLanguage\":\"en-US\",\"potentialAction\":[{\"@type\":\"ReadAction\",\"target\":[\"https:\\\/\\\/www.4netonline.com\\\/wpg\\\/product\\\/fiber-optic-outdoor-cabinet-jbx-1174-cablix\\\/\"]}]},{\"@type\":\"ImageObject\",\"inLanguage\":\"en-US\",\"@id\":\"https:\\\/\\\/www.4netonline.com\\\/wpg\\\/product\\\/fiber-optic-outdoor-cabinet-jbx-1174-cablix\\\/#primaryimage\",\"url\":\"https:\\\/\\\/www.4netonline.com\\\/wpg\\\/wp-content\\\/uploads\\\/2020\\\/04\\\/29.jpg\",\"contentUrl\":\"https:\\\/\\\/www.4netonline.com\\\/wpg\\\/wp-content\\\/uploads\\\/2020\\\/04\\\/29.jpg\",\"width\":600,\"height\":601,\"caption\":\"Fiber optic outdoor cabinet\"},{\"@type\":\"BreadcrumbList\",\"@id\":\"https:\\\/\\\/www.4netonline.com\\\/wpg\\\/product\\\/fiber-optic-outdoor-cabinet-jbx-1174-cablix\\\/#breadcrumb\",\"itemListElement\":[{\"@type\":\"ListItem\",\"position\":1,\"name\":\"Home\",\"item\":\"https:\\\/\\\/www.4netonline.com\\\/wpg\\\/\"},{\"@type\":\"ListItem\",\"position\":2,\"name\":\"Shop\",\"item\":\"https:\\\/\\\/www.4netonline.com\\\/wpg\\\/shop-2\\\/\"},{\"@type\":\"ListItem\",\"position\":3,\"name\":\"FO Cabinet JBX-1174\"}]},{\"@type\":\"WebSite\",\"@id\":\"https:\\\/\\\/www.4netonline.com\\\/wpg\\\/#website\",\"url\":\"https:\\\/\\\/www.4netonline.com\\\/wpg\\\/\",\"name\":\"4Net Networking\",\"description\":\"\",\"publisher\":{\"@id\":\"https:\\\/\\\/www.4netonline.com\\\/wpg\\\/#organization\"},\"potentialAction\":[{\"@type\":\"SearchAction\",\"target\":{\"@type\":\"EntryPoint\",\"urlTemplate\":\"https:\\\/\\\/www.4netonline.com\\\/wpg\\\/?s={search_term_string}\"},\"query-input\":{\"@type\":\"PropertyValueSpecification\",\"valueRequired\":true,\"valueName\":\"search_term_string\"}}],\"inLanguage\":\"en-US\"},{\"@type\":\"Organization\",\"@id\":\"https:\\\/\\\/www.4netonline.com\\\/wpg\\\/#organization\",\"name\":\"4net Networks\",\"url\":\"https:\\\/\\\/www.4netonline.com\\\/wpg\\\/\",\"logo\":{\"@type\":\"ImageObject\",\"inLanguage\":\"en-US\",\"@id\":\"https:\\\/\\\/www.4netonline.com\\\/wpg\\\/#\\\/schema\\\/logo\\\/image\\\/\",\"url\":\"\",\"contentUrl\":\"\",\"caption\":\"4net Networks\"},\"image\":{\"@id\":\"https:\\\/\\\/www.4netonline.com\\\/wpg\\\/#\\\/schema\\\/logo\\\/image\\\/\"},\"sameAs\":[\"https:\\\/\\\/www.facebook.com\\\/4netNetworking\\\/\",\"https:\\\/\\\/x.com\\\/4netonline\",\"https:\\\/\\\/www.linkedin.com\\\/company\\\/4net-networking-corp\",\"https:\\\/\\\/www.youtube.com\\\/channel\\\/UCmHmX1rrKiDV0uOWZBVSn7g\"]}]}<\/script>\n<!-- \/ Yoast SEO plugin. -->","yoast_head_json":{"title":"FO Cabinet JBX-1174 - 4Net Networking","description":"FO Cabinet JBX-1174 Fiber optic outdoor cabinet 19\u2019\u2019 is an outdoor optical especially designed for outdoor optical access network. can","robots":{"index":"index","follow":"follow","max-snippet":"max-snippet:-1","max-image-preview":"max-image-preview:large","max-video-preview":"max-video-preview:-1"},"canonical":"https:\/\/www.4netonline.com\/wpg\/product\/fiber-optic-outdoor-cabinet-jbx-1174-cablix\/","og_locale":"en_US","og_type":"article","og_title":"FO Cabinet JBX-1174 - 4Net Networking","og_description":"FO Cabinet JBX-1174 Fiber optic outdoor cabinet 19\u2019\u2019 is an outdoor optical especially designed for outdoor optical access network. can","og_url":"https:\/\/www.4netonline.com\/wpg\/product\/fiber-optic-outdoor-cabinet-jbx-1174-cablix\/","og_site_name":"4Net Networking","article_publisher":"https:\/\/www.facebook.com\/4netNetworking\/","article_modified_time":"2023-08-25T15:05:56+00:00","og_image":[{"width":600,"height":601,"url":"https:\/\/www.4netonline.com\/wpg\/wp-content\/uploads\/2020\/04\/29.jpg","type":"image\/jpeg"}],"twitter_card":"summary_large_image","twitter_site":"@4netonline","twitter_misc":{"Est. reading time":"2 minutes"},"schema":{"@context":"https:\/\/schema.org","@graph":[{"@type":"WebPage","@id":"https:\/\/www.4netonline.com\/wpg\/product\/fiber-optic-outdoor-cabinet-jbx-1174-cablix\/","url":"https:\/\/www.4netonline.com\/wpg\/product\/fiber-optic-outdoor-cabinet-jbx-1174-cablix\/","name":"FO Cabinet JBX-1174 - 4Net Networking","isPartOf":{"@id":"https:\/\/www.4netonline.com\/wpg\/#website"},"primaryImageOfPage":{"@id":"https:\/\/www.4netonline.com\/wpg\/product\/fiber-optic-outdoor-cabinet-jbx-1174-cablix\/#primaryimage"},"image":{"@id":"https:\/\/www.4netonline.com\/wpg\/product\/fiber-optic-outdoor-cabinet-jbx-1174-cablix\/#primaryimage"},"thumbnailUrl":"https:\/\/www.4netonline.com\/wpg\/wp-content\/uploads\/2020\/04\/29.jpg","datePublished":"2020-04-01T15:45:54+00:00","dateModified":"2023-08-25T15:05:56+00:00","description":"FO Cabinet JBX-1174 Fiber optic outdoor cabinet 19\u2019\u2019 is an outdoor optical especially designed for outdoor optical access network. can","breadcrumb":{"@id":"https:\/\/www.4netonline.com\/wpg\/product\/fiber-optic-outdoor-cabinet-jbx-1174-cablix\/#breadcrumb"},"inLanguage":"en-US","potentialAction":[{"@type":"ReadAction","target":["https:\/\/www.4netonline.com\/wpg\/product\/fiber-optic-outdoor-cabinet-jbx-1174-cablix\/"]}]},{"@type":"ImageObject","inLanguage":"en-US","@id":"https:\/\/www.4netonline.com\/wpg\/product\/fiber-optic-outdoor-cabinet-jbx-1174-cablix\/#primaryimage","url":"https:\/\/www.4netonline.com\/wpg\/wp-content\/uploads\/2020\/04\/29.jpg","contentUrl":"https:\/\/www.4netonline.com\/wpg\/wp-content\/uploads\/2020\/04\/29.jpg","width":600,"height":601,"caption":"Fiber optic outdoor cabinet"},{"@type":"BreadcrumbList","@id":"https:\/\/www.4netonline.com\/wpg\/product\/fiber-optic-outdoor-cabinet-jbx-1174-cablix\/#breadcrumb","itemListElement":[{"@type":"ListItem","position":1,"name":"Home","item":"https:\/\/www.4netonline.com\/wpg\/"},{"@type":"ListItem","position":2,"name":"Shop","item":"https:\/\/www.4netonline.com\/wpg\/shop-2\/"},{"@type":"ListItem","position":3,"name":"FO Cabinet JBX-1174"}]},{"@type":"WebSite","@id":"https:\/\/www.4netonline.com\/wpg\/#website","url":"https:\/\/www.4netonline.com\/wpg\/","name":"4Net Networking","description":"","publisher":{"@id":"https:\/\/www.4netonline.com\/wpg\/#organization"},"potentialAction":[{"@type":"SearchAction","target":{"@type":"EntryPoint","urlTemplate":"https:\/\/www.4netonline.com\/wpg\/?s={search_term_string}"},"query-input":{"@type":"PropertyValueSpecification","valueRequired":true,"valueName":"search_term_string"}}],"inLanguage":"en-US"},{"@type":"Organization","@id":"https:\/\/www.4netonline.com\/wpg\/#organization","name":"4net Networks","url":"https:\/\/www.4netonline.com\/wpg\/","logo":{"@type":"ImageObject","inLanguage":"en-US","@id":"https:\/\/www.4netonline.com\/wpg\/#\/schema\/logo\/image\/","url":"","contentUrl":"","caption":"4net Networks"},"image":{"@id":"https:\/\/www.4netonline.com\/wpg\/#\/schema\/logo\/image\/"},"sameAs":["https:\/\/www.facebook.com\/4netNetworking\/","https:\/\/x.com\/4netonline","https:\/\/www.linkedin.com\/company\/4net-networking-corp","https:\/\/www.youtube.com\/channel\/UCmHmX1rrKiDV0uOWZBVSn7g"]}]}},"_links":{"self":[{"href":"https:\/\/www.4netonline.com\/wpg\/wp-json\/wp\/v2\/product\/35559","targetHints":{"allow":["GET"]}}],"collection":[{"href":"https:\/\/www.4netonline.com\/wpg\/wp-json\/wp\/v2\/product"}],"about":[{"href":"https:\/\/www.4netonline.com\/wpg\/wp-json\/wp\/v2\/types\/product"}],"version-history":[{"count":0,"href":"https:\/\/www.4netonline.com\/wpg\/wp-json\/wp\/v2\/product\/35559\/revisions"}],"wp:featuredmedia":[{"embeddable":true,"href":"https:\/\/www.4netonline.com\/wpg\/wp-json\/wp\/v2\/media\/35560"}],"wp:attachment":[{"href":"https:\/\/www.4netonline.com\/wpg\/wp-json\/wp\/v2\/media?parent=35559"}],"wp:term":[{"taxonomy":"brand","embeddable":true,"href":"https:\/\/www.4netonline.com\/wpg\/wp-json\/wp\/v2\/etheme_brands?post=35559"},{"taxonomy":"product_brand","embeddable":true,"href":"https:\/\/www.4netonline.com\/wpg\/wp-json\/wp\/v2\/product_brand?post=35559"},{"taxonomy":"product_cat","embeddable":true,"href":"https:\/\/www.4netonline.com\/wpg\/wp-json\/wp\/v2\/product_cat?post=35559"},{"taxonomy":"product_tag","embeddable":true,"href":"https:\/\/www.4netonline.com\/wpg\/wp-json\/wp\/v2\/product_tag?post=35559"}],"curies":[{"name":"wp","href":"https:\/\/api.w.org\/{rel}","templated":true}]}}