{"id":35169,"date":"2020-03-05T16:25:14","date_gmt":"2020-03-05T21:25:14","guid":{"rendered":"https:\/\/4netonline.com\/wpg\/?post_type=product&#038;p=35169"},"modified":"2023-04-14T12:34:40","modified_gmt":"2023-04-14T17:34:40","slug":"cambium-epmp-3000-4-9-6-0ghz-17dbi-ip65-sector-antenna","status":"publish","type":"product","link":"https:\/\/www.4netonline.com\/wpg\/product\/cambium-epmp-3000-4-9-6-0ghz-17dbi-ip65-sector-antenna\/","title":{"rendered":"ePMP 3000 C050910D301A"},"content":{"rendered":"<p style=\"text-align: center\">Cambium ePMP 3000<\/p>\n<p>Cambium Networks&#8217; ePMP 3000 Sector Antenna consistent gain from 4.9 to 6.0 GHz allows the operator to select a channel anywhere in the band and achieve the expected performance.<\/p>\n<p>Cambium Networks&#8217; ePMP 3000 Sector Antenna consistent gain from 4.9 to 6.0 GHz allows the operator to select a channel anywhere in the band and achieve the expected performance. Excellent null fill capabilities of the antenna allow for broad<br \/>\ngeographical coverage within a sector even near the base of the tower and the edges of the sector. Small, compact design, integrated ePMP radio mount and GPS antenna integration. The sector antenna is integrated into Cambium Networks LINKPlanner. The 3D model shows coverage at all elevations and across the azimuth<\/p>\n<p><strong>Product Features<\/strong><\/p>\n<p>\u2022 17dBi Gain<br \/>\n\u2022 4.9 to 5.97GHz Spectrum<br \/>\n\u2022 30dBi Front to Back Ratio<br \/>\n\u2022 IP 65 Ruggedization<\/p>\n<h5>Product Specifications<\/h5>\n<p>\u2022 Model Number C050910D301A<br \/>\n\u2022 Frequency Range 4.9 GHz to 5.97 GHz<br \/>\n\u2022 Gain 17 dBi<br \/>\n\u2022 3 dB Beamwidth &#8211; Azimuth 70 degrees<br \/>\n\u2022 3 dB Beamwidth &#8211; Elevation 6 degrees<br \/>\n\u2022 Electrical Downtilt -2 degrees<br \/>\n\u2022 Polarization 2X Horizontal, 2X Vertical<br \/>\n\u2022 Model Number C050910D301A<br \/>\n\u2022 \u2022 Port-to-Port Isolation &gt; 20 dB<br \/>\n\u2022 Front-to-Back Ratio 30 dB<br \/>\n\u2022 Maximum Input Power 5 W<br \/>\n\u2022 Input Impedance 50 ohms<br \/>\n\u2022 Mounting Connectors 4 x RP SMA<br \/>\n\u2022 Mounting Hardware Included for mounting to mast diameters 2\u201d to 4\u201d (5 cm to 10 cm) -10 to +5 degree tilt<br \/>\n\u2022 Hardware included to connect ePMP access point to back of antenna body<br \/>\n\u2022 Physical Dimensions Antenna Body: 23.4\u201d (H) x 9.6\u201d (W) x 3.25\u201d (D) (594 mm x 157 mm x 110 mm)<br \/>\n\u2022 Weight Antenna Body: 8.0 lbs, 3.7 kg w\/ ePMP 3000 Access Point and Mounting Brackets: 13.8 lbs. 6.3 kg<br \/>\n\u2022 Environmental IP65<br \/>\n\u2022 Radome Material UV Protected ABS<br \/>\n\u2022 Operating Temp -400C to 600C (-400F to 1400F)<\/p>\n<p style=\"text-align: center\"><a href=\"https:\/\/4netonline.com\/wpg\/sales-team\/franklin-gutierrez-herrera\/\">QUESTIONS?<\/a><\/p>\n<p><span style=\"color: #ffffff\">Cambium ePMP 3000<\/span><\/p>\n<h4 class=\"t-18 t-black t-normal mb2\"><span style=\"color: #ffffff\">Overview<\/span><\/h4>\n<p class=\"break-words white-space-pre-wrap mb5 t-14 t-black--light t-normal\"><span style=\"color: #ffffff\">Somos un Distribuidor Master Mayorista localizado en Miami, FL. USA. Contamos con m\u00e1s de 18 a\u00f1os de experiencias y amplia presencia en Latinoam\u00e9rica. Productos; -Cables de Fibra Optica -Accesorios, Cajas y herramientas para Instalaci\u00f3n de redes de Fibra Opticas -Antenas -Cableado estructurado -Conectores y accesorios para instalaci\u00f3n de cableados -Productos para aplicaciones profesionales de Wireless (Wi-Fi); Switch, Routers, Antenas, Mesh, Somos distribuidores directos de marcas l\u00edderes en el mercado, tenemos varios programas donde ofrecemos bajos precios para compa\u00f1\u00edas aliadas. Usted y su empresa se beneficiar\u00e1 del ahorro y otras ventajas que la har\u00e1n m\u00e1s atractiva a sus clientes con las siguientes marcas:<\/span><\/p>\n<p><span style=\"color: #ffffff\">Cambium ePMP 3000<\/span><\/p>\n","protected":false},"excerpt":{"rendered":"<p>Cambium ePMP 3000 Cambium Networks&#8217; ePMP 3000 Sector Antenna consistent gain from 4.9 to 6.0 GHz allows the operator to&#8230;<\/p>\n","protected":false},"featured_media":35170,"template":"","meta":[],"etheme_brands":[{"term_id":1117,"name":"Cambium","slug":"cambium","term_group":0,"term_taxonomy_id":1117,"taxonomy":"brand","description":"","parent":0,"count":73,"filter":"raw"}],"product_brand":[],"product_cat":[1158,1160,1161],"product_tag":[],"class_list":{"0":"post-35169","1":"product","2":"type-product","3":"status-publish","4":"has-post-thumbnail","6":"brand-cambium","7":"product_cat-cambium","8":"product_cat-cambium-enterprise-network","9":"product_cat-cambium-fixed-wireless-broadband","11":"first","12":"instock","13":"taxable","14":"shipping-taxable","15":"purchasable","16":"product-type-simple"},"yoast_head":"<!-- This site is optimized with the Yoast SEO plugin v27.2 - https:\/\/yoast.com\/product\/yoast-seo-wordpress\/ -->\n<title>ePMP 3000 C050910D301A - 4Net Networking<\/title>\n<meta name=\"description\" content=\"Cambium ePMP 3000 4.9-6.0GHz 17dBi IP65 Sector Antenna C050910D301A Cambium ePMP 3000 Sector Antenna consistent gain from 4.9 to 6.0 GHz\" \/>\n<meta name=\"robots\" content=\"index, follow, max-snippet:-1, max-image-preview:large, max-video-preview:-1\" \/>\n<link rel=\"canonical\" href=\"https:\/\/www.4netonline.com\/wpg\/product\/cambium-epmp-3000-4-9-6-0ghz-17dbi-ip65-sector-antenna\/\" \/>\n<meta property=\"og:locale\" content=\"en_US\" \/>\n<meta property=\"og:type\" content=\"article\" \/>\n<meta property=\"og:title\" content=\"ePMP 3000 C050910D301A - 4Net Networking\" \/>\n<meta property=\"og:description\" content=\"Cambium ePMP 3000 4.9-6.0GHz 17dBi IP65 Sector Antenna C050910D301A Cambium ePMP 3000 Sector Antenna consistent gain from 4.9 to 6.0 GHz\" \/>\n<meta property=\"og:url\" content=\"https:\/\/www.4netonline.com\/wpg\/product\/cambium-epmp-3000-4-9-6-0ghz-17dbi-ip65-sector-antenna\/\" \/>\n<meta property=\"og:site_name\" content=\"4Net Networking\" \/>\n<meta property=\"article:publisher\" content=\"https:\/\/www.facebook.com\/4netNetworking\/\" \/>\n<meta property=\"article:modified_time\" content=\"2023-04-14T17:34:40+00:00\" \/>\n<meta property=\"og:image\" content=\"https:\/\/www.4netonline.com\/wpg\/wp-content\/uploads\/2020\/03\/43.jpg\" \/>\n\t<meta property=\"og:image:width\" content=\"500\" \/>\n\t<meta property=\"og:image:height\" content=\"500\" \/>\n\t<meta property=\"og:image:type\" content=\"image\/jpeg\" \/>\n<meta name=\"twitter:card\" content=\"summary_large_image\" \/>\n<meta name=\"twitter:site\" content=\"@4netonline\" \/>\n<meta name=\"twitter:label1\" content=\"Est. reading time\" \/>\n\t<meta name=\"twitter:data1\" content=\"2 minutes\" \/>\n<script type=\"application\/ld+json\" class=\"yoast-schema-graph\">{\"@context\":\"https:\/\/schema.org\",\"@graph\":[{\"@type\":\"WebPage\",\"@id\":\"https:\/\/www.4netonline.com\/wpg\/product\/cambium-epmp-3000-4-9-6-0ghz-17dbi-ip65-sector-antenna\/\",\"url\":\"https:\/\/www.4netonline.com\/wpg\/product\/cambium-epmp-3000-4-9-6-0ghz-17dbi-ip65-sector-antenna\/\",\"name\":\"ePMP 3000 C050910D301A - 4Net Networking\",\"isPartOf\":{\"@id\":\"https:\/\/www.4netonline.com\/wpg\/#website\"},\"primaryImageOfPage\":{\"@id\":\"https:\/\/www.4netonline.com\/wpg\/product\/cambium-epmp-3000-4-9-6-0ghz-17dbi-ip65-sector-antenna\/#primaryimage\"},\"image\":{\"@id\":\"https:\/\/www.4netonline.com\/wpg\/product\/cambium-epmp-3000-4-9-6-0ghz-17dbi-ip65-sector-antenna\/#primaryimage\"},\"thumbnailUrl\":\"https:\/\/www.4netonline.com\/wpg\/wp-content\/uploads\/2020\/03\/43.jpg\",\"datePublished\":\"2020-03-05T21:25:14+00:00\",\"dateModified\":\"2023-04-14T17:34:40+00:00\",\"description\":\"Cambium ePMP 3000 4.9-6.0GHz 17dBi IP65 Sector Antenna C050910D301A Cambium ePMP 3000 Sector Antenna consistent gain from 4.9 to 6.0 GHz\",\"breadcrumb\":{\"@id\":\"https:\/\/www.4netonline.com\/wpg\/product\/cambium-epmp-3000-4-9-6-0ghz-17dbi-ip65-sector-antenna\/#breadcrumb\"},\"inLanguage\":\"en-US\",\"potentialAction\":[{\"@type\":\"ReadAction\",\"target\":[\"https:\/\/www.4netonline.com\/wpg\/product\/cambium-epmp-3000-4-9-6-0ghz-17dbi-ip65-sector-antenna\/\"]}]},{\"@type\":\"ImageObject\",\"inLanguage\":\"en-US\",\"@id\":\"https:\/\/www.4netonline.com\/wpg\/product\/cambium-epmp-3000-4-9-6-0ghz-17dbi-ip65-sector-antenna\/#primaryimage\",\"url\":\"https:\/\/www.4netonline.com\/wpg\/wp-content\/uploads\/2020\/03\/43.jpg\",\"contentUrl\":\"https:\/\/www.4netonline.com\/wpg\/wp-content\/uploads\/2020\/03\/43.jpg\",\"width\":500,\"height\":500,\"caption\":\"Cambium ePMP 3000\"},{\"@type\":\"BreadcrumbList\",\"@id\":\"https:\/\/www.4netonline.com\/wpg\/product\/cambium-epmp-3000-4-9-6-0ghz-17dbi-ip65-sector-antenna\/#breadcrumb\",\"itemListElement\":[{\"@type\":\"ListItem\",\"position\":1,\"name\":\"Home\",\"item\":\"https:\/\/www.4netonline.com\/wpg\/\"},{\"@type\":\"ListItem\",\"position\":2,\"name\":\"Shop\",\"item\":\"https:\/\/www.4netonline.com\/wpg\/shop-2\/\"},{\"@type\":\"ListItem\",\"position\":3,\"name\":\"ePMP 3000 C050910D301A\"}]},{\"@type\":\"WebSite\",\"@id\":\"https:\/\/www.4netonline.com\/wpg\/#website\",\"url\":\"https:\/\/www.4netonline.com\/wpg\/\",\"name\":\"4Net Networking\",\"description\":\"\",\"publisher\":{\"@id\":\"https:\/\/www.4netonline.com\/wpg\/#organization\"},\"potentialAction\":[{\"@type\":\"SearchAction\",\"target\":{\"@type\":\"EntryPoint\",\"urlTemplate\":\"https:\/\/www.4netonline.com\/wpg\/?s={search_term_string}\"},\"query-input\":{\"@type\":\"PropertyValueSpecification\",\"valueRequired\":true,\"valueName\":\"search_term_string\"}}],\"inLanguage\":\"en-US\"},{\"@type\":\"Organization\",\"@id\":\"https:\/\/www.4netonline.com\/wpg\/#organization\",\"name\":\"4net Networks\",\"url\":\"https:\/\/www.4netonline.com\/wpg\/\",\"logo\":{\"@type\":\"ImageObject\",\"inLanguage\":\"en-US\",\"@id\":\"https:\/\/www.4netonline.com\/wpg\/#\/schema\/logo\/image\/\",\"url\":\"\",\"contentUrl\":\"\",\"caption\":\"4net Networks\"},\"image\":{\"@id\":\"https:\/\/www.4netonline.com\/wpg\/#\/schema\/logo\/image\/\"},\"sameAs\":[\"https:\/\/www.facebook.com\/4netNetworking\/\",\"https:\/\/x.com\/4netonline\",\"https:\/\/www.linkedin.com\/company\/4net-networking-corp\",\"https:\/\/www.youtube.com\/channel\/UCmHmX1rrKiDV0uOWZBVSn7g\"]}]}<\/script>\n<!-- \/ Yoast SEO plugin. -->","yoast_head_json":{"title":"ePMP 3000 C050910D301A - 4Net Networking","description":"Cambium ePMP 3000 4.9-6.0GHz 17dBi IP65 Sector Antenna C050910D301A Cambium ePMP 3000 Sector Antenna consistent gain from 4.9 to 6.0 GHz","robots":{"index":"index","follow":"follow","max-snippet":"max-snippet:-1","max-image-preview":"max-image-preview:large","max-video-preview":"max-video-preview:-1"},"canonical":"https:\/\/www.4netonline.com\/wpg\/product\/cambium-epmp-3000-4-9-6-0ghz-17dbi-ip65-sector-antenna\/","og_locale":"en_US","og_type":"article","og_title":"ePMP 3000 C050910D301A - 4Net Networking","og_description":"Cambium ePMP 3000 4.9-6.0GHz 17dBi IP65 Sector Antenna C050910D301A Cambium ePMP 3000 Sector Antenna consistent gain from 4.9 to 6.0 GHz","og_url":"https:\/\/www.4netonline.com\/wpg\/product\/cambium-epmp-3000-4-9-6-0ghz-17dbi-ip65-sector-antenna\/","og_site_name":"4Net Networking","article_publisher":"https:\/\/www.facebook.com\/4netNetworking\/","article_modified_time":"2023-04-14T17:34:40+00:00","og_image":[{"width":500,"height":500,"url":"https:\/\/www.4netonline.com\/wpg\/wp-content\/uploads\/2020\/03\/43.jpg","type":"image\/jpeg"}],"twitter_card":"summary_large_image","twitter_site":"@4netonline","twitter_misc":{"Est. reading time":"2 minutes"},"schema":{"@context":"https:\/\/schema.org","@graph":[{"@type":"WebPage","@id":"https:\/\/www.4netonline.com\/wpg\/product\/cambium-epmp-3000-4-9-6-0ghz-17dbi-ip65-sector-antenna\/","url":"https:\/\/www.4netonline.com\/wpg\/product\/cambium-epmp-3000-4-9-6-0ghz-17dbi-ip65-sector-antenna\/","name":"ePMP 3000 C050910D301A - 4Net Networking","isPartOf":{"@id":"https:\/\/www.4netonline.com\/wpg\/#website"},"primaryImageOfPage":{"@id":"https:\/\/www.4netonline.com\/wpg\/product\/cambium-epmp-3000-4-9-6-0ghz-17dbi-ip65-sector-antenna\/#primaryimage"},"image":{"@id":"https:\/\/www.4netonline.com\/wpg\/product\/cambium-epmp-3000-4-9-6-0ghz-17dbi-ip65-sector-antenna\/#primaryimage"},"thumbnailUrl":"https:\/\/www.4netonline.com\/wpg\/wp-content\/uploads\/2020\/03\/43.jpg","datePublished":"2020-03-05T21:25:14+00:00","dateModified":"2023-04-14T17:34:40+00:00","description":"Cambium ePMP 3000 4.9-6.0GHz 17dBi IP65 Sector Antenna C050910D301A Cambium ePMP 3000 Sector Antenna consistent gain from 4.9 to 6.0 GHz","breadcrumb":{"@id":"https:\/\/www.4netonline.com\/wpg\/product\/cambium-epmp-3000-4-9-6-0ghz-17dbi-ip65-sector-antenna\/#breadcrumb"},"inLanguage":"en-US","potentialAction":[{"@type":"ReadAction","target":["https:\/\/www.4netonline.com\/wpg\/product\/cambium-epmp-3000-4-9-6-0ghz-17dbi-ip65-sector-antenna\/"]}]},{"@type":"ImageObject","inLanguage":"en-US","@id":"https:\/\/www.4netonline.com\/wpg\/product\/cambium-epmp-3000-4-9-6-0ghz-17dbi-ip65-sector-antenna\/#primaryimage","url":"https:\/\/www.4netonline.com\/wpg\/wp-content\/uploads\/2020\/03\/43.jpg","contentUrl":"https:\/\/www.4netonline.com\/wpg\/wp-content\/uploads\/2020\/03\/43.jpg","width":500,"height":500,"caption":"Cambium ePMP 3000"},{"@type":"BreadcrumbList","@id":"https:\/\/www.4netonline.com\/wpg\/product\/cambium-epmp-3000-4-9-6-0ghz-17dbi-ip65-sector-antenna\/#breadcrumb","itemListElement":[{"@type":"ListItem","position":1,"name":"Home","item":"https:\/\/www.4netonline.com\/wpg\/"},{"@type":"ListItem","position":2,"name":"Shop","item":"https:\/\/www.4netonline.com\/wpg\/shop-2\/"},{"@type":"ListItem","position":3,"name":"ePMP 3000 C050910D301A"}]},{"@type":"WebSite","@id":"https:\/\/www.4netonline.com\/wpg\/#website","url":"https:\/\/www.4netonline.com\/wpg\/","name":"4Net Networking","description":"","publisher":{"@id":"https:\/\/www.4netonline.com\/wpg\/#organization"},"potentialAction":[{"@type":"SearchAction","target":{"@type":"EntryPoint","urlTemplate":"https:\/\/www.4netonline.com\/wpg\/?s={search_term_string}"},"query-input":{"@type":"PropertyValueSpecification","valueRequired":true,"valueName":"search_term_string"}}],"inLanguage":"en-US"},{"@type":"Organization","@id":"https:\/\/www.4netonline.com\/wpg\/#organization","name":"4net Networks","url":"https:\/\/www.4netonline.com\/wpg\/","logo":{"@type":"ImageObject","inLanguage":"en-US","@id":"https:\/\/www.4netonline.com\/wpg\/#\/schema\/logo\/image\/","url":"","contentUrl":"","caption":"4net Networks"},"image":{"@id":"https:\/\/www.4netonline.com\/wpg\/#\/schema\/logo\/image\/"},"sameAs":["https:\/\/www.facebook.com\/4netNetworking\/","https:\/\/x.com\/4netonline","https:\/\/www.linkedin.com\/company\/4net-networking-corp","https:\/\/www.youtube.com\/channel\/UCmHmX1rrKiDV0uOWZBVSn7g"]}]}},"_links":{"self":[{"href":"https:\/\/www.4netonline.com\/wpg\/wp-json\/wp\/v2\/product\/35169","targetHints":{"allow":["GET"]}}],"collection":[{"href":"https:\/\/www.4netonline.com\/wpg\/wp-json\/wp\/v2\/product"}],"about":[{"href":"https:\/\/www.4netonline.com\/wpg\/wp-json\/wp\/v2\/types\/product"}],"version-history":[{"count":0,"href":"https:\/\/www.4netonline.com\/wpg\/wp-json\/wp\/v2\/product\/35169\/revisions"}],"wp:featuredmedia":[{"embeddable":true,"href":"https:\/\/www.4netonline.com\/wpg\/wp-json\/wp\/v2\/media\/35170"}],"wp:attachment":[{"href":"https:\/\/www.4netonline.com\/wpg\/wp-json\/wp\/v2\/media?parent=35169"}],"wp:term":[{"taxonomy":"brand","embeddable":true,"href":"https:\/\/www.4netonline.com\/wpg\/wp-json\/wp\/v2\/etheme_brands?post=35169"},{"taxonomy":"product_brand","embeddable":true,"href":"https:\/\/www.4netonline.com\/wpg\/wp-json\/wp\/v2\/product_brand?post=35169"},{"taxonomy":"product_cat","embeddable":true,"href":"https:\/\/www.4netonline.com\/wpg\/wp-json\/wp\/v2\/product_cat?post=35169"},{"taxonomy":"product_tag","embeddable":true,"href":"https:\/\/www.4netonline.com\/wpg\/wp-json\/wp\/v2\/product_tag?post=35169"}],"curies":[{"name":"wp","href":"https:\/\/api.w.org\/{rel}","templated":true}]}}