{"id":34030,"date":"2019-09-04T08:47:06","date_gmt":"2019-09-04T13:47:06","guid":{"rendered":"https:\/\/4netonline.com\/wpg\/?post_type=product&#038;p=34030"},"modified":"2023-08-25T10:35:30","modified_gmt":"2023-08-25T15:35:30","slug":"single-sheet-armoured-cable-direct-buried-anti-rodent","status":"publish","type":"product","link":"https:\/\/www.4netonline.com\/wpg\/product\/single-sheet-armoured-cable-direct-buried-anti-rodent\/","title":{"rendered":"FO Directs SSAC-09G652XXXSB-IN PREMIUM"},"content":{"rendered":"<p>Armored Fiber Optic Cable is ideal for physically protecting the delicate fiber cables and avoiding any unnecessary network downtime. In today\u2019s times, the consequences are costly and time-consuming. Why not protect your cables now? Use Armored Fiber Optic Cables to add an extra level of security to your installation when rodents, moisture, and other common threats to your signal are a concern.<\/p>\n<p>Armored fiber cables can be installed in both indoor or outdoor applications. Use armored cable and never worry about having damaged cables again.<\/p>\n<p>&nbsp;<\/p>\n<p>Single Sheet Armoured Cable<\/p>\n<p>&nbsp;<\/p>\n<p style=\"text-align: center\"><a href=\"https:\/\/4netonline.com\/wpg\/sales-team\/franklin-gutierrez-herrera\/\">Questions?<\/a><\/p>\n<section id=\"ember1963\" class=\"mb3 container-with-shadow ember-view\">\n<h4 class=\"t-18 t-black t-normal mb5\"><span style=\"color: #ffffff\">Overview<\/span><\/h4>\n<p class=\"break-words white-space-pre-wrap mb5 t-14 t-black--light t-normal\"><span style=\"color: #ffffff\">Somos un Distribuidor Master Mayorista localizado en Miami, FL. USA. Contamos con m\u00e1s de 18 a\u00f1os de experiencias y amplia presencia en Latinoam\u00e9rica. Productos; -Cableado estructurado -Conectores y accesorios para instalaci\u00f3n de cableados -Productos para aplicaciones profesionales de Wireless (Wi-Fi); Switch, Routers, Antenas, Mesh, -Equipo de vigilancia &amp; CCTV y accesorios; Somos distribuidores directos de marcas l\u00edderes en el mercado, tenemos varios programas donde ofrecemos bajos precios para compa\u00f1\u00edas aliadas. Usted y su empresa se beneficiar\u00e1 del ahorro y otras ventajas que la har\u00e1n m\u00e1s atractiva a sus clientes con las siguientes marcas: Ubiquiti Mikrotik Cambium Networks Radwin Tenda Dotix Cablix Ligowave Grandstream Hyperlink Quest Tycon Wireless Itelite TpLink Wiess-Antenna Altelix Trendnet Alfa Fire4 RF Armor Exportamos a: Argentina Bolivia Brasil Chile Colombia Costa Rica Ecuador M\u00e9xico Paraguay Panam\u00e1 Per\u00fa Puerto Rico Uruguay El Caribe Venezuela &#8212;&#8212;&#8212;&#8212;&#8212;&#8212;&#8212;&#8212;&#8212;&#8212;&#8212;&#8212;&#8212;&#8212;&#8212;&#8212;&#8212;&#8212;&#8212;&#8212;&#8212;&#8212;&#8212;&#8212;&#8212;&#8212;&#8212;&#8212;&#8212;&#8212;&#8212;&#8212;&#8212;&#8212;&#8212;&#8212;&#8212;&#8212;&#8212;&#8212;&#8212;&#8212;&#8211; We are a Master wholesale distributor located in Miami, FL. USA. We have over 18 years of experience and broad presence in Latin America. Line of products; &#8211; Structured Cabling Products; &#8211; Wireless ( Wi-Fi based) products for Professional Applications; &#8211; CCTV &amp; Surveillance equipments and accessories; We are direct distributors of leading brands in the market, we have several programs where we offer low prices for allied companies. You and your company will benefit from the savings and other benefits that will make your business more attractive to your customers with the following brands:<\/span><\/p>\n<dl class=\"overflow-hidden\">\n<dt class=\"org-page-details__definition-term t-14 t-black t-bold\"><span style=\"color: #ffffff\">Website<\/span><\/dt>\n<dd class=\"org-page-details__definition-text t-14 t-black--light t-normal\"><span style=\"color: #ffffff\"><a id=\"ember1964\" class=\"link-without-visited-state ember-view\" style=\"color: #ffffff\" href=\"https:\/\/4netonline.com\/wpg\/\" target=\"_blank\" rel=\"noopener noreferrer\" data-control-name=\"page_details_module_website_external_link\"><span class=\"link-without-visited-state\" dir=\"ltr\">https:\/\/4netonline.com\/wpg\/<\/span><\/a><\/span><\/dd>\n<dt class=\"org-page-details__definition-term t-14 t-black t-bold\"><span style=\"color: #ffffff\">Phone<\/span><\/dt>\n<dd class=\"org-page-details__definition-text t-14 t-black--light t-normal\"><span style=\"color: #ffffff\"><a id=\"ember1965\" class=\"link-without-visited-state ember-view\" style=\"color: #ffffff\" href=\"tel:(305) 712-6680\" target=\"_blank\" rel=\"noopener noreferrer\" data-control-name=\"page_details_module_phone_external_link\"><span class=\"link-without-visited-state\" dir=\"ltr\" aria-hidden=\"true\">(305) 712-6680<\/span><span class=\"visually-hidden\">Phone number is (305) 712-6680<\/span><\/a><\/span><\/dd>\n<dt class=\"org-page-details__definition-term t-14 t-black t-bold\"><span style=\"color: #ffffff\">Industry<\/span><\/dt>\n<dd class=\"org-page-details__definition-text t-14 t-black--light t-normal\"><span style=\"color: #ffffff\">Computer Networking<\/span><\/dd>\n<dt class=\"org-page-details__definition-term t-14 t-black t-bold\"><span style=\"color: #ffffff\">Company size<\/span><\/dt>\n<dd class=\"org-about-company-module__company-size-definition-text t-14 t-black--light fl mb1\"><span style=\"color: #ffffff\">11-50 employees<\/span><\/dd>\n<dd class=\"org-page-details__employees-on-linkedin-count t-14 t-black--light mb5\"><span style=\"color: #ffffff\">11 on LinkedIn\u00a0<\/span><\/dd>\n<dt class=\"org-page-details__definition-term t-14 t-black t-bold\"><span style=\"color: #ffffff\">Headquarters<\/span><\/dt>\n<dd class=\"org-page-details__definition-text t-14 t-black--light t-normal\"><span style=\"color: #ffffff\">Miami, Florida<\/span><\/dd>\n<dt class=\"org-page-details__definition-term t-14 t-black t-bold\"><span style=\"color: #ffffff\">Type<\/span><\/dt>\n<dd class=\"org-page-details__definition-text t-14 t-black--light t-normal\"><span style=\"color: #ffffff\">Partnership<\/span><\/dd>\n<dt class=\"org-page-details__definition-term t-14 t-black t-bold\"><span style=\"color: #ffffff\">Founded<\/span><\/dt>\n<dd class=\"org-page-details__definition-text t-14 t-black--light t-normal\"><span style=\"color: #ffffff\">1999<\/span><\/dd>\n<dt class=\"org-page-details__definition-term t-14 t-black t-bold\"><span style=\"color: #ffffff\">Specialties<\/span><\/dt>\n<dd class=\"org-page-details__definition-text t-14 t-black--light t-normal\" dir=\"ltr\"><span style=\"color: #ffffff\">ethernet, internet, wireless, routers, optic fiber, telecomunicaciones, cctv, video, cables, cat6, cat5, antennas, redes, network, distribuidor, and wholesale<\/span><\/dd>\n<\/dl>\n<\/section>\n<div id=\"ember1970\" class=\"container-with-shadow p0 ember-view\">\n<header class=\"p4\">\n<h3 class=\"t-18\"><span style=\"color: #ffffff\">Locations (1)<\/span><\/h3>\n<div id=\"ember1971\" class=\"org-location-card pv2 ember-view\">\n<div>\n<p><span class=\"label-16dp\" style=\"color: #ffffff\" aria-label=\"This location is the primary office.\">Primary<\/span><\/p>\n<h4 class=\"t-14 t-black--light t-bold mr1 mt1\" dir=\"ltr\"><span style=\"color: #ffffff\">Miami, FL &#8211; USA<\/span><\/h4>\n<\/div>\n<p class=\"t-14 t-black--light t-normal break-words\" dir=\"ltr\"><span style=\"color: #ffffff\">4515 NW 72nd Ave, Miami, Florida 33166, US<\/span><\/p>\n<p><span style=\"color: #ffffff\"><a id=\"ember1972\" class=\"mt2 t-14 t-black t-bold ember-view\" style=\"color: #ffffff\" href=\"https:\/\/www.bing.com\/maps?where=4515%20NW%2072nd%20Ave%2C%20Miami%2C%20Florida%2033166%2C%20US\" target=\"_blank\" rel=\"noopener noreferrer\" data-control-name=\"locations_module_directions_link\"><span class=\"link-without-visited-state\" aria-hidden=\"true\">Get directions\u00a0<\/span><span class=\"visually-hidden\">Get directions to 4515 NW 72nd Ave, Miami, Florida 33166, US<\/span><\/a><\/span><\/p>\n<\/div>\n<\/header>\n<div class=\"org-locations-module__map-container display-flex\">\n<div class=\"flex-1 relative\"><\/div>\n<\/div>\n<\/div>\n<p><span style=\"color: #ffffff\">Single Sheet Armoured Cable<\/span><\/p>\n","protected":false},"excerpt":{"rendered":"<p>Armored Fiber Optic Cable is ideal for physically protecting the delicate fiber cables and avoiding any unnecessary network downtime. In&#8230;<\/p>\n","protected":false},"featured_media":42427,"template":"","meta":[],"etheme_brands":[{"term_id":1115,"name":"Cablix","slug":"cablix","term_group":0,"term_taxonomy_id":1115,"taxonomy":"brand","description":"","parent":0,"count":181,"filter":"raw"}],"product_brand":[],"product_cat":[1420,1401,1407],"product_tag":[],"class_list":{"0":"post-34030","1":"product","2":"type-product","3":"status-publish","4":"has-post-thumbnail","6":"brand-cablix","7":"product_cat-cablix-fiber-bulk-fiber","8":"product_cat-cablix","9":"product_cat-cablix-fiber","11":"first","12":"instock","13":"taxable","14":"shipping-taxable","15":"purchasable","16":"product-type-simple"},"yoast_head":"<!-- This site is optimized with the Yoast SEO plugin v27.3 - https:\/\/yoast.com\/product\/yoast-seo-wordpress\/ -->\n<title>FO Directs SSAC-09G652XXXSB-IN PREMIUM - 4Net Networking<\/title>\n<meta name=\"description\" content=\"Single Sheet Armoured Cable Armored fiber cables can be installed in both indoor or outdoor applications. Use armored cable and never worry\" \/>\n<meta name=\"robots\" content=\"index, follow, max-snippet:-1, max-image-preview:large, max-video-preview:-1\" \/>\n<link rel=\"canonical\" href=\"https:\/\/www.4netonline.com\/wpg\/product\/single-sheet-armoured-cable-direct-buried-anti-rodent\/\" \/>\n<meta property=\"og:locale\" content=\"en_US\" \/>\n<meta property=\"og:type\" content=\"article\" \/>\n<meta property=\"og:title\" content=\"FO Directs SSAC-09G652XXXSB-IN PREMIUM - 4Net Networking\" \/>\n<meta property=\"og:description\" content=\"Single Sheet Armoured Cable Armored fiber cables can be installed in both indoor or outdoor applications. Use armored cable and never worry\" \/>\n<meta property=\"og:url\" content=\"https:\/\/www.4netonline.com\/wpg\/product\/single-sheet-armoured-cable-direct-buried-anti-rodent\/\" \/>\n<meta property=\"og:site_name\" content=\"4Net Networking\" \/>\n<meta property=\"article:publisher\" content=\"https:\/\/www.facebook.com\/4netNetworking\/\" \/>\n<meta property=\"article:modified_time\" content=\"2023-08-25T15:35:30+00:00\" \/>\n<meta property=\"og:image\" content=\"https:\/\/www.4netonline.com\/wpg\/wp-content\/uploads\/2019\/09\/09.jpg\" \/>\n\t<meta property=\"og:image:width\" content=\"960\" \/>\n\t<meta property=\"og:image:height\" content=\"960\" \/>\n\t<meta property=\"og:image:type\" content=\"image\/jpeg\" \/>\n<meta name=\"twitter:card\" content=\"summary_large_image\" \/>\n<meta name=\"twitter:site\" content=\"@4netonline\" \/>\n<meta name=\"twitter:label1\" content=\"Est. reading time\" \/>\n\t<meta name=\"twitter:data1\" content=\"2 minutes\" \/>\n<script type=\"application\/ld+json\" class=\"yoast-schema-graph\">{\"@context\":\"https:\\\/\\\/schema.org\",\"@graph\":[{\"@type\":\"WebPage\",\"@id\":\"https:\\\/\\\/www.4netonline.com\\\/wpg\\\/product\\\/single-sheet-armoured-cable-direct-buried-anti-rodent\\\/\",\"url\":\"https:\\\/\\\/www.4netonline.com\\\/wpg\\\/product\\\/single-sheet-armoured-cable-direct-buried-anti-rodent\\\/\",\"name\":\"FO Directs SSAC-09G652XXXSB-IN PREMIUM - 4Net Networking\",\"isPartOf\":{\"@id\":\"https:\\\/\\\/www.4netonline.com\\\/wpg\\\/#website\"},\"primaryImageOfPage\":{\"@id\":\"https:\\\/\\\/www.4netonline.com\\\/wpg\\\/product\\\/single-sheet-armoured-cable-direct-buried-anti-rodent\\\/#primaryimage\"},\"image\":{\"@id\":\"https:\\\/\\\/www.4netonline.com\\\/wpg\\\/product\\\/single-sheet-armoured-cable-direct-buried-anti-rodent\\\/#primaryimage\"},\"thumbnailUrl\":\"https:\\\/\\\/www.4netonline.com\\\/wpg\\\/wp-content\\\/uploads\\\/2019\\\/09\\\/09.jpg\",\"datePublished\":\"2019-09-04T13:47:06+00:00\",\"dateModified\":\"2023-08-25T15:35:30+00:00\",\"description\":\"Single Sheet Armoured Cable Armored fiber cables can be installed in both indoor or outdoor applications. Use armored cable and never worry\",\"breadcrumb\":{\"@id\":\"https:\\\/\\\/www.4netonline.com\\\/wpg\\\/product\\\/single-sheet-armoured-cable-direct-buried-anti-rodent\\\/#breadcrumb\"},\"inLanguage\":\"en-US\",\"potentialAction\":[{\"@type\":\"ReadAction\",\"target\":[\"https:\\\/\\\/www.4netonline.com\\\/wpg\\\/product\\\/single-sheet-armoured-cable-direct-buried-anti-rodent\\\/\"]}]},{\"@type\":\"ImageObject\",\"inLanguage\":\"en-US\",\"@id\":\"https:\\\/\\\/www.4netonline.com\\\/wpg\\\/product\\\/single-sheet-armoured-cable-direct-buried-anti-rodent\\\/#primaryimage\",\"url\":\"https:\\\/\\\/www.4netonline.com\\\/wpg\\\/wp-content\\\/uploads\\\/2019\\\/09\\\/09.jpg\",\"contentUrl\":\"https:\\\/\\\/www.4netonline.com\\\/wpg\\\/wp-content\\\/uploads\\\/2019\\\/09\\\/09.jpg\",\"width\":960,\"height\":960},{\"@type\":\"BreadcrumbList\",\"@id\":\"https:\\\/\\\/www.4netonline.com\\\/wpg\\\/product\\\/single-sheet-armoured-cable-direct-buried-anti-rodent\\\/#breadcrumb\",\"itemListElement\":[{\"@type\":\"ListItem\",\"position\":1,\"name\":\"Home\",\"item\":\"https:\\\/\\\/www.4netonline.com\\\/wpg\\\/\"},{\"@type\":\"ListItem\",\"position\":2,\"name\":\"Shop\",\"item\":\"https:\\\/\\\/www.4netonline.com\\\/wpg\\\/shop-2\\\/\"},{\"@type\":\"ListItem\",\"position\":3,\"name\":\"FO Directs SSAC-09G652XXXSB-IN PREMIUM\"}]},{\"@type\":\"WebSite\",\"@id\":\"https:\\\/\\\/www.4netonline.com\\\/wpg\\\/#website\",\"url\":\"https:\\\/\\\/www.4netonline.com\\\/wpg\\\/\",\"name\":\"4Net Networking\",\"description\":\"\",\"publisher\":{\"@id\":\"https:\\\/\\\/www.4netonline.com\\\/wpg\\\/#organization\"},\"potentialAction\":[{\"@type\":\"SearchAction\",\"target\":{\"@type\":\"EntryPoint\",\"urlTemplate\":\"https:\\\/\\\/www.4netonline.com\\\/wpg\\\/?s={search_term_string}\"},\"query-input\":{\"@type\":\"PropertyValueSpecification\",\"valueRequired\":true,\"valueName\":\"search_term_string\"}}],\"inLanguage\":\"en-US\"},{\"@type\":\"Organization\",\"@id\":\"https:\\\/\\\/www.4netonline.com\\\/wpg\\\/#organization\",\"name\":\"4net Networks\",\"url\":\"https:\\\/\\\/www.4netonline.com\\\/wpg\\\/\",\"logo\":{\"@type\":\"ImageObject\",\"inLanguage\":\"en-US\",\"@id\":\"https:\\\/\\\/www.4netonline.com\\\/wpg\\\/#\\\/schema\\\/logo\\\/image\\\/\",\"url\":\"\",\"contentUrl\":\"\",\"caption\":\"4net Networks\"},\"image\":{\"@id\":\"https:\\\/\\\/www.4netonline.com\\\/wpg\\\/#\\\/schema\\\/logo\\\/image\\\/\"},\"sameAs\":[\"https:\\\/\\\/www.facebook.com\\\/4netNetworking\\\/\",\"https:\\\/\\\/x.com\\\/4netonline\",\"https:\\\/\\\/www.linkedin.com\\\/company\\\/4net-networking-corp\",\"https:\\\/\\\/www.youtube.com\\\/channel\\\/UCmHmX1rrKiDV0uOWZBVSn7g\"]}]}<\/script>\n<!-- \/ Yoast SEO plugin. -->","yoast_head_json":{"title":"FO Directs SSAC-09G652XXXSB-IN PREMIUM - 4Net Networking","description":"Single Sheet Armoured Cable Armored fiber cables can be installed in both indoor or outdoor applications. Use armored cable and never worry","robots":{"index":"index","follow":"follow","max-snippet":"max-snippet:-1","max-image-preview":"max-image-preview:large","max-video-preview":"max-video-preview:-1"},"canonical":"https:\/\/www.4netonline.com\/wpg\/product\/single-sheet-armoured-cable-direct-buried-anti-rodent\/","og_locale":"en_US","og_type":"article","og_title":"FO Directs SSAC-09G652XXXSB-IN PREMIUM - 4Net Networking","og_description":"Single Sheet Armoured Cable Armored fiber cables can be installed in both indoor or outdoor applications. Use armored cable and never worry","og_url":"https:\/\/www.4netonline.com\/wpg\/product\/single-sheet-armoured-cable-direct-buried-anti-rodent\/","og_site_name":"4Net Networking","article_publisher":"https:\/\/www.facebook.com\/4netNetworking\/","article_modified_time":"2023-08-25T15:35:30+00:00","og_image":[{"width":960,"height":960,"url":"https:\/\/www.4netonline.com\/wpg\/wp-content\/uploads\/2019\/09\/09.jpg","type":"image\/jpeg"}],"twitter_card":"summary_large_image","twitter_site":"@4netonline","twitter_misc":{"Est. reading time":"2 minutes"},"schema":{"@context":"https:\/\/schema.org","@graph":[{"@type":"WebPage","@id":"https:\/\/www.4netonline.com\/wpg\/product\/single-sheet-armoured-cable-direct-buried-anti-rodent\/","url":"https:\/\/www.4netonline.com\/wpg\/product\/single-sheet-armoured-cable-direct-buried-anti-rodent\/","name":"FO Directs SSAC-09G652XXXSB-IN PREMIUM - 4Net Networking","isPartOf":{"@id":"https:\/\/www.4netonline.com\/wpg\/#website"},"primaryImageOfPage":{"@id":"https:\/\/www.4netonline.com\/wpg\/product\/single-sheet-armoured-cable-direct-buried-anti-rodent\/#primaryimage"},"image":{"@id":"https:\/\/www.4netonline.com\/wpg\/product\/single-sheet-armoured-cable-direct-buried-anti-rodent\/#primaryimage"},"thumbnailUrl":"https:\/\/www.4netonline.com\/wpg\/wp-content\/uploads\/2019\/09\/09.jpg","datePublished":"2019-09-04T13:47:06+00:00","dateModified":"2023-08-25T15:35:30+00:00","description":"Single Sheet Armoured Cable Armored fiber cables can be installed in both indoor or outdoor applications. Use armored cable and never worry","breadcrumb":{"@id":"https:\/\/www.4netonline.com\/wpg\/product\/single-sheet-armoured-cable-direct-buried-anti-rodent\/#breadcrumb"},"inLanguage":"en-US","potentialAction":[{"@type":"ReadAction","target":["https:\/\/www.4netonline.com\/wpg\/product\/single-sheet-armoured-cable-direct-buried-anti-rodent\/"]}]},{"@type":"ImageObject","inLanguage":"en-US","@id":"https:\/\/www.4netonline.com\/wpg\/product\/single-sheet-armoured-cable-direct-buried-anti-rodent\/#primaryimage","url":"https:\/\/www.4netonline.com\/wpg\/wp-content\/uploads\/2019\/09\/09.jpg","contentUrl":"https:\/\/www.4netonline.com\/wpg\/wp-content\/uploads\/2019\/09\/09.jpg","width":960,"height":960},{"@type":"BreadcrumbList","@id":"https:\/\/www.4netonline.com\/wpg\/product\/single-sheet-armoured-cable-direct-buried-anti-rodent\/#breadcrumb","itemListElement":[{"@type":"ListItem","position":1,"name":"Home","item":"https:\/\/www.4netonline.com\/wpg\/"},{"@type":"ListItem","position":2,"name":"Shop","item":"https:\/\/www.4netonline.com\/wpg\/shop-2\/"},{"@type":"ListItem","position":3,"name":"FO Directs SSAC-09G652XXXSB-IN PREMIUM"}]},{"@type":"WebSite","@id":"https:\/\/www.4netonline.com\/wpg\/#website","url":"https:\/\/www.4netonline.com\/wpg\/","name":"4Net Networking","description":"","publisher":{"@id":"https:\/\/www.4netonline.com\/wpg\/#organization"},"potentialAction":[{"@type":"SearchAction","target":{"@type":"EntryPoint","urlTemplate":"https:\/\/www.4netonline.com\/wpg\/?s={search_term_string}"},"query-input":{"@type":"PropertyValueSpecification","valueRequired":true,"valueName":"search_term_string"}}],"inLanguage":"en-US"},{"@type":"Organization","@id":"https:\/\/www.4netonline.com\/wpg\/#organization","name":"4net Networks","url":"https:\/\/www.4netonline.com\/wpg\/","logo":{"@type":"ImageObject","inLanguage":"en-US","@id":"https:\/\/www.4netonline.com\/wpg\/#\/schema\/logo\/image\/","url":"","contentUrl":"","caption":"4net Networks"},"image":{"@id":"https:\/\/www.4netonline.com\/wpg\/#\/schema\/logo\/image\/"},"sameAs":["https:\/\/www.facebook.com\/4netNetworking\/","https:\/\/x.com\/4netonline","https:\/\/www.linkedin.com\/company\/4net-networking-corp","https:\/\/www.youtube.com\/channel\/UCmHmX1rrKiDV0uOWZBVSn7g"]}]}},"_links":{"self":[{"href":"https:\/\/www.4netonline.com\/wpg\/wp-json\/wp\/v2\/product\/34030","targetHints":{"allow":["GET"]}}],"collection":[{"href":"https:\/\/www.4netonline.com\/wpg\/wp-json\/wp\/v2\/product"}],"about":[{"href":"https:\/\/www.4netonline.com\/wpg\/wp-json\/wp\/v2\/types\/product"}],"version-history":[{"count":0,"href":"https:\/\/www.4netonline.com\/wpg\/wp-json\/wp\/v2\/product\/34030\/revisions"}],"wp:featuredmedia":[{"embeddable":true,"href":"https:\/\/www.4netonline.com\/wpg\/wp-json\/wp\/v2\/media\/42427"}],"wp:attachment":[{"href":"https:\/\/www.4netonline.com\/wpg\/wp-json\/wp\/v2\/media?parent=34030"}],"wp:term":[{"taxonomy":"brand","embeddable":true,"href":"https:\/\/www.4netonline.com\/wpg\/wp-json\/wp\/v2\/etheme_brands?post=34030"},{"taxonomy":"product_brand","embeddable":true,"href":"https:\/\/www.4netonline.com\/wpg\/wp-json\/wp\/v2\/product_brand?post=34030"},{"taxonomy":"product_cat","embeddable":true,"href":"https:\/\/www.4netonline.com\/wpg\/wp-json\/wp\/v2\/product_cat?post=34030"},{"taxonomy":"product_tag","embeddable":true,"href":"https:\/\/www.4netonline.com\/wpg\/wp-json\/wp\/v2\/product_tag?post=34030"}],"curies":[{"name":"wp","href":"https:\/\/api.w.org\/{rel}","templated":true}]}}