{"id":33909,"date":"2019-08-23T11:17:57","date_gmt":"2019-08-23T16:17:57","guid":{"rendered":"https:\/\/4netonline.com\/wpg\/?post_type=product&#038;p=33909"},"modified":"2023-08-25T10:38:30","modified_gmt":"2023-08-25T15:38:30","slug":"suspension-clamp","status":"publish","type":"product","link":"https:\/\/www.4netonline.com\/wpg\/product\/suspension-clamp\/","title":{"rendered":"SUSPENSION CLAMP OFT-SCN"},"content":{"rendered":"<p>OFT-SCN Suspension Clamp Set Pole Clamp For Hanging Cable<\/p>\n<p style=\"text-align: center\"><a href=\"https:\/\/4netonline.com\/wpg\/sales-team\/franklin-gutierrez-herrera\/\">Questions?<\/a><\/p>\n<p><span style=\"color: #ffffff\">OFT-SCN Suspension Clamp Set Pole Clamp For Hanging Cable<\/span><\/p>\n<p><span style=\"color: #ffffff\">SUSPENSION CLAMP <\/span><\/p>\n<section id=\"ember2060\" class=\"mb3 container-with-shadow ember-view\">\n<h4 class=\"t-18 t-black t-normal mb5\"><span style=\"color: #ffffff\">Overview<\/span><\/h4>\n<p class=\"break-words white-space-pre-wrap mb5 t-14 t-black--light t-normal\"><span style=\"color: #ffffff\">Somos un Distribuidor Master Mayorista localizado en Miami, FL. USA. Contamos con m\u00e1s de 18 a\u00f1os de experiencias y amplia presencia en Latinoam\u00e9rica. Productos; -Cableado estructurado -Conectores y accesorios para instalaci\u00f3n de cableados -Productos para aplicaciones profesionales de Wireless (Wi-Fi); Switch, Routers, Antenas, Mesh, -Equipo de vigilancia &amp; CCTV y accesorios; Somos distribuidores directos de marcas l\u00edderes en el mercado, tenemos varios programas donde ofrecemos bajos precios para compa\u00f1\u00edas aliadas. Usted y su empresa se beneficiar\u00e1 del ahorro y otras ventajas que la har\u00e1n m\u00e1s atractiva a sus clientes con las siguientes marcas: Ubiquiti Mikrotik Cambium Networks Radwin Tenda Dotix Cablix Ligowave Grandstream Hyperlink Quest Tycon Wireless Itelite TpLink Wiess-Antenna Altelix Trendnet Alfa Fire4 RF Armor Exportamos a: Argentina Bolivia Brasil Chile Colombia Costa Rica Ecuador M\u00e9xico Paraguay Panam\u00e1 Per\u00fa Puerto Rico Uruguay El Caribe Venezuela &#8212;&#8212;&#8212;&#8212;&#8212;&#8212;&#8212;&#8212;&#8212;&#8212;&#8212;&#8212;&#8212;&#8212;&#8212;&#8212;&#8212;&#8212;&#8212;&#8212;&#8212;&#8212;&#8212;&#8212;&#8212;&#8212;&#8212;&#8212;&#8212;&#8212;&#8212;&#8212;&#8212;&#8212;&#8212;&#8212;&#8212;&#8212;&#8212;&#8212;&#8212;&#8212;&#8211; We are a Master wholesale distributor located in Miami, FL. USA. We have over 18 years of experience and broad presence in Latin America. Line of products; &#8211; Structured Cabling Products; &#8211; Wireless ( Wi-Fi based) products for Professional Applications; &#8211; CCTV &amp; Surveillance equipments and accessories; We are direct distributors of leading brands in the market, we have several programs where we offer low prices for allied companies. You and your company will benefit from the savings and other benefits that will make your business more attractive to your customers with the following brands:<\/span><\/p>\n<dl class=\"overflow-hidden\">\n<dt class=\"org-page-details__definition-term t-14 t-black t-bold\"><span style=\"color: #ffffff\">Website<\/span><\/dt>\n<dd class=\"org-page-details__definition-text t-14 t-black--light t-normal\"><span style=\"color: #ffffff\"><a id=\"ember2061\" class=\"link-without-visited-state ember-view\" style=\"color: #ffffff\" href=\"https:\/\/4netonline.com\/wpg\/\" target=\"_blank\" rel=\"noopener noreferrer\" data-control-name=\"page_details_module_website_external_link\"><span class=\"link-without-visited-state\" dir=\"ltr\">https:\/\/4netonline.com\/wpg\/<\/span><\/a><\/span><\/dd>\n<dt class=\"org-page-details__definition-term t-14 t-black t-bold\"><span style=\"color: #ffffff\">Phone<\/span><\/dt>\n<dd class=\"org-page-details__definition-text t-14 t-black--light t-normal\"><span style=\"color: #ffffff\"><a id=\"ember2062\" class=\"link-without-visited-state ember-view\" style=\"color: #ffffff\" href=\"tel:(305) 712-6680\" target=\"_blank\" rel=\"noopener noreferrer\" data-control-name=\"page_details_module_phone_external_link\"><span class=\"link-without-visited-state\" dir=\"ltr\" aria-hidden=\"true\">(305) 712-6680<\/span><span class=\"visually-hidden\">Phone number is (305) 712-6680<\/span><\/a><\/span><\/dd>\n<dt class=\"org-page-details__definition-term t-14 t-black t-bold\"><span style=\"color: #ffffff\">Industry<\/span><\/dt>\n<dd class=\"org-page-details__definition-text t-14 t-black--light t-normal\"><span style=\"color: #ffffff\">Computer Networking<\/span><\/dd>\n<dt class=\"org-page-details__definition-term t-14 t-black t-bold\"><span style=\"color: #ffffff\">Company size<\/span><\/dt>\n<dd class=\"org-page-details__definition-text t-14 t-black--light t-normal\"><span style=\"color: #ffffff\">11-50 employees<\/span><\/dd>\n<dt class=\"org-page-details__definition-term t-14 t-black t-bold\"><span style=\"color: #ffffff\">Headquarters<\/span><\/dt>\n<dd class=\"org-page-details__definition-text t-14 t-black--light t-normal\"><span style=\"color: #ffffff\">Miami, Florida<\/span><\/dd>\n<dt class=\"org-page-details__definition-term t-14 t-black t-bold\"><span style=\"color: #ffffff\">Type<\/span><\/dt>\n<dd class=\"org-page-details__definition-text t-14 t-black--light t-normal\"><span style=\"color: #ffffff\">Partnership<\/span><\/dd>\n<dt class=\"org-page-details__definition-term t-14 t-black t-bold\"><span style=\"color: #ffffff\">Founded<\/span><\/dt>\n<dd class=\"org-page-details__definition-text t-14 t-black--light t-normal\"><span style=\"color: #ffffff\">1999<\/span><\/dd>\n<dt class=\"org-page-details__definition-term t-14 t-black t-bold\"><span style=\"color: #ffffff\">Specialties<\/span><\/dt>\n<dd class=\"org-page-details__definition-text t-14 t-black--light t-normal\" dir=\"ltr\"><span style=\"color: #ffffff\">ethernet, internet, wireless, routers, optic fiber, telecomunicaciones, cctv, video, cables, cat6, cat5, antennas, redes, network, distribuidor, and wholesale<\/span><\/dd>\n<\/dl>\n<\/section>\n<div id=\"ember2063\" class=\"container-with-shadow p0 ember-view\">\n<header class=\"p4\">\n<h3 class=\"t-18\"><span style=\"color: #ffffff\">Locations (1)<\/span><\/h3>\n<div id=\"ember2064\" class=\"org-location-card pv2 ember-view\">\n<div>\n<p><span class=\"label-16dp\" style=\"color: #ffffff\" aria-label=\"This location is the primary office.\">Primary<\/span><\/p>\n<h4 class=\"t-14 t-black--light t-bold mr1 mt1\" dir=\"ltr\"><span style=\"color: #ffffff\">Miami, FL &#8211; USA<\/span><\/h4>\n<\/div>\n<p class=\"t-14 t-black--light t-normal break-words\" dir=\"ltr\"><span style=\"color: #ffffff\">4515 NW 72nd Ave, Miami, Florida 33166, US<\/span><\/p>\n<\/div>\n<\/header>\n<\/div>\n<p><span style=\"color: #ffffff\">SUSPENSION CLAMP<\/span><\/p>\n<p><span style=\"color: #ffffff\">Somos un Distribuidor Master Mayorista localizado en Miami, FL. USA. Contamos con m\u00e1s de 18 a\u00f1os de experiencias y amplia presencia en Latinoam\u00e9rica. Productos; -Cableado estructurado<\/span><\/p>\n","protected":false},"excerpt":{"rendered":"<p>OFT-SCN Suspension Clamp Set Pole Clamp For Hanging Cable Questions? OFT-SCN Suspension Clamp Set Pole Clamp For Hanging Cable SUSPENSION&#8230;<\/p>\n","protected":false},"featured_media":34918,"template":"","meta":[],"etheme_brands":[{"term_id":1115,"name":"Cablix","slug":"cablix","term_group":0,"term_taxonomy_id":1115,"taxonomy":"brand","description":"","parent":0,"count":181,"filter":"raw"}],"product_brand":[],"product_cat":[1401,1407,1419],"product_tag":[858],"class_list":{"0":"post-33909","1":"product","2":"type-product","3":"status-publish","4":"has-post-thumbnail","6":"brand-cablix","7":"product_cat-cablix","8":"product_cat-cablix-fiber","9":"product_cat-cablix-fiber-fittings","10":"product_tag-optic","12":"first","13":"instock","14":"taxable","15":"shipping-taxable","16":"purchasable","17":"product-type-simple"},"yoast_head":"<!-- This site is optimized with the Yoast SEO plugin v27.3 - https:\/\/yoast.com\/product\/yoast-seo-wordpress\/ -->\n<title>SUSPENSION CLAMP SUSPENSION CLAMP OFT-SCN - 4Net Networking<\/title>\n<meta name=\"description\" content=\"SUSPENSION CLAMP OFT-SCN Suspension Clamp Set Pole Clamp For Hanging Cable Somos un Distribuidor Master Mayorista Miami, FL. USA.\" \/>\n<meta name=\"robots\" content=\"index, follow, max-snippet:-1, max-image-preview:large, max-video-preview:-1\" \/>\n<link rel=\"canonical\" href=\"https:\/\/www.4netonline.com\/wpg\/product\/suspension-clamp\/\" \/>\n<meta property=\"og:locale\" content=\"en_US\" \/>\n<meta property=\"og:type\" content=\"article\" \/>\n<meta property=\"og:title\" content=\"SUSPENSION CLAMP SUSPENSION CLAMP OFT-SCN - 4Net Networking\" \/>\n<meta property=\"og:description\" content=\"SUSPENSION CLAMP OFT-SCN Suspension Clamp Set Pole Clamp For Hanging Cable Somos un Distribuidor Master Mayorista Miami, FL. USA.\" \/>\n<meta property=\"og:url\" content=\"https:\/\/www.4netonline.com\/wpg\/product\/suspension-clamp\/\" \/>\n<meta property=\"og:site_name\" content=\"4Net Networking\" \/>\n<meta property=\"article:publisher\" content=\"https:\/\/www.facebook.com\/4netNetworking\/\" \/>\n<meta property=\"article:modified_time\" content=\"2023-08-25T15:38:30+00:00\" \/>\n<meta property=\"og:image\" content=\"https:\/\/www.4netonline.com\/wpg\/wp-content\/uploads\/2019\/08\/01B.jpg\" \/>\n\t<meta property=\"og:image:width\" content=\"439\" \/>\n\t<meta property=\"og:image:height\" content=\"452\" \/>\n\t<meta property=\"og:image:type\" content=\"image\/jpeg\" \/>\n<meta name=\"twitter:card\" content=\"summary_large_image\" \/>\n<meta name=\"twitter:site\" content=\"@4netonline\" \/>\n<meta name=\"twitter:label1\" content=\"Est. reading time\" \/>\n\t<meta name=\"twitter:data1\" content=\"2 minutes\" \/>\n<script type=\"application\/ld+json\" class=\"yoast-schema-graph\">{\"@context\":\"https:\\\/\\\/schema.org\",\"@graph\":[{\"@type\":\"WebPage\",\"@id\":\"https:\\\/\\\/www.4netonline.com\\\/wpg\\\/product\\\/suspension-clamp\\\/\",\"url\":\"https:\\\/\\\/www.4netonline.com\\\/wpg\\\/product\\\/suspension-clamp\\\/\",\"name\":\"SUSPENSION CLAMP SUSPENSION CLAMP OFT-SCN - 4Net Networking\",\"isPartOf\":{\"@id\":\"https:\\\/\\\/www.4netonline.com\\\/wpg\\\/#website\"},\"primaryImageOfPage\":{\"@id\":\"https:\\\/\\\/www.4netonline.com\\\/wpg\\\/product\\\/suspension-clamp\\\/#primaryimage\"},\"image\":{\"@id\":\"https:\\\/\\\/www.4netonline.com\\\/wpg\\\/product\\\/suspension-clamp\\\/#primaryimage\"},\"thumbnailUrl\":\"https:\\\/\\\/www.4netonline.com\\\/wpg\\\/wp-content\\\/uploads\\\/2019\\\/08\\\/01B.jpg\",\"datePublished\":\"2019-08-23T16:17:57+00:00\",\"dateModified\":\"2023-08-25T15:38:30+00:00\",\"description\":\"SUSPENSION CLAMP OFT-SCN Suspension Clamp Set Pole Clamp For Hanging Cable Somos un Distribuidor Master Mayorista Miami, FL. USA.\",\"breadcrumb\":{\"@id\":\"https:\\\/\\\/www.4netonline.com\\\/wpg\\\/product\\\/suspension-clamp\\\/#breadcrumb\"},\"inLanguage\":\"en-US\",\"potentialAction\":[{\"@type\":\"ReadAction\",\"target\":[\"https:\\\/\\\/www.4netonline.com\\\/wpg\\\/product\\\/suspension-clamp\\\/\"]}]},{\"@type\":\"ImageObject\",\"inLanguage\":\"en-US\",\"@id\":\"https:\\\/\\\/www.4netonline.com\\\/wpg\\\/product\\\/suspension-clamp\\\/#primaryimage\",\"url\":\"https:\\\/\\\/www.4netonline.com\\\/wpg\\\/wp-content\\\/uploads\\\/2019\\\/08\\\/01B.jpg\",\"contentUrl\":\"https:\\\/\\\/www.4netonline.com\\\/wpg\\\/wp-content\\\/uploads\\\/2019\\\/08\\\/01B.jpg\",\"width\":439,\"height\":452},{\"@type\":\"BreadcrumbList\",\"@id\":\"https:\\\/\\\/www.4netonline.com\\\/wpg\\\/product\\\/suspension-clamp\\\/#breadcrumb\",\"itemListElement\":[{\"@type\":\"ListItem\",\"position\":1,\"name\":\"Home\",\"item\":\"https:\\\/\\\/www.4netonline.com\\\/wpg\\\/\"},{\"@type\":\"ListItem\",\"position\":2,\"name\":\"Shop\",\"item\":\"https:\\\/\\\/www.4netonline.com\\\/wpg\\\/shop-2\\\/\"},{\"@type\":\"ListItem\",\"position\":3,\"name\":\"SUSPENSION CLAMP OFT-SCN\"}]},{\"@type\":\"WebSite\",\"@id\":\"https:\\\/\\\/www.4netonline.com\\\/wpg\\\/#website\",\"url\":\"https:\\\/\\\/www.4netonline.com\\\/wpg\\\/\",\"name\":\"4Net Networking\",\"description\":\"\",\"publisher\":{\"@id\":\"https:\\\/\\\/www.4netonline.com\\\/wpg\\\/#organization\"},\"potentialAction\":[{\"@type\":\"SearchAction\",\"target\":{\"@type\":\"EntryPoint\",\"urlTemplate\":\"https:\\\/\\\/www.4netonline.com\\\/wpg\\\/?s={search_term_string}\"},\"query-input\":{\"@type\":\"PropertyValueSpecification\",\"valueRequired\":true,\"valueName\":\"search_term_string\"}}],\"inLanguage\":\"en-US\"},{\"@type\":\"Organization\",\"@id\":\"https:\\\/\\\/www.4netonline.com\\\/wpg\\\/#organization\",\"name\":\"4net Networks\",\"url\":\"https:\\\/\\\/www.4netonline.com\\\/wpg\\\/\",\"logo\":{\"@type\":\"ImageObject\",\"inLanguage\":\"en-US\",\"@id\":\"https:\\\/\\\/www.4netonline.com\\\/wpg\\\/#\\\/schema\\\/logo\\\/image\\\/\",\"url\":\"\",\"contentUrl\":\"\",\"caption\":\"4net Networks\"},\"image\":{\"@id\":\"https:\\\/\\\/www.4netonline.com\\\/wpg\\\/#\\\/schema\\\/logo\\\/image\\\/\"},\"sameAs\":[\"https:\\\/\\\/www.facebook.com\\\/4netNetworking\\\/\",\"https:\\\/\\\/x.com\\\/4netonline\",\"https:\\\/\\\/www.linkedin.com\\\/company\\\/4net-networking-corp\",\"https:\\\/\\\/www.youtube.com\\\/channel\\\/UCmHmX1rrKiDV0uOWZBVSn7g\"]}]}<\/script>\n<!-- \/ Yoast SEO plugin. -->","yoast_head_json":{"title":"SUSPENSION CLAMP SUSPENSION CLAMP OFT-SCN - 4Net Networking","description":"SUSPENSION CLAMP OFT-SCN Suspension Clamp Set Pole Clamp For Hanging Cable Somos un Distribuidor Master Mayorista Miami, FL. USA.","robots":{"index":"index","follow":"follow","max-snippet":"max-snippet:-1","max-image-preview":"max-image-preview:large","max-video-preview":"max-video-preview:-1"},"canonical":"https:\/\/www.4netonline.com\/wpg\/product\/suspension-clamp\/","og_locale":"en_US","og_type":"article","og_title":"SUSPENSION CLAMP SUSPENSION CLAMP OFT-SCN - 4Net Networking","og_description":"SUSPENSION CLAMP OFT-SCN Suspension Clamp Set Pole Clamp For Hanging Cable Somos un Distribuidor Master Mayorista Miami, FL. USA.","og_url":"https:\/\/www.4netonline.com\/wpg\/product\/suspension-clamp\/","og_site_name":"4Net Networking","article_publisher":"https:\/\/www.facebook.com\/4netNetworking\/","article_modified_time":"2023-08-25T15:38:30+00:00","og_image":[{"width":439,"height":452,"url":"https:\/\/www.4netonline.com\/wpg\/wp-content\/uploads\/2019\/08\/01B.jpg","type":"image\/jpeg"}],"twitter_card":"summary_large_image","twitter_site":"@4netonline","twitter_misc":{"Est. reading time":"2 minutes"},"schema":{"@context":"https:\/\/schema.org","@graph":[{"@type":"WebPage","@id":"https:\/\/www.4netonline.com\/wpg\/product\/suspension-clamp\/","url":"https:\/\/www.4netonline.com\/wpg\/product\/suspension-clamp\/","name":"SUSPENSION CLAMP SUSPENSION CLAMP OFT-SCN - 4Net Networking","isPartOf":{"@id":"https:\/\/www.4netonline.com\/wpg\/#website"},"primaryImageOfPage":{"@id":"https:\/\/www.4netonline.com\/wpg\/product\/suspension-clamp\/#primaryimage"},"image":{"@id":"https:\/\/www.4netonline.com\/wpg\/product\/suspension-clamp\/#primaryimage"},"thumbnailUrl":"https:\/\/www.4netonline.com\/wpg\/wp-content\/uploads\/2019\/08\/01B.jpg","datePublished":"2019-08-23T16:17:57+00:00","dateModified":"2023-08-25T15:38:30+00:00","description":"SUSPENSION CLAMP OFT-SCN Suspension Clamp Set Pole Clamp For Hanging Cable Somos un Distribuidor Master Mayorista Miami, FL. USA.","breadcrumb":{"@id":"https:\/\/www.4netonline.com\/wpg\/product\/suspension-clamp\/#breadcrumb"},"inLanguage":"en-US","potentialAction":[{"@type":"ReadAction","target":["https:\/\/www.4netonline.com\/wpg\/product\/suspension-clamp\/"]}]},{"@type":"ImageObject","inLanguage":"en-US","@id":"https:\/\/www.4netonline.com\/wpg\/product\/suspension-clamp\/#primaryimage","url":"https:\/\/www.4netonline.com\/wpg\/wp-content\/uploads\/2019\/08\/01B.jpg","contentUrl":"https:\/\/www.4netonline.com\/wpg\/wp-content\/uploads\/2019\/08\/01B.jpg","width":439,"height":452},{"@type":"BreadcrumbList","@id":"https:\/\/www.4netonline.com\/wpg\/product\/suspension-clamp\/#breadcrumb","itemListElement":[{"@type":"ListItem","position":1,"name":"Home","item":"https:\/\/www.4netonline.com\/wpg\/"},{"@type":"ListItem","position":2,"name":"Shop","item":"https:\/\/www.4netonline.com\/wpg\/shop-2\/"},{"@type":"ListItem","position":3,"name":"SUSPENSION CLAMP OFT-SCN"}]},{"@type":"WebSite","@id":"https:\/\/www.4netonline.com\/wpg\/#website","url":"https:\/\/www.4netonline.com\/wpg\/","name":"4Net Networking","description":"","publisher":{"@id":"https:\/\/www.4netonline.com\/wpg\/#organization"},"potentialAction":[{"@type":"SearchAction","target":{"@type":"EntryPoint","urlTemplate":"https:\/\/www.4netonline.com\/wpg\/?s={search_term_string}"},"query-input":{"@type":"PropertyValueSpecification","valueRequired":true,"valueName":"search_term_string"}}],"inLanguage":"en-US"},{"@type":"Organization","@id":"https:\/\/www.4netonline.com\/wpg\/#organization","name":"4net Networks","url":"https:\/\/www.4netonline.com\/wpg\/","logo":{"@type":"ImageObject","inLanguage":"en-US","@id":"https:\/\/www.4netonline.com\/wpg\/#\/schema\/logo\/image\/","url":"","contentUrl":"","caption":"4net Networks"},"image":{"@id":"https:\/\/www.4netonline.com\/wpg\/#\/schema\/logo\/image\/"},"sameAs":["https:\/\/www.facebook.com\/4netNetworking\/","https:\/\/x.com\/4netonline","https:\/\/www.linkedin.com\/company\/4net-networking-corp","https:\/\/www.youtube.com\/channel\/UCmHmX1rrKiDV0uOWZBVSn7g"]}]}},"_links":{"self":[{"href":"https:\/\/www.4netonline.com\/wpg\/wp-json\/wp\/v2\/product\/33909","targetHints":{"allow":["GET"]}}],"collection":[{"href":"https:\/\/www.4netonline.com\/wpg\/wp-json\/wp\/v2\/product"}],"about":[{"href":"https:\/\/www.4netonline.com\/wpg\/wp-json\/wp\/v2\/types\/product"}],"version-history":[{"count":0,"href":"https:\/\/www.4netonline.com\/wpg\/wp-json\/wp\/v2\/product\/33909\/revisions"}],"wp:featuredmedia":[{"embeddable":true,"href":"https:\/\/www.4netonline.com\/wpg\/wp-json\/wp\/v2\/media\/34918"}],"wp:attachment":[{"href":"https:\/\/www.4netonline.com\/wpg\/wp-json\/wp\/v2\/media?parent=33909"}],"wp:term":[{"taxonomy":"brand","embeddable":true,"href":"https:\/\/www.4netonline.com\/wpg\/wp-json\/wp\/v2\/etheme_brands?post=33909"},{"taxonomy":"product_brand","embeddable":true,"href":"https:\/\/www.4netonline.com\/wpg\/wp-json\/wp\/v2\/product_brand?post=33909"},{"taxonomy":"product_cat","embeddable":true,"href":"https:\/\/www.4netonline.com\/wpg\/wp-json\/wp\/v2\/product_cat?post=33909"},{"taxonomy":"product_tag","embeddable":true,"href":"https:\/\/www.4netonline.com\/wpg\/wp-json\/wp\/v2\/product_tag?post=33909"}],"curies":[{"name":"wp","href":"https:\/\/api.w.org\/{rel}","templated":true}]}}