{"id":32749,"date":"2019-05-14T10:09:52","date_gmt":"2019-05-14T15:09:52","guid":{"rendered":"https:\/\/4netonline.com\/wpg\/?post_type=product&#038;p=32749"},"modified":"2023-04-13T14:14:25","modified_gmt":"2023-04-13T19:14:25","slug":"epmp-5-ghz-force-130","status":"publish","type":"product","link":"https:\/\/www.4netonline.com\/wpg\/product\/epmp-5-ghz-force-130\/","title":{"rendered":"ePMP Force C050900C505A"},"content":{"rendered":"<header><\/header>\n<p style=\"text-align: center\">\u00a0 \u00a0 \u00a0 \u00a0 \u00a0 \u00a0 \u00a0 \u00a0 \u00a0 \u00a0 \u00a0 \u00a0 \u00a0 \u00a0 \u00a0 \u00a0 \u00a0 \u00a0 \u00a0 \u00a0 \u00a0 \u00a0ePMP Force<\/p>\n<p><strong>Product specifications<\/strong><\/p>\n<hr \/>\n<p>\u2022 Channel spacing: Configurable on 5MHz increments<br \/>\n\u2022 Frequency range: 5GHz:\u00a05150 &#8211; 5970 MHz<br \/>\n\u2022 Channel width: 5, 10, 20, or 40MHz<\/p>\n<p><strong>Interface<\/strong><\/p>\n<hr \/>\n<p>\u2022 MAC (media access control) layer: Cambium proprietary<br \/>\n\u2022 Physical layer: 2&#215;2 MiMO\/OFDM<br \/>\n\u2022 Ethernet interface: 10\/100\/BaseT, Compatible with Cambium PoE pinouts (V+ = 7 &amp; 8, Return = 4 &amp; 5) and Standard PoE pinouts (V+ = 4 &amp; 5, Return = 7 &amp; 8)<br \/>\n\u2022 Protocols used: IPv4, UDP, TCP, IP, ICMP, SNMPv2c, HTTPs, STP, SSH, IGMP Snooping<br \/>\n\u2022 Network management: HTTPs, SNMPv2c, SSH<br \/>\n\u2022 VLAN: 802.1Q with 802.1p priority\u00a0 ePMP Force<\/p>\n<p><strong>Performance\u00a0<\/strong><\/p>\n<hr \/>\n<p>\u2022 ARQ: Yes<br \/>\n\u2022 Nominal receive sensitivity (W\/ FEC) @ 20MHZ Channel: MCS0 = -93 dBm to MCS15 = -72 dBm (per branch)<br \/>\n\u2022 Nominal receive sensitivity (w\/ FEC) @ 40MHZ Channel: MCS0 = -90 dBm to MCS15 = -69 dBm (per branch)<br \/>\n\u2022 Modulations levels (ADAPTIVE): MCS0 (BPSK) to MCS15 (64QAM 5\/6)<br \/>\n\u2022 Latency: (nominal, round trip) 6ms (flexible frame mode), 17ms (GPS sync mode)<br \/>\n\u2022 Quality of service: Three level priority (Voice, High, Low) with packet classification by DSCP, COS, VLAN ID, IP &amp; MAC address, broadcast, multicast and station priority.<\/p>\n<p><strong>Link Budget\u00a0<\/strong><\/p>\n<hr \/>\n<p>\u2022 Transmit power range: -17 to +30dBm (combined, to regional EIRP limit) (1 dB interval)<br \/>\n\u2022 Antenna gain: 14dBi<br \/>\n\u2022 Maximum transit power: 28 dBm combined (subject to regional regulatory restrictions)<\/p>\n<p><strong>Physical<\/strong><\/p>\n<hr \/>\n<p>\u2022 Antenna connection: Integrated antenna<br \/>\n\u2022 Surge suppression: 2 Joule Integrated<br \/>\n\u2022 Environmental: IP55<br \/>\n\u2022 Temperature: -30\u00b0C to +60\u00b0C (-22\u00b0F to +140\u00b0F)<br \/>\n\u2022 Wind survival: 145km\/hour (90mi\/hour) with antenna<br \/>\n\u2022 Dimensions (h x w x d):\u00a012.4 x 25.1 x 11.9 cm\u00a0(11.4 x 5.7 x 3.3in)<br \/>\n\u2022 Power consumption: 10W maximum, 5W typical<br \/>\n\u2022 Input voltage: 10 to 30V<\/p>\n<p><strong>Security<\/strong><br \/>\n\u2022 Encryption: 128-bit AES (CCMP mode)<\/p>\n<p><strong>Product Includes:<\/strong><br \/>\n\u2022 Radio Module<br \/>\n\u2022 Mounting Bracket<br \/>\n\u2022 Power Supply<\/p>\n<header><\/header>\n<header>130 5 GHz<\/header>\n<p>Wireless service providers and enterprises around the globe are challenged to deliver reliable connectivity in overcrowded RF environments. As spectrum increasingly becomes a scarce commodity, finding the right broadband connectivity solution is vital for all low and high density types of deployments.<\/p>\n<p id=\"ui-id-1\" role=\"tab\">SPECTRUM<\/p>\n<ul>\n<li>Channel Spacing: Configurable on 5 MHz increments<\/li>\n<li>Frequency Range: 5150 &#8211; 5970 MHz<\/li>\n<li>Channel Width: 5 | 10 | 20 | 40 MHz<\/li>\n<\/ul>\n<p id=\"ui-id-3\" role=\"tab\">INTERFACE<\/p>\n<ul>\n<li>MAC (Media Access Control) Layer: Cambium Proprietary<\/li>\n<li>Physical Layer: 2&#215;2 MIMO\/OFDM<\/li>\n<li>Ethernet Interface: 10\/100 BaseT<\/li>\n<li>Protocols Used: IPv4, IPv6, UDP, TCP, IP, ICMP, SNMPv2c, HTTPs, STP, SSH, 24V POE, IGMP Snooping<\/li>\n<\/ul>\n<p id=\"ui-id-5\" role=\"tab\">PHYSICAL<\/p>\n<ul>\n<li>Surge Suppression: 1 Joule Integrated<\/li>\n<li>Environmental: IP55<\/li>\n<li>Temperature: -30\u00b0C to +55\u00b0C (-22\u00b0F to +122\u00b0F)<\/li>\n<li>Weight: 0.35 kg (0.88 lbs)<\/li>\n<li>Wind Survival: 125 km\/hour (78 mi\/hour)<\/li>\n<\/ul>\n<p>ePMP Force<\/p>\n<p>&nbsp;<\/p>\n<p style=\"text-align: center\"><a href=\"https:\/\/4netonline.com\/wpg\/sales-team\/franklin-gutierrez-herrera\/\">Questions?<\/a><\/p>\n<h4 class=\"t-18 t-black t-normal mb5\"><span style=\"color: #ffffff\">Overview<\/span><\/h4>\n<p class=\"break-words white-space-pre-wrap mb5 t-14 t-black--light t-normal\"><span style=\"color: #ffffff\">Somos un Distribuidor Master Mayorista localizado en Miami, FL. USA. Contamos con m\u00e1s de 18 a\u00f1os de experiencias y amplia presencia en Latinoam\u00e9rica. Productos; -Cableado estructurado -Conectores y accesorios para instalaci\u00f3n de cableados -Productos para aplicaciones profesionales de Wireless (Wi-Fi); Switch, Routers, Antenas, Mesh, -Equipo de vigilancia &amp; CCTV y accesorios; Somos distribuidores directos de marcas l\u00edderes en el mercado, tenemos varios programas donde ofrecemos bajos precios para compa\u00f1\u00edas aliadas. Usted y su empresa se beneficiar\u00e1 del ahorro y otras ventajas que la har\u00e1n m\u00e1s atractiva a sus clientes con las siguientes marcas: Ubiquiti Mikrotik Cambium Networks Radwin Tenda Dotix Cablix Ligowave Grandstream Hyperlink Quest Tycon Wireless Itelite TpLink Wiess-Antenna Altelix Trendnet Alfa Fire4 RF Armor<\/span><\/p>\n<p class=\"break-words white-space-pre-wrap mb5 t-14 t-black--light t-normal\"><span style=\"color: #ffffff\">Exportamos a: Argentina Bolivia Brasil Chile Colombia Costa Rica Ecuador M\u00e9xico Paraguay Panam\u00e1 Per\u00fa Puerto Rico Uruguay El Caribe Venezuela<\/span><\/p>\n<p class=\"break-words white-space-pre-wrap mb5 t-14 t-black--light t-normal\"><span style=\"color: #ffffff\">We are a Master wholesale distributor located in Miami, FL. USA. We have over 18 years of experience and broad presence in Latin America. Line of products; &#8211; Structured Cabling Products; &#8211; Wireless ( Wi-Fi based) products for Professional Applications; &#8211; CCTV &amp; Surveillance equipments and accessories; We are direct distributors of leading brands in the market, we have several programs where we offer low prices for allied companies. You and your company will benefit from the savings and other benefits that will make your business more attractive to your customers with the following brands:<\/span><\/p>\n<p>&nbsp;<\/p>\n","protected":false},"excerpt":{"rendered":"<p>\u00a0 \u00a0 \u00a0 \u00a0 \u00a0 \u00a0 \u00a0 \u00a0 \u00a0 \u00a0 \u00a0 \u00a0 \u00a0 \u00a0 \u00a0 \u00a0 \u00a0 \u00a0 \u00a0 \u00a0&#8230;<\/p>\n","protected":false},"featured_media":34120,"template":"","meta":[],"etheme_brands":[{"term_id":1117,"name":"Cambium","slug":"cambium","term_group":0,"term_taxonomy_id":1117,"taxonomy":"brand","description":"","parent":0,"count":73,"filter":"raw"}],"product_brand":[],"product_cat":[1158,1160],"product_tag":[783,805],"class_list":{"0":"post-32749","1":"product","2":"type-product","3":"status-publish","4":"has-post-thumbnail","6":"brand-cambium","7":"product_cat-cambium","8":"product_cat-cambium-enterprise-network","9":"product_tag-antenna","10":"product_tag-cambium","12":"first","13":"instock","14":"taxable","15":"shipping-taxable","16":"purchasable","17":"product-type-simple"},"yoast_head":"<!-- This site is optimized with the Yoast SEO plugin v27.3 - https:\/\/yoast.com\/product\/yoast-seo-wordpress\/ -->\n<title>ePMP Force C050900C505A - 4Net Networking<\/title>\n<meta name=\"description\" content=\"ePMP Force 5 GHz Force 130 C050900C505A subscriber module is the next generation of the ntegrated Radio offering a higher-gain,\" \/>\n<meta name=\"robots\" content=\"index, follow, max-snippet:-1, max-image-preview:large, max-video-preview:-1\" \/>\n<link rel=\"canonical\" href=\"https:\/\/www.4netonline.com\/wpg\/product\/epmp-5-ghz-force-130\/\" \/>\n<meta property=\"og:locale\" content=\"en_US\" \/>\n<meta property=\"og:type\" content=\"article\" \/>\n<meta property=\"og:title\" content=\"ePMP Force C050900C505A - 4Net Networking\" \/>\n<meta property=\"og:description\" content=\"ePMP Force 5 GHz Force 130 C050900C505A subscriber module is the next generation of the ntegrated Radio offering a higher-gain,\" \/>\n<meta property=\"og:url\" content=\"https:\/\/www.4netonline.com\/wpg\/product\/epmp-5-ghz-force-130\/\" \/>\n<meta property=\"og:site_name\" content=\"4Net Networking\" \/>\n<meta property=\"article:publisher\" content=\"https:\/\/www.facebook.com\/4netNetworking\/\" \/>\n<meta property=\"article:modified_time\" content=\"2023-04-13T19:14:25+00:00\" \/>\n<meta property=\"og:image\" content=\"https:\/\/www.4netonline.com\/wpg\/wp-content\/uploads\/2019\/05\/FORCE130-l.png\" \/>\n\t<meta property=\"og:image:width\" content=\"1000\" \/>\n\t<meta property=\"og:image:height\" content=\"1000\" \/>\n\t<meta property=\"og:image:type\" content=\"image\/png\" \/>\n<meta name=\"twitter:card\" content=\"summary_large_image\" \/>\n<meta name=\"twitter:site\" content=\"@4netonline\" \/>\n<meta name=\"twitter:label1\" content=\"Est. reading time\" \/>\n\t<meta name=\"twitter:data1\" content=\"3 minutes\" \/>\n<script type=\"application\/ld+json\" class=\"yoast-schema-graph\">{\"@context\":\"https:\\\/\\\/schema.org\",\"@graph\":[{\"@type\":\"WebPage\",\"@id\":\"https:\\\/\\\/www.4netonline.com\\\/wpg\\\/product\\\/epmp-5-ghz-force-130\\\/\",\"url\":\"https:\\\/\\\/www.4netonline.com\\\/wpg\\\/product\\\/epmp-5-ghz-force-130\\\/\",\"name\":\"ePMP Force C050900C505A - 4Net Networking\",\"isPartOf\":{\"@id\":\"https:\\\/\\\/www.4netonline.com\\\/wpg\\\/#website\"},\"primaryImageOfPage\":{\"@id\":\"https:\\\/\\\/www.4netonline.com\\\/wpg\\\/product\\\/epmp-5-ghz-force-130\\\/#primaryimage\"},\"image\":{\"@id\":\"https:\\\/\\\/www.4netonline.com\\\/wpg\\\/product\\\/epmp-5-ghz-force-130\\\/#primaryimage\"},\"thumbnailUrl\":\"https:\\\/\\\/www.4netonline.com\\\/wpg\\\/wp-content\\\/uploads\\\/2019\\\/05\\\/FORCE130-l.png\",\"datePublished\":\"2019-05-14T15:09:52+00:00\",\"dateModified\":\"2023-04-13T19:14:25+00:00\",\"description\":\"ePMP Force 5 GHz Force 130 C050900C505A subscriber module is the next generation of the ntegrated Radio offering a higher-gain,\",\"breadcrumb\":{\"@id\":\"https:\\\/\\\/www.4netonline.com\\\/wpg\\\/product\\\/epmp-5-ghz-force-130\\\/#breadcrumb\"},\"inLanguage\":\"en-US\",\"potentialAction\":[{\"@type\":\"ReadAction\",\"target\":[\"https:\\\/\\\/www.4netonline.com\\\/wpg\\\/product\\\/epmp-5-ghz-force-130\\\/\"]}]},{\"@type\":\"ImageObject\",\"inLanguage\":\"en-US\",\"@id\":\"https:\\\/\\\/www.4netonline.com\\\/wpg\\\/product\\\/epmp-5-ghz-force-130\\\/#primaryimage\",\"url\":\"https:\\\/\\\/www.4netonline.com\\\/wpg\\\/wp-content\\\/uploads\\\/2019\\\/05\\\/FORCE130-l.png\",\"contentUrl\":\"https:\\\/\\\/www.4netonline.com\\\/wpg\\\/wp-content\\\/uploads\\\/2019\\\/05\\\/FORCE130-l.png\",\"width\":1000,\"height\":1000,\"caption\":\"ePMP Force\"},{\"@type\":\"BreadcrumbList\",\"@id\":\"https:\\\/\\\/www.4netonline.com\\\/wpg\\\/product\\\/epmp-5-ghz-force-130\\\/#breadcrumb\",\"itemListElement\":[{\"@type\":\"ListItem\",\"position\":1,\"name\":\"Home\",\"item\":\"https:\\\/\\\/www.4netonline.com\\\/wpg\\\/\"},{\"@type\":\"ListItem\",\"position\":2,\"name\":\"Shop\",\"item\":\"https:\\\/\\\/www.4netonline.com\\\/wpg\\\/shop-2\\\/\"},{\"@type\":\"ListItem\",\"position\":3,\"name\":\"ePMP Force C050900C505A\"}]},{\"@type\":\"WebSite\",\"@id\":\"https:\\\/\\\/www.4netonline.com\\\/wpg\\\/#website\",\"url\":\"https:\\\/\\\/www.4netonline.com\\\/wpg\\\/\",\"name\":\"4Net Networking\",\"description\":\"\",\"publisher\":{\"@id\":\"https:\\\/\\\/www.4netonline.com\\\/wpg\\\/#organization\"},\"potentialAction\":[{\"@type\":\"SearchAction\",\"target\":{\"@type\":\"EntryPoint\",\"urlTemplate\":\"https:\\\/\\\/www.4netonline.com\\\/wpg\\\/?s={search_term_string}\"},\"query-input\":{\"@type\":\"PropertyValueSpecification\",\"valueRequired\":true,\"valueName\":\"search_term_string\"}}],\"inLanguage\":\"en-US\"},{\"@type\":\"Organization\",\"@id\":\"https:\\\/\\\/www.4netonline.com\\\/wpg\\\/#organization\",\"name\":\"4net Networks\",\"url\":\"https:\\\/\\\/www.4netonline.com\\\/wpg\\\/\",\"logo\":{\"@type\":\"ImageObject\",\"inLanguage\":\"en-US\",\"@id\":\"https:\\\/\\\/www.4netonline.com\\\/wpg\\\/#\\\/schema\\\/logo\\\/image\\\/\",\"url\":\"\",\"contentUrl\":\"\",\"caption\":\"4net Networks\"},\"image\":{\"@id\":\"https:\\\/\\\/www.4netonline.com\\\/wpg\\\/#\\\/schema\\\/logo\\\/image\\\/\"},\"sameAs\":[\"https:\\\/\\\/www.facebook.com\\\/4netNetworking\\\/\",\"https:\\\/\\\/x.com\\\/4netonline\",\"https:\\\/\\\/www.linkedin.com\\\/company\\\/4net-networking-corp\",\"https:\\\/\\\/www.youtube.com\\\/channel\\\/UCmHmX1rrKiDV0uOWZBVSn7g\"]}]}<\/script>\n<!-- \/ Yoast SEO plugin. -->","yoast_head_json":{"title":"ePMP Force C050900C505A - 4Net Networking","description":"ePMP Force 5 GHz Force 130 C050900C505A subscriber module is the next generation of the ntegrated Radio offering a higher-gain,","robots":{"index":"index","follow":"follow","max-snippet":"max-snippet:-1","max-image-preview":"max-image-preview:large","max-video-preview":"max-video-preview:-1"},"canonical":"https:\/\/www.4netonline.com\/wpg\/product\/epmp-5-ghz-force-130\/","og_locale":"en_US","og_type":"article","og_title":"ePMP Force C050900C505A - 4Net Networking","og_description":"ePMP Force 5 GHz Force 130 C050900C505A subscriber module is the next generation of the ntegrated Radio offering a higher-gain,","og_url":"https:\/\/www.4netonline.com\/wpg\/product\/epmp-5-ghz-force-130\/","og_site_name":"4Net Networking","article_publisher":"https:\/\/www.facebook.com\/4netNetworking\/","article_modified_time":"2023-04-13T19:14:25+00:00","og_image":[{"width":1000,"height":1000,"url":"https:\/\/www.4netonline.com\/wpg\/wp-content\/uploads\/2019\/05\/FORCE130-l.png","type":"image\/png"}],"twitter_card":"summary_large_image","twitter_site":"@4netonline","twitter_misc":{"Est. reading time":"3 minutes"},"schema":{"@context":"https:\/\/schema.org","@graph":[{"@type":"WebPage","@id":"https:\/\/www.4netonline.com\/wpg\/product\/epmp-5-ghz-force-130\/","url":"https:\/\/www.4netonline.com\/wpg\/product\/epmp-5-ghz-force-130\/","name":"ePMP Force C050900C505A - 4Net Networking","isPartOf":{"@id":"https:\/\/www.4netonline.com\/wpg\/#website"},"primaryImageOfPage":{"@id":"https:\/\/www.4netonline.com\/wpg\/product\/epmp-5-ghz-force-130\/#primaryimage"},"image":{"@id":"https:\/\/www.4netonline.com\/wpg\/product\/epmp-5-ghz-force-130\/#primaryimage"},"thumbnailUrl":"https:\/\/www.4netonline.com\/wpg\/wp-content\/uploads\/2019\/05\/FORCE130-l.png","datePublished":"2019-05-14T15:09:52+00:00","dateModified":"2023-04-13T19:14:25+00:00","description":"ePMP Force 5 GHz Force 130 C050900C505A subscriber module is the next generation of the ntegrated Radio offering a higher-gain,","breadcrumb":{"@id":"https:\/\/www.4netonline.com\/wpg\/product\/epmp-5-ghz-force-130\/#breadcrumb"},"inLanguage":"en-US","potentialAction":[{"@type":"ReadAction","target":["https:\/\/www.4netonline.com\/wpg\/product\/epmp-5-ghz-force-130\/"]}]},{"@type":"ImageObject","inLanguage":"en-US","@id":"https:\/\/www.4netonline.com\/wpg\/product\/epmp-5-ghz-force-130\/#primaryimage","url":"https:\/\/www.4netonline.com\/wpg\/wp-content\/uploads\/2019\/05\/FORCE130-l.png","contentUrl":"https:\/\/www.4netonline.com\/wpg\/wp-content\/uploads\/2019\/05\/FORCE130-l.png","width":1000,"height":1000,"caption":"ePMP Force"},{"@type":"BreadcrumbList","@id":"https:\/\/www.4netonline.com\/wpg\/product\/epmp-5-ghz-force-130\/#breadcrumb","itemListElement":[{"@type":"ListItem","position":1,"name":"Home","item":"https:\/\/www.4netonline.com\/wpg\/"},{"@type":"ListItem","position":2,"name":"Shop","item":"https:\/\/www.4netonline.com\/wpg\/shop-2\/"},{"@type":"ListItem","position":3,"name":"ePMP Force C050900C505A"}]},{"@type":"WebSite","@id":"https:\/\/www.4netonline.com\/wpg\/#website","url":"https:\/\/www.4netonline.com\/wpg\/","name":"4Net Networking","description":"","publisher":{"@id":"https:\/\/www.4netonline.com\/wpg\/#organization"},"potentialAction":[{"@type":"SearchAction","target":{"@type":"EntryPoint","urlTemplate":"https:\/\/www.4netonline.com\/wpg\/?s={search_term_string}"},"query-input":{"@type":"PropertyValueSpecification","valueRequired":true,"valueName":"search_term_string"}}],"inLanguage":"en-US"},{"@type":"Organization","@id":"https:\/\/www.4netonline.com\/wpg\/#organization","name":"4net Networks","url":"https:\/\/www.4netonline.com\/wpg\/","logo":{"@type":"ImageObject","inLanguage":"en-US","@id":"https:\/\/www.4netonline.com\/wpg\/#\/schema\/logo\/image\/","url":"","contentUrl":"","caption":"4net Networks"},"image":{"@id":"https:\/\/www.4netonline.com\/wpg\/#\/schema\/logo\/image\/"},"sameAs":["https:\/\/www.facebook.com\/4netNetworking\/","https:\/\/x.com\/4netonline","https:\/\/www.linkedin.com\/company\/4net-networking-corp","https:\/\/www.youtube.com\/channel\/UCmHmX1rrKiDV0uOWZBVSn7g"]}]}},"_links":{"self":[{"href":"https:\/\/www.4netonline.com\/wpg\/wp-json\/wp\/v2\/product\/32749","targetHints":{"allow":["GET"]}}],"collection":[{"href":"https:\/\/www.4netonline.com\/wpg\/wp-json\/wp\/v2\/product"}],"about":[{"href":"https:\/\/www.4netonline.com\/wpg\/wp-json\/wp\/v2\/types\/product"}],"version-history":[{"count":0,"href":"https:\/\/www.4netonline.com\/wpg\/wp-json\/wp\/v2\/product\/32749\/revisions"}],"wp:featuredmedia":[{"embeddable":true,"href":"https:\/\/www.4netonline.com\/wpg\/wp-json\/wp\/v2\/media\/34120"}],"wp:attachment":[{"href":"https:\/\/www.4netonline.com\/wpg\/wp-json\/wp\/v2\/media?parent=32749"}],"wp:term":[{"taxonomy":"brand","embeddable":true,"href":"https:\/\/www.4netonline.com\/wpg\/wp-json\/wp\/v2\/etheme_brands?post=32749"},{"taxonomy":"product_brand","embeddable":true,"href":"https:\/\/www.4netonline.com\/wpg\/wp-json\/wp\/v2\/product_brand?post=32749"},{"taxonomy":"product_cat","embeddable":true,"href":"https:\/\/www.4netonline.com\/wpg\/wp-json\/wp\/v2\/product_cat?post=32749"},{"taxonomy":"product_tag","embeddable":true,"href":"https:\/\/www.4netonline.com\/wpg\/wp-json\/wp\/v2\/product_tag?post=32749"}],"curies":[{"name":"wp","href":"https:\/\/api.w.org\/{rel}","templated":true}]}}