{"id":31881,"date":"2019-04-02T12:40:01","date_gmt":"2019-04-02T17:40:01","guid":{"rendered":"https:\/\/4netonline.com\/wpg\/?post_type=product&#038;p=31881"},"modified":"2023-04-13T14:19:30","modified_gmt":"2023-04-13T19:19:30","slug":"antena-cambium","status":"publish","type":"product","link":"https:\/\/www.4netonline.com\/wpg\/product\/antena-cambium\/","title":{"rendered":"C050900D007B Dish Antenna"},"content":{"rendered":"<p style=\"text-align: left\"><span style=\"color: #ffffff\">antena cambium\u00a0 PARA VER MAS , HAZ CLICK <a style=\"color: #ffffff\" href=\"https:\/\/4netonline.com\/wpg\/product-category\/cambium\/\">AQUI\u00a0<\/a><\/span><\/p>\n<p>&nbsp;<\/p>\n<p><span style=\"color: #ffffff\">Somos un Distribuidor Master Mayorista localizado en Miami, FL. USA. Contamos con m\u00e1s de 18 a\u00f1os de experiencias y amplia presencia en Latinoam\u00e9rica. Productos; -Cableado estructurado -Conectores y accesorios para instalaci\u00f3n de cableados -Productos para aplicaciones profesionales de Wireless (Wi-Fi); Switch, Routers, Antenas, Mesh, -Equipo de vigilancia &amp; CCTV y accesorios; Somos distribuidores directos de marcas l\u00edderes en el mercado, tenemos varios programas donde ofrecemos bajos precios para compa\u00f1\u00edas aliadas. Usted y su empresa se beneficiar\u00e1 del ahorro y otras ventajas que la har\u00e1n m\u00e1s atractiva a sus clientes con las siguientes marcas: Ubiquiti Mikrotik Cambium Networks Radwin Tenda Dotix Cablix Ligowave Grandstream Hyperlink Quest Tycon Wireless Itelite TpLink Wiess-Antenna Altelix Trendnet Alfa Fire4 RF Armor Exportamos a: Argentina Bolivia Brasil Chile Colombia Costa Rica Ecuador M\u00e9xico Paraguay Panam\u00e1 Per\u00fa Puerto Rico Uruguay El Caribe<\/span><\/p>\n<p><span style=\"color: #ffffff\">antena cambium<\/span><\/p>\n<p><span style=\"color: #ffffff\">Somos un Distribuidor Master Mayorista localizado en Miami, FL. USA. Contamos con m\u00e1s de 20 a\u00f1os de experiencias y amplia presencia en Latinoam\u00e9rica. Productos; -Cables de Fibra Optica -Accesorios, Cajas y herramientas para Instalaci\u00f3n de redes de Fibra Opticas -Antenas -Cableado estructurado -Conectores y accesorios para instalaci\u00f3n de cableados -Productos para aplicaciones profesionales de Wireless (Wi-Fi); Switch, Routers, Antenas, Mesh, Somos distribuidores directos de marcas l\u00edderes en el mercado, tenemos varios programas donde ofrecemos bajos precios para compa\u00f1\u00edas aliadas. Usted y su empresa se beneficiar\u00e1 del ahorro y otras ventajas que la har\u00e1n m\u00e1s atractiva a sus clientes con las siguientes marcas: Ubiquiti Mikrotik Cambium Networks Tenda Cablix Mimosa ALG COM Exportamos a: Argentina Bolivia Brasil Chile Colombia Costa Rica Ecuador M\u00e9xico Paraguay Panam\u00e1 Per\u00fa Puerto Rico Uruguay El Caribe Venezuela <\/span><\/p>\n<p><span style=\"color: #ffffff\">We are a Master wholesale distributor located in Miami, FL. USA. We have over 20 years of experience and broad presence in Latin America. Line of products; -Optic Fiber &#8211; Accessories to install Optic Fiber Network &#8211; Structured Cabling Products; &#8211; Wireless ( Wi-Fi based) products for Professional Applications; &#8211; CCTV &amp; Surveillance equipments and accessories;<\/span><\/p>\n","protected":false},"excerpt":{"rendered":"<p>antena cambium\u00a0 PARA VER MAS , HAZ CLICK AQUI\u00a0 &nbsp; Somos un Distribuidor Master Mayorista localizado en Miami, FL. USA&#8230;.<\/p>\n","protected":false},"featured_media":31862,"template":"","meta":[],"etheme_brands":[{"term_id":1117,"name":"Cambium","slug":"cambium","term_group":0,"term_taxonomy_id":1117,"taxonomy":"brand","description":"","parent":0,"count":73,"filter":"raw"}],"product_brand":[],"product_cat":[1158,1161],"product_tag":[805],"class_list":{"0":"post-31881","1":"product","2":"type-product","3":"status-publish","4":"has-post-thumbnail","6":"brand-cambium","7":"product_cat-cambium","8":"product_cat-cambium-fixed-wireless-broadband","9":"product_tag-cambium","11":"first","12":"instock","13":"taxable","14":"shipping-taxable","15":"purchasable","16":"product-type-simple"},"yoast_head":"<!-- This site is optimized with the Yoast SEO plugin v27.2 - https:\/\/yoast.com\/product\/yoast-seo-wordpress\/ -->\n<title>antena cambium C050900D007B Dish Antenna - 4Net Networking<\/title>\n<meta name=\"description\" content=\"C050900D007B Dish Antenna cambium ePMP 110A-525 Dish high gain integrated antenna that offers enhanced range and improves throughput\" \/>\n<meta name=\"robots\" content=\"index, follow, max-snippet:-1, max-image-preview:large, max-video-preview:-1\" \/>\n<link rel=\"canonical\" href=\"https:\/\/www.4netonline.com\/wpg\/product\/antena-cambium\/\" \/>\n<meta property=\"og:locale\" content=\"en_US\" \/>\n<meta property=\"og:type\" content=\"article\" \/>\n<meta property=\"og:title\" content=\"antena cambium C050900D007B Dish Antenna - 4Net Networking\" \/>\n<meta property=\"og:description\" content=\"C050900D007B Dish Antenna cambium ePMP 110A-525 Dish high gain integrated antenna that offers enhanced range and improves throughput\" \/>\n<meta property=\"og:url\" content=\"https:\/\/www.4netonline.com\/wpg\/product\/antena-cambium\/\" \/>\n<meta property=\"og:site_name\" content=\"4Net Networking\" \/>\n<meta property=\"article:publisher\" content=\"https:\/\/www.facebook.com\/4netNetworking\/\" \/>\n<meta property=\"article:modified_time\" content=\"2023-04-13T19:19:30+00:00\" \/>\n<meta property=\"og:image\" content=\"https:\/\/www.4netonline.com\/wpg\/wp-content\/uploads\/2019\/04\/41.png\" \/>\n\t<meta property=\"og:image:width\" content=\"600\" \/>\n\t<meta property=\"og:image:height\" content=\"600\" \/>\n\t<meta property=\"og:image:type\" content=\"image\/png\" \/>\n<meta name=\"twitter:card\" content=\"summary_large_image\" \/>\n<meta name=\"twitter:site\" content=\"@4netonline\" \/>\n<meta name=\"twitter:label1\" content=\"Est. reading time\" \/>\n\t<meta name=\"twitter:data1\" content=\"2 minutes\" \/>\n<script type=\"application\/ld+json\" class=\"yoast-schema-graph\">{\"@context\":\"https:\/\/schema.org\",\"@graph\":[{\"@type\":\"WebPage\",\"@id\":\"https:\/\/www.4netonline.com\/wpg\/product\/antena-cambium\/\",\"url\":\"https:\/\/www.4netonline.com\/wpg\/product\/antena-cambium\/\",\"name\":\"antena cambium C050900D007B Dish Antenna - 4Net Networking\",\"isPartOf\":{\"@id\":\"https:\/\/www.4netonline.com\/wpg\/#website\"},\"primaryImageOfPage\":{\"@id\":\"https:\/\/www.4netonline.com\/wpg\/product\/antena-cambium\/#primaryimage\"},\"image\":{\"@id\":\"https:\/\/www.4netonline.com\/wpg\/product\/antena-cambium\/#primaryimage\"},\"thumbnailUrl\":\"https:\/\/www.4netonline.com\/wpg\/wp-content\/uploads\/2019\/04\/41.png\",\"datePublished\":\"2019-04-02T17:40:01+00:00\",\"dateModified\":\"2023-04-13T19:19:30+00:00\",\"description\":\"C050900D007B Dish Antenna cambium ePMP 110A-525 Dish high gain integrated antenna that offers enhanced range and improves throughput\",\"breadcrumb\":{\"@id\":\"https:\/\/www.4netonline.com\/wpg\/product\/antena-cambium\/#breadcrumb\"},\"inLanguage\":\"en-US\",\"potentialAction\":[{\"@type\":\"ReadAction\",\"target\":[\"https:\/\/www.4netonline.com\/wpg\/product\/antena-cambium\/\"]}]},{\"@type\":\"ImageObject\",\"inLanguage\":\"en-US\",\"@id\":\"https:\/\/www.4netonline.com\/wpg\/product\/antena-cambium\/#primaryimage\",\"url\":\"https:\/\/www.4netonline.com\/wpg\/wp-content\/uploads\/2019\/04\/41.png\",\"contentUrl\":\"https:\/\/www.4netonline.com\/wpg\/wp-content\/uploads\/2019\/04\/41.png\",\"width\":600,\"height\":600,\"caption\":\"cambium antena cambium\"},{\"@type\":\"BreadcrumbList\",\"@id\":\"https:\/\/www.4netonline.com\/wpg\/product\/antena-cambium\/#breadcrumb\",\"itemListElement\":[{\"@type\":\"ListItem\",\"position\":1,\"name\":\"Home\",\"item\":\"https:\/\/www.4netonline.com\/wpg\/\"},{\"@type\":\"ListItem\",\"position\":2,\"name\":\"Shop\",\"item\":\"https:\/\/www.4netonline.com\/wpg\/shop-2\/\"},{\"@type\":\"ListItem\",\"position\":3,\"name\":\"C050900D007B Dish Antenna\"}]},{\"@type\":\"WebSite\",\"@id\":\"https:\/\/www.4netonline.com\/wpg\/#website\",\"url\":\"https:\/\/www.4netonline.com\/wpg\/\",\"name\":\"4Net Networking\",\"description\":\"\",\"publisher\":{\"@id\":\"https:\/\/www.4netonline.com\/wpg\/#organization\"},\"potentialAction\":[{\"@type\":\"SearchAction\",\"target\":{\"@type\":\"EntryPoint\",\"urlTemplate\":\"https:\/\/www.4netonline.com\/wpg\/?s={search_term_string}\"},\"query-input\":{\"@type\":\"PropertyValueSpecification\",\"valueRequired\":true,\"valueName\":\"search_term_string\"}}],\"inLanguage\":\"en-US\"},{\"@type\":\"Organization\",\"@id\":\"https:\/\/www.4netonline.com\/wpg\/#organization\",\"name\":\"4net Networks\",\"url\":\"https:\/\/www.4netonline.com\/wpg\/\",\"logo\":{\"@type\":\"ImageObject\",\"inLanguage\":\"en-US\",\"@id\":\"https:\/\/www.4netonline.com\/wpg\/#\/schema\/logo\/image\/\",\"url\":\"\",\"contentUrl\":\"\",\"caption\":\"4net Networks\"},\"image\":{\"@id\":\"https:\/\/www.4netonline.com\/wpg\/#\/schema\/logo\/image\/\"},\"sameAs\":[\"https:\/\/www.facebook.com\/4netNetworking\/\",\"https:\/\/x.com\/4netonline\",\"https:\/\/www.linkedin.com\/company\/4net-networking-corp\",\"https:\/\/www.youtube.com\/channel\/UCmHmX1rrKiDV0uOWZBVSn7g\"]}]}<\/script>\n<!-- \/ Yoast SEO plugin. -->","yoast_head_json":{"title":"antena cambium C050900D007B Dish Antenna - 4Net Networking","description":"C050900D007B Dish Antenna cambium ePMP 110A-525 Dish high gain integrated antenna that offers enhanced range and improves throughput","robots":{"index":"index","follow":"follow","max-snippet":"max-snippet:-1","max-image-preview":"max-image-preview:large","max-video-preview":"max-video-preview:-1"},"canonical":"https:\/\/www.4netonline.com\/wpg\/product\/antena-cambium\/","og_locale":"en_US","og_type":"article","og_title":"antena cambium C050900D007B Dish Antenna - 4Net Networking","og_description":"C050900D007B Dish Antenna cambium ePMP 110A-525 Dish high gain integrated antenna that offers enhanced range and improves throughput","og_url":"https:\/\/www.4netonline.com\/wpg\/product\/antena-cambium\/","og_site_name":"4Net Networking","article_publisher":"https:\/\/www.facebook.com\/4netNetworking\/","article_modified_time":"2023-04-13T19:19:30+00:00","og_image":[{"width":600,"height":600,"url":"https:\/\/www.4netonline.com\/wpg\/wp-content\/uploads\/2019\/04\/41.png","type":"image\/png"}],"twitter_card":"summary_large_image","twitter_site":"@4netonline","twitter_misc":{"Est. reading time":"2 minutes"},"schema":{"@context":"https:\/\/schema.org","@graph":[{"@type":"WebPage","@id":"https:\/\/www.4netonline.com\/wpg\/product\/antena-cambium\/","url":"https:\/\/www.4netonline.com\/wpg\/product\/antena-cambium\/","name":"antena cambium C050900D007B Dish Antenna - 4Net Networking","isPartOf":{"@id":"https:\/\/www.4netonline.com\/wpg\/#website"},"primaryImageOfPage":{"@id":"https:\/\/www.4netonline.com\/wpg\/product\/antena-cambium\/#primaryimage"},"image":{"@id":"https:\/\/www.4netonline.com\/wpg\/product\/antena-cambium\/#primaryimage"},"thumbnailUrl":"https:\/\/www.4netonline.com\/wpg\/wp-content\/uploads\/2019\/04\/41.png","datePublished":"2019-04-02T17:40:01+00:00","dateModified":"2023-04-13T19:19:30+00:00","description":"C050900D007B Dish Antenna cambium ePMP 110A-525 Dish high gain integrated antenna that offers enhanced range and improves throughput","breadcrumb":{"@id":"https:\/\/www.4netonline.com\/wpg\/product\/antena-cambium\/#breadcrumb"},"inLanguage":"en-US","potentialAction":[{"@type":"ReadAction","target":["https:\/\/www.4netonline.com\/wpg\/product\/antena-cambium\/"]}]},{"@type":"ImageObject","inLanguage":"en-US","@id":"https:\/\/www.4netonline.com\/wpg\/product\/antena-cambium\/#primaryimage","url":"https:\/\/www.4netonline.com\/wpg\/wp-content\/uploads\/2019\/04\/41.png","contentUrl":"https:\/\/www.4netonline.com\/wpg\/wp-content\/uploads\/2019\/04\/41.png","width":600,"height":600,"caption":"cambium antena cambium"},{"@type":"BreadcrumbList","@id":"https:\/\/www.4netonline.com\/wpg\/product\/antena-cambium\/#breadcrumb","itemListElement":[{"@type":"ListItem","position":1,"name":"Home","item":"https:\/\/www.4netonline.com\/wpg\/"},{"@type":"ListItem","position":2,"name":"Shop","item":"https:\/\/www.4netonline.com\/wpg\/shop-2\/"},{"@type":"ListItem","position":3,"name":"C050900D007B Dish Antenna"}]},{"@type":"WebSite","@id":"https:\/\/www.4netonline.com\/wpg\/#website","url":"https:\/\/www.4netonline.com\/wpg\/","name":"4Net Networking","description":"","publisher":{"@id":"https:\/\/www.4netonline.com\/wpg\/#organization"},"potentialAction":[{"@type":"SearchAction","target":{"@type":"EntryPoint","urlTemplate":"https:\/\/www.4netonline.com\/wpg\/?s={search_term_string}"},"query-input":{"@type":"PropertyValueSpecification","valueRequired":true,"valueName":"search_term_string"}}],"inLanguage":"en-US"},{"@type":"Organization","@id":"https:\/\/www.4netonline.com\/wpg\/#organization","name":"4net Networks","url":"https:\/\/www.4netonline.com\/wpg\/","logo":{"@type":"ImageObject","inLanguage":"en-US","@id":"https:\/\/www.4netonline.com\/wpg\/#\/schema\/logo\/image\/","url":"","contentUrl":"","caption":"4net Networks"},"image":{"@id":"https:\/\/www.4netonline.com\/wpg\/#\/schema\/logo\/image\/"},"sameAs":["https:\/\/www.facebook.com\/4netNetworking\/","https:\/\/x.com\/4netonline","https:\/\/www.linkedin.com\/company\/4net-networking-corp","https:\/\/www.youtube.com\/channel\/UCmHmX1rrKiDV0uOWZBVSn7g"]}]}},"_links":{"self":[{"href":"https:\/\/www.4netonline.com\/wpg\/wp-json\/wp\/v2\/product\/31881","targetHints":{"allow":["GET"]}}],"collection":[{"href":"https:\/\/www.4netonline.com\/wpg\/wp-json\/wp\/v2\/product"}],"about":[{"href":"https:\/\/www.4netonline.com\/wpg\/wp-json\/wp\/v2\/types\/product"}],"version-history":[{"count":0,"href":"https:\/\/www.4netonline.com\/wpg\/wp-json\/wp\/v2\/product\/31881\/revisions"}],"wp:featuredmedia":[{"embeddable":true,"href":"https:\/\/www.4netonline.com\/wpg\/wp-json\/wp\/v2\/media\/31862"}],"wp:attachment":[{"href":"https:\/\/www.4netonline.com\/wpg\/wp-json\/wp\/v2\/media?parent=31881"}],"wp:term":[{"taxonomy":"brand","embeddable":true,"href":"https:\/\/www.4netonline.com\/wpg\/wp-json\/wp\/v2\/etheme_brands?post=31881"},{"taxonomy":"product_brand","embeddable":true,"href":"https:\/\/www.4netonline.com\/wpg\/wp-json\/wp\/v2\/product_brand?post=31881"},{"taxonomy":"product_cat","embeddable":true,"href":"https:\/\/www.4netonline.com\/wpg\/wp-json\/wp\/v2\/product_cat?post=31881"},{"taxonomy":"product_tag","embeddable":true,"href":"https:\/\/www.4netonline.com\/wpg\/wp-json\/wp\/v2\/product_tag?post=31881"}],"curies":[{"name":"wp","href":"https:\/\/api.w.org\/{rel}","templated":true}]}}