{"id":31281,"date":"2019-03-06T13:14:27","date_gmt":"2019-03-06T18:14:27","guid":{"rendered":"https:\/\/4netonline.com\/wpg\/?post_type=product&#038;p=31281"},"modified":"2023-08-25T10:45:15","modified_gmt":"2023-08-25T15:45:15","slug":"parabolic-shielded-antenna-algcom-ps-5800-37-18-dp","status":"publish","type":"product","link":"https:\/\/www.4netonline.com\/wpg\/product\/parabolic-shielded-antenna-algcom-ps-5800-37-18-dp\/","title":{"rendered":"PARABOLIC SHIELDED PS-5800-37-18-DP"},"content":{"rendered":"<p>ALGcom Parabolic Shielded Antennas were designed with high technology to ensure the best performance in unlicensed frequency wireless links. They are used on point-to-point wireless links and have standard fitting for coupling the ALGcom Armored Boxes, in addition to having a support that allows for the easy link alignment.<br \/>\nGet to know following Ultra High Performance ALGcom!<\/p>\n<p>ALGcom Parabolic Shielded Antennas have excellent noise immunity thanks to their side shielding. Check below the irradiation diagrams of each of the models.<\/p>\n<p style=\"text-align: center;\">PARABOLIC SHIELDED<\/p>\n<p style=\"text-align: center;\"><a href=\"https:\/\/4netonline.com\/wpg\/sales-team\/franklin-gutierrez-herrera\/\">MORE INFORMATION<\/a><\/p>\n<p>&nbsp;<\/p>\n<table class=\"table \">\n<tbody id=\"toggle-head\">\n<tr class=\"last-row upper-text\">\n<td><b>LINK\u00a0 \u00a0 \u00a0 \u00a0 \u00a0 \u00a0 \u00a0 \u00a0 \u00a0 \u00a0 \u00a0 \u00a0 \u00a0 \u00a0 \u00a0 \u00a0 \u00a0 \u00a0 \u00a0 \u00a0 \u00a0 \u00a0 \u00a0 \u00a0 \u00a0 \u00a0 \u00a0 \u00a0 \u00a0 \u00a0 \u00a0PTP<\/b><\/td>\n<\/tr>\n<tr class=\"last-row upper-text\">\n<td><b>FREQUENCY\u00a0 \u00a0 \u00a0 \u00a0 \u00a0 \u00a0 \u00a0 \u00a0 \u00a0 \u00a0 \u00a0 \u00a0 \u00a0 \u00a0 \u00a0 \u00a0 \u00a0 \u00a0 \u00a0 \u00a0 \u00a0 \u00a0 \u00a0 \u00a05.8 GHz<\/b><\/td>\n<\/tr>\n<tr class=\"last-row upper-text\">\n<td><b>FREQUENCY\u00a0OF OPERATION\u00a0 \u00a0 \u00a0 \u00a0 \u00a0 \u00a0 \u00a0 \u00a0 \u00a0 \u00a05.25 a 5.875 GHZ<\/b><\/td>\n<\/tr>\n<tr class=\"last-row upper-text\">\n<td><b>DIAMETER\u00a0 \u00a0 \u00a0 \u00a0 \u00a0 \u00a0 \u00a0 \u00a0 \u00a0 \u00a0 \u00a0 \u00a0 \u00a0 \u00a0 \u00a0 \u00a0 \u00a0 \u00a0 \u00a0 \u00a0 \u00a0 \u00a0 \u00a0 \u00a0 \u00a0 \u00a01.8 m<\/b><\/td>\n<\/tr>\n<tr class=\"last-row upper-text\">\n<td><b>DISTANCE\u00a0PTP\u00a0 \u00a0 \u00a0 \u00a0 \u00a0 \u00a0 \u00a0 \u00a0 \u00a0 \u00a0 \u00a0 \u00a0 \u00a0 \u00a0 \u00a0 \u00a0 \u00a0 \u00a0 \u00a0 \u00a0 \u00a0 \u00a0MORE THAN 70 km<\/b><\/td>\n<\/tr>\n<tr class=\"last-row upper-text\">\n<td><strong>GAIN\u00a0 \u00a0 \u00a0 \u00a0 \u00a0 \u00a0 \u00a0 \u00a0 \u00a0 \u00a0 \u00a0 \u00a0 \u00a0 \u00a0 \u00a0 \u00a0 \u00a0 \u00a0 \u00a0 \u00a0 \u00a0 \u00a0 \u00a0 \u00a0 \u00a0 \u00a0 \u00a0 \u00a0 \u00a0 \u00a0 38.2 dBI<\/strong><\/td>\n<\/tr>\n<tr class=\"last-row upper-text\">\n<td><b>MID POTENCY ANGLE\u00a0 \u00a0 \u00a0 \u00a0 \u00a0 \u00a0 \u00a0 \u00a0 \u00a0 \u00a0 \u00a0 \u00a0 \u00a0 \u00a0 \u00a0 \u00a01,9<\/b><\/td>\n<\/tr>\n<tr class=\"last-row upper-text\">\n<td><b>FRONT RELATION\u00a0 \u00a0 \u00a0 \u00a0 \u00a0 \u00a0 \u00a0 \u00a0 \u00a0 \u00a0 \u00a0 \u00a0 \u00a0 \u00a0 \u00a0 \u00a0 \u00a0 \u00a0 \u00a0 &gt;61 db<\/b><\/td>\n<\/tr>\n<tr class=\"last-row upper-text\">\n<td><b>CROSS ISOLATION\u00a0POLARIZATION\u00a0 \u00a0 \u00a0 \u00a0 \u00a0&gt;30 db<\/b><\/td>\n<\/tr>\n<tr class=\"last-row upper-text\">\n<td><b>POLARIZATION\u00a0 \u00a0 \u00a0 \u00a0 \u00a0 \u00a0 \u00a0 \u00a0 \u00a0 \u00a0 \u00a0 \u00a0 \u00a0 \u00a0 \u00a0 \u00a0 \u00a0 \u00a0 \u00a0 \u00a0 \u00a0 \u00a0Dual (V &amp; H) (+\/-45)<\/b><\/td>\n<\/tr>\n<tr class=\"last-row upper-text\">\n<td><b>CONNECTION\u00a0 \u00a0 \u00a0 \u00a0 \u00a0 \u00a0 \u00a0 \u00a0 \u00a0 \u00a0 \u00a0 \u00a0 \u00a0 \u00a0 \u00a0 \u00a0 \u00a0 \u00a0 \u00a0 \u00a0 \u00a0 \u00a0 \u00a0SMA reverse female<\/b><\/td>\n<\/tr>\n<tr class=\"last-row upper-text\">\n<td><b>WEIGHT\u00a0 \u00a0 \u00a0 \u00a0 \u00a0 \u00a0 \u00a0 \u00a0 \u00a0 \u00a0 \u00a0 \u00a0 \u00a0 \u00a0 \u00a0 \u00a0 \u00a0 \u00a0 \u00a0 \u00a0 \u00a0 \u00a0 \u00a0 \u00a0 \u00a0 \u00a0 \u00a0 \u00a0155 lbs<\/b><\/td>\n<\/tr>\n<tr class=\"last-row upper-text\">\n<td><b>WARRANTY\u00a0 \u00a0 \u00a0 \u00a0 \u00a0 \u00a0 \u00a0 \u00a0 \u00a0 \u00a0 \u00a0 \u00a0 \u00a0 \u00a0 \u00a0 \u00a0 \u00a0 \u00a0 \u00a0 \u00a0 \u00a0 \u00a0 \u00a0 \u00a0 \u00a03 Years<\/b><\/td>\n<\/tr>\n<\/tbody>\n<\/table>\n<p><span style=\"color: #ffffff;\">PARABOLIC SHIELDED Overview Somos un Distribuidor Master Mayorista localizado en Miami, FL. USA. Contamos con m\u00e1s de 18 a\u00f1os de experiencias y amplia presencia en Latinoam\u00e9rica. Productos; -Cables de Fibra Optica -Accesorios, Cajas y herramientas para Instalaci\u00f3n de redes de Fibra Opticas -Antenas -Cableado estructurado -Conectores y accesorios para instalaci\u00f3n de cableados -Productos para aplicaciones profesionales de Wireless (Wi-Fi); Switch, Routers, Antenas, Mesh, Somos distribuidores directos de marcas l\u00edderes en el mercado, tenemos varios programas donde ofrecemos bajos precios para compa\u00f1\u00edas aliadas. Usted y su empresa se beneficiar\u00e1 del ahorro y otras ventajas que la har\u00e1n m\u00e1s atractiva a sus clientes con las siguientes marcas: Ubiquiti Mikrotik Cambium Networks Tenda Cablix Mimosa ALG COM Exportamos a: Argentina Bolivia Brasil Chile Colombia Costa Rica Ecuador M\u00e9xico Paraguay Panam\u00e1 Per\u00fa Puerto Rico Uruguay El Caribe Venezuela We are a Master wholesale distributor located in Miami, FL. USA. We have over 18 years of experience and broad presence in Latin America. Line of products; -Optic Fiber &#8211; Accessories to install Optiv Fiber Network &#8211; Structured Cabling Products; &#8211; Wireless ( Wi-Fi based) products for Professional Applications; PARABOLIC SHIELDED<\/span><\/p>\n","protected":false},"excerpt":{"rendered":"<p>ALGcom Parabolic Shielded Antennas were designed with high technology to ensure the best performance in unlicensed frequency wireless links. They&#8230;<\/p>\n","protected":false},"featured_media":31275,"template":"","meta":[],"etheme_brands":[{"term_id":1118,"name":"ALGcom","slug":"algcom","term_group":0,"term_taxonomy_id":1118,"taxonomy":"brand","description":"","parent":0,"count":48,"filter":"raw"}],"product_brand":[],"product_cat":[1212,1403],"product_tag":[],"class_list":{"0":"post-31281","1":"product","2":"type-product","3":"status-publish","4":"has-post-thumbnail","6":"brand-algcom","7":"product_cat-algcom","8":"product_cat-algcom-antennas","10":"first","11":"instock","12":"taxable","13":"shipping-taxable","14":"purchasable","15":"product-type-simple"},"yoast_head":"<!-- This site is optimized with the Yoast SEO plugin v27.3 - https:\/\/yoast.com\/product\/yoast-seo-wordpress\/ -->\n<title>PARABOLIC SHIELDED PS-5800-37-18-DP -<\/title>\n<meta name=\"description\" content=\"Parabolic Shielded Antennas were designed with high technology to ensure the best performance in unlicensedfrequency wireless links.\" \/>\n<meta name=\"robots\" content=\"index, follow, max-snippet:-1, max-image-preview:large, max-video-preview:-1\" \/>\n<link rel=\"canonical\" href=\"https:\/\/www.4netonline.com\/wpg\/product\/parabolic-shielded-antenna-algcom-ps-5800-37-18-dp\/\" \/>\n<meta property=\"og:locale\" content=\"en_US\" \/>\n<meta property=\"og:type\" content=\"article\" \/>\n<meta property=\"og:title\" content=\"PARABOLIC SHIELDED PS-5800-37-18-DP -\" \/>\n<meta property=\"og:description\" content=\"Parabolic Shielded Antennas were designed with high technology to ensure the best performance in unlicensedfrequency wireless links.\" \/>\n<meta property=\"og:url\" content=\"https:\/\/www.4netonline.com\/wpg\/product\/parabolic-shielded-antenna-algcom-ps-5800-37-18-dp\/\" \/>\n<meta property=\"og:site_name\" content=\"4Net Networking\" \/>\n<meta property=\"article:publisher\" content=\"https:\/\/www.facebook.com\/4netNetworking\/\" \/>\n<meta property=\"article:modified_time\" content=\"2023-08-25T15:45:15+00:00\" \/>\n<meta property=\"og:image\" content=\"https:\/\/www.4netonline.com\/wpg\/wp-content\/uploads\/2019\/03\/54.png\" \/>\n\t<meta property=\"og:image:width\" content=\"600\" \/>\n\t<meta property=\"og:image:height\" content=\"600\" \/>\n\t<meta property=\"og:image:type\" content=\"image\/png\" \/>\n<meta name=\"twitter:card\" content=\"summary_large_image\" \/>\n<meta name=\"twitter:site\" content=\"@4netonline\" \/>\n<meta name=\"twitter:label1\" content=\"Est. reading time\" \/>\n\t<meta name=\"twitter:data1\" content=\"2 minutes\" \/>\n<script type=\"application\/ld+json\" class=\"yoast-schema-graph\">{\"@context\":\"https:\\\/\\\/schema.org\",\"@graph\":[{\"@type\":\"WebPage\",\"@id\":\"https:\\\/\\\/www.4netonline.com\\\/wpg\\\/product\\\/parabolic-shielded-antenna-algcom-ps-5800-37-18-dp\\\/\",\"url\":\"https:\\\/\\\/www.4netonline.com\\\/wpg\\\/product\\\/parabolic-shielded-antenna-algcom-ps-5800-37-18-dp\\\/\",\"name\":\"PARABOLIC SHIELDED PS-5800-37-18-DP -\",\"isPartOf\":{\"@id\":\"https:\\\/\\\/www.4netonline.com\\\/wpg\\\/#website\"},\"primaryImageOfPage\":{\"@id\":\"https:\\\/\\\/www.4netonline.com\\\/wpg\\\/product\\\/parabolic-shielded-antenna-algcom-ps-5800-37-18-dp\\\/#primaryimage\"},\"image\":{\"@id\":\"https:\\\/\\\/www.4netonline.com\\\/wpg\\\/product\\\/parabolic-shielded-antenna-algcom-ps-5800-37-18-dp\\\/#primaryimage\"},\"thumbnailUrl\":\"https:\\\/\\\/www.4netonline.com\\\/wpg\\\/wp-content\\\/uploads\\\/2019\\\/03\\\/54.png\",\"datePublished\":\"2019-03-06T18:14:27+00:00\",\"dateModified\":\"2023-08-25T15:45:15+00:00\",\"description\":\"Parabolic Shielded Antennas were designed with high technology to ensure the best performance in unlicensedfrequency wireless links.\",\"breadcrumb\":{\"@id\":\"https:\\\/\\\/www.4netonline.com\\\/wpg\\\/product\\\/parabolic-shielded-antenna-algcom-ps-5800-37-18-dp\\\/#breadcrumb\"},\"inLanguage\":\"en-US\",\"potentialAction\":[{\"@type\":\"ReadAction\",\"target\":[\"https:\\\/\\\/www.4netonline.com\\\/wpg\\\/product\\\/parabolic-shielded-antenna-algcom-ps-5800-37-18-dp\\\/\"]}]},{\"@type\":\"ImageObject\",\"inLanguage\":\"en-US\",\"@id\":\"https:\\\/\\\/www.4netonline.com\\\/wpg\\\/product\\\/parabolic-shielded-antenna-algcom-ps-5800-37-18-dp\\\/#primaryimage\",\"url\":\"https:\\\/\\\/www.4netonline.com\\\/wpg\\\/wp-content\\\/uploads\\\/2019\\\/03\\\/54.png\",\"contentUrl\":\"https:\\\/\\\/www.4netonline.com\\\/wpg\\\/wp-content\\\/uploads\\\/2019\\\/03\\\/54.png\",\"width\":600,\"height\":600,\"caption\":\"PARABOLIC SHIELDED\"},{\"@type\":\"BreadcrumbList\",\"@id\":\"https:\\\/\\\/www.4netonline.com\\\/wpg\\\/product\\\/parabolic-shielded-antenna-algcom-ps-5800-37-18-dp\\\/#breadcrumb\",\"itemListElement\":[{\"@type\":\"ListItem\",\"position\":1,\"name\":\"Home\",\"item\":\"https:\\\/\\\/www.4netonline.com\\\/wpg\\\/\"},{\"@type\":\"ListItem\",\"position\":2,\"name\":\"Shop\",\"item\":\"https:\\\/\\\/www.4netonline.com\\\/wpg\\\/shop-2\\\/\"},{\"@type\":\"ListItem\",\"position\":3,\"name\":\"PARABOLIC SHIELDED PS-5800-37-18-DP\"}]},{\"@type\":\"WebSite\",\"@id\":\"https:\\\/\\\/www.4netonline.com\\\/wpg\\\/#website\",\"url\":\"https:\\\/\\\/www.4netonline.com\\\/wpg\\\/\",\"name\":\"4Net Networking\",\"description\":\"\",\"publisher\":{\"@id\":\"https:\\\/\\\/www.4netonline.com\\\/wpg\\\/#organization\"},\"potentialAction\":[{\"@type\":\"SearchAction\",\"target\":{\"@type\":\"EntryPoint\",\"urlTemplate\":\"https:\\\/\\\/www.4netonline.com\\\/wpg\\\/?s={search_term_string}\"},\"query-input\":{\"@type\":\"PropertyValueSpecification\",\"valueRequired\":true,\"valueName\":\"search_term_string\"}}],\"inLanguage\":\"en-US\"},{\"@type\":\"Organization\",\"@id\":\"https:\\\/\\\/www.4netonline.com\\\/wpg\\\/#organization\",\"name\":\"4net Networks\",\"url\":\"https:\\\/\\\/www.4netonline.com\\\/wpg\\\/\",\"logo\":{\"@type\":\"ImageObject\",\"inLanguage\":\"en-US\",\"@id\":\"https:\\\/\\\/www.4netonline.com\\\/wpg\\\/#\\\/schema\\\/logo\\\/image\\\/\",\"url\":\"\",\"contentUrl\":\"\",\"caption\":\"4net Networks\"},\"image\":{\"@id\":\"https:\\\/\\\/www.4netonline.com\\\/wpg\\\/#\\\/schema\\\/logo\\\/image\\\/\"},\"sameAs\":[\"https:\\\/\\\/www.facebook.com\\\/4netNetworking\\\/\",\"https:\\\/\\\/x.com\\\/4netonline\",\"https:\\\/\\\/www.linkedin.com\\\/company\\\/4net-networking-corp\",\"https:\\\/\\\/www.youtube.com\\\/channel\\\/UCmHmX1rrKiDV0uOWZBVSn7g\"]}]}<\/script>\n<!-- \/ Yoast SEO plugin. -->","yoast_head_json":{"title":"PARABOLIC SHIELDED PS-5800-37-18-DP -","description":"Parabolic Shielded Antennas were designed with high technology to ensure the best performance in unlicensedfrequency wireless links.","robots":{"index":"index","follow":"follow","max-snippet":"max-snippet:-1","max-image-preview":"max-image-preview:large","max-video-preview":"max-video-preview:-1"},"canonical":"https:\/\/www.4netonline.com\/wpg\/product\/parabolic-shielded-antenna-algcom-ps-5800-37-18-dp\/","og_locale":"en_US","og_type":"article","og_title":"PARABOLIC SHIELDED PS-5800-37-18-DP -","og_description":"Parabolic Shielded Antennas were designed with high technology to ensure the best performance in unlicensedfrequency wireless links.","og_url":"https:\/\/www.4netonline.com\/wpg\/product\/parabolic-shielded-antenna-algcom-ps-5800-37-18-dp\/","og_site_name":"4Net Networking","article_publisher":"https:\/\/www.facebook.com\/4netNetworking\/","article_modified_time":"2023-08-25T15:45:15+00:00","og_image":[{"width":600,"height":600,"url":"https:\/\/www.4netonline.com\/wpg\/wp-content\/uploads\/2019\/03\/54.png","type":"image\/png"}],"twitter_card":"summary_large_image","twitter_site":"@4netonline","twitter_misc":{"Est. reading time":"2 minutes"},"schema":{"@context":"https:\/\/schema.org","@graph":[{"@type":"WebPage","@id":"https:\/\/www.4netonline.com\/wpg\/product\/parabolic-shielded-antenna-algcom-ps-5800-37-18-dp\/","url":"https:\/\/www.4netonline.com\/wpg\/product\/parabolic-shielded-antenna-algcom-ps-5800-37-18-dp\/","name":"PARABOLIC SHIELDED PS-5800-37-18-DP -","isPartOf":{"@id":"https:\/\/www.4netonline.com\/wpg\/#website"},"primaryImageOfPage":{"@id":"https:\/\/www.4netonline.com\/wpg\/product\/parabolic-shielded-antenna-algcom-ps-5800-37-18-dp\/#primaryimage"},"image":{"@id":"https:\/\/www.4netonline.com\/wpg\/product\/parabolic-shielded-antenna-algcom-ps-5800-37-18-dp\/#primaryimage"},"thumbnailUrl":"https:\/\/www.4netonline.com\/wpg\/wp-content\/uploads\/2019\/03\/54.png","datePublished":"2019-03-06T18:14:27+00:00","dateModified":"2023-08-25T15:45:15+00:00","description":"Parabolic Shielded Antennas were designed with high technology to ensure the best performance in unlicensedfrequency wireless links.","breadcrumb":{"@id":"https:\/\/www.4netonline.com\/wpg\/product\/parabolic-shielded-antenna-algcom-ps-5800-37-18-dp\/#breadcrumb"},"inLanguage":"en-US","potentialAction":[{"@type":"ReadAction","target":["https:\/\/www.4netonline.com\/wpg\/product\/parabolic-shielded-antenna-algcom-ps-5800-37-18-dp\/"]}]},{"@type":"ImageObject","inLanguage":"en-US","@id":"https:\/\/www.4netonline.com\/wpg\/product\/parabolic-shielded-antenna-algcom-ps-5800-37-18-dp\/#primaryimage","url":"https:\/\/www.4netonline.com\/wpg\/wp-content\/uploads\/2019\/03\/54.png","contentUrl":"https:\/\/www.4netonline.com\/wpg\/wp-content\/uploads\/2019\/03\/54.png","width":600,"height":600,"caption":"PARABOLIC SHIELDED"},{"@type":"BreadcrumbList","@id":"https:\/\/www.4netonline.com\/wpg\/product\/parabolic-shielded-antenna-algcom-ps-5800-37-18-dp\/#breadcrumb","itemListElement":[{"@type":"ListItem","position":1,"name":"Home","item":"https:\/\/www.4netonline.com\/wpg\/"},{"@type":"ListItem","position":2,"name":"Shop","item":"https:\/\/www.4netonline.com\/wpg\/shop-2\/"},{"@type":"ListItem","position":3,"name":"PARABOLIC SHIELDED PS-5800-37-18-DP"}]},{"@type":"WebSite","@id":"https:\/\/www.4netonline.com\/wpg\/#website","url":"https:\/\/www.4netonline.com\/wpg\/","name":"4Net Networking","description":"","publisher":{"@id":"https:\/\/www.4netonline.com\/wpg\/#organization"},"potentialAction":[{"@type":"SearchAction","target":{"@type":"EntryPoint","urlTemplate":"https:\/\/www.4netonline.com\/wpg\/?s={search_term_string}"},"query-input":{"@type":"PropertyValueSpecification","valueRequired":true,"valueName":"search_term_string"}}],"inLanguage":"en-US"},{"@type":"Organization","@id":"https:\/\/www.4netonline.com\/wpg\/#organization","name":"4net Networks","url":"https:\/\/www.4netonline.com\/wpg\/","logo":{"@type":"ImageObject","inLanguage":"en-US","@id":"https:\/\/www.4netonline.com\/wpg\/#\/schema\/logo\/image\/","url":"","contentUrl":"","caption":"4net Networks"},"image":{"@id":"https:\/\/www.4netonline.com\/wpg\/#\/schema\/logo\/image\/"},"sameAs":["https:\/\/www.facebook.com\/4netNetworking\/","https:\/\/x.com\/4netonline","https:\/\/www.linkedin.com\/company\/4net-networking-corp","https:\/\/www.youtube.com\/channel\/UCmHmX1rrKiDV0uOWZBVSn7g"]}]}},"_links":{"self":[{"href":"https:\/\/www.4netonline.com\/wpg\/wp-json\/wp\/v2\/product\/31281","targetHints":{"allow":["GET"]}}],"collection":[{"href":"https:\/\/www.4netonline.com\/wpg\/wp-json\/wp\/v2\/product"}],"about":[{"href":"https:\/\/www.4netonline.com\/wpg\/wp-json\/wp\/v2\/types\/product"}],"version-history":[{"count":0,"href":"https:\/\/www.4netonline.com\/wpg\/wp-json\/wp\/v2\/product\/31281\/revisions"}],"wp:featuredmedia":[{"embeddable":true,"href":"https:\/\/www.4netonline.com\/wpg\/wp-json\/wp\/v2\/media\/31275"}],"wp:attachment":[{"href":"https:\/\/www.4netonline.com\/wpg\/wp-json\/wp\/v2\/media?parent=31281"}],"wp:term":[{"taxonomy":"brand","embeddable":true,"href":"https:\/\/www.4netonline.com\/wpg\/wp-json\/wp\/v2\/etheme_brands?post=31281"},{"taxonomy":"product_brand","embeddable":true,"href":"https:\/\/www.4netonline.com\/wpg\/wp-json\/wp\/v2\/product_brand?post=31281"},{"taxonomy":"product_cat","embeddable":true,"href":"https:\/\/www.4netonline.com\/wpg\/wp-json\/wp\/v2\/product_cat?post=31281"},{"taxonomy":"product_tag","embeddable":true,"href":"https:\/\/www.4netonline.com\/wpg\/wp-json\/wp\/v2\/product_tag?post=31281"}],"curies":[{"name":"wp","href":"https:\/\/api.w.org\/{rel}","templated":true}]}}