{"id":31057,"date":"2019-02-15T14:16:12","date_gmt":"2019-02-15T19:16:12","guid":{"rendered":"https:\/\/4netonline.com\/wpg\/?post_type=product&#038;p=31057"},"modified":"2023-04-14T08:39:08","modified_gmt":"2023-04-14T13:39:08","slug":"gpon-optical-network-u-fiber-nano-gpon-cpe-2","status":"publish","type":"product","link":"https:\/\/www.4netonline.com\/wpg\/product\/gpon-optical-network-u-fiber-nano-gpon-cpe-2\/","title":{"rendered":"GPON Optical Network UF-LOCO"},"content":{"rendered":"<p style=\"text-align: center\">GPON Optical Network<\/p>\n<blockquote><p>Point-to-multipoint unit with a GPON WAN port, Gigabit RJ45 port, and Layer 2\/3 switching capability.<\/p><\/blockquote>\n<p>The sleek UFiber loco is a robust, high\u2011performance GPON CPE that features extremely low power consumption and the choice of 24V passive PoE or Micro\u2011USB power.<\/p>\n<p><strong>Nano GPON Optical Network Unit<\/strong><\/p>\n<p>The U Fiber Nano G is a robust, highperformance<br \/>\nGPON CPE that features a \u00a0sleek, sophisticated industrial<br \/>\ndesign.<\/p>\n<p><strong>Features<\/strong><br \/>\n\u2022 <strong>WAN<\/strong>: (1) GPON Port<br \/>\n\u2022 <strong>LAN<\/strong>: (1) Gigabit Ethernet Port<br \/>\n\u2022 <strong>GPON Speeds<\/strong>: 2.488 Gbps Downstream (RX),1.244 Gbps Upstream (TX)<br \/>\n\u2022 <strong>Wavelengths<\/strong>: 1490 nm Downstream (RX),1310 nm Upstream (TX)<br \/>\n\u2022 \u2022 <strong>Max. Power Consumption<\/strong>: 7W<br \/>\n\u2022 <strong>Power Method<\/strong>: 24V Passive PoE<br \/>\n\u2022 <strong>Mounting<\/strong>: Wall-Mountable (Indoor)<\/p>\n<ul>\n<li>High-Performance GPON CPE<\/li>\n<li>LED diodes for easy diagnostics<\/li>\n<li>Supports up to 20 km GPON Links<\/li>\n<li>Powerful Layer 2\/3 Management Features<\/li>\n<li>GPON WAN Port<\/li>\n<li>RJ45 Gigabit LAN Port<\/li>\n<li>SC\/APC Fiber Connector<\/li>\n<\/ul>\n<p>&nbsp;<\/p>\n<p style=\"text-align: center\"><a href=\"https:\/\/4netonline.com\/wpg\/sales-team\/franklin-gutierrez-herrera\/\">Questions?<\/a><\/p>\n<p><img fetchpriority=\"high\" decoding=\"async\" class=\"wp-image-12045 size-full aligncenter\" src=\"https:\/\/4netonline.com\/wpg\/wp-content\/uploads\/2017\/06\/UF-NANO-Specifications.jpg\" alt=\"\" width=\"761\" height=\"674\" srcset=\"https:\/\/www.4netonline.com\/wpg\/wp-content\/uploads\/2017\/06\/UF-NANO-Specifications.jpg 761w, https:\/\/www.4netonline.com\/wpg\/wp-content\/uploads\/2017\/06\/UF-NANO-Specifications-600x531.jpg 600w, https:\/\/www.4netonline.com\/wpg\/wp-content\/uploads\/2017\/06\/UF-NANO-Specifications-300x266.jpg 300w\" sizes=\"(max-width: 761px) 100vw, 761px\" \/><\/p>\n<p>&nbsp;<\/p>\n<p style=\"text-align: center\">Model:<\/p>\n<p style=\"text-align: center\">UF-LOCO<\/p>\n<p style=\"text-align: center\"><span style=\"color: #ffffff\">UFNano<\/span><\/p>\n<p>&nbsp;<\/p>\n<p><span style=\"color: #ffffff\">GPON Optical Network<\/span><\/p>\n<h4 class=\"t-18 t-black t-normal mb2\"><span style=\"color: #ffffff\">Overview<\/span><\/h4>\n<p class=\"break-words white-space-pre-wrap mb5 t-14 t-black--light t-normal\"><span style=\"color: #ffffff\">Somos un Distribuidor Master Mayorista localizado en Miami, FL. USA. Contamos con m\u00e1s de 20 a\u00f1os de experiencias y amplia presencia en Latinoam\u00e9rica. Productos; -Cables de Fibra Optica -Accesorios, Cajas y herramientas para Instalaci\u00f3n de redes de Fibra Opticas -Antenas -Cableado estructurado -Conectores y accesorios para instalaci\u00f3n de cableados -Productos para aplicaciones profesionales de Wireless (Wi-Fi); Switch, Routers, Antenas, Mesh, Somos distribuidores directos de marcas l\u00edderes en el mercado, tenemos varios programas donde ofrecemos bajos precios para compa\u00f1\u00edas aliadas. Usted y su empresa se beneficiar\u00e1 del ahorro y otras ventajas que la har\u00e1n m\u00e1s atractiva a sus clientes con las siguientes marcas: Ubiquiti Mikrotik Cambium Networks Tenda Cablix Mimosa ALG COM Exportamos a: Argentina Bolivia Brasil Chile Colombia Costa Rica Ecuador M\u00e9xico Paraguay Panam\u00e1 Per\u00fa Puerto Rico Uruguay El Caribe Venezuela &#8212;&#8212;&#8212;&#8212;&#8212;&#8212;&#8212;&#8212;&#8212;&#8212;&#8212;&#8212;&#8212;&#8212;&#8212;&#8212;&#8212;&#8212;&#8212;&#8212;&#8212;&#8212;&#8212;&#8212;&#8212;&#8212;&#8212;&#8212;&#8212;&#8212;&#8212;&#8212;&#8212;&#8212;&#8212;&#8212;&#8212;&#8212;&#8212;&#8212;&#8212;&#8212;&#8211; We are a Master wholesale distributor located in Miami, FL. USA. We have over 20 years of experience and broad presence in Latin America. Line of products; -Optic Fiber &#8211; Accessories to install Optic Fiber Network &#8211; Structured Cabling Products; &#8211; Wireless ( Wi-Fi based) products for Professional Applications; &#8211; CCTV &amp; Surveillance equipments and accessories; We are direct distributors of leading brands in the market, we have several programs where we offer low prices for allied companies. You and your company will benefit from the savings and other benefits that will make your business more attractive to your customers with the following brands: miami<\/span><\/p>\n<p><span style=\"color: #ffffff\">GPON Optical Network<\/span><\/p>\n","protected":false},"excerpt":{"rendered":"<p>GPON Optical Network Point-to-multipoint unit with a GPON WAN port, Gigabit RJ45 port, and Layer 2\/3 switching capability. The sleek&#8230;<\/p>\n","protected":false},"featured_media":31060,"template":"","meta":[],"etheme_brands":[{"term_id":1114,"name":"Ubiquiti","slug":"ubiquiti","term_group":0,"term_taxonomy_id":1114,"taxonomy":"brand","description":"","parent":0,"count":272,"filter":"raw"}],"product_brand":[],"product_cat":[1155,1148,1157],"product_tag":[818,796,761],"class_list":{"0":"post-31057","1":"product","2":"type-product","3":"status-publish","4":"has-post-thumbnail","6":"brand-ubiquiti","7":"product_cat-ub-isp-operator","8":"product_cat-ubiquiti","9":"product_cat-ub-isp-operator-wired-products","10":"product_tag-nano","11":"product_tag-router","12":"product_tag-wireless","14":"first","15":"instock","16":"taxable","17":"shipping-taxable","18":"purchasable","19":"product-type-variable"},"yoast_head":"<!-- This site is optimized with the Yoast SEO plugin v27.3 - https:\/\/yoast.com\/product\/yoast-seo-wordpress\/ -->\n<title>GPON Optical Network U Fiber, Nano, GPON CPE sleek,<\/title>\n<meta name=\"description\" content=\"GPON Optical Network Nano Unit The U Fiber is a robust, highperformance that features a useful LED display and a sleek, sophisticated\" \/>\n<meta name=\"robots\" content=\"index, follow, max-snippet:-1, max-image-preview:large, max-video-preview:-1\" \/>\n<link rel=\"canonical\" href=\"https:\/\/www.4netonline.com\/wpg\/product\/gpon-optical-network-u-fiber-nano-gpon-cpe-2\/\" \/>\n<meta property=\"og:locale\" content=\"en_US\" \/>\n<meta property=\"og:type\" content=\"article\" \/>\n<meta property=\"og:title\" content=\"GPON Optical Network U Fiber, Nano, GPON CPE sleek,\" \/>\n<meta property=\"og:description\" content=\"GPON Optical Network Nano Unit The U Fiber is a robust, highperformance that features a useful LED display and a sleek, sophisticated\" \/>\n<meta property=\"og:url\" content=\"https:\/\/www.4netonline.com\/wpg\/product\/gpon-optical-network-u-fiber-nano-gpon-cpe-2\/\" \/>\n<meta property=\"og:site_name\" content=\"4Net Networking\" \/>\n<meta property=\"article:publisher\" content=\"https:\/\/www.facebook.com\/4netNetworking\/\" \/>\n<meta property=\"article:modified_time\" content=\"2023-04-14T13:39:08+00:00\" \/>\n<meta property=\"og:image\" content=\"https:\/\/www.4netonline.com\/wpg\/wp-content\/uploads\/2019\/02\/97.png\" \/>\n\t<meta property=\"og:image:width\" content=\"600\" \/>\n\t<meta property=\"og:image:height\" content=\"600\" \/>\n\t<meta property=\"og:image:type\" content=\"image\/png\" \/>\n<meta name=\"twitter:card\" content=\"summary_large_image\" \/>\n<meta name=\"twitter:site\" content=\"@4netonline\" \/>\n<meta name=\"twitter:label1\" content=\"Est. reading time\" \/>\n\t<meta name=\"twitter:data1\" content=\"2 minutes\" \/>\n<script type=\"application\/ld+json\" class=\"yoast-schema-graph\">{\"@context\":\"https:\\\/\\\/schema.org\",\"@graph\":[{\"@type\":\"WebPage\",\"@id\":\"https:\\\/\\\/www.4netonline.com\\\/wpg\\\/product\\\/gpon-optical-network-u-fiber-nano-gpon-cpe-2\\\/\",\"url\":\"https:\\\/\\\/www.4netonline.com\\\/wpg\\\/product\\\/gpon-optical-network-u-fiber-nano-gpon-cpe-2\\\/\",\"name\":\"GPON Optical Network U Fiber, Nano, GPON CPE sleek,\",\"isPartOf\":{\"@id\":\"https:\\\/\\\/www.4netonline.com\\\/wpg\\\/#website\"},\"primaryImageOfPage\":{\"@id\":\"https:\\\/\\\/www.4netonline.com\\\/wpg\\\/product\\\/gpon-optical-network-u-fiber-nano-gpon-cpe-2\\\/#primaryimage\"},\"image\":{\"@id\":\"https:\\\/\\\/www.4netonline.com\\\/wpg\\\/product\\\/gpon-optical-network-u-fiber-nano-gpon-cpe-2\\\/#primaryimage\"},\"thumbnailUrl\":\"https:\\\/\\\/www.4netonline.com\\\/wpg\\\/wp-content\\\/uploads\\\/2019\\\/02\\\/97.png\",\"datePublished\":\"2019-02-15T19:16:12+00:00\",\"dateModified\":\"2023-04-14T13:39:08+00:00\",\"description\":\"GPON Optical Network Nano Unit The U Fiber is a robust, highperformance that features a useful LED display and a sleek, sophisticated\",\"breadcrumb\":{\"@id\":\"https:\\\/\\\/www.4netonline.com\\\/wpg\\\/product\\\/gpon-optical-network-u-fiber-nano-gpon-cpe-2\\\/#breadcrumb\"},\"inLanguage\":\"en-US\",\"potentialAction\":[{\"@type\":\"ReadAction\",\"target\":[\"https:\\\/\\\/www.4netonline.com\\\/wpg\\\/product\\\/gpon-optical-network-u-fiber-nano-gpon-cpe-2\\\/\"]}]},{\"@type\":\"ImageObject\",\"inLanguage\":\"en-US\",\"@id\":\"https:\\\/\\\/www.4netonline.com\\\/wpg\\\/product\\\/gpon-optical-network-u-fiber-nano-gpon-cpe-2\\\/#primaryimage\",\"url\":\"https:\\\/\\\/www.4netonline.com\\\/wpg\\\/wp-content\\\/uploads\\\/2019\\\/02\\\/97.png\",\"contentUrl\":\"https:\\\/\\\/www.4netonline.com\\\/wpg\\\/wp-content\\\/uploads\\\/2019\\\/02\\\/97.png\",\"width\":600,\"height\":600,\"caption\":\"GPON Optical Network\"},{\"@type\":\"BreadcrumbList\",\"@id\":\"https:\\\/\\\/www.4netonline.com\\\/wpg\\\/product\\\/gpon-optical-network-u-fiber-nano-gpon-cpe-2\\\/#breadcrumb\",\"itemListElement\":[{\"@type\":\"ListItem\",\"position\":1,\"name\":\"Home\",\"item\":\"https:\\\/\\\/www.4netonline.com\\\/wpg\\\/\"},{\"@type\":\"ListItem\",\"position\":2,\"name\":\"Shop\",\"item\":\"https:\\\/\\\/www.4netonline.com\\\/wpg\\\/shop-2\\\/\"},{\"@type\":\"ListItem\",\"position\":3,\"name\":\"GPON Optical Network UF-LOCO\"}]},{\"@type\":\"WebSite\",\"@id\":\"https:\\\/\\\/www.4netonline.com\\\/wpg\\\/#website\",\"url\":\"https:\\\/\\\/www.4netonline.com\\\/wpg\\\/\",\"name\":\"4Net Networking\",\"description\":\"\",\"publisher\":{\"@id\":\"https:\\\/\\\/www.4netonline.com\\\/wpg\\\/#organization\"},\"potentialAction\":[{\"@type\":\"SearchAction\",\"target\":{\"@type\":\"EntryPoint\",\"urlTemplate\":\"https:\\\/\\\/www.4netonline.com\\\/wpg\\\/?s={search_term_string}\"},\"query-input\":{\"@type\":\"PropertyValueSpecification\",\"valueRequired\":true,\"valueName\":\"search_term_string\"}}],\"inLanguage\":\"en-US\"},{\"@type\":\"Organization\",\"@id\":\"https:\\\/\\\/www.4netonline.com\\\/wpg\\\/#organization\",\"name\":\"4net Networks\",\"url\":\"https:\\\/\\\/www.4netonline.com\\\/wpg\\\/\",\"logo\":{\"@type\":\"ImageObject\",\"inLanguage\":\"en-US\",\"@id\":\"https:\\\/\\\/www.4netonline.com\\\/wpg\\\/#\\\/schema\\\/logo\\\/image\\\/\",\"url\":\"\",\"contentUrl\":\"\",\"caption\":\"4net Networks\"},\"image\":{\"@id\":\"https:\\\/\\\/www.4netonline.com\\\/wpg\\\/#\\\/schema\\\/logo\\\/image\\\/\"},\"sameAs\":[\"https:\\\/\\\/www.facebook.com\\\/4netNetworking\\\/\",\"https:\\\/\\\/x.com\\\/4netonline\",\"https:\\\/\\\/www.linkedin.com\\\/company\\\/4net-networking-corp\",\"https:\\\/\\\/www.youtube.com\\\/channel\\\/UCmHmX1rrKiDV0uOWZBVSn7g\"]}]}<\/script>\n<!-- \/ Yoast SEO plugin. -->","yoast_head_json":{"title":"GPON Optical Network U Fiber, Nano, GPON CPE sleek,","description":"GPON Optical Network Nano Unit The U Fiber is a robust, highperformance that features a useful LED display and a sleek, sophisticated","robots":{"index":"index","follow":"follow","max-snippet":"max-snippet:-1","max-image-preview":"max-image-preview:large","max-video-preview":"max-video-preview:-1"},"canonical":"https:\/\/www.4netonline.com\/wpg\/product\/gpon-optical-network-u-fiber-nano-gpon-cpe-2\/","og_locale":"en_US","og_type":"article","og_title":"GPON Optical Network U Fiber, Nano, GPON CPE sleek,","og_description":"GPON Optical Network Nano Unit The U Fiber is a robust, highperformance that features a useful LED display and a sleek, sophisticated","og_url":"https:\/\/www.4netonline.com\/wpg\/product\/gpon-optical-network-u-fiber-nano-gpon-cpe-2\/","og_site_name":"4Net Networking","article_publisher":"https:\/\/www.facebook.com\/4netNetworking\/","article_modified_time":"2023-04-14T13:39:08+00:00","og_image":[{"width":600,"height":600,"url":"https:\/\/www.4netonline.com\/wpg\/wp-content\/uploads\/2019\/02\/97.png","type":"image\/png"}],"twitter_card":"summary_large_image","twitter_site":"@4netonline","twitter_misc":{"Est. reading time":"2 minutes"},"schema":{"@context":"https:\/\/schema.org","@graph":[{"@type":"WebPage","@id":"https:\/\/www.4netonline.com\/wpg\/product\/gpon-optical-network-u-fiber-nano-gpon-cpe-2\/","url":"https:\/\/www.4netonline.com\/wpg\/product\/gpon-optical-network-u-fiber-nano-gpon-cpe-2\/","name":"GPON Optical Network U Fiber, Nano, GPON CPE sleek,","isPartOf":{"@id":"https:\/\/www.4netonline.com\/wpg\/#website"},"primaryImageOfPage":{"@id":"https:\/\/www.4netonline.com\/wpg\/product\/gpon-optical-network-u-fiber-nano-gpon-cpe-2\/#primaryimage"},"image":{"@id":"https:\/\/www.4netonline.com\/wpg\/product\/gpon-optical-network-u-fiber-nano-gpon-cpe-2\/#primaryimage"},"thumbnailUrl":"https:\/\/www.4netonline.com\/wpg\/wp-content\/uploads\/2019\/02\/97.png","datePublished":"2019-02-15T19:16:12+00:00","dateModified":"2023-04-14T13:39:08+00:00","description":"GPON Optical Network Nano Unit The U Fiber is a robust, highperformance that features a useful LED display and a sleek, sophisticated","breadcrumb":{"@id":"https:\/\/www.4netonline.com\/wpg\/product\/gpon-optical-network-u-fiber-nano-gpon-cpe-2\/#breadcrumb"},"inLanguage":"en-US","potentialAction":[{"@type":"ReadAction","target":["https:\/\/www.4netonline.com\/wpg\/product\/gpon-optical-network-u-fiber-nano-gpon-cpe-2\/"]}]},{"@type":"ImageObject","inLanguage":"en-US","@id":"https:\/\/www.4netonline.com\/wpg\/product\/gpon-optical-network-u-fiber-nano-gpon-cpe-2\/#primaryimage","url":"https:\/\/www.4netonline.com\/wpg\/wp-content\/uploads\/2019\/02\/97.png","contentUrl":"https:\/\/www.4netonline.com\/wpg\/wp-content\/uploads\/2019\/02\/97.png","width":600,"height":600,"caption":"GPON Optical Network"},{"@type":"BreadcrumbList","@id":"https:\/\/www.4netonline.com\/wpg\/product\/gpon-optical-network-u-fiber-nano-gpon-cpe-2\/#breadcrumb","itemListElement":[{"@type":"ListItem","position":1,"name":"Home","item":"https:\/\/www.4netonline.com\/wpg\/"},{"@type":"ListItem","position":2,"name":"Shop","item":"https:\/\/www.4netonline.com\/wpg\/shop-2\/"},{"@type":"ListItem","position":3,"name":"GPON Optical Network UF-LOCO"}]},{"@type":"WebSite","@id":"https:\/\/www.4netonline.com\/wpg\/#website","url":"https:\/\/www.4netonline.com\/wpg\/","name":"4Net Networking","description":"","publisher":{"@id":"https:\/\/www.4netonline.com\/wpg\/#organization"},"potentialAction":[{"@type":"SearchAction","target":{"@type":"EntryPoint","urlTemplate":"https:\/\/www.4netonline.com\/wpg\/?s={search_term_string}"},"query-input":{"@type":"PropertyValueSpecification","valueRequired":true,"valueName":"search_term_string"}}],"inLanguage":"en-US"},{"@type":"Organization","@id":"https:\/\/www.4netonline.com\/wpg\/#organization","name":"4net Networks","url":"https:\/\/www.4netonline.com\/wpg\/","logo":{"@type":"ImageObject","inLanguage":"en-US","@id":"https:\/\/www.4netonline.com\/wpg\/#\/schema\/logo\/image\/","url":"","contentUrl":"","caption":"4net Networks"},"image":{"@id":"https:\/\/www.4netonline.com\/wpg\/#\/schema\/logo\/image\/"},"sameAs":["https:\/\/www.facebook.com\/4netNetworking\/","https:\/\/x.com\/4netonline","https:\/\/www.linkedin.com\/company\/4net-networking-corp","https:\/\/www.youtube.com\/channel\/UCmHmX1rrKiDV0uOWZBVSn7g"]}]}},"_links":{"self":[{"href":"https:\/\/www.4netonline.com\/wpg\/wp-json\/wp\/v2\/product\/31057","targetHints":{"allow":["GET"]}}],"collection":[{"href":"https:\/\/www.4netonline.com\/wpg\/wp-json\/wp\/v2\/product"}],"about":[{"href":"https:\/\/www.4netonline.com\/wpg\/wp-json\/wp\/v2\/types\/product"}],"version-history":[{"count":0,"href":"https:\/\/www.4netonline.com\/wpg\/wp-json\/wp\/v2\/product\/31057\/revisions"}],"wp:featuredmedia":[{"embeddable":true,"href":"https:\/\/www.4netonline.com\/wpg\/wp-json\/wp\/v2\/media\/31060"}],"wp:attachment":[{"href":"https:\/\/www.4netonline.com\/wpg\/wp-json\/wp\/v2\/media?parent=31057"}],"wp:term":[{"taxonomy":"brand","embeddable":true,"href":"https:\/\/www.4netonline.com\/wpg\/wp-json\/wp\/v2\/etheme_brands?post=31057"},{"taxonomy":"product_brand","embeddable":true,"href":"https:\/\/www.4netonline.com\/wpg\/wp-json\/wp\/v2\/product_brand?post=31057"},{"taxonomy":"product_cat","embeddable":true,"href":"https:\/\/www.4netonline.com\/wpg\/wp-json\/wp\/v2\/product_cat?post=31057"},{"taxonomy":"product_tag","embeddable":true,"href":"https:\/\/www.4netonline.com\/wpg\/wp-json\/wp\/v2\/product_tag?post=31057"}],"curies":[{"name":"wp","href":"https:\/\/api.w.org\/{rel}","templated":true}]}}