{"id":2158,"date":"2014-07-17T13:12:00","date_gmt":"2014-07-17T18:12:00","guid":{"rendered":"https:\/\/4netonline.com\/wpg\/?post_type=product&#038;p=2158"},"modified":"2023-08-25T12:40:34","modified_gmt":"2023-08-25T17:40:34","slug":"mk6a-03-cat-6a-keystone-jack","status":"publish","type":"product","link":"https:\/\/www.4netonline.com\/wpg\/product\/mk6a-03-cat-6a-keystone-jack\/","title":{"rendered":"MK6A-03 &#8211; Cat. 6A Keystone Jack"},"content":{"rendered":"<p><strong>Keystone Technical information<\/strong><\/p>\n<ul>\n<li><span style=\"background-color: initial;\">Keystone\u00a0T568A &amp; T568B wiring.<\/span><\/li>\n<li><span style=\"background-color: initial;\">The Cat6A transmission performance is in compliance <\/span><span style=\"background-color: initial;\">with the ANSI\/TIA 568 C.2 standard.<\/span><\/li>\n<li><span style=\"background-color: initial;\">UL listed.<\/span><\/li>\n<\/ul>\n<p><span style=\"background-color: initial;\"><br \/>\n<\/span><strong style=\"background-color: initial;\">Specification<\/strong><\/p>\n<ul>\n<li><span style=\"background-color: initial;\">Material<\/span><\/li>\n<li><span style=\"background-color: initial;\">1. RJ45 Jack<\/span><\/li>\n<li><span style=\"background-color: initial;\">1.1. Housing: ABS+PC, UL94V-0, with optional color.<\/span><\/li>\n<li><span style=\"background-color: initial;\">1.2. Contact Bracket : PBT+Glass Fiber, UL 94V-0, with black color.<\/span><\/li>\n<li><span style=\"background-color: initial;\">2. RJ45 Jack Contact :<\/span><\/li>\n<li><span style=\"background-color: initial;\">2.1. Material: Phosphor Bronze with Nickel plated.<\/span><\/li>\n<li><span style=\"background-color: initial;\">2.2. Finish: 50micro-inch Gold plated on Plug contact area.<\/span><\/li>\n<li><span style=\"background-color: initial;\">3. IDC<\/span><\/li>\n<li><span style=\"background-color: initial;\">3.1. Housing: PC+Glass Fiber, gray color ( RAL7035), UL 94V-2.<\/span><\/li>\n<li><span style=\"background-color: initial;\">3.2. Terminal: Phosphor Bronze with Tin plated.<\/span><\/li>\n<li><span style=\"background-color: initial;\">4. IDC CAP: PC 1250Y UL 94-2. transparent black<\/span><\/li>\n<li><span style=\"background-color: initial;\">5. IDC Bracket: ABS, UL 94V-0.<\/span><\/li>\n<li><span style=\"background-color: initial;\">6. PCB: FR4, UL 94V-0.<\/span><\/li>\n<\/ul>\n<p><span style=\"background-color: initial;\"><br \/>\n<\/span><strong style=\"background-color: initial;\">Performance<\/strong><\/p>\n<ul>\n<li><span style=\"background-color: initial;\">1.\u00a0Keystone T568A &amp; T568B wiring.<\/span><\/li>\n<li><span style=\"background-color: initial;\">2. Insertion force: 20N max. (IEC 60603-7-4).<\/span><\/li>\n<li><span style=\"background-color: initial;\">3. Retention strength: 7.7kg between Jack and Plug.<\/span><\/li>\n<li><span style=\"background-color: initial;\">4. Operating temperature: -10\u00b0C to 60\u00b0C. (ISO\/IEC 11801, ANSI\/TIA 568 C.2)<\/span><\/li>\n<li><span style=\"background-color: initial;\">5. Life (mating cycles): <\/span><span style=\"background-color: initial;\">Jack: 750 cycles min. (ISO\/IEC 11801, IEC 60603-7-4)<\/span><\/li>\n<li><span style=\"background-color: initial;\">IDC: Suitable for 23-26 AWG stranded and solid wire, compatible with 110 <\/span><span style=\"background-color: initial;\">punch down tools.<\/span><\/li>\n<li><span style=\"background-color: initial;\">6. The Cat6A transmission performance is in compliance with the ANSI\/TIA 568 C.2 <\/span><span style=\"background-color: initial;\">standard.The cat5e tranmition performance is in complaince with the ANSI\/TIA\/EIA 568 <\/span><span style=\"background-color: initial;\">C.2 standard.<\/span><\/li>\n<\/ul>\n<p>&nbsp;<\/p>\n<p>see more products <a href=\"https:\/\/4netonline.com\/wpg\/product-category\/cablix\/\">cablix<\/a><\/p>\n<p>&nbsp;<\/p>\n<p>Somos un Distribuidor Master Mayorista localizado en Miami, FL. USA. Contamos con m\u00e1s de 18 a\u00f1os de experiencias y amplia presencia en Latinoam\u00e9rica. Productos; -Cableado estructurado -Conectores y accesorios para instalaci\u00f3n de cableados -Productos para aplicaciones profesionales de Wireless (Wi-Fi); Switch, Routers, Antenas, Mesh, -Equipo de vigilancia &amp; CCTV y accesorios; Somos distribuidores directos de marcas l\u00edderes en el mercado, tenemos varios programas donde ofrecemos bajos precios para compa\u00f1\u00edas aliadas. Usted y su empresa se beneficiar\u00e1 del ahorro y otras ventajas que la har\u00e1n m\u00e1s atractiva a sus clientes con las siguientes marcas: Ubiquiti Mikrotik Cambium Networks Radwin Tenda Dotix Cablix Ligowave Grandstream Hyperlink Quest Tycon Wireless Itelite TpLink Wiess-Antenna Altelix Trendnet Alfa Fire4 RF Armor<\/p>\n","protected":false},"excerpt":{"rendered":"<p><strong>Technical information<\/strong><\/p>\n<ul>\n<li><span style=\"background-color: initial;\">T568A &amp; T568B wiring.<\/span><\/li>\n<li><span style=\"background-color: initial;\">The Cat6A transmission performance is in compliance <\/span><span style=\"background-color: initial;\">with the ANSI\/TIA 568 C.2 standard.<\/span><\/li>\n<li><span style=\"background-color: initial;\">UL listed.<\/span><\/li>\n<\/ul>\n","protected":false},"featured_media":6050,"template":"","meta":[],"etheme_brands":[{"term_id":1115,"name":"Cablix","slug":"cablix","term_group":0,"term_taxonomy_id":1115,"taxonomy":"brand","description":"","parent":0,"count":181,"filter":"raw"}],"product_brand":[],"product_cat":[1401,1427,1423],"product_tag":[778,776,777,775,790,791],"class_list":{"0":"post-2158","1":"product","2":"type-product","3":"status-publish","4":"has-post-thumbnail","6":"brand-cablix","7":"product_cat-cablix","8":"product_cat-cablix-metallic-jacks-faceplates","9":"product_cat-cablix-metallic","10":"product_tag-adapter","11":"product_tag-cable","12":"product_tag-cablix","13":"product_tag-connector","14":"product_tag-jack","15":"product_tag-keystone","16":"pa_mk6a-03-keystone-jack-color-black-8","17":"pa_mk6a-03-keystone-jack-color-blue","18":"pa_mk6a-03-keystone-jack-color-ivory","19":"pa_mk6a-03-keystone-jack-color-orange","20":"pa_mk6a-03-keystone-jack-color-red","21":"pa_mk6a-03-keystone-jack-color-white-6","23":"first","24":"instock","25":"taxable","26":"shipping-taxable","27":"purchasable","28":"product-type-variable"},"yoast_head":"<!-- This site is optimized with the Yoast SEO plugin v27.3 - https:\/\/yoast.com\/product\/yoast-seo-wordpress\/ -->\n<title>Keystone Jack Technical information T568A &amp; T568B wiring.<\/title>\n<meta name=\"description\" content=\"Keystone Jack Technical information T568A &amp; T568B wiring. The Cat6A transmission performance is in compliance with the ANSI\/TIA 568 C.2\" \/>\n<meta name=\"robots\" content=\"index, follow, max-snippet:-1, max-image-preview:large, max-video-preview:-1\" \/>\n<link rel=\"canonical\" href=\"https:\/\/www.4netonline.com\/wpg\/product\/mk6a-03-cat-6a-keystone-jack\/\" \/>\n<meta property=\"og:locale\" content=\"en_US\" \/>\n<meta property=\"og:type\" content=\"article\" \/>\n<meta property=\"og:title\" content=\"Keystone Jack Technical information T568A &amp; T568B wiring.\" \/>\n<meta property=\"og:description\" content=\"Keystone Jack Technical information T568A &amp; T568B wiring. The Cat6A transmission performance is in compliance with the ANSI\/TIA 568 C.2\" \/>\n<meta property=\"og:url\" content=\"https:\/\/www.4netonline.com\/wpg\/product\/mk6a-03-cat-6a-keystone-jack\/\" \/>\n<meta property=\"og:site_name\" content=\"4Net Networking\" \/>\n<meta property=\"article:publisher\" content=\"https:\/\/www.facebook.com\/4netNetworking\/\" \/>\n<meta property=\"article:modified_time\" content=\"2023-08-25T17:40:34+00:00\" \/>\n<meta property=\"og:image\" content=\"https:\/\/www.4netonline.com\/wpg\/wp-content\/uploads\/2014\/07\/mk6a-03-w-k.jpg\" \/>\n\t<meta property=\"og:image:width\" content=\"2000\" \/>\n\t<meta property=\"og:image:height\" content=\"2000\" \/>\n\t<meta property=\"og:image:type\" content=\"image\/jpeg\" \/>\n<meta name=\"twitter:card\" content=\"summary_large_image\" \/>\n<meta name=\"twitter:site\" content=\"@4netonline\" \/>\n<meta name=\"twitter:label1\" content=\"Est. reading time\" \/>\n\t<meta name=\"twitter:data1\" content=\"2 minutes\" \/>\n<script type=\"application\/ld+json\" class=\"yoast-schema-graph\">{\"@context\":\"https:\\\/\\\/schema.org\",\"@graph\":[{\"@type\":\"WebPage\",\"@id\":\"https:\\\/\\\/www.4netonline.com\\\/wpg\\\/product\\\/mk6a-03-cat-6a-keystone-jack\\\/\",\"url\":\"https:\\\/\\\/www.4netonline.com\\\/wpg\\\/product\\\/mk6a-03-cat-6a-keystone-jack\\\/\",\"name\":\"Keystone Jack Technical information T568A & T568B wiring.\",\"isPartOf\":{\"@id\":\"https:\\\/\\\/www.4netonline.com\\\/wpg\\\/#website\"},\"primaryImageOfPage\":{\"@id\":\"https:\\\/\\\/www.4netonline.com\\\/wpg\\\/product\\\/mk6a-03-cat-6a-keystone-jack\\\/#primaryimage\"},\"image\":{\"@id\":\"https:\\\/\\\/www.4netonline.com\\\/wpg\\\/product\\\/mk6a-03-cat-6a-keystone-jack\\\/#primaryimage\"},\"thumbnailUrl\":\"https:\\\/\\\/www.4netonline.com\\\/wpg\\\/wp-content\\\/uploads\\\/2014\\\/07\\\/mk6a-03-w-k.jpg\",\"datePublished\":\"2014-07-17T18:12:00+00:00\",\"dateModified\":\"2023-08-25T17:40:34+00:00\",\"description\":\"Keystone Jack Technical information T568A & T568B wiring. The Cat6A transmission performance is in compliance with the ANSI\\\/TIA 568 C.2\",\"breadcrumb\":{\"@id\":\"https:\\\/\\\/www.4netonline.com\\\/wpg\\\/product\\\/mk6a-03-cat-6a-keystone-jack\\\/#breadcrumb\"},\"inLanguage\":\"en-US\",\"potentialAction\":[{\"@type\":\"ReadAction\",\"target\":[\"https:\\\/\\\/www.4netonline.com\\\/wpg\\\/product\\\/mk6a-03-cat-6a-keystone-jack\\\/\"]}]},{\"@type\":\"ImageObject\",\"inLanguage\":\"en-US\",\"@id\":\"https:\\\/\\\/www.4netonline.com\\\/wpg\\\/product\\\/mk6a-03-cat-6a-keystone-jack\\\/#primaryimage\",\"url\":\"https:\\\/\\\/www.4netonline.com\\\/wpg\\\/wp-content\\\/uploads\\\/2014\\\/07\\\/mk6a-03-w-k.jpg\",\"contentUrl\":\"https:\\\/\\\/www.4netonline.com\\\/wpg\\\/wp-content\\\/uploads\\\/2014\\\/07\\\/mk6a-03-w-k.jpg\",\"width\":2000,\"height\":2000,\"caption\":\"Keystone\"},{\"@type\":\"BreadcrumbList\",\"@id\":\"https:\\\/\\\/www.4netonline.com\\\/wpg\\\/product\\\/mk6a-03-cat-6a-keystone-jack\\\/#breadcrumb\",\"itemListElement\":[{\"@type\":\"ListItem\",\"position\":1,\"name\":\"Home\",\"item\":\"https:\\\/\\\/www.4netonline.com\\\/wpg\\\/\"},{\"@type\":\"ListItem\",\"position\":2,\"name\":\"Shop\",\"item\":\"https:\\\/\\\/www.4netonline.com\\\/wpg\\\/shop-2\\\/\"},{\"@type\":\"ListItem\",\"position\":3,\"name\":\"MK6A-03 &#8211; Cat. 6A Keystone Jack\"}]},{\"@type\":\"WebSite\",\"@id\":\"https:\\\/\\\/www.4netonline.com\\\/wpg\\\/#website\",\"url\":\"https:\\\/\\\/www.4netonline.com\\\/wpg\\\/\",\"name\":\"4Net Networking\",\"description\":\"\",\"publisher\":{\"@id\":\"https:\\\/\\\/www.4netonline.com\\\/wpg\\\/#organization\"},\"potentialAction\":[{\"@type\":\"SearchAction\",\"target\":{\"@type\":\"EntryPoint\",\"urlTemplate\":\"https:\\\/\\\/www.4netonline.com\\\/wpg\\\/?s={search_term_string}\"},\"query-input\":{\"@type\":\"PropertyValueSpecification\",\"valueRequired\":true,\"valueName\":\"search_term_string\"}}],\"inLanguage\":\"en-US\"},{\"@type\":\"Organization\",\"@id\":\"https:\\\/\\\/www.4netonline.com\\\/wpg\\\/#organization\",\"name\":\"4net Networks\",\"url\":\"https:\\\/\\\/www.4netonline.com\\\/wpg\\\/\",\"logo\":{\"@type\":\"ImageObject\",\"inLanguage\":\"en-US\",\"@id\":\"https:\\\/\\\/www.4netonline.com\\\/wpg\\\/#\\\/schema\\\/logo\\\/image\\\/\",\"url\":\"\",\"contentUrl\":\"\",\"caption\":\"4net Networks\"},\"image\":{\"@id\":\"https:\\\/\\\/www.4netonline.com\\\/wpg\\\/#\\\/schema\\\/logo\\\/image\\\/\"},\"sameAs\":[\"https:\\\/\\\/www.facebook.com\\\/4netNetworking\\\/\",\"https:\\\/\\\/x.com\\\/4netonline\",\"https:\\\/\\\/www.linkedin.com\\\/company\\\/4net-networking-corp\",\"https:\\\/\\\/www.youtube.com\\\/channel\\\/UCmHmX1rrKiDV0uOWZBVSn7g\"]}]}<\/script>\n<!-- \/ Yoast SEO plugin. -->","yoast_head_json":{"title":"Keystone Jack Technical information T568A & T568B wiring.","description":"Keystone Jack Technical information T568A & T568B wiring. The Cat6A transmission performance is in compliance with the ANSI\/TIA 568 C.2","robots":{"index":"index","follow":"follow","max-snippet":"max-snippet:-1","max-image-preview":"max-image-preview:large","max-video-preview":"max-video-preview:-1"},"canonical":"https:\/\/www.4netonline.com\/wpg\/product\/mk6a-03-cat-6a-keystone-jack\/","og_locale":"en_US","og_type":"article","og_title":"Keystone Jack Technical information T568A & T568B wiring.","og_description":"Keystone Jack Technical information T568A & T568B wiring. The Cat6A transmission performance is in compliance with the ANSI\/TIA 568 C.2","og_url":"https:\/\/www.4netonline.com\/wpg\/product\/mk6a-03-cat-6a-keystone-jack\/","og_site_name":"4Net Networking","article_publisher":"https:\/\/www.facebook.com\/4netNetworking\/","article_modified_time":"2023-08-25T17:40:34+00:00","og_image":[{"width":2000,"height":2000,"url":"https:\/\/www.4netonline.com\/wpg\/wp-content\/uploads\/2014\/07\/mk6a-03-w-k.jpg","type":"image\/jpeg"}],"twitter_card":"summary_large_image","twitter_site":"@4netonline","twitter_misc":{"Est. reading time":"2 minutes"},"schema":{"@context":"https:\/\/schema.org","@graph":[{"@type":"WebPage","@id":"https:\/\/www.4netonline.com\/wpg\/product\/mk6a-03-cat-6a-keystone-jack\/","url":"https:\/\/www.4netonline.com\/wpg\/product\/mk6a-03-cat-6a-keystone-jack\/","name":"Keystone Jack Technical information T568A & T568B wiring.","isPartOf":{"@id":"https:\/\/www.4netonline.com\/wpg\/#website"},"primaryImageOfPage":{"@id":"https:\/\/www.4netonline.com\/wpg\/product\/mk6a-03-cat-6a-keystone-jack\/#primaryimage"},"image":{"@id":"https:\/\/www.4netonline.com\/wpg\/product\/mk6a-03-cat-6a-keystone-jack\/#primaryimage"},"thumbnailUrl":"https:\/\/www.4netonline.com\/wpg\/wp-content\/uploads\/2014\/07\/mk6a-03-w-k.jpg","datePublished":"2014-07-17T18:12:00+00:00","dateModified":"2023-08-25T17:40:34+00:00","description":"Keystone Jack Technical information T568A & T568B wiring. The Cat6A transmission performance is in compliance with the ANSI\/TIA 568 C.2","breadcrumb":{"@id":"https:\/\/www.4netonline.com\/wpg\/product\/mk6a-03-cat-6a-keystone-jack\/#breadcrumb"},"inLanguage":"en-US","potentialAction":[{"@type":"ReadAction","target":["https:\/\/www.4netonline.com\/wpg\/product\/mk6a-03-cat-6a-keystone-jack\/"]}]},{"@type":"ImageObject","inLanguage":"en-US","@id":"https:\/\/www.4netonline.com\/wpg\/product\/mk6a-03-cat-6a-keystone-jack\/#primaryimage","url":"https:\/\/www.4netonline.com\/wpg\/wp-content\/uploads\/2014\/07\/mk6a-03-w-k.jpg","contentUrl":"https:\/\/www.4netonline.com\/wpg\/wp-content\/uploads\/2014\/07\/mk6a-03-w-k.jpg","width":2000,"height":2000,"caption":"Keystone"},{"@type":"BreadcrumbList","@id":"https:\/\/www.4netonline.com\/wpg\/product\/mk6a-03-cat-6a-keystone-jack\/#breadcrumb","itemListElement":[{"@type":"ListItem","position":1,"name":"Home","item":"https:\/\/www.4netonline.com\/wpg\/"},{"@type":"ListItem","position":2,"name":"Shop","item":"https:\/\/www.4netonline.com\/wpg\/shop-2\/"},{"@type":"ListItem","position":3,"name":"MK6A-03 &#8211; Cat. 6A Keystone Jack"}]},{"@type":"WebSite","@id":"https:\/\/www.4netonline.com\/wpg\/#website","url":"https:\/\/www.4netonline.com\/wpg\/","name":"4Net Networking","description":"","publisher":{"@id":"https:\/\/www.4netonline.com\/wpg\/#organization"},"potentialAction":[{"@type":"SearchAction","target":{"@type":"EntryPoint","urlTemplate":"https:\/\/www.4netonline.com\/wpg\/?s={search_term_string}"},"query-input":{"@type":"PropertyValueSpecification","valueRequired":true,"valueName":"search_term_string"}}],"inLanguage":"en-US"},{"@type":"Organization","@id":"https:\/\/www.4netonline.com\/wpg\/#organization","name":"4net Networks","url":"https:\/\/www.4netonline.com\/wpg\/","logo":{"@type":"ImageObject","inLanguage":"en-US","@id":"https:\/\/www.4netonline.com\/wpg\/#\/schema\/logo\/image\/","url":"","contentUrl":"","caption":"4net Networks"},"image":{"@id":"https:\/\/www.4netonline.com\/wpg\/#\/schema\/logo\/image\/"},"sameAs":["https:\/\/www.facebook.com\/4netNetworking\/","https:\/\/x.com\/4netonline","https:\/\/www.linkedin.com\/company\/4net-networking-corp","https:\/\/www.youtube.com\/channel\/UCmHmX1rrKiDV0uOWZBVSn7g"]}]}},"_links":{"self":[{"href":"https:\/\/www.4netonline.com\/wpg\/wp-json\/wp\/v2\/product\/2158","targetHints":{"allow":["GET"]}}],"collection":[{"href":"https:\/\/www.4netonline.com\/wpg\/wp-json\/wp\/v2\/product"}],"about":[{"href":"https:\/\/www.4netonline.com\/wpg\/wp-json\/wp\/v2\/types\/product"}],"version-history":[{"count":0,"href":"https:\/\/www.4netonline.com\/wpg\/wp-json\/wp\/v2\/product\/2158\/revisions"}],"wp:featuredmedia":[{"embeddable":true,"href":"https:\/\/www.4netonline.com\/wpg\/wp-json\/wp\/v2\/media\/6050"}],"wp:attachment":[{"href":"https:\/\/www.4netonline.com\/wpg\/wp-json\/wp\/v2\/media?parent=2158"}],"wp:term":[{"taxonomy":"brand","embeddable":true,"href":"https:\/\/www.4netonline.com\/wpg\/wp-json\/wp\/v2\/etheme_brands?post=2158"},{"taxonomy":"product_brand","embeddable":true,"href":"https:\/\/www.4netonline.com\/wpg\/wp-json\/wp\/v2\/product_brand?post=2158"},{"taxonomy":"product_cat","embeddable":true,"href":"https:\/\/www.4netonline.com\/wpg\/wp-json\/wp\/v2\/product_cat?post=2158"},{"taxonomy":"product_tag","embeddable":true,"href":"https:\/\/www.4netonline.com\/wpg\/wp-json\/wp\/v2\/product_tag?post=2158"}],"curies":[{"name":"wp","href":"https:\/\/api.w.org\/{rel}","templated":true}]}}