{"id":16218,"date":"2018-09-26T13:27:16","date_gmt":"2018-09-26T18:27:16","guid":{"rendered":"https:\/\/4netonline.com\/wpg\/?post_type=product&#038;p=16218"},"modified":"2023-08-25T14:05:54","modified_gmt":"2023-08-25T19:05:54","slug":"switch-router-cs305-1g-4sinr","status":"publish","type":"product","link":"https:\/\/www.4netonline.com\/wpg\/product\/switch-router-cs305-1g-4sinr\/","title":{"rendered":"switch router CRS305-1G-4S+IN"},"content":{"rendered":"<p style=\"text-align: center;\">switch router<\/p>\n<p>The CRS305 is a compact yet very powerful switch, featuring four SFP+ ports, for up to 10 Gbit per port. The device has a 1 Gbit copper ethernet port for management access and two DC jacks for power redundancy. The device is a very sleek and compact metallic case without any fans, for silent operation.The device has a \u201cDual boot\u201d feature that allows you to choose between two operating systems &#8211; RouterOS or<br \/>\nSwOS. If you prefer to have a simplified operating system with only switch specific features, use SwOS. If you would like the ability to use routing and other Layer 3 features in your CRS, use RouterOS. You can select the desired operating system from RouterOS, from SwOS or from the RouterBOOT loader settings. All the feature set comes with a disruptive price, providing the best price\/performance on the market.<\/p>\n<p>&nbsp;<\/p>\n<p>4 SFP+ ports<br \/>\n\u2022 1 Gigabit Ethernet ports<br \/>\n\u2022 Non-Blocking throughput: 41 Gbps<br \/>\n\u2022 Switching capacity: 82 Gbps<br \/>\n\u2022 Forwarding rate: 61 Mpps<br \/>\n\u2022 2 DC jack for redundancy<br \/>\n\u2022 Maximum power consumption: 12 W<br \/>\n(with attachments 18 W)<br \/>\n\u2022 Supports PoE+ IEEE 802.3at\/af and passive<br \/>\nPoE 12-57 V<br \/>\n\u2022 Metal enclosure<br \/>\n\u2022 Fanless<br \/>\nCRS305-1G-4S+IN<br \/>\nCRS305-1G-4S+IN<br \/>\nQ<\/p>\n<p>&nbsp;<\/p>\n<p style=\"text-align: center;\">switch router<\/p>\n<p style=\"text-align: center;\"><a href=\"https:\/\/4netonline.com\/wpg\/sales-team\/\">Questions?<\/a><\/p>\n<p><span style=\"color: #ffffff;\">Somos un Distribuidor Master Mayorista localizado en Miami, FL. USA. Contamos con m\u00e1s de 20 a\u00f1os de experiencias y amplia presencia en Latinoam\u00e9rica. Productos; -Cables de Fibra Optica -Accesorios, Cajas y herramientas para Instalaci\u00f3n de redes de Fibra Opticas -Antenas -Cableado estructurado -Conectores y accesorios para instalaci\u00f3n de cableados -Productos para aplicaciones profesionales de Wireless (Wi-Fi); Switch, Routers, Antenas, Mesh, Somos distribuidores directos de marcas l\u00edderes en el mercado, tenemos varios programas donde ofrecemos bajos precios para compa\u00f1\u00edas aliadas. Usted y su empresa se beneficiar\u00e1 del ahorro y otras ventajas que la har\u00e1n m\u00e1s atractiva a sus clientes con las siguientes marcas: Ubiquiti Mikrotik Cambium Networks Tenda Cablix Mimosa ALG COM Exportamos a: Argentina Bolivia Brasil Chile Colombia Costa Rica Ecuador M\u00e9xico Paraguay Panam\u00e1 Per\u00fa Puerto Rico Uruguay El Caribe Venezuela &#8212;&#8212;&#8212;&#8212;&#8212;&#8212;&#8212;&#8212;&#8212;&#8212;&#8212;&#8212;&#8212;&#8212;&#8212;&#8212;&#8212;&#8212;&#8212;&#8212;&#8212;&#8212;&#8212;&#8212;&#8212;&#8212;&#8212;&#8212;&#8212;&#8212;&#8212;&#8212;&#8212;&#8212;&#8212;&#8212;&#8212;&#8212;&#8212;&#8212;&#8212;&#8212;&#8211; We are a Master wholesale distributor located in Miami, FL. USA. We have over 20 years of experience and broad presence in Latin America. Line of products; -Optic Fiber &#8211;\u00a0<\/span><\/p>\n","protected":false},"excerpt":{"rendered":"<p>switch router The CRS305 is a compact yet very powerful switch, featuring four SFP+ ports, for up to 10 Gbit&#8230;<\/p>\n","protected":false},"featured_media":16220,"template":"","meta":[],"etheme_brands":[{"term_id":1116,"name":"Mikrotik","slug":"mikrotik","term_group":0,"term_taxonomy_id":1116,"taxonomy":"brand","description":"","parent":0,"count":113,"filter":"raw"}],"product_brand":[],"product_cat":[1165,1166],"product_tag":[],"class_list":{"0":"post-16218","1":"product","2":"type-product","3":"status-publish","4":"has-post-thumbnail","6":"brand-mikrotik","7":"product_cat-mikrotik","8":"product_cat-mikrotik-switches","10":"first","11":"instock","12":"taxable","13":"shipping-taxable","14":"purchasable","15":"product-type-simple"},"yoast_head":"<!-- This site is optimized with the Yoast SEO plugin v27.3 - https:\/\/yoast.com\/product\/yoast-seo-wordpress\/ -->\n<title>switch router CRS305-1G-4S+IN - 4Net Networking mikrotik<\/title>\n<meta name=\"description\" content=\"switch router The CRS305 is a compact yet very powerful switch, featuring four SFP+ ports, for up to 10 Gbit per port. The device has a 1\" \/>\n<meta name=\"robots\" content=\"index, follow, max-snippet:-1, max-image-preview:large, max-video-preview:-1\" \/>\n<link rel=\"canonical\" href=\"https:\/\/www.4netonline.com\/wpg\/product\/switch-router-cs305-1g-4sinr\/\" \/>\n<meta property=\"og:locale\" content=\"en_US\" \/>\n<meta property=\"og:type\" content=\"article\" \/>\n<meta property=\"og:title\" content=\"switch router CRS305-1G-4S+IN - 4Net Networking mikrotik\" \/>\n<meta property=\"og:description\" content=\"switch router The CRS305 is a compact yet very powerful switch, featuring four SFP+ ports, for up to 10 Gbit per port. The device has a 1\" \/>\n<meta property=\"og:url\" content=\"https:\/\/www.4netonline.com\/wpg\/product\/switch-router-cs305-1g-4sinr\/\" \/>\n<meta property=\"og:site_name\" content=\"4Net Networking\" \/>\n<meta property=\"article:publisher\" content=\"https:\/\/www.facebook.com\/4netNetworking\/\" \/>\n<meta property=\"article:modified_time\" content=\"2023-08-25T19:05:54+00:00\" \/>\n<meta property=\"og:image\" content=\"https:\/\/www.4netonline.com\/wpg\/wp-content\/uploads\/2018\/09\/56-1.png\" \/>\n\t<meta property=\"og:image:width\" content=\"864\" \/>\n\t<meta property=\"og:image:height\" content=\"864\" \/>\n\t<meta property=\"og:image:type\" content=\"image\/png\" \/>\n<meta name=\"twitter:card\" content=\"summary_large_image\" \/>\n<meta name=\"twitter:site\" content=\"@4netonline\" \/>\n<meta name=\"twitter:label1\" content=\"Est. reading time\" \/>\n\t<meta name=\"twitter:data1\" content=\"2 minutes\" \/>\n<script type=\"application\/ld+json\" class=\"yoast-schema-graph\">{\"@context\":\"https:\\\/\\\/schema.org\",\"@graph\":[{\"@type\":\"WebPage\",\"@id\":\"https:\\\/\\\/www.4netonline.com\\\/wpg\\\/product\\\/switch-router-cs305-1g-4sinr\\\/\",\"url\":\"https:\\\/\\\/www.4netonline.com\\\/wpg\\\/product\\\/switch-router-cs305-1g-4sinr\\\/\",\"name\":\"switch router CRS305-1G-4S+IN - 4Net Networking mikrotik\",\"isPartOf\":{\"@id\":\"https:\\\/\\\/www.4netonline.com\\\/wpg\\\/#website\"},\"primaryImageOfPage\":{\"@id\":\"https:\\\/\\\/www.4netonline.com\\\/wpg\\\/product\\\/switch-router-cs305-1g-4sinr\\\/#primaryimage\"},\"image\":{\"@id\":\"https:\\\/\\\/www.4netonline.com\\\/wpg\\\/product\\\/switch-router-cs305-1g-4sinr\\\/#primaryimage\"},\"thumbnailUrl\":\"https:\\\/\\\/www.4netonline.com\\\/wpg\\\/wp-content\\\/uploads\\\/2018\\\/09\\\/56-1.png\",\"datePublished\":\"2018-09-26T18:27:16+00:00\",\"dateModified\":\"2023-08-25T19:05:54+00:00\",\"description\":\"switch router The CRS305 is a compact yet very powerful switch, featuring four SFP+ ports, for up to 10 Gbit per port. The device has a 1\",\"breadcrumb\":{\"@id\":\"https:\\\/\\\/www.4netonline.com\\\/wpg\\\/product\\\/switch-router-cs305-1g-4sinr\\\/#breadcrumb\"},\"inLanguage\":\"en-US\",\"potentialAction\":[{\"@type\":\"ReadAction\",\"target\":[\"https:\\\/\\\/www.4netonline.com\\\/wpg\\\/product\\\/switch-router-cs305-1g-4sinr\\\/\"]}]},{\"@type\":\"ImageObject\",\"inLanguage\":\"en-US\",\"@id\":\"https:\\\/\\\/www.4netonline.com\\\/wpg\\\/product\\\/switch-router-cs305-1g-4sinr\\\/#primaryimage\",\"url\":\"https:\\\/\\\/www.4netonline.com\\\/wpg\\\/wp-content\\\/uploads\\\/2018\\\/09\\\/56-1.png\",\"contentUrl\":\"https:\\\/\\\/www.4netonline.com\\\/wpg\\\/wp-content\\\/uploads\\\/2018\\\/09\\\/56-1.png\",\"width\":864,\"height\":864,\"caption\":\"switch router\"},{\"@type\":\"BreadcrumbList\",\"@id\":\"https:\\\/\\\/www.4netonline.com\\\/wpg\\\/product\\\/switch-router-cs305-1g-4sinr\\\/#breadcrumb\",\"itemListElement\":[{\"@type\":\"ListItem\",\"position\":1,\"name\":\"Home\",\"item\":\"https:\\\/\\\/www.4netonline.com\\\/wpg\\\/\"},{\"@type\":\"ListItem\",\"position\":2,\"name\":\"Shop\",\"item\":\"https:\\\/\\\/www.4netonline.com\\\/wpg\\\/shop-2\\\/\"},{\"@type\":\"ListItem\",\"position\":3,\"name\":\"switch router CRS305-1G-4S+IN\"}]},{\"@type\":\"WebSite\",\"@id\":\"https:\\\/\\\/www.4netonline.com\\\/wpg\\\/#website\",\"url\":\"https:\\\/\\\/www.4netonline.com\\\/wpg\\\/\",\"name\":\"4Net Networking\",\"description\":\"\",\"publisher\":{\"@id\":\"https:\\\/\\\/www.4netonline.com\\\/wpg\\\/#organization\"},\"potentialAction\":[{\"@type\":\"SearchAction\",\"target\":{\"@type\":\"EntryPoint\",\"urlTemplate\":\"https:\\\/\\\/www.4netonline.com\\\/wpg\\\/?s={search_term_string}\"},\"query-input\":{\"@type\":\"PropertyValueSpecification\",\"valueRequired\":true,\"valueName\":\"search_term_string\"}}],\"inLanguage\":\"en-US\"},{\"@type\":\"Organization\",\"@id\":\"https:\\\/\\\/www.4netonline.com\\\/wpg\\\/#organization\",\"name\":\"4net Networks\",\"url\":\"https:\\\/\\\/www.4netonline.com\\\/wpg\\\/\",\"logo\":{\"@type\":\"ImageObject\",\"inLanguage\":\"en-US\",\"@id\":\"https:\\\/\\\/www.4netonline.com\\\/wpg\\\/#\\\/schema\\\/logo\\\/image\\\/\",\"url\":\"\",\"contentUrl\":\"\",\"caption\":\"4net Networks\"},\"image\":{\"@id\":\"https:\\\/\\\/www.4netonline.com\\\/wpg\\\/#\\\/schema\\\/logo\\\/image\\\/\"},\"sameAs\":[\"https:\\\/\\\/www.facebook.com\\\/4netNetworking\\\/\",\"https:\\\/\\\/x.com\\\/4netonline\",\"https:\\\/\\\/www.linkedin.com\\\/company\\\/4net-networking-corp\",\"https:\\\/\\\/www.youtube.com\\\/channel\\\/UCmHmX1rrKiDV0uOWZBVSn7g\"]}]}<\/script>\n<!-- \/ Yoast SEO plugin. -->","yoast_head_json":{"title":"switch router CRS305-1G-4S+IN - 4Net Networking mikrotik","description":"switch router The CRS305 is a compact yet very powerful switch, featuring four SFP+ ports, for up to 10 Gbit per port. The device has a 1","robots":{"index":"index","follow":"follow","max-snippet":"max-snippet:-1","max-image-preview":"max-image-preview:large","max-video-preview":"max-video-preview:-1"},"canonical":"https:\/\/www.4netonline.com\/wpg\/product\/switch-router-cs305-1g-4sinr\/","og_locale":"en_US","og_type":"article","og_title":"switch router CRS305-1G-4S+IN - 4Net Networking mikrotik","og_description":"switch router The CRS305 is a compact yet very powerful switch, featuring four SFP+ ports, for up to 10 Gbit per port. The device has a 1","og_url":"https:\/\/www.4netonline.com\/wpg\/product\/switch-router-cs305-1g-4sinr\/","og_site_name":"4Net Networking","article_publisher":"https:\/\/www.facebook.com\/4netNetworking\/","article_modified_time":"2023-08-25T19:05:54+00:00","og_image":[{"width":864,"height":864,"url":"https:\/\/www.4netonline.com\/wpg\/wp-content\/uploads\/2018\/09\/56-1.png","type":"image\/png"}],"twitter_card":"summary_large_image","twitter_site":"@4netonline","twitter_misc":{"Est. reading time":"2 minutes"},"schema":{"@context":"https:\/\/schema.org","@graph":[{"@type":"WebPage","@id":"https:\/\/www.4netonline.com\/wpg\/product\/switch-router-cs305-1g-4sinr\/","url":"https:\/\/www.4netonline.com\/wpg\/product\/switch-router-cs305-1g-4sinr\/","name":"switch router CRS305-1G-4S+IN - 4Net Networking mikrotik","isPartOf":{"@id":"https:\/\/www.4netonline.com\/wpg\/#website"},"primaryImageOfPage":{"@id":"https:\/\/www.4netonline.com\/wpg\/product\/switch-router-cs305-1g-4sinr\/#primaryimage"},"image":{"@id":"https:\/\/www.4netonline.com\/wpg\/product\/switch-router-cs305-1g-4sinr\/#primaryimage"},"thumbnailUrl":"https:\/\/www.4netonline.com\/wpg\/wp-content\/uploads\/2018\/09\/56-1.png","datePublished":"2018-09-26T18:27:16+00:00","dateModified":"2023-08-25T19:05:54+00:00","description":"switch router The CRS305 is a compact yet very powerful switch, featuring four SFP+ ports, for up to 10 Gbit per port. The device has a 1","breadcrumb":{"@id":"https:\/\/www.4netonline.com\/wpg\/product\/switch-router-cs305-1g-4sinr\/#breadcrumb"},"inLanguage":"en-US","potentialAction":[{"@type":"ReadAction","target":["https:\/\/www.4netonline.com\/wpg\/product\/switch-router-cs305-1g-4sinr\/"]}]},{"@type":"ImageObject","inLanguage":"en-US","@id":"https:\/\/www.4netonline.com\/wpg\/product\/switch-router-cs305-1g-4sinr\/#primaryimage","url":"https:\/\/www.4netonline.com\/wpg\/wp-content\/uploads\/2018\/09\/56-1.png","contentUrl":"https:\/\/www.4netonline.com\/wpg\/wp-content\/uploads\/2018\/09\/56-1.png","width":864,"height":864,"caption":"switch router"},{"@type":"BreadcrumbList","@id":"https:\/\/www.4netonline.com\/wpg\/product\/switch-router-cs305-1g-4sinr\/#breadcrumb","itemListElement":[{"@type":"ListItem","position":1,"name":"Home","item":"https:\/\/www.4netonline.com\/wpg\/"},{"@type":"ListItem","position":2,"name":"Shop","item":"https:\/\/www.4netonline.com\/wpg\/shop-2\/"},{"@type":"ListItem","position":3,"name":"switch router CRS305-1G-4S+IN"}]},{"@type":"WebSite","@id":"https:\/\/www.4netonline.com\/wpg\/#website","url":"https:\/\/www.4netonline.com\/wpg\/","name":"4Net Networking","description":"","publisher":{"@id":"https:\/\/www.4netonline.com\/wpg\/#organization"},"potentialAction":[{"@type":"SearchAction","target":{"@type":"EntryPoint","urlTemplate":"https:\/\/www.4netonline.com\/wpg\/?s={search_term_string}"},"query-input":{"@type":"PropertyValueSpecification","valueRequired":true,"valueName":"search_term_string"}}],"inLanguage":"en-US"},{"@type":"Organization","@id":"https:\/\/www.4netonline.com\/wpg\/#organization","name":"4net Networks","url":"https:\/\/www.4netonline.com\/wpg\/","logo":{"@type":"ImageObject","inLanguage":"en-US","@id":"https:\/\/www.4netonline.com\/wpg\/#\/schema\/logo\/image\/","url":"","contentUrl":"","caption":"4net Networks"},"image":{"@id":"https:\/\/www.4netonline.com\/wpg\/#\/schema\/logo\/image\/"},"sameAs":["https:\/\/www.facebook.com\/4netNetworking\/","https:\/\/x.com\/4netonline","https:\/\/www.linkedin.com\/company\/4net-networking-corp","https:\/\/www.youtube.com\/channel\/UCmHmX1rrKiDV0uOWZBVSn7g"]}]}},"_links":{"self":[{"href":"https:\/\/www.4netonline.com\/wpg\/wp-json\/wp\/v2\/product\/16218","targetHints":{"allow":["GET"]}}],"collection":[{"href":"https:\/\/www.4netonline.com\/wpg\/wp-json\/wp\/v2\/product"}],"about":[{"href":"https:\/\/www.4netonline.com\/wpg\/wp-json\/wp\/v2\/types\/product"}],"version-history":[{"count":0,"href":"https:\/\/www.4netonline.com\/wpg\/wp-json\/wp\/v2\/product\/16218\/revisions"}],"wp:featuredmedia":[{"embeddable":true,"href":"https:\/\/www.4netonline.com\/wpg\/wp-json\/wp\/v2\/media\/16220"}],"wp:attachment":[{"href":"https:\/\/www.4netonline.com\/wpg\/wp-json\/wp\/v2\/media?parent=16218"}],"wp:term":[{"taxonomy":"brand","embeddable":true,"href":"https:\/\/www.4netonline.com\/wpg\/wp-json\/wp\/v2\/etheme_brands?post=16218"},{"taxonomy":"product_brand","embeddable":true,"href":"https:\/\/www.4netonline.com\/wpg\/wp-json\/wp\/v2\/product_brand?post=16218"},{"taxonomy":"product_cat","embeddable":true,"href":"https:\/\/www.4netonline.com\/wpg\/wp-json\/wp\/v2\/product_cat?post=16218"},{"taxonomy":"product_tag","embeddable":true,"href":"https:\/\/www.4netonline.com\/wpg\/wp-json\/wp\/v2\/product_tag?post=16218"}],"curies":[{"name":"wp","href":"https:\/\/api.w.org\/{rel}","templated":true}]}}