{"id":13747,"date":"2018-04-13T10:15:13","date_gmt":"2018-04-13T15:15:13","guid":{"rendered":"https:\/\/4netonline.com\/wpg\/?post_type=product&#038;p=13747"},"modified":"2023-04-14T10:21:45","modified_gmt":"2023-04-14T15:21:45","slug":"ethernet-surge-protector","status":"publish","type":"product","link":"https:\/\/www.4netonline.com\/wpg\/product\/ethernet-surge-protector\/","title":{"rendered":"Surge Protector ETH-SP-G2"},"content":{"rendered":"<div class=\"comContent\">\n<div class=\"js-waypoints-center row comProductFeature comProductFeature--center ethernet-surge-protector-esd-protection-for-third-party-devices js-animate-slide-up \">\n<div class=\"comProductFeature__content col--lg12 \">\n<div class=\"comProductFeature__container\">\n<div class=\"comProductFeature__wrapper\">\n<div class=\"comProductFeature__text \">\n<p style=\"text-align: center\">Ethernet Surge Protector<\/p>\n<blockquote><p>ESD protection for outdoor high-speed networks.<\/p><\/blockquote>\n<p>Introducing the next generation Ethernet Surge Protector, model ETH-SP-G2, from Ubiquiti. The ETH-SP-G2 is a cost-effective solution for protecting outdoor Ethernet devices from damaging electrostatic discharge and surges. Since all Ubiquiti\u00ae airMAX\u00ae devices already have robust ESD protection built in, adding the ETH-SP-G2 to the installation provides an additional layer of protection to the network.<\/p>\n<p>The ETH-SP-G2 is engineered to protect Power-over-Ethernet (PoE) or non-PoE devices with connection speeds of up to 1 Gbps. Two passive, surge-protected RJ45 connections provide maximum equipment compatibility.<\/p>\n<ul>\n<li style=\"list-style-type: none\">\n<ul>\n<li>Low-Cost Protection and Fast Installation<\/li>\n<li>Protects Outdoor Ethernet Devices<\/li>\n<li>Compatible with 10\/100\/1000 Mbps Networks<\/li>\n<\/ul>\n<\/li>\n<\/ul>\n<p style=\"text-align: center\"><a href=\"https:\/\/4netonline.com\/wpg\/sales-team\/franklin-gutierrez-herrera\/\">Questions?<\/a><\/p>\n<h2 class=\"comProductPageHero__subTitle comAnimateSlideUp is-animate\">Ethernet to Ethernet Grounded ESD Protection<\/h2>\n<p class=\"comProductPageHero__description comAnimateSlideUp is-animate\">The ETH-SP is engineered to protect any Power\u2011over\u2011Ethernet (PoE) or non\u2011PoE device with connection speeds of up to 1\u00a0Gbps.<\/p>\n<p style=\"text-align: center\">Model:<\/p>\n<p style=\"text-align: center\">ETH-SP-G2<\/p>\n<p>ETH-SP-G2<\/p>\n<p class=\"comAnimateSlideUp is-animate\">ESD Protection for Outdoor PoE Devices<\/p>\n<p class=\"comAnimateSlideUp is-animate\">Damaging electrostatic discharge attacks and surges are diverted to the ETH-SP and safely discharged into the ground, so network devices are protected.<\/p>\n<\/div>\n<div class=\"comProductFeature__image \"><img decoding=\"async\" class=\"js-max-image\" src=\"https:\/\/prd-www-cdn.ubnt.com\/media\/images\/product-features\/3rd-Party_ESD_Protection_01.jpg\" alt=\"\" data-interchange=\"[https:\/\/prd-www-cdn.ubnt.com\/media\/images\/product-features\/3rd-Party_ESD_Protection_01.jpg, (default)], [https:\/\/prd-www-cdn.ubnt.com\/media\/images\/product-features\/3rd-Party_ESD_Protection_012x.jpg, (retina)]\" data-max-width=\"782\" data-max-height=\"488\" data-uuid=\"62a9b09e-1e6d-bc40-1cd4-ff9670acf4c7\" \/><\/div>\n<\/div>\n<\/div>\n<\/div>\n<\/div>\n<div id=\"ethernet-surge-protector-additional-esd-protection\" class=\"comDeeplink--offset\"><\/div>\n<div class=\"js-waypoints-center row comProductFeature comProductFeature--center ethernet-surge-protector-additional-esd-protection js-animate-slide-up \">\n<div class=\"comProductFeature__content col--lg12 \">\n<div class=\"comProductFeature__container\">\n<div class=\"comProductFeature__wrapper\">\n<div class=\"comProductFeature__text \">\n<h2 class=\"comAnimateSlideUp is-animate\">Additional ESD Protection<\/h2>\n<p class=\"comAnimateSlideUp is-animate\">All Ubiquiti<sup>\u00ae<\/sup>\u00a0airMAX<sup>\u00ae<\/sup>\u00a0devices are equipped with built-in ESD protection, so the ETH\u2011SP adds another layer of protection to your outdoor, high-speed network.<\/p>\n<\/div>\n<div class=\"comProductFeature__image \"><img decoding=\"async\" class=\"js-max-image\" src=\"https:\/\/prd-www-cdn.ubnt.com\/media\/images\/product-features\/Additional_ESD_Protection_01.jpg\" alt=\"\" data-interchange=\"[https:\/\/prd-www-cdn.ubnt.com\/media\/images\/product-features\/Additional_ESD_Protection_01.jpg, (default)], [https:\/\/prd-www-cdn.ubnt.com\/media\/images\/product-features\/Additional_ESD_Protection_012x.jpg, (retina)]\" data-max-width=\"323\" data-max-height=\"453\" data-uuid=\"ffb2b4c9-d1ed-a294-e6d0-10b3d6e8831b\" \/><\/div>\n<\/div>\n<\/div>\n<\/div>\n<\/div>\n<div id=\"ethernet-surge-protector-plug-and-play-installation\" class=\"comDeeplink--offset\"><\/div>\n<div class=\"js-waypoints-video row comProductFeature comProductFeature--video ethernet-surge-protector-plug-and-play-installation js-animate-slide-up \">\n<div class=\"comProductFeature__content col--lg12 \">\n<div class=\"comProductFeature__container\">\n<div class=\"comProductFeature__wrapper\">\n<div class=\"comProductFeature__text \">\n<h2 class=\"comAnimateSlideUp is-animate\">Plug and Play Installation<\/h2>\n<p class=\"comAnimateSlideUp is-animate\">Connect the ground and Ethernet cables in between your network devices.<\/p>\n<\/div>\n<div class=\"comProductFeature__video\">\n<div class=\"progressSpinner progressSpinner--centered offstage\">\n<div class=\"spinner spinner--half\"><\/div>\n<\/div>\n<\/div>\n<div><span style=\"color: #ffffff\">Ethernet Surge Protector<\/span><\/div>\n<div>\n<h4 class=\"t-18 t-black t-normal mb2\"><span style=\"color: #ffffff\">Overview<\/span><\/h4>\n<p class=\"break-words white-space-pre-wrap mb5 t-14 t-black--light t-normal\"><span style=\"color: #ffffff\">Somos un Distribuidor Master Mayorista localizado en Miami, FL. USA. Contamos con m\u00e1s de 20 a\u00f1os de experiencias y amplia presencia en Latinoam\u00e9rica. Productos; -Cables de Fibra Optica -Accesorios, Cajas y herramientas para Instalaci\u00f3n de redes de Fibra Opticas -Antenas -Cableado estructurado -Conectores y accesorios para instalaci\u00f3n de cableados -Productos para aplicaciones profesionales de Wireless (Wi-Fi); Switch, Routers, Antenas, Mesh, Somos distribuidores directos de marcas l\u00edderes en el mercado, tenemos varios programas donde ofrecemos bajos precios para compa\u00f1\u00edas aliadas. Usted y su empresa se beneficiar\u00e1 del ahorro y otras ventajas que la har\u00e1n m\u00e1s atractiva a sus clientes con las siguientes marcas: Ubiquiti Mikrotik Cambium Networks Tenda Cablix Mimosa ALG COM Exportamos a: Argentina Bolivia Brasil Chile Colombia Costa Rica Ecuador M\u00e9xico Paraguay Panam\u00e1 Per\u00fa Puerto Rico Uruguay El Caribe Venezuela &#8212;&#8212;&#8212;&#8212;&#8212;&#8212;&#8212;&#8212;&#8212;&#8212;&#8212;&#8212;&#8212;&#8212;&#8212;&#8212;&#8212;&#8212;&#8212;&#8212;&#8212;&#8212;&#8212;&#8212;&#8212;&#8212;&#8212;&#8212;&#8212;&#8212;&#8212;&#8212;&#8212;&#8212;&#8212;&#8212;&#8212;&#8212;&#8212;&#8212;&#8212;&#8212;&#8211; We are a Master wholesale distributor located in Miami, FL. USA. We have over 20 years of experience and broad presence in Latin America. Line of products; -Optic Fiber &#8211; Accessories to install Optic Fiber Network &#8211; Structured Cabling Products; &#8211; Wireless ( Wi-Fi based) products for Professional Applications; &#8211; CCTV &amp; Surveillance equipments and accessories; We are direct distributors of leading brands in the market, we have several programs where we offer low prices for allied companies. You and your company will benefit from the savings and other benefits that will make your business more attractive to your customers with the following brands:<\/span><\/p>\n<\/div>\n<\/div>\n<\/div>\n<div><span style=\"color: #ffffff\">Ethernet Surge Protector<\/span><\/div>\n<\/div>\n<\/div>\n<\/div>\n","protected":false},"excerpt":{"rendered":"<p style=\"text-align: center\"><span style=\"color: #ffffff\">ETHSPG2<\/span><\/p>\n","protected":false},"featured_media":13748,"template":"","meta":[],"etheme_brands":[{"term_id":1114,"name":"Ubiquiti","slug":"ubiquiti","term_group":0,"term_taxonomy_id":1114,"taxonomy":"brand","description":"","parent":0,"count":272,"filter":"raw"}],"product_brand":[],"product_cat":[1154,1155,1148,1157],"product_tag":[],"class_list":{"0":"post-13747","1":"product","2":"type-product","3":"status-publish","4":"has-post-thumbnail","6":"brand-ubiquiti","7":"product_cat-ub-unifi-accessories","8":"product_cat-ub-isp-operator","9":"product_cat-ubiquiti","10":"product_cat-ub-isp-operator-wired-products","12":"first","13":"instock","14":"taxable","15":"shipping-taxable","16":"purchasable","17":"product-type-simple"},"yoast_head":"<!-- This site is optimized with the Yoast SEO plugin v27.3 - https:\/\/yoast.com\/product\/yoast-seo-wordpress\/ -->\n<title>Surge Protector ETH-SP-G2 - 4Net Networking<\/title>\n<meta name=\"description\" content=\"ETH-SP-G2 Protector Ethernet to Ethernet Grounded ESD ProtectionThe ETH-SP is engineered to protect any Power\u2011over\u2011Ethernet (PoE)\" \/>\n<meta name=\"robots\" content=\"index, follow, max-snippet:-1, max-image-preview:large, max-video-preview:-1\" \/>\n<link rel=\"canonical\" href=\"https:\/\/www.4netonline.com\/wpg\/product\/ethernet-surge-protector\/\" \/>\n<meta property=\"og:locale\" content=\"en_US\" \/>\n<meta property=\"og:type\" content=\"article\" \/>\n<meta property=\"og:title\" content=\"Surge Protector ETH-SP-G2 - 4Net Networking\" \/>\n<meta property=\"og:description\" content=\"ETH-SP-G2 Protector Ethernet to Ethernet Grounded ESD ProtectionThe ETH-SP is engineered to protect any Power\u2011over\u2011Ethernet (PoE)\" \/>\n<meta property=\"og:url\" content=\"https:\/\/www.4netonline.com\/wpg\/product\/ethernet-surge-protector\/\" \/>\n<meta property=\"og:site_name\" content=\"4Net Networking\" \/>\n<meta property=\"article:publisher\" content=\"https:\/\/www.facebook.com\/4netNetworking\/\" \/>\n<meta property=\"article:modified_time\" content=\"2023-04-14T15:21:45+00:00\" \/>\n<meta property=\"og:image\" content=\"https:\/\/www.4netonline.com\/wpg\/wp-content\/uploads\/2018\/04\/31-Umg-RXxL.jpg\" \/>\n\t<meta property=\"og:image:width\" content=\"500\" \/>\n\t<meta property=\"og:image:height\" content=\"500\" \/>\n\t<meta property=\"og:image:type\" content=\"image\/jpeg\" \/>\n<meta name=\"twitter:card\" content=\"summary_large_image\" \/>\n<meta name=\"twitter:site\" content=\"@4netonline\" \/>\n<meta name=\"twitter:label1\" content=\"Est. reading time\" \/>\n\t<meta name=\"twitter:data1\" content=\"3 minutes\" \/>\n<script type=\"application\/ld+json\" class=\"yoast-schema-graph\">{\"@context\":\"https:\\\/\\\/schema.org\",\"@graph\":[{\"@type\":\"WebPage\",\"@id\":\"https:\\\/\\\/www.4netonline.com\\\/wpg\\\/product\\\/ethernet-surge-protector\\\/\",\"url\":\"https:\\\/\\\/www.4netonline.com\\\/wpg\\\/product\\\/ethernet-surge-protector\\\/\",\"name\":\"Surge Protector ETH-SP-G2 - 4Net Networking\",\"isPartOf\":{\"@id\":\"https:\\\/\\\/www.4netonline.com\\\/wpg\\\/#website\"},\"primaryImageOfPage\":{\"@id\":\"https:\\\/\\\/www.4netonline.com\\\/wpg\\\/product\\\/ethernet-surge-protector\\\/#primaryimage\"},\"image\":{\"@id\":\"https:\\\/\\\/www.4netonline.com\\\/wpg\\\/product\\\/ethernet-surge-protector\\\/#primaryimage\"},\"thumbnailUrl\":\"https:\\\/\\\/www.4netonline.com\\\/wpg\\\/wp-content\\\/uploads\\\/2018\\\/04\\\/31-Umg-RXxL.jpg\",\"datePublished\":\"2018-04-13T15:15:13+00:00\",\"dateModified\":\"2023-04-14T15:21:45+00:00\",\"description\":\"ETH-SP-G2 Protector Ethernet to Ethernet Grounded ESD ProtectionThe ETH-SP is engineered to protect any Power\u2011over\u2011Ethernet (PoE)\",\"breadcrumb\":{\"@id\":\"https:\\\/\\\/www.4netonline.com\\\/wpg\\\/product\\\/ethernet-surge-protector\\\/#breadcrumb\"},\"inLanguage\":\"en-US\",\"potentialAction\":[{\"@type\":\"ReadAction\",\"target\":[\"https:\\\/\\\/www.4netonline.com\\\/wpg\\\/product\\\/ethernet-surge-protector\\\/\"]}]},{\"@type\":\"ImageObject\",\"inLanguage\":\"en-US\",\"@id\":\"https:\\\/\\\/www.4netonline.com\\\/wpg\\\/product\\\/ethernet-surge-protector\\\/#primaryimage\",\"url\":\"https:\\\/\\\/www.4netonline.com\\\/wpg\\\/wp-content\\\/uploads\\\/2018\\\/04\\\/31-Umg-RXxL.jpg\",\"contentUrl\":\"https:\\\/\\\/www.4netonline.com\\\/wpg\\\/wp-content\\\/uploads\\\/2018\\\/04\\\/31-Umg-RXxL.jpg\",\"width\":500,\"height\":500,\"caption\":\"Ethernet Surge Protector\"},{\"@type\":\"BreadcrumbList\",\"@id\":\"https:\\\/\\\/www.4netonline.com\\\/wpg\\\/product\\\/ethernet-surge-protector\\\/#breadcrumb\",\"itemListElement\":[{\"@type\":\"ListItem\",\"position\":1,\"name\":\"Home\",\"item\":\"https:\\\/\\\/www.4netonline.com\\\/wpg\\\/\"},{\"@type\":\"ListItem\",\"position\":2,\"name\":\"Shop\",\"item\":\"https:\\\/\\\/www.4netonline.com\\\/wpg\\\/shop-2\\\/\"},{\"@type\":\"ListItem\",\"position\":3,\"name\":\"Surge Protector ETH-SP-G2\"}]},{\"@type\":\"WebSite\",\"@id\":\"https:\\\/\\\/www.4netonline.com\\\/wpg\\\/#website\",\"url\":\"https:\\\/\\\/www.4netonline.com\\\/wpg\\\/\",\"name\":\"4Net Networking\",\"description\":\"\",\"publisher\":{\"@id\":\"https:\\\/\\\/www.4netonline.com\\\/wpg\\\/#organization\"},\"potentialAction\":[{\"@type\":\"SearchAction\",\"target\":{\"@type\":\"EntryPoint\",\"urlTemplate\":\"https:\\\/\\\/www.4netonline.com\\\/wpg\\\/?s={search_term_string}\"},\"query-input\":{\"@type\":\"PropertyValueSpecification\",\"valueRequired\":true,\"valueName\":\"search_term_string\"}}],\"inLanguage\":\"en-US\"},{\"@type\":\"Organization\",\"@id\":\"https:\\\/\\\/www.4netonline.com\\\/wpg\\\/#organization\",\"name\":\"4net Networks\",\"url\":\"https:\\\/\\\/www.4netonline.com\\\/wpg\\\/\",\"logo\":{\"@type\":\"ImageObject\",\"inLanguage\":\"en-US\",\"@id\":\"https:\\\/\\\/www.4netonline.com\\\/wpg\\\/#\\\/schema\\\/logo\\\/image\\\/\",\"url\":\"\",\"contentUrl\":\"\",\"caption\":\"4net Networks\"},\"image\":{\"@id\":\"https:\\\/\\\/www.4netonline.com\\\/wpg\\\/#\\\/schema\\\/logo\\\/image\\\/\"},\"sameAs\":[\"https:\\\/\\\/www.facebook.com\\\/4netNetworking\\\/\",\"https:\\\/\\\/x.com\\\/4netonline\",\"https:\\\/\\\/www.linkedin.com\\\/company\\\/4net-networking-corp\",\"https:\\\/\\\/www.youtube.com\\\/channel\\\/UCmHmX1rrKiDV0uOWZBVSn7g\"]}]}<\/script>\n<!-- \/ Yoast SEO plugin. -->","yoast_head_json":{"title":"Surge Protector ETH-SP-G2 - 4Net Networking","description":"ETH-SP-G2 Protector Ethernet to Ethernet Grounded ESD ProtectionThe ETH-SP is engineered to protect any Power\u2011over\u2011Ethernet (PoE)","robots":{"index":"index","follow":"follow","max-snippet":"max-snippet:-1","max-image-preview":"max-image-preview:large","max-video-preview":"max-video-preview:-1"},"canonical":"https:\/\/www.4netonline.com\/wpg\/product\/ethernet-surge-protector\/","og_locale":"en_US","og_type":"article","og_title":"Surge Protector ETH-SP-G2 - 4Net Networking","og_description":"ETH-SP-G2 Protector Ethernet to Ethernet Grounded ESD ProtectionThe ETH-SP is engineered to protect any Power\u2011over\u2011Ethernet (PoE)","og_url":"https:\/\/www.4netonline.com\/wpg\/product\/ethernet-surge-protector\/","og_site_name":"4Net Networking","article_publisher":"https:\/\/www.facebook.com\/4netNetworking\/","article_modified_time":"2023-04-14T15:21:45+00:00","og_image":[{"width":500,"height":500,"url":"https:\/\/www.4netonline.com\/wpg\/wp-content\/uploads\/2018\/04\/31-Umg-RXxL.jpg","type":"image\/jpeg"}],"twitter_card":"summary_large_image","twitter_site":"@4netonline","twitter_misc":{"Est. reading time":"3 minutes"},"schema":{"@context":"https:\/\/schema.org","@graph":[{"@type":"WebPage","@id":"https:\/\/www.4netonline.com\/wpg\/product\/ethernet-surge-protector\/","url":"https:\/\/www.4netonline.com\/wpg\/product\/ethernet-surge-protector\/","name":"Surge Protector ETH-SP-G2 - 4Net Networking","isPartOf":{"@id":"https:\/\/www.4netonline.com\/wpg\/#website"},"primaryImageOfPage":{"@id":"https:\/\/www.4netonline.com\/wpg\/product\/ethernet-surge-protector\/#primaryimage"},"image":{"@id":"https:\/\/www.4netonline.com\/wpg\/product\/ethernet-surge-protector\/#primaryimage"},"thumbnailUrl":"https:\/\/www.4netonline.com\/wpg\/wp-content\/uploads\/2018\/04\/31-Umg-RXxL.jpg","datePublished":"2018-04-13T15:15:13+00:00","dateModified":"2023-04-14T15:21:45+00:00","description":"ETH-SP-G2 Protector Ethernet to Ethernet Grounded ESD ProtectionThe ETH-SP is engineered to protect any Power\u2011over\u2011Ethernet (PoE)","breadcrumb":{"@id":"https:\/\/www.4netonline.com\/wpg\/product\/ethernet-surge-protector\/#breadcrumb"},"inLanguage":"en-US","potentialAction":[{"@type":"ReadAction","target":["https:\/\/www.4netonline.com\/wpg\/product\/ethernet-surge-protector\/"]}]},{"@type":"ImageObject","inLanguage":"en-US","@id":"https:\/\/www.4netonline.com\/wpg\/product\/ethernet-surge-protector\/#primaryimage","url":"https:\/\/www.4netonline.com\/wpg\/wp-content\/uploads\/2018\/04\/31-Umg-RXxL.jpg","contentUrl":"https:\/\/www.4netonline.com\/wpg\/wp-content\/uploads\/2018\/04\/31-Umg-RXxL.jpg","width":500,"height":500,"caption":"Ethernet Surge Protector"},{"@type":"BreadcrumbList","@id":"https:\/\/www.4netonline.com\/wpg\/product\/ethernet-surge-protector\/#breadcrumb","itemListElement":[{"@type":"ListItem","position":1,"name":"Home","item":"https:\/\/www.4netonline.com\/wpg\/"},{"@type":"ListItem","position":2,"name":"Shop","item":"https:\/\/www.4netonline.com\/wpg\/shop-2\/"},{"@type":"ListItem","position":3,"name":"Surge Protector ETH-SP-G2"}]},{"@type":"WebSite","@id":"https:\/\/www.4netonline.com\/wpg\/#website","url":"https:\/\/www.4netonline.com\/wpg\/","name":"4Net Networking","description":"","publisher":{"@id":"https:\/\/www.4netonline.com\/wpg\/#organization"},"potentialAction":[{"@type":"SearchAction","target":{"@type":"EntryPoint","urlTemplate":"https:\/\/www.4netonline.com\/wpg\/?s={search_term_string}"},"query-input":{"@type":"PropertyValueSpecification","valueRequired":true,"valueName":"search_term_string"}}],"inLanguage":"en-US"},{"@type":"Organization","@id":"https:\/\/www.4netonline.com\/wpg\/#organization","name":"4net Networks","url":"https:\/\/www.4netonline.com\/wpg\/","logo":{"@type":"ImageObject","inLanguage":"en-US","@id":"https:\/\/www.4netonline.com\/wpg\/#\/schema\/logo\/image\/","url":"","contentUrl":"","caption":"4net Networks"},"image":{"@id":"https:\/\/www.4netonline.com\/wpg\/#\/schema\/logo\/image\/"},"sameAs":["https:\/\/www.facebook.com\/4netNetworking\/","https:\/\/x.com\/4netonline","https:\/\/www.linkedin.com\/company\/4net-networking-corp","https:\/\/www.youtube.com\/channel\/UCmHmX1rrKiDV0uOWZBVSn7g"]}]}},"_links":{"self":[{"href":"https:\/\/www.4netonline.com\/wpg\/wp-json\/wp\/v2\/product\/13747","targetHints":{"allow":["GET"]}}],"collection":[{"href":"https:\/\/www.4netonline.com\/wpg\/wp-json\/wp\/v2\/product"}],"about":[{"href":"https:\/\/www.4netonline.com\/wpg\/wp-json\/wp\/v2\/types\/product"}],"version-history":[{"count":0,"href":"https:\/\/www.4netonline.com\/wpg\/wp-json\/wp\/v2\/product\/13747\/revisions"}],"wp:featuredmedia":[{"embeddable":true,"href":"https:\/\/www.4netonline.com\/wpg\/wp-json\/wp\/v2\/media\/13748"}],"wp:attachment":[{"href":"https:\/\/www.4netonline.com\/wpg\/wp-json\/wp\/v2\/media?parent=13747"}],"wp:term":[{"taxonomy":"brand","embeddable":true,"href":"https:\/\/www.4netonline.com\/wpg\/wp-json\/wp\/v2\/etheme_brands?post=13747"},{"taxonomy":"product_brand","embeddable":true,"href":"https:\/\/www.4netonline.com\/wpg\/wp-json\/wp\/v2\/product_brand?post=13747"},{"taxonomy":"product_cat","embeddable":true,"href":"https:\/\/www.4netonline.com\/wpg\/wp-json\/wp\/v2\/product_cat?post=13747"},{"taxonomy":"product_tag","embeddable":true,"href":"https:\/\/www.4netonline.com\/wpg\/wp-json\/wp\/v2\/product_tag?post=13747"}],"curies":[{"name":"wp","href":"https:\/\/api.w.org\/{rel}","templated":true}]}}