{"id":1248,"date":"2014-07-14T11:39:00","date_gmt":"2014-07-14T16:39:00","guid":{"rendered":"https:\/\/4netonline.com\/wpg\/?post_type=product&#038;p=1248"},"modified":"2023-08-25T12:42:48","modified_gmt":"2023-08-25T17:42:48","slug":"abb-24p-24-ports-back-bar","status":"publish","type":"product","link":"https:\/\/www.4netonline.com\/wpg\/product\/abb-24p-24-ports-back-bar\/","title":{"rendered":"ABB-24P Back Bar 24 Ports"},"content":{"rendered":"<p><span style=\"color: #2a2a2a; font-family: Arial, Helvetica, sans-serif; font-size: 13px;\">Back bar support &#8211; for all MPE-10 and MP6-10 (24ports)<\/span><\/p>\n<p>&nbsp;<\/p>\n<p style=\"text-align: center;\"><a href=\"https:\/\/4netonline.com\/wpg\/sales-team\/franklin-gutierrez-herrera\/\">Questions?<\/a><\/p>\n<p>&nbsp;<\/p>\n<p class=\"break-words white-space-pre-wrap mb5 t-14 t-black--light t-normal\"><span style=\"color: #ffffff;\">Somos un Distribuidor Master Mayorista localizado en Miami, FL. USA. Contamos con m\u00e1s de 18 a\u00f1os de experiencias y amplia presencia en Latinoam\u00e9rica. Productos; -Cableado estructurado -Conectores y accesorios para instalaci\u00f3n de cableados -Productos para aplicaciones profesionales de Wireless (Wi-Fi); Switch, Routers, Antenas, Mesh, -Equipo de vigilancia &amp; CCTV y accesorios; Somos distribuidores directos de marcas l\u00edderes en el mercado, tenemos varios programas donde ofrecemos bajos precios para compa\u00f1\u00edas aliadas. Usted y su empresa se beneficiar\u00e1 del ahorro y otras ventajas que la har\u00e1n m\u00e1s atractiva a sus clientes con las siguientes marcas: Ubiquiti Mikrotik Cambium Networks Radwin Tenda Dotix Cablix Ligowave Grandstream Hyperlink Quest Tycon Wireless Itelite TpLink Wiess-Antenna Altelix Trendnet Alfa Fire4 RF Armor Exportamos a: Argentina Bolivia Brasil Chile Colombia Costa Rica Ecuador M\u00e9xico Paraguay Panam\u00e1 Per\u00fa Puerto Rico Uruguay El Caribe Venezuela &#8212;&#8212;&#8212;&#8212;&#8212;&#8212;&#8212;&#8212;&#8212;&#8212;&#8212;&#8212;&#8212;&#8212;&#8212;&#8212;&#8212;&#8212;&#8212;&#8212;&#8212;&#8212;&#8212;&#8212;&#8212;&#8212;&#8212;&#8212;&#8212;&#8212;&#8212;&#8212;&#8212;&#8212;&#8212;&#8212;&#8212;&#8212;&#8212;&#8212;&#8212;&#8212;&#8211; We are a Master wholesale distributor located in Miami, FL. USA. We have over 18 years of experience and broad presence in Latin America. Line of products; &#8211; Structured Cabling Products; &#8211; Wireless ( Wi-Fi based) products for Professional Applications; &#8211; CCTV &amp; Surveillance equipments and accessories; We are direct distributors of leading brands in the market, we have several programs where we offer low prices for allied companies. You and your company will benefit from the savings and other benefits that will make your business more attractive to your customers with the following brands:<\/span><\/p>\n<dl class=\"overflow-hidden\">\n<dt class=\"org-page-details__definition-term t-14 t-black t-bold\"><span style=\"color: #ffffff;\">Website<\/span><\/dt>\n<dd class=\"org-page-details__definition-text t-14 t-black--light t-normal\"><span style=\"color: #ffffff;\"><a id=\"ember10340\" class=\"link-without-visited-state ember-view\" style=\"color: #ffffff;\" href=\"https:\/\/4netonline.com\/wpg\/\" target=\"_blank\" rel=\"noopener noreferrer\" data-control-name=\"page_details_module_website_external_link\"><span class=\"link-without-visited-state\" dir=\"ltr\">https:\/\/4netonline.com\/wpg\/<\/span><\/a><\/span><\/dd>\n<dt class=\"org-page-details__definition-term t-14 t-black t-bold\"><span style=\"color: #ffffff;\">Phone<\/span><\/dt>\n<dd class=\"org-page-details__definition-text t-14 t-black--light t-normal\"><span style=\"color: #ffffff;\"><a id=\"ember10341\" class=\"link-without-visited-state ember-view\" style=\"color: #ffffff;\" href=\"tel:(305) 712-6680\" target=\"_blank\" rel=\"noopener noreferrer\" data-control-name=\"page_details_module_phone_external_link\"><span class=\"link-without-visited-state\" dir=\"ltr\" aria-hidden=\"true\">(305) 712-6680<\/span><span class=\"visually-hidden\">Phone number is (305) 712-6680<\/span><\/a><\/span><\/dd>\n<dt class=\"org-page-details__definition-term t-14 t-black t-bold\"><span style=\"color: #ffffff;\">Industry<\/span><\/dt>\n<dd class=\"org-page-details__definition-text t-14 t-black--light t-normal\"><span style=\"color: #ffffff;\">Computer Networking<\/span><\/dd>\n<dt class=\"org-page-details__definition-term t-14 t-black t-bold\"><span style=\"color: #ffffff;\">Company size<\/span><\/dt>\n<dd class=\"org-page-details__definition-text t-14 t-black--light t-normal\"><span style=\"color: #ffffff;\">11-50 employees<\/span><\/dd>\n<dt class=\"org-page-details__definition-term t-14 t-black t-bold\"><span style=\"color: #ffffff;\">Headquarters<\/span><\/dt>\n<dd class=\"org-page-details__definition-text t-14 t-black--light t-normal\"><span style=\"color: #ffffff;\">Miami, Florida<\/span><\/dd>\n<dt class=\"org-page-details__definition-term t-14 t-black t-bold\"><span style=\"color: #ffffff;\">Type<\/span><\/dt>\n<dd class=\"org-page-details__definition-text t-14 t-black--light t-normal\"><span style=\"color: #ffffff;\">Partnership<\/span><\/dd>\n<dt class=\"org-page-details__definition-term t-14 t-black t-bold\"><span style=\"color: #ffffff;\">Founded<\/span><\/dt>\n<dd class=\"org-page-details__definition-text t-14 t-black--light t-normal\"><span style=\"color: #ffffff;\">1999<\/span><\/dd>\n<dt class=\"org-page-details__definition-term t-14 t-black t-bold\"><span style=\"color: #ffffff;\">Specialties<\/span><\/dt>\n<dd class=\"org-page-details__definition-text t-14 t-black--light t-normal\" dir=\"ltr\"><span style=\"color: #ffffff;\">ethernet, internet, wireless, routers, optic fiber, telecomunicaciones, cctv, video, cables, cat6, cat5, antennas, redes, network, distribuidor, and wholesale We are a Master wholesale distributor located in Miami, FL. USA. We have over 18 years of experience and broad presence in Latin America. Bar<\/span><\/dd>\n<\/dl>\n","protected":false},"excerpt":{"rendered":"<p>Back bar support &#8211; for all MPE-10 and MP6-10 (24ports) &nbsp; Questions? &nbsp; Somos un Distribuidor Master Mayorista localizado en&#8230;<\/p>\n","protected":false},"featured_media":1249,"template":"","meta":[],"etheme_brands":[{"term_id":1115,"name":"Cablix","slug":"cablix","term_group":0,"term_taxonomy_id":1115,"taxonomy":"brand","description":"","parent":0,"count":181,"filter":"raw"}],"product_brand":[],"product_cat":[1401,1423,1430],"product_tag":[778,776,777,788],"class_list":{"0":"post-1248","1":"product","2":"type-product","3":"status-publish","4":"has-post-thumbnail","6":"brand-cablix","7":"product_cat-cablix","8":"product_cat-cablix-metallic","9":"product_cat-cablix-metallic-patch-panel","10":"product_tag-adapter","11":"product_tag-cable","12":"product_tag-cablix","13":"product_tag-power-supply","15":"first","16":"instock","17":"taxable","18":"shipping-taxable","19":"purchasable","20":"product-type-simple"},"yoast_head":"<!-- This site is optimized with the Yoast SEO plugin v27.3 - https:\/\/yoast.com\/product\/yoast-seo-wordpress\/ -->\n<title>Back bar support - for all MPE-10 and MP6-10 (24ports)<\/title>\n<meta name=\"description\" content=\"ABB-24P Back bar support \u2013 for all MPE-10 and MP6-10 (24ports), Back support \u2013 for all MPE-10 and MP6-10 (24ports), Back bar support \u2013\" \/>\n<meta name=\"robots\" content=\"index, follow, max-snippet:-1, max-image-preview:large, max-video-preview:-1\" \/>\n<link rel=\"canonical\" href=\"https:\/\/www.4netonline.com\/wpg\/product\/abb-24p-24-ports-back-bar\/\" \/>\n<meta property=\"og:locale\" content=\"en_US\" \/>\n<meta property=\"og:type\" content=\"article\" \/>\n<meta property=\"og:title\" content=\"Back bar support - for all MPE-10 and MP6-10 (24ports)\" \/>\n<meta property=\"og:description\" content=\"ABB-24P Back bar support \u2013 for all MPE-10 and MP6-10 (24ports), Back support \u2013 for all MPE-10 and MP6-10 (24ports), Back bar support \u2013\" \/>\n<meta property=\"og:url\" content=\"https:\/\/www.4netonline.com\/wpg\/product\/abb-24p-24-ports-back-bar\/\" \/>\n<meta property=\"og:site_name\" content=\"4Net Networking\" \/>\n<meta property=\"article:publisher\" content=\"https:\/\/www.facebook.com\/4netNetworking\/\" \/>\n<meta property=\"article:modified_time\" content=\"2023-08-25T17:42:48+00:00\" \/>\n<meta property=\"og:image\" content=\"https:\/\/www.4netonline.com\/wpg\/wp-content\/uploads\/images\/products\/p-1248-ABB-24P-2.jpg\" \/>\n\t<meta property=\"og:image:width\" content=\"500\" \/>\n\t<meta property=\"og:image:height\" content=\"500\" \/>\n\t<meta property=\"og:image:type\" content=\"image\/jpeg\" \/>\n<meta name=\"twitter:card\" content=\"summary_large_image\" \/>\n<meta name=\"twitter:site\" content=\"@4netonline\" \/>\n<meta name=\"twitter:label1\" content=\"Est. reading time\" \/>\n\t<meta name=\"twitter:data1\" content=\"2 minutes\" \/>\n<script type=\"application\/ld+json\" class=\"yoast-schema-graph\">{\"@context\":\"https:\\\/\\\/schema.org\",\"@graph\":[{\"@type\":\"WebPage\",\"@id\":\"https:\\\/\\\/www.4netonline.com\\\/wpg\\\/product\\\/abb-24p-24-ports-back-bar\\\/\",\"url\":\"https:\\\/\\\/www.4netonline.com\\\/wpg\\\/product\\\/abb-24p-24-ports-back-bar\\\/\",\"name\":\"Back bar support - for all MPE-10 and MP6-10 (24ports)\",\"isPartOf\":{\"@id\":\"https:\\\/\\\/www.4netonline.com\\\/wpg\\\/#website\"},\"primaryImageOfPage\":{\"@id\":\"https:\\\/\\\/www.4netonline.com\\\/wpg\\\/product\\\/abb-24p-24-ports-back-bar\\\/#primaryimage\"},\"image\":{\"@id\":\"https:\\\/\\\/www.4netonline.com\\\/wpg\\\/product\\\/abb-24p-24-ports-back-bar\\\/#primaryimage\"},\"thumbnailUrl\":\"https:\\\/\\\/www.4netonline.com\\\/wpg\\\/wp-content\\\/uploads\\\/images\\\/products\\\/p-1248-ABB-24P-2.jpg\",\"datePublished\":\"2014-07-14T16:39:00+00:00\",\"dateModified\":\"2023-08-25T17:42:48+00:00\",\"description\":\"ABB-24P Back bar support \u2013 for all MPE-10 and MP6-10 (24ports), Back support \u2013 for all MPE-10 and MP6-10 (24ports), Back bar support \u2013\",\"breadcrumb\":{\"@id\":\"https:\\\/\\\/www.4netonline.com\\\/wpg\\\/product\\\/abb-24p-24-ports-back-bar\\\/#breadcrumb\"},\"inLanguage\":\"en-US\",\"potentialAction\":[{\"@type\":\"ReadAction\",\"target\":[\"https:\\\/\\\/www.4netonline.com\\\/wpg\\\/product\\\/abb-24p-24-ports-back-bar\\\/\"]}]},{\"@type\":\"ImageObject\",\"inLanguage\":\"en-US\",\"@id\":\"https:\\\/\\\/www.4netonline.com\\\/wpg\\\/product\\\/abb-24p-24-ports-back-bar\\\/#primaryimage\",\"url\":\"https:\\\/\\\/www.4netonline.com\\\/wpg\\\/wp-content\\\/uploads\\\/images\\\/products\\\/p-1248-ABB-24P-2.jpg\",\"contentUrl\":\"https:\\\/\\\/www.4netonline.com\\\/wpg\\\/wp-content\\\/uploads\\\/images\\\/products\\\/p-1248-ABB-24P-2.jpg\",\"width\":500,\"height\":500,\"caption\":\"ABB-24P - 24 ports Back Bar\"},{\"@type\":\"BreadcrumbList\",\"@id\":\"https:\\\/\\\/www.4netonline.com\\\/wpg\\\/product\\\/abb-24p-24-ports-back-bar\\\/#breadcrumb\",\"itemListElement\":[{\"@type\":\"ListItem\",\"position\":1,\"name\":\"Home\",\"item\":\"https:\\\/\\\/www.4netonline.com\\\/wpg\\\/\"},{\"@type\":\"ListItem\",\"position\":2,\"name\":\"Shop\",\"item\":\"https:\\\/\\\/www.4netonline.com\\\/wpg\\\/shop-2\\\/\"},{\"@type\":\"ListItem\",\"position\":3,\"name\":\"ABB-24P Back Bar 24 Ports\"}]},{\"@type\":\"WebSite\",\"@id\":\"https:\\\/\\\/www.4netonline.com\\\/wpg\\\/#website\",\"url\":\"https:\\\/\\\/www.4netonline.com\\\/wpg\\\/\",\"name\":\"4Net Networking\",\"description\":\"\",\"publisher\":{\"@id\":\"https:\\\/\\\/www.4netonline.com\\\/wpg\\\/#organization\"},\"potentialAction\":[{\"@type\":\"SearchAction\",\"target\":{\"@type\":\"EntryPoint\",\"urlTemplate\":\"https:\\\/\\\/www.4netonline.com\\\/wpg\\\/?s={search_term_string}\"},\"query-input\":{\"@type\":\"PropertyValueSpecification\",\"valueRequired\":true,\"valueName\":\"search_term_string\"}}],\"inLanguage\":\"en-US\"},{\"@type\":\"Organization\",\"@id\":\"https:\\\/\\\/www.4netonline.com\\\/wpg\\\/#organization\",\"name\":\"4net Networks\",\"url\":\"https:\\\/\\\/www.4netonline.com\\\/wpg\\\/\",\"logo\":{\"@type\":\"ImageObject\",\"inLanguage\":\"en-US\",\"@id\":\"https:\\\/\\\/www.4netonline.com\\\/wpg\\\/#\\\/schema\\\/logo\\\/image\\\/\",\"url\":\"\",\"contentUrl\":\"\",\"caption\":\"4net Networks\"},\"image\":{\"@id\":\"https:\\\/\\\/www.4netonline.com\\\/wpg\\\/#\\\/schema\\\/logo\\\/image\\\/\"},\"sameAs\":[\"https:\\\/\\\/www.facebook.com\\\/4netNetworking\\\/\",\"https:\\\/\\\/x.com\\\/4netonline\",\"https:\\\/\\\/www.linkedin.com\\\/company\\\/4net-networking-corp\",\"https:\\\/\\\/www.youtube.com\\\/channel\\\/UCmHmX1rrKiDV0uOWZBVSn7g\"]}]}<\/script>\n<!-- \/ Yoast SEO plugin. -->","yoast_head_json":{"title":"Back bar support - for all MPE-10 and MP6-10 (24ports)","description":"ABB-24P Back bar support \u2013 for all MPE-10 and MP6-10 (24ports), Back support \u2013 for all MPE-10 and MP6-10 (24ports), Back bar support \u2013","robots":{"index":"index","follow":"follow","max-snippet":"max-snippet:-1","max-image-preview":"max-image-preview:large","max-video-preview":"max-video-preview:-1"},"canonical":"https:\/\/www.4netonline.com\/wpg\/product\/abb-24p-24-ports-back-bar\/","og_locale":"en_US","og_type":"article","og_title":"Back bar support - for all MPE-10 and MP6-10 (24ports)","og_description":"ABB-24P Back bar support \u2013 for all MPE-10 and MP6-10 (24ports), Back support \u2013 for all MPE-10 and MP6-10 (24ports), Back bar support \u2013","og_url":"https:\/\/www.4netonline.com\/wpg\/product\/abb-24p-24-ports-back-bar\/","og_site_name":"4Net Networking","article_publisher":"https:\/\/www.facebook.com\/4netNetworking\/","article_modified_time":"2023-08-25T17:42:48+00:00","og_image":[{"width":500,"height":500,"url":"https:\/\/www.4netonline.com\/wpg\/wp-content\/uploads\/images\/products\/p-1248-ABB-24P-2.jpg","type":"image\/jpeg"}],"twitter_card":"summary_large_image","twitter_site":"@4netonline","twitter_misc":{"Est. reading time":"2 minutes"},"schema":{"@context":"https:\/\/schema.org","@graph":[{"@type":"WebPage","@id":"https:\/\/www.4netonline.com\/wpg\/product\/abb-24p-24-ports-back-bar\/","url":"https:\/\/www.4netonline.com\/wpg\/product\/abb-24p-24-ports-back-bar\/","name":"Back bar support - for all MPE-10 and MP6-10 (24ports)","isPartOf":{"@id":"https:\/\/www.4netonline.com\/wpg\/#website"},"primaryImageOfPage":{"@id":"https:\/\/www.4netonline.com\/wpg\/product\/abb-24p-24-ports-back-bar\/#primaryimage"},"image":{"@id":"https:\/\/www.4netonline.com\/wpg\/product\/abb-24p-24-ports-back-bar\/#primaryimage"},"thumbnailUrl":"https:\/\/www.4netonline.com\/wpg\/wp-content\/uploads\/images\/products\/p-1248-ABB-24P-2.jpg","datePublished":"2014-07-14T16:39:00+00:00","dateModified":"2023-08-25T17:42:48+00:00","description":"ABB-24P Back bar support \u2013 for all MPE-10 and MP6-10 (24ports), Back support \u2013 for all MPE-10 and MP6-10 (24ports), Back bar support \u2013","breadcrumb":{"@id":"https:\/\/www.4netonline.com\/wpg\/product\/abb-24p-24-ports-back-bar\/#breadcrumb"},"inLanguage":"en-US","potentialAction":[{"@type":"ReadAction","target":["https:\/\/www.4netonline.com\/wpg\/product\/abb-24p-24-ports-back-bar\/"]}]},{"@type":"ImageObject","inLanguage":"en-US","@id":"https:\/\/www.4netonline.com\/wpg\/product\/abb-24p-24-ports-back-bar\/#primaryimage","url":"https:\/\/www.4netonline.com\/wpg\/wp-content\/uploads\/images\/products\/p-1248-ABB-24P-2.jpg","contentUrl":"https:\/\/www.4netonline.com\/wpg\/wp-content\/uploads\/images\/products\/p-1248-ABB-24P-2.jpg","width":500,"height":500,"caption":"ABB-24P - 24 ports Back Bar"},{"@type":"BreadcrumbList","@id":"https:\/\/www.4netonline.com\/wpg\/product\/abb-24p-24-ports-back-bar\/#breadcrumb","itemListElement":[{"@type":"ListItem","position":1,"name":"Home","item":"https:\/\/www.4netonline.com\/wpg\/"},{"@type":"ListItem","position":2,"name":"Shop","item":"https:\/\/www.4netonline.com\/wpg\/shop-2\/"},{"@type":"ListItem","position":3,"name":"ABB-24P Back Bar 24 Ports"}]},{"@type":"WebSite","@id":"https:\/\/www.4netonline.com\/wpg\/#website","url":"https:\/\/www.4netonline.com\/wpg\/","name":"4Net Networking","description":"","publisher":{"@id":"https:\/\/www.4netonline.com\/wpg\/#organization"},"potentialAction":[{"@type":"SearchAction","target":{"@type":"EntryPoint","urlTemplate":"https:\/\/www.4netonline.com\/wpg\/?s={search_term_string}"},"query-input":{"@type":"PropertyValueSpecification","valueRequired":true,"valueName":"search_term_string"}}],"inLanguage":"en-US"},{"@type":"Organization","@id":"https:\/\/www.4netonline.com\/wpg\/#organization","name":"4net Networks","url":"https:\/\/www.4netonline.com\/wpg\/","logo":{"@type":"ImageObject","inLanguage":"en-US","@id":"https:\/\/www.4netonline.com\/wpg\/#\/schema\/logo\/image\/","url":"","contentUrl":"","caption":"4net Networks"},"image":{"@id":"https:\/\/www.4netonline.com\/wpg\/#\/schema\/logo\/image\/"},"sameAs":["https:\/\/www.facebook.com\/4netNetworking\/","https:\/\/x.com\/4netonline","https:\/\/www.linkedin.com\/company\/4net-networking-corp","https:\/\/www.youtube.com\/channel\/UCmHmX1rrKiDV0uOWZBVSn7g"]}]}},"_links":{"self":[{"href":"https:\/\/www.4netonline.com\/wpg\/wp-json\/wp\/v2\/product\/1248","targetHints":{"allow":["GET"]}}],"collection":[{"href":"https:\/\/www.4netonline.com\/wpg\/wp-json\/wp\/v2\/product"}],"about":[{"href":"https:\/\/www.4netonline.com\/wpg\/wp-json\/wp\/v2\/types\/product"}],"version-history":[{"count":0,"href":"https:\/\/www.4netonline.com\/wpg\/wp-json\/wp\/v2\/product\/1248\/revisions"}],"wp:featuredmedia":[{"embeddable":true,"href":"https:\/\/www.4netonline.com\/wpg\/wp-json\/wp\/v2\/media\/1249"}],"wp:attachment":[{"href":"https:\/\/www.4netonline.com\/wpg\/wp-json\/wp\/v2\/media?parent=1248"}],"wp:term":[{"taxonomy":"brand","embeddable":true,"href":"https:\/\/www.4netonline.com\/wpg\/wp-json\/wp\/v2\/etheme_brands?post=1248"},{"taxonomy":"product_brand","embeddable":true,"href":"https:\/\/www.4netonline.com\/wpg\/wp-json\/wp\/v2\/product_brand?post=1248"},{"taxonomy":"product_cat","embeddable":true,"href":"https:\/\/www.4netonline.com\/wpg\/wp-json\/wp\/v2\/product_cat?post=1248"},{"taxonomy":"product_tag","embeddable":true,"href":"https:\/\/www.4netonline.com\/wpg\/wp-json\/wp\/v2\/product_tag?post=1248"}],"curies":[{"name":"wp","href":"https:\/\/api.w.org\/{rel}","templated":true}]}}