{"id":12143,"date":"2017-06-27T12:45:10","date_gmt":"2017-06-27T17:45:10","guid":{"rendered":"https:\/\/4netonline.com\/wpg\/?post_type=product&#038;p=12143"},"modified":"2023-04-14T12:43:15","modified_gmt":"2023-04-14T17:43:15","slug":"unifi-copper-cable-ethernet-10gbps","status":"publish","type":"product","link":"https:\/\/www.4netonline.com\/wpg\/product\/unifi-copper-cable-ethernet-10gbps\/","title":{"rendered":"UniFi Copper Cable Ethernet UDC"},"content":{"rendered":"<p style=\"text-align: center;\">UniFi Copper Cable Ethernet<\/p>\n<p>The Ubiquiti <strong>UDC-1,\u00a0UDC-2,\u00a0UDC-3<\/strong>\u00a0UniFi 1m, 2m, 3m SFP+ to<strong> SFP+<\/strong> 10 <strong>Gigabit Ethernet<\/strong> Direct Attached Cable is suitable for very short distances and offers a cost-effective way to connect UniFi switches within racks and across adjacent racks. This 10 Gigabit SFP+ to SFP+ is compatible with all Ubiquiti UniFi Switches that support or order a 10-Gigabit SFP+ port.<\/p>\n<ul>\n<li>10 Gigabit Ethernet capable (10GbE\/10GBASE-CU ).<\/li>\n<li>Small Form-factor Pluggable Plus (SFP+) copper cable.<\/li>\n<li>Active cable assembly with 10.5 Gbit\/sec line speed.<\/li>\n<li>Operating distance of 1,2 OR 3 metre.<\/li>\n<li>Supply Voltage 3.3V\/consumption (per end) max 0.57W.<\/li>\n<li>Wire AWG 24.<\/li>\n<\/ul>\n<p style=\"text-align: center;\"><a href=\"https:\/\/4netonline.com\/wpg\/sales-team\/franklin-gutierrez-herrera\/\">Questions?<\/a><\/p>\n<p style=\"text-align: center;\">Models:<\/p>\n<p style=\"text-align: center;\">UDC-1 |\u00a0UDC-2 |\u00a0UDC-3<\/p>\n<p style=\"text-align: center;\"><span style=\"color: #ffffff;\">UDC1 |\u00a0UDC2 |\u00a0UDC3<\/span><\/p>\n<p>&nbsp;<\/p>\n<p><span style=\"color: #ffffff;\">UniFi Copper Cable Ethernet<\/span><\/p>\n<h4 class=\"t-18 t-black t-normal mb2\"><span style=\"color: #ffffff;\">Overview<\/span><\/h4>\n<p class=\"break-words white-space-pre-wrap mb5 t-14 t-black--light t-normal\"><span style=\"color: #ffffff;\">Somos un Distribuidor Master Mayorista localizado en Miami, FL. USA. Contamos con m\u00e1s de 20 a\u00f1os de experiencias y amplia presencia en Latinoam\u00e9rica. Productos; -Cables de Fibra Optica -Accesorios, Cajas y herramientas para Instalaci\u00f3n de redes de Fibra Opticas -Antenas -Cableado estructurado -Conectores y accesorios para instalaci\u00f3n de cableados -Productos para aplicaciones profesionales de Wireless (Wi-Fi); Switch, Routers, Antenas, Mesh, Somos distribuidores directos de marcas l\u00edderes en el mercado, tenemos varios programas donde ofrecemos bajos precios para compa\u00f1\u00edas aliadas. Usted y su empresa se beneficiar\u00e1 del ahorro y otras ventajas que la har\u00e1n m\u00e1s atractiva a sus clientes con las siguientes marcas: Ubiquiti Mikrotik Cambium Networks Tenda Cablix Mimosa ALG COM Exportamos a: Argentina Bolivia Brasil Chile Colombia Costa Rica Ecuador M\u00e9xico Paraguay Panam\u00e1 Per\u00fa Puerto Rico Uruguay El Caribe Venezuela &#8212;&#8212;&#8212;&#8212;&#8212;&#8212;&#8212;&#8212;&#8212;&#8212;&#8212;&#8212;&#8212;&#8212;&#8212;&#8212;&#8212;&#8212;&#8212;&#8212;&#8212;&#8212;&#8212;&#8212;&#8212;&#8212;&#8212;&#8212;&#8212;&#8212;&#8212;&#8212;&#8212;&#8212;&#8212;&#8212;&#8212;&#8212;&#8212;&#8212;&#8212;&#8212;&#8211; We are a Master wholesale distributor located in Miami, FL. USA. We have over 20 years of experience and broad presence in Latin America. Line of products; -Optic Fiber &#8211; Accessories to install Optiv Fiber Network &#8211; Structured Cabling Products; &#8211; Wireless ( Wi-Fi based) products for Professional Applications; &#8211; CCTV &amp; Surveillance equipments and accessories; We are direct distributors of leading brands in the market, we have several programs where we offer low prices for allied companies.\u00a0<\/span><\/p>\n<p><span style=\"color: #ffffff;\">UniFi Copper Cable Ethernet<\/span><\/p>\n","protected":false},"excerpt":{"rendered":"<p>The Ubiquiti <strong>UDC-1,\u00a0UDC-2,\u00a0UDC-3<\/strong>\u00a0UniFi 1m, 2m, 3m SFP+ to<strong> SFP+<\/strong> 10 <strong>Gigabit Ethernet<\/strong> Direct Attached Cable is suitable for very short distances and offers a cost-effective way to connect UniFi switches within racks and across adjacent racks. This 10 Gigabit SFP+ to SFP+ is compatible with all Ubiquiti UniFi Switches that support or order a 10-Gigabit SFP+ port.<\/p>\n<p>&nbsp;<\/p>\n<p>&nbsp;<\/p>\n","protected":false},"featured_media":12149,"template":"","meta":[],"etheme_brands":[{"term_id":1114,"name":"Ubiquiti","slug":"ubiquiti","term_group":0,"term_taxonomy_id":1114,"taxonomy":"brand","description":"","parent":0,"count":272,"filter":"raw"}],"product_brand":[],"product_cat":[1154,1148,1149],"product_tag":[],"class_list":{"0":"post-12143","1":"product","2":"type-product","3":"status-publish","4":"has-post-thumbnail","6":"brand-ubiquiti","7":"product_cat-ub-unifi-accessories","8":"product_cat-ubiquiti","9":"product_cat-ub-unifi","11":"first","12":"instock","13":"taxable","14":"shipping-taxable","15":"purchasable","16":"product-type-variable"},"yoast_head":"<!-- This site is optimized with the Yoast SEO plugin v27.3 - https:\/\/yoast.com\/product\/yoast-seo-wordpress\/ -->\n<title>UniFi Copper Cable Ethernet UDC - 4Net Networking<\/title>\n<meta name=\"description\" content=\"UniFi Copper Cable Ethernet UDC-1,\u00a0UDC-2,\u00a0UDC-3\u00a0UniFi 1m, 2m, 3m SFP+ to SFP+ 10 Gigabit Ethernet Direct Attached Cable is suitable for very\" \/>\n<meta name=\"robots\" content=\"index, follow, max-snippet:-1, max-image-preview:large, max-video-preview:-1\" \/>\n<link rel=\"canonical\" href=\"https:\/\/www.4netonline.com\/wpg\/product\/unifi-copper-cable-ethernet-10gbps\/\" \/>\n<meta property=\"og:locale\" content=\"en_US\" \/>\n<meta property=\"og:type\" content=\"article\" \/>\n<meta property=\"og:title\" content=\"UniFi Copper Cable Ethernet UDC - 4Net Networking\" \/>\n<meta property=\"og:description\" content=\"UniFi Copper Cable Ethernet UDC-1,\u00a0UDC-2,\u00a0UDC-3\u00a0UniFi 1m, 2m, 3m SFP+ to SFP+ 10 Gigabit Ethernet Direct Attached Cable is suitable for very\" \/>\n<meta property=\"og:url\" content=\"https:\/\/www.4netonline.com\/wpg\/product\/unifi-copper-cable-ethernet-10gbps\/\" \/>\n<meta property=\"og:site_name\" content=\"4Net Networking\" \/>\n<meta property=\"article:publisher\" content=\"https:\/\/www.facebook.com\/4netNetworking\/\" \/>\n<meta property=\"article:modified_time\" content=\"2023-04-14T17:43:15+00:00\" \/>\n<meta property=\"og:image\" content=\"https:\/\/www.4netonline.com\/wpg\/wp-content\/uploads\/2017\/06\/UDC-1-3.jpg\" \/>\n\t<meta property=\"og:image:width\" content=\"400\" \/>\n\t<meta property=\"og:image:height\" content=\"400\" \/>\n\t<meta property=\"og:image:type\" content=\"image\/jpeg\" \/>\n<meta name=\"twitter:card\" content=\"summary_large_image\" \/>\n<meta name=\"twitter:site\" content=\"@4netonline\" \/>\n<meta name=\"twitter:label1\" content=\"Est. reading time\" \/>\n\t<meta name=\"twitter:data1\" content=\"2 minutes\" \/>\n<script type=\"application\/ld+json\" class=\"yoast-schema-graph\">{\"@context\":\"https:\\\/\\\/schema.org\",\"@graph\":[{\"@type\":\"WebPage\",\"@id\":\"https:\\\/\\\/www.4netonline.com\\\/wpg\\\/product\\\/unifi-copper-cable-ethernet-10gbps\\\/\",\"url\":\"https:\\\/\\\/www.4netonline.com\\\/wpg\\\/product\\\/unifi-copper-cable-ethernet-10gbps\\\/\",\"name\":\"UniFi Copper Cable Ethernet UDC - 4Net Networking\",\"isPartOf\":{\"@id\":\"https:\\\/\\\/www.4netonline.com\\\/wpg\\\/#website\"},\"primaryImageOfPage\":{\"@id\":\"https:\\\/\\\/www.4netonline.com\\\/wpg\\\/product\\\/unifi-copper-cable-ethernet-10gbps\\\/#primaryimage\"},\"image\":{\"@id\":\"https:\\\/\\\/www.4netonline.com\\\/wpg\\\/product\\\/unifi-copper-cable-ethernet-10gbps\\\/#primaryimage\"},\"thumbnailUrl\":\"https:\\\/\\\/www.4netonline.com\\\/wpg\\\/wp-content\\\/uploads\\\/2017\\\/06\\\/UDC-1-3.jpg\",\"datePublished\":\"2017-06-27T17:45:10+00:00\",\"dateModified\":\"2023-04-14T17:43:15+00:00\",\"description\":\"UniFi Copper Cable Ethernet UDC-1,\u00a0UDC-2,\u00a0UDC-3\u00a0UniFi 1m, 2m, 3m SFP+ to SFP+ 10 Gigabit Ethernet Direct Attached Cable is suitable for very\",\"breadcrumb\":{\"@id\":\"https:\\\/\\\/www.4netonline.com\\\/wpg\\\/product\\\/unifi-copper-cable-ethernet-10gbps\\\/#breadcrumb\"},\"inLanguage\":\"en-US\",\"potentialAction\":[{\"@type\":\"ReadAction\",\"target\":[\"https:\\\/\\\/www.4netonline.com\\\/wpg\\\/product\\\/unifi-copper-cable-ethernet-10gbps\\\/\"]}]},{\"@type\":\"ImageObject\",\"inLanguage\":\"en-US\",\"@id\":\"https:\\\/\\\/www.4netonline.com\\\/wpg\\\/product\\\/unifi-copper-cable-ethernet-10gbps\\\/#primaryimage\",\"url\":\"https:\\\/\\\/www.4netonline.com\\\/wpg\\\/wp-content\\\/uploads\\\/2017\\\/06\\\/UDC-1-3.jpg\",\"contentUrl\":\"https:\\\/\\\/www.4netonline.com\\\/wpg\\\/wp-content\\\/uploads\\\/2017\\\/06\\\/UDC-1-3.jpg\",\"width\":400,\"height\":400,\"caption\":\"UniFi Copper Cable Ethernet\"},{\"@type\":\"BreadcrumbList\",\"@id\":\"https:\\\/\\\/www.4netonline.com\\\/wpg\\\/product\\\/unifi-copper-cable-ethernet-10gbps\\\/#breadcrumb\",\"itemListElement\":[{\"@type\":\"ListItem\",\"position\":1,\"name\":\"Home\",\"item\":\"https:\\\/\\\/www.4netonline.com\\\/wpg\\\/\"},{\"@type\":\"ListItem\",\"position\":2,\"name\":\"Shop\",\"item\":\"https:\\\/\\\/www.4netonline.com\\\/wpg\\\/shop-2\\\/\"},{\"@type\":\"ListItem\",\"position\":3,\"name\":\"UniFi Copper Cable Ethernet UDC\"}]},{\"@type\":\"WebSite\",\"@id\":\"https:\\\/\\\/www.4netonline.com\\\/wpg\\\/#website\",\"url\":\"https:\\\/\\\/www.4netonline.com\\\/wpg\\\/\",\"name\":\"4Net Networking\",\"description\":\"\",\"publisher\":{\"@id\":\"https:\\\/\\\/www.4netonline.com\\\/wpg\\\/#organization\"},\"potentialAction\":[{\"@type\":\"SearchAction\",\"target\":{\"@type\":\"EntryPoint\",\"urlTemplate\":\"https:\\\/\\\/www.4netonline.com\\\/wpg\\\/?s={search_term_string}\"},\"query-input\":{\"@type\":\"PropertyValueSpecification\",\"valueRequired\":true,\"valueName\":\"search_term_string\"}}],\"inLanguage\":\"en-US\"},{\"@type\":\"Organization\",\"@id\":\"https:\\\/\\\/www.4netonline.com\\\/wpg\\\/#organization\",\"name\":\"4net Networks\",\"url\":\"https:\\\/\\\/www.4netonline.com\\\/wpg\\\/\",\"logo\":{\"@type\":\"ImageObject\",\"inLanguage\":\"en-US\",\"@id\":\"https:\\\/\\\/www.4netonline.com\\\/wpg\\\/#\\\/schema\\\/logo\\\/image\\\/\",\"url\":\"\",\"contentUrl\":\"\",\"caption\":\"4net Networks\"},\"image\":{\"@id\":\"https:\\\/\\\/www.4netonline.com\\\/wpg\\\/#\\\/schema\\\/logo\\\/image\\\/\"},\"sameAs\":[\"https:\\\/\\\/www.facebook.com\\\/4netNetworking\\\/\",\"https:\\\/\\\/x.com\\\/4netonline\",\"https:\\\/\\\/www.linkedin.com\\\/company\\\/4net-networking-corp\",\"https:\\\/\\\/www.youtube.com\\\/channel\\\/UCmHmX1rrKiDV0uOWZBVSn7g\"]}]}<\/script>\n<!-- \/ Yoast SEO plugin. -->","yoast_head_json":{"title":"UniFi Copper Cable Ethernet UDC - 4Net Networking","description":"UniFi Copper Cable Ethernet UDC-1,\u00a0UDC-2,\u00a0UDC-3\u00a0UniFi 1m, 2m, 3m SFP+ to SFP+ 10 Gigabit Ethernet Direct Attached Cable is suitable for very","robots":{"index":"index","follow":"follow","max-snippet":"max-snippet:-1","max-image-preview":"max-image-preview:large","max-video-preview":"max-video-preview:-1"},"canonical":"https:\/\/www.4netonline.com\/wpg\/product\/unifi-copper-cable-ethernet-10gbps\/","og_locale":"en_US","og_type":"article","og_title":"UniFi Copper Cable Ethernet UDC - 4Net Networking","og_description":"UniFi Copper Cable Ethernet UDC-1,\u00a0UDC-2,\u00a0UDC-3\u00a0UniFi 1m, 2m, 3m SFP+ to SFP+ 10 Gigabit Ethernet Direct Attached Cable is suitable for very","og_url":"https:\/\/www.4netonline.com\/wpg\/product\/unifi-copper-cable-ethernet-10gbps\/","og_site_name":"4Net Networking","article_publisher":"https:\/\/www.facebook.com\/4netNetworking\/","article_modified_time":"2023-04-14T17:43:15+00:00","og_image":[{"width":400,"height":400,"url":"https:\/\/www.4netonline.com\/wpg\/wp-content\/uploads\/2017\/06\/UDC-1-3.jpg","type":"image\/jpeg"}],"twitter_card":"summary_large_image","twitter_site":"@4netonline","twitter_misc":{"Est. reading time":"2 minutes"},"schema":{"@context":"https:\/\/schema.org","@graph":[{"@type":"WebPage","@id":"https:\/\/www.4netonline.com\/wpg\/product\/unifi-copper-cable-ethernet-10gbps\/","url":"https:\/\/www.4netonline.com\/wpg\/product\/unifi-copper-cable-ethernet-10gbps\/","name":"UniFi Copper Cable Ethernet UDC - 4Net Networking","isPartOf":{"@id":"https:\/\/www.4netonline.com\/wpg\/#website"},"primaryImageOfPage":{"@id":"https:\/\/www.4netonline.com\/wpg\/product\/unifi-copper-cable-ethernet-10gbps\/#primaryimage"},"image":{"@id":"https:\/\/www.4netonline.com\/wpg\/product\/unifi-copper-cable-ethernet-10gbps\/#primaryimage"},"thumbnailUrl":"https:\/\/www.4netonline.com\/wpg\/wp-content\/uploads\/2017\/06\/UDC-1-3.jpg","datePublished":"2017-06-27T17:45:10+00:00","dateModified":"2023-04-14T17:43:15+00:00","description":"UniFi Copper Cable Ethernet UDC-1,\u00a0UDC-2,\u00a0UDC-3\u00a0UniFi 1m, 2m, 3m SFP+ to SFP+ 10 Gigabit Ethernet Direct Attached Cable is suitable for very","breadcrumb":{"@id":"https:\/\/www.4netonline.com\/wpg\/product\/unifi-copper-cable-ethernet-10gbps\/#breadcrumb"},"inLanguage":"en-US","potentialAction":[{"@type":"ReadAction","target":["https:\/\/www.4netonline.com\/wpg\/product\/unifi-copper-cable-ethernet-10gbps\/"]}]},{"@type":"ImageObject","inLanguage":"en-US","@id":"https:\/\/www.4netonline.com\/wpg\/product\/unifi-copper-cable-ethernet-10gbps\/#primaryimage","url":"https:\/\/www.4netonline.com\/wpg\/wp-content\/uploads\/2017\/06\/UDC-1-3.jpg","contentUrl":"https:\/\/www.4netonline.com\/wpg\/wp-content\/uploads\/2017\/06\/UDC-1-3.jpg","width":400,"height":400,"caption":"UniFi Copper Cable Ethernet"},{"@type":"BreadcrumbList","@id":"https:\/\/www.4netonline.com\/wpg\/product\/unifi-copper-cable-ethernet-10gbps\/#breadcrumb","itemListElement":[{"@type":"ListItem","position":1,"name":"Home","item":"https:\/\/www.4netonline.com\/wpg\/"},{"@type":"ListItem","position":2,"name":"Shop","item":"https:\/\/www.4netonline.com\/wpg\/shop-2\/"},{"@type":"ListItem","position":3,"name":"UniFi Copper Cable Ethernet UDC"}]},{"@type":"WebSite","@id":"https:\/\/www.4netonline.com\/wpg\/#website","url":"https:\/\/www.4netonline.com\/wpg\/","name":"4Net Networking","description":"","publisher":{"@id":"https:\/\/www.4netonline.com\/wpg\/#organization"},"potentialAction":[{"@type":"SearchAction","target":{"@type":"EntryPoint","urlTemplate":"https:\/\/www.4netonline.com\/wpg\/?s={search_term_string}"},"query-input":{"@type":"PropertyValueSpecification","valueRequired":true,"valueName":"search_term_string"}}],"inLanguage":"en-US"},{"@type":"Organization","@id":"https:\/\/www.4netonline.com\/wpg\/#organization","name":"4net Networks","url":"https:\/\/www.4netonline.com\/wpg\/","logo":{"@type":"ImageObject","inLanguage":"en-US","@id":"https:\/\/www.4netonline.com\/wpg\/#\/schema\/logo\/image\/","url":"","contentUrl":"","caption":"4net Networks"},"image":{"@id":"https:\/\/www.4netonline.com\/wpg\/#\/schema\/logo\/image\/"},"sameAs":["https:\/\/www.facebook.com\/4netNetworking\/","https:\/\/x.com\/4netonline","https:\/\/www.linkedin.com\/company\/4net-networking-corp","https:\/\/www.youtube.com\/channel\/UCmHmX1rrKiDV0uOWZBVSn7g"]}]}},"_links":{"self":[{"href":"https:\/\/www.4netonline.com\/wpg\/wp-json\/wp\/v2\/product\/12143","targetHints":{"allow":["GET"]}}],"collection":[{"href":"https:\/\/www.4netonline.com\/wpg\/wp-json\/wp\/v2\/product"}],"about":[{"href":"https:\/\/www.4netonline.com\/wpg\/wp-json\/wp\/v2\/types\/product"}],"version-history":[{"count":0,"href":"https:\/\/www.4netonline.com\/wpg\/wp-json\/wp\/v2\/product\/12143\/revisions"}],"wp:featuredmedia":[{"embeddable":true,"href":"https:\/\/www.4netonline.com\/wpg\/wp-json\/wp\/v2\/media\/12149"}],"wp:attachment":[{"href":"https:\/\/www.4netonline.com\/wpg\/wp-json\/wp\/v2\/media?parent=12143"}],"wp:term":[{"taxonomy":"brand","embeddable":true,"href":"https:\/\/www.4netonline.com\/wpg\/wp-json\/wp\/v2\/etheme_brands?post=12143"},{"taxonomy":"product_brand","embeddable":true,"href":"https:\/\/www.4netonline.com\/wpg\/wp-json\/wp\/v2\/product_brand?post=12143"},{"taxonomy":"product_cat","embeddable":true,"href":"https:\/\/www.4netonline.com\/wpg\/wp-json\/wp\/v2\/product_cat?post=12143"},{"taxonomy":"product_tag","embeddable":true,"href":"https:\/\/www.4netonline.com\/wpg\/wp-json\/wp\/v2\/product_tag?post=12143"}],"curies":[{"name":"wp","href":"https:\/\/api.w.org\/{rel}","templated":true}]}}