{"id":11808,"date":"2017-06-06T08:03:55","date_gmt":"2017-06-06T13:03:55","guid":{"rendered":"https:\/\/4netonline.com\/wpg\/?post_type=product&#038;p=11808"},"modified":"2023-08-25T12:29:33","modified_gmt":"2023-08-25T17:29:33","slug":"mce-01f-patch-cord","status":"publish","type":"product","link":"https:\/\/www.4netonline.com\/wpg\/product\/mce-01f-patch-cord\/","title":{"rendered":"MCE 01F Patch Cord"},"content":{"rendered":"<p style=\"text-align: center;\">MCE 01F Patch Cord<\/p>\n<ul>\n<li>MCE-01F &#8211; Patch Cord<\/li>\n<li>RJ45 Plug<\/li>\n<li>Housing: Polycarbonate, UL 94V-2, transparent color<\/li>\n<li>Contact Material : Phospor Bronze with 50-60 micro inch nikel platet.<\/li>\n<li>Contact Finish : Min. 50 micro-inch gold plated.<\/li>\n<li>Molding : PVC<\/li>\n<li>Cable :<\/li>\n<li>Jacket : PVC<\/li>\n<li>Coductor : 24 AWG Standed Copper.<\/li>\n<li>Isolation : PE.<\/li>\n<li>Cable Structure: U\/UTP, 4 twisted pair.<\/li>\n<li>UL listed<\/li>\n<\/ul>\n<p style=\"text-align: center;\"><a href=\"https:\/\/4netonline.com\/wpg\/sales-team\/franklin-gutierrez-herrera\/\">Questions?<\/a><\/p>\n<p style=\"text-align: center;\">Model<\/p>\n<p style=\"text-align: center;\">MCE-01F<\/p>\n<p style=\"text-align: center;\"><span style=\"color: #ffffff;\">MCE01F<\/span><\/p>\n<p>&nbsp;<\/p>\n<p style=\"text-align: left;\"><span style=\"color: #ffffff;\">MCE 01F Patch Cord<\/span><\/p>\n<h4 class=\"t-18 t-black t-normal mb2\"><span style=\"color: #ffffff;\">Overview<\/span><\/h4>\n<p class=\"break-words white-space-pre-wrap mb5 t-14 t-black--light t-normal\"><span style=\"color: #ffffff;\">Somos un Distribuidor Master Mayorista localizado en Miami, FL. USA. Contamos con m\u00e1s de 20 a\u00f1os de experiencias y amplia presencia en Latinoam\u00e9rica. Productos; -Cables de Fibra Optica -Accesorios, Cajas y herramientas para Instalaci\u00f3n de redes de Fibra Opticas -Antenas -Cableado estructurado -Conectores y accesorios para instalaci\u00f3n de cableados -Productos para aplicaciones profesionales de Wireless (Wi-Fi); Switch, Routers, Antenas, Mesh, Somos distribuidores directos de marcas l\u00edderes en el mercado, tenemos varios programas donde ofrecemos bajos precios para compa\u00f1\u00edas aliadas. Usted y su empresa se beneficiar\u00e1 del ahorro y otras ventajas que la har\u00e1n m\u00e1s atractiva a sus clientes con las siguientes marcas: Ubiquiti Mikrotik Cambium Networks Tenda Cablix Mimosa ALG COM Exportamos a: Argentina Bolivia Brasil Chile Colombia Costa Rica Ecuador M\u00e9xico Paraguay Panam\u00e1 Per\u00fa Puerto Rico Uruguay El Caribe Venezuela &#8212;&#8212;&#8212;&#8212;&#8212;&#8212;&#8212;&#8212;&#8212;&#8212;&#8212;&#8212;&#8212;&#8212;&#8212;&#8212;&#8212;&#8212;&#8212;&#8212;&#8212;&#8212;&#8212;&#8212;&#8212;&#8212;&#8212;&#8212;&#8212;&#8212;&#8212;&#8212;&#8212;&#8212;&#8212;&#8212;&#8212;&#8212;&#8212;&#8212;&#8212;&#8212;&#8211; We are a Master wholesale distributor located in Miami, FL. USA. We have over 20 years of experience and broad presence in Latin America. Line of products; -Optic Fiber &#8211; Accessories to install Optic Fiber Network &#8211; Structured Cabling Products; &#8211; Wireless ( Wi-Fi based) products for Professional Applications; &#8211; CCTV &amp; Surveillance equipments and accessories; We are direct distributors of leading brands in the market, we have several programs where we offer low prices for allied companies. You and your company will benefit from the savings and other benefits that will make your business more attractive to your customers with the following brands: ethernet, internet, wireless, routers, optic fiber, telecomunicaciones, cctv, video, cables, cat6, cat5, antennas, redes, network, distribuidor, wholesale, HTTx, Fibra Optica, and Splicing<\/span><\/p>\n<p><span style=\"color: #ffffff;\">MCE 01F Patch Cord<\/span><\/p>\n","protected":false},"excerpt":{"rendered":"<p>MCE 01F Patch Cord MCE-01F &#8211; Patch Cord RJ45 Plug Housing: Polycarbonate, UL 94V-2, transparent color Contact Material : Phospor&#8230;<\/p>\n","protected":false},"featured_media":36145,"template":"","meta":[],"etheme_brands":[{"term_id":1115,"name":"Cablix","slug":"cablix","term_group":0,"term_taxonomy_id":1115,"taxonomy":"brand","description":"","parent":0,"count":181,"filter":"raw"}],"product_brand":[],"product_cat":[1401,1423,1429],"product_tag":[776,777,775,781],"class_list":{"0":"post-11808","1":"product","2":"type-product","3":"status-publish","4":"has-post-thumbnail","6":"brand-cablix","7":"product_cat-cablix","8":"product_cat-cablix-metallic","9":"product_cat-cablix-metallic-patch-cable","10":"product_tag-cable","11":"product_tag-cablix","12":"product_tag-connector","13":"product_tag-patch","15":"first","16":"instock","17":"taxable","18":"shipping-taxable","19":"purchasable","20":"product-type-variable","21":"has-default-attributes"},"yoast_head":"<!-- This site is optimized with the Yoast SEO plugin v27.2 - https:\/\/yoast.com\/product\/yoast-seo-wordpress\/ -->\n<title>MCE 01F Patch Cord Polycarbonate, UL 94V-2, transparent color<\/title>\n<meta name=\"description\" content=\"MCE 01F Patch Cord Cord RJ45 Plug Housing: Polycarbonate, UL 94V-2, transparent color Contact Material : Phospor Bronze with 50-60 micro inch\" \/>\n<meta name=\"robots\" content=\"index, follow, max-snippet:-1, max-image-preview:large, max-video-preview:-1\" \/>\n<link rel=\"canonical\" href=\"https:\/\/www.4netonline.com\/wpg\/product\/mce-01f-patch-cord\/\" \/>\n<meta property=\"og:locale\" content=\"en_US\" \/>\n<meta property=\"og:type\" content=\"article\" \/>\n<meta property=\"og:title\" content=\"MCE 01F Patch Cord Polycarbonate, UL 94V-2, transparent color\" \/>\n<meta property=\"og:description\" content=\"MCE 01F Patch Cord Cord RJ45 Plug Housing: Polycarbonate, UL 94V-2, transparent color Contact Material : Phospor Bronze with 50-60 micro inch\" \/>\n<meta property=\"og:url\" content=\"https:\/\/www.4netonline.com\/wpg\/product\/mce-01f-patch-cord\/\" \/>\n<meta property=\"og:site_name\" content=\"4Net Networking\" \/>\n<meta property=\"article:publisher\" content=\"https:\/\/www.facebook.com\/4netNetworking\/\" \/>\n<meta property=\"article:modified_time\" content=\"2023-08-25T17:29:33+00:00\" \/>\n<meta property=\"og:image\" content=\"https:\/\/www.4netonline.com\/wpg\/wp-content\/uploads\/2017\/06\/picturemessage_myesos45.f5m.png\" \/>\n\t<meta property=\"og:image:width\" content=\"450\" \/>\n\t<meta property=\"og:image:height\" content=\"450\" \/>\n\t<meta property=\"og:image:type\" content=\"image\/png\" \/>\n<meta name=\"twitter:card\" content=\"summary_large_image\" \/>\n<meta name=\"twitter:site\" content=\"@4netonline\" \/>\n<meta name=\"twitter:label1\" content=\"Est. reading time\" \/>\n\t<meta name=\"twitter:data1\" content=\"2 minutes\" \/>\n<script type=\"application\/ld+json\" class=\"yoast-schema-graph\">{\"@context\":\"https:\/\/schema.org\",\"@graph\":[{\"@type\":\"WebPage\",\"@id\":\"https:\/\/www.4netonline.com\/wpg\/product\/mce-01f-patch-cord\/\",\"url\":\"https:\/\/www.4netonline.com\/wpg\/product\/mce-01f-patch-cord\/\",\"name\":\"MCE 01F Patch Cord Polycarbonate, UL 94V-2, transparent color\",\"isPartOf\":{\"@id\":\"https:\/\/www.4netonline.com\/wpg\/#website\"},\"primaryImageOfPage\":{\"@id\":\"https:\/\/www.4netonline.com\/wpg\/product\/mce-01f-patch-cord\/#primaryimage\"},\"image\":{\"@id\":\"https:\/\/www.4netonline.com\/wpg\/product\/mce-01f-patch-cord\/#primaryimage\"},\"thumbnailUrl\":\"https:\/\/www.4netonline.com\/wpg\/wp-content\/uploads\/2017\/06\/picturemessage_myesos45.f5m.png\",\"datePublished\":\"2017-06-06T13:03:55+00:00\",\"dateModified\":\"2023-08-25T17:29:33+00:00\",\"description\":\"MCE 01F Patch Cord Cord RJ45 Plug Housing: Polycarbonate, UL 94V-2, transparent color Contact Material : Phospor Bronze with 50-60 micro inch\",\"breadcrumb\":{\"@id\":\"https:\/\/www.4netonline.com\/wpg\/product\/mce-01f-patch-cord\/#breadcrumb\"},\"inLanguage\":\"en-US\",\"potentialAction\":[{\"@type\":\"ReadAction\",\"target\":[\"https:\/\/www.4netonline.com\/wpg\/product\/mce-01f-patch-cord\/\"]}]},{\"@type\":\"ImageObject\",\"inLanguage\":\"en-US\",\"@id\":\"https:\/\/www.4netonline.com\/wpg\/product\/mce-01f-patch-cord\/#primaryimage\",\"url\":\"https:\/\/www.4netonline.com\/wpg\/wp-content\/uploads\/2017\/06\/picturemessage_myesos45.f5m.png\",\"contentUrl\":\"https:\/\/www.4netonline.com\/wpg\/wp-content\/uploads\/2017\/06\/picturemessage_myesos45.f5m.png\",\"width\":450,\"height\":450},{\"@type\":\"BreadcrumbList\",\"@id\":\"https:\/\/www.4netonline.com\/wpg\/product\/mce-01f-patch-cord\/#breadcrumb\",\"itemListElement\":[{\"@type\":\"ListItem\",\"position\":1,\"name\":\"Home\",\"item\":\"https:\/\/www.4netonline.com\/wpg\/\"},{\"@type\":\"ListItem\",\"position\":2,\"name\":\"Shop\",\"item\":\"https:\/\/www.4netonline.com\/wpg\/shop-2\/\"},{\"@type\":\"ListItem\",\"position\":3,\"name\":\"MCE 01F Patch Cord\"}]},{\"@type\":\"WebSite\",\"@id\":\"https:\/\/www.4netonline.com\/wpg\/#website\",\"url\":\"https:\/\/www.4netonline.com\/wpg\/\",\"name\":\"4Net Networking\",\"description\":\"\",\"publisher\":{\"@id\":\"https:\/\/www.4netonline.com\/wpg\/#organization\"},\"potentialAction\":[{\"@type\":\"SearchAction\",\"target\":{\"@type\":\"EntryPoint\",\"urlTemplate\":\"https:\/\/www.4netonline.com\/wpg\/?s={search_term_string}\"},\"query-input\":{\"@type\":\"PropertyValueSpecification\",\"valueRequired\":true,\"valueName\":\"search_term_string\"}}],\"inLanguage\":\"en-US\"},{\"@type\":\"Organization\",\"@id\":\"https:\/\/www.4netonline.com\/wpg\/#organization\",\"name\":\"4net Networks\",\"url\":\"https:\/\/www.4netonline.com\/wpg\/\",\"logo\":{\"@type\":\"ImageObject\",\"inLanguage\":\"en-US\",\"@id\":\"https:\/\/www.4netonline.com\/wpg\/#\/schema\/logo\/image\/\",\"url\":\"\",\"contentUrl\":\"\",\"caption\":\"4net Networks\"},\"image\":{\"@id\":\"https:\/\/www.4netonline.com\/wpg\/#\/schema\/logo\/image\/\"},\"sameAs\":[\"https:\/\/www.facebook.com\/4netNetworking\/\",\"https:\/\/x.com\/4netonline\",\"https:\/\/www.linkedin.com\/company\/4net-networking-corp\",\"https:\/\/www.youtube.com\/channel\/UCmHmX1rrKiDV0uOWZBVSn7g\"]}]}<\/script>\n<!-- \/ Yoast SEO plugin. -->","yoast_head_json":{"title":"MCE 01F Patch Cord Polycarbonate, UL 94V-2, transparent color","description":"MCE 01F Patch Cord Cord RJ45 Plug Housing: Polycarbonate, UL 94V-2, transparent color Contact Material : Phospor Bronze with 50-60 micro inch","robots":{"index":"index","follow":"follow","max-snippet":"max-snippet:-1","max-image-preview":"max-image-preview:large","max-video-preview":"max-video-preview:-1"},"canonical":"https:\/\/www.4netonline.com\/wpg\/product\/mce-01f-patch-cord\/","og_locale":"en_US","og_type":"article","og_title":"MCE 01F Patch Cord Polycarbonate, UL 94V-2, transparent color","og_description":"MCE 01F Patch Cord Cord RJ45 Plug Housing: Polycarbonate, UL 94V-2, transparent color Contact Material : Phospor Bronze with 50-60 micro inch","og_url":"https:\/\/www.4netonline.com\/wpg\/product\/mce-01f-patch-cord\/","og_site_name":"4Net Networking","article_publisher":"https:\/\/www.facebook.com\/4netNetworking\/","article_modified_time":"2023-08-25T17:29:33+00:00","og_image":[{"width":450,"height":450,"url":"https:\/\/www.4netonline.com\/wpg\/wp-content\/uploads\/2017\/06\/picturemessage_myesos45.f5m.png","type":"image\/png"}],"twitter_card":"summary_large_image","twitter_site":"@4netonline","twitter_misc":{"Est. reading time":"2 minutes"},"schema":{"@context":"https:\/\/schema.org","@graph":[{"@type":"WebPage","@id":"https:\/\/www.4netonline.com\/wpg\/product\/mce-01f-patch-cord\/","url":"https:\/\/www.4netonline.com\/wpg\/product\/mce-01f-patch-cord\/","name":"MCE 01F Patch Cord Polycarbonate, UL 94V-2, transparent color","isPartOf":{"@id":"https:\/\/www.4netonline.com\/wpg\/#website"},"primaryImageOfPage":{"@id":"https:\/\/www.4netonline.com\/wpg\/product\/mce-01f-patch-cord\/#primaryimage"},"image":{"@id":"https:\/\/www.4netonline.com\/wpg\/product\/mce-01f-patch-cord\/#primaryimage"},"thumbnailUrl":"https:\/\/www.4netonline.com\/wpg\/wp-content\/uploads\/2017\/06\/picturemessage_myesos45.f5m.png","datePublished":"2017-06-06T13:03:55+00:00","dateModified":"2023-08-25T17:29:33+00:00","description":"MCE 01F Patch Cord Cord RJ45 Plug Housing: Polycarbonate, UL 94V-2, transparent color Contact Material : Phospor Bronze with 50-60 micro inch","breadcrumb":{"@id":"https:\/\/www.4netonline.com\/wpg\/product\/mce-01f-patch-cord\/#breadcrumb"},"inLanguage":"en-US","potentialAction":[{"@type":"ReadAction","target":["https:\/\/www.4netonline.com\/wpg\/product\/mce-01f-patch-cord\/"]}]},{"@type":"ImageObject","inLanguage":"en-US","@id":"https:\/\/www.4netonline.com\/wpg\/product\/mce-01f-patch-cord\/#primaryimage","url":"https:\/\/www.4netonline.com\/wpg\/wp-content\/uploads\/2017\/06\/picturemessage_myesos45.f5m.png","contentUrl":"https:\/\/www.4netonline.com\/wpg\/wp-content\/uploads\/2017\/06\/picturemessage_myesos45.f5m.png","width":450,"height":450},{"@type":"BreadcrumbList","@id":"https:\/\/www.4netonline.com\/wpg\/product\/mce-01f-patch-cord\/#breadcrumb","itemListElement":[{"@type":"ListItem","position":1,"name":"Home","item":"https:\/\/www.4netonline.com\/wpg\/"},{"@type":"ListItem","position":2,"name":"Shop","item":"https:\/\/www.4netonline.com\/wpg\/shop-2\/"},{"@type":"ListItem","position":3,"name":"MCE 01F Patch Cord"}]},{"@type":"WebSite","@id":"https:\/\/www.4netonline.com\/wpg\/#website","url":"https:\/\/www.4netonline.com\/wpg\/","name":"4Net Networking","description":"","publisher":{"@id":"https:\/\/www.4netonline.com\/wpg\/#organization"},"potentialAction":[{"@type":"SearchAction","target":{"@type":"EntryPoint","urlTemplate":"https:\/\/www.4netonline.com\/wpg\/?s={search_term_string}"},"query-input":{"@type":"PropertyValueSpecification","valueRequired":true,"valueName":"search_term_string"}}],"inLanguage":"en-US"},{"@type":"Organization","@id":"https:\/\/www.4netonline.com\/wpg\/#organization","name":"4net Networks","url":"https:\/\/www.4netonline.com\/wpg\/","logo":{"@type":"ImageObject","inLanguage":"en-US","@id":"https:\/\/www.4netonline.com\/wpg\/#\/schema\/logo\/image\/","url":"","contentUrl":"","caption":"4net Networks"},"image":{"@id":"https:\/\/www.4netonline.com\/wpg\/#\/schema\/logo\/image\/"},"sameAs":["https:\/\/www.facebook.com\/4netNetworking\/","https:\/\/x.com\/4netonline","https:\/\/www.linkedin.com\/company\/4net-networking-corp","https:\/\/www.youtube.com\/channel\/UCmHmX1rrKiDV0uOWZBVSn7g"]}]}},"_links":{"self":[{"href":"https:\/\/www.4netonline.com\/wpg\/wp-json\/wp\/v2\/product\/11808","targetHints":{"allow":["GET"]}}],"collection":[{"href":"https:\/\/www.4netonline.com\/wpg\/wp-json\/wp\/v2\/product"}],"about":[{"href":"https:\/\/www.4netonline.com\/wpg\/wp-json\/wp\/v2\/types\/product"}],"version-history":[{"count":0,"href":"https:\/\/www.4netonline.com\/wpg\/wp-json\/wp\/v2\/product\/11808\/revisions"}],"wp:featuredmedia":[{"embeddable":true,"href":"https:\/\/www.4netonline.com\/wpg\/wp-json\/wp\/v2\/media\/36145"}],"wp:attachment":[{"href":"https:\/\/www.4netonline.com\/wpg\/wp-json\/wp\/v2\/media?parent=11808"}],"wp:term":[{"taxonomy":"brand","embeddable":true,"href":"https:\/\/www.4netonline.com\/wpg\/wp-json\/wp\/v2\/etheme_brands?post=11808"},{"taxonomy":"product_brand","embeddable":true,"href":"https:\/\/www.4netonline.com\/wpg\/wp-json\/wp\/v2\/product_brand?post=11808"},{"taxonomy":"product_cat","embeddable":true,"href":"https:\/\/www.4netonline.com\/wpg\/wp-json\/wp\/v2\/product_cat?post=11808"},{"taxonomy":"product_tag","embeddable":true,"href":"https:\/\/www.4netonline.com\/wpg\/wp-json\/wp\/v2\/product_tag?post=11808"}],"curies":[{"name":"wp","href":"https:\/\/api.w.org\/{rel}","templated":true}]}}