{"id":36547,"date":"2020-08-12T12:46:13","date_gmt":"2020-08-12T17:46:13","guid":{"rendered":"https:\/\/4netonline.com\/wpg\/?page_id=36547"},"modified":"2023-01-16T16:28:23","modified_gmt":"2023-01-16T21:28:23","slug":"cablix","status":"publish","type":"page","link":"https:\/\/www.4netonline.com\/wpg\/cablix\/","title":{"rendered":"CABLIX"},"content":{"rendered":"<div id=\"pl-36547\"  class=\"panel-layout\" >\n<div id=\"pg-36547-0\"  class=\"panel-grid panel-no-style\"  data-style=\"{&quot;cell_alignment&quot;:&quot;flex-start&quot;}\"  data-ratio=\"1\"  data-ratio-direction=\"right\" >\n<div id=\"pgc-36547-0-0\"  class=\"panel-grid-cell\"  data-weight=\"1\" >\n<div id=\"panel-36547-0-0-0\" class=\"so-panel widget widget_sow-editor panel-first-child panel-last-child\" data-index=\"0\" data-style=\"{&quot;background_image_attachment&quot;:false,&quot;background_display&quot;:&quot;tile&quot;}\" >\n<div\n\t\t\t\n\t\t\tclass=\"so-widget-sow-editor so-widget-sow-editor-base\"\n\t\t\t\n\t\t><\/p>\n<div class=\"siteorigin-widget-tinymce textwidget\">\n<h1 style=\"text-align: center;\"><span style=\"color: #333333;\">Cablix Products<\/span><\/h1>\n<\/div>\n<\/div>\n<\/div>\n<\/div>\n<\/div>\n<div id=\"pg-36547-1\"  class=\"panel-grid panel-has-style\"  data-style=\"{&quot;padding&quot;:&quot;0px 0px 0px 0px&quot;,&quot;background_image_attachment&quot;:false,&quot;background_display&quot;:&quot;tile&quot;,&quot;cell_alignment&quot;:&quot;flex-start&quot;}\"  data-ratio=\"1\"  data-ratio-direction=\"right\" >\n<div class=\"panel-row-style panel-row-style-for-36547-1\" >\n<div id=\"pgc-36547-1-0\"  class=\"panel-grid-cell\"  data-weight=\"0.33333333333333\" >\n<div id=\"panel-36547-1-0-0\" class=\"so-panel widget widget_sow-image panel-first-child panel-last-child\" data-index=\"1\" data-style=\"{&quot;background_image_attachment&quot;:false,&quot;background_display&quot;:&quot;tile&quot;}\" >[siteorigin_widget class=&#8221;SiteOrigin_Widget_Image_Widget&#8221;]<input type=\"hidden\" value=\"{&quot;instance&quot;:{&quot;image&quot;:36548,&quot;image_fallback&quot;:&quot;&quot;,&quot;size&quot;:&quot;full&quot;,&quot;align&quot;:&quot;default&quot;,&quot;title_align&quot;:&quot;default&quot;,&quot;title&quot;:&quot;&quot;,&quot;title_position&quot;:&quot;hidden&quot;,&quot;alt&quot;:&quot;Cablix Productos Fibra Optica&quot;,&quot;url&quot;:&quot;https:\\\/\\\/4netonline.com\\\/wpg\\\/product-category\\\/cablix\\\/optic\\\/&quot;,&quot;bound&quot;:true,&quot;_sow_form_id&quot;:&quot;9821424945f34290894f08748840777&quot;,&quot;_sow_form_timestamp&quot;:&quot;1606234887170&quot;,&quot;new_window&quot;:false,&quot;full_width&quot;:false,&quot;so_sidebar_emulator_id&quot;:&quot;sow-image-3654710001&quot;,&quot;option_name&quot;:&quot;widget_sow-image&quot;},&quot;args&quot;:{&quot;before_widget&quot;:&quot;&lt;div id=\\&quot;panel-36547-1-0-0\\&quot; class=\\&quot;so-panel widget widget_sow-image panel-first-child panel-last-child\\&quot; data-index=\\&quot;1\\&quot; data-style=\\&quot;{&amp;quot;background_image_attachment&amp;quot;:false,&amp;quot;background_display&amp;quot;:&amp;quot;tile&amp;quot;}\\&quot; &gt;&quot;,&quot;after_widget&quot;:&quot;&lt;\\\/div&gt;&quot;,&quot;before_title&quot;:&quot;&lt;h3 class=\\&quot;widget-title\\&quot;&gt;&quot;,&quot;after_title&quot;:&quot;&lt;\\\/h3&gt;&quot;,&quot;widget_id&quot;:&quot;widget-1-0-0&quot;}}\" \/>[\/siteorigin_widget]<\/div>\n<\/div>\n<div id=\"pgc-36547-1-1\"  class=\"panel-grid-cell\"  data-weight=\"0.33333333333333\" >\n<div id=\"panel-36547-1-1-0\" class=\"so-panel widget widget_sow-image panel-first-child panel-last-child\" data-index=\"2\" data-style=\"{&quot;background_image_attachment&quot;:false,&quot;background_display&quot;:&quot;tile&quot;}\" >[siteorigin_widget class=&#8221;SiteOrigin_Widget_Image_Widget&#8221;]<input type=\"hidden\" value=\"{&quot;instance&quot;:{&quot;image&quot;:36550,&quot;image_fallback&quot;:&quot;&quot;,&quot;size&quot;:&quot;full&quot;,&quot;align&quot;:&quot;default&quot;,&quot;title_align&quot;:&quot;default&quot;,&quot;title&quot;:&quot;&quot;,&quot;title_position&quot;:&quot;hidden&quot;,&quot;alt&quot;:&quot;Cablix Productos Fibra Optica&quot;,&quot;url&quot;:&quot;https:\\\/\\\/4netonline.com\\\/wpg\\\/product-category\\\/cablix\\\/metallic\\\/&quot;,&quot;bound&quot;:true,&quot;_sow_form_id&quot;:&quot;4944951305f342a4728dc7672159463&quot;,&quot;_sow_form_timestamp&quot;:&quot;1606234894729&quot;,&quot;new_window&quot;:false,&quot;full_width&quot;:false,&quot;so_sidebar_emulator_id&quot;:&quot;sow-image-3654710002&quot;,&quot;option_name&quot;:&quot;widget_sow-image&quot;},&quot;args&quot;:{&quot;before_widget&quot;:&quot;&lt;div id=\\&quot;panel-36547-1-1-0\\&quot; class=\\&quot;so-panel widget widget_sow-image panel-first-child panel-last-child\\&quot; data-index=\\&quot;2\\&quot; data-style=\\&quot;{&amp;quot;background_image_attachment&amp;quot;:false,&amp;quot;background_display&amp;quot;:&amp;quot;tile&amp;quot;}\\&quot; &gt;&quot;,&quot;after_widget&quot;:&quot;&lt;\\\/div&gt;&quot;,&quot;before_title&quot;:&quot;&lt;h3 class=\\&quot;widget-title\\&quot;&gt;&quot;,&quot;after_title&quot;:&quot;&lt;\\\/h3&gt;&quot;,&quot;widget_id&quot;:&quot;widget-1-1-0&quot;}}\" \/>[\/siteorigin_widget]<\/div>\n<\/div>\n<div id=\"pgc-36547-1-2\"  class=\"panel-grid-cell\"  data-weight=\"0.33333333333333\" >\n<div id=\"panel-36547-1-2-0\" class=\"so-panel widget widget_sow-image panel-first-child panel-last-child\" data-index=\"3\" data-style=\"{&quot;background_image_attachment&quot;:false,&quot;background_display&quot;:&quot;tile&quot;}\" >[siteorigin_widget class=&#8221;SiteOrigin_Widget_Image_Widget&#8221;]<input type=\"hidden\" value=\"{&quot;instance&quot;:{&quot;image&quot;:36551,&quot;image_fallback&quot;:&quot;&quot;,&quot;size&quot;:&quot;full&quot;,&quot;align&quot;:&quot;default&quot;,&quot;title_align&quot;:&quot;default&quot;,&quot;title&quot;:&quot;&quot;,&quot;title_position&quot;:&quot;hidden&quot;,&quot;alt&quot;:&quot;&quot;,&quot;url&quot;:&quot;https:\\\/\\\/4netonline.com\\\/wpg\\\/product-category\\\/cablix\\\/fitting-tools\\\/&quot;,&quot;bound&quot;:true,&quot;_sow_form_id&quot;:&quot;8536247135f34291c211ae777987761&quot;,&quot;_sow_form_timestamp&quot;:&quot;1597254359752&quot;,&quot;new_window&quot;:false,&quot;full_width&quot;:false,&quot;so_sidebar_emulator_id&quot;:&quot;sow-image-3654710003&quot;,&quot;option_name&quot;:&quot;widget_sow-image&quot;},&quot;args&quot;:{&quot;before_widget&quot;:&quot;&lt;div id=\\&quot;panel-36547-1-2-0\\&quot; class=\\&quot;so-panel widget widget_sow-image panel-first-child panel-last-child\\&quot; data-index=\\&quot;3\\&quot; data-style=\\&quot;{&amp;quot;background_image_attachment&amp;quot;:false,&amp;quot;background_display&amp;quot;:&amp;quot;tile&amp;quot;}\\&quot; &gt;&quot;,&quot;after_widget&quot;:&quot;&lt;\\\/div&gt;&quot;,&quot;before_title&quot;:&quot;&lt;h3 class=\\&quot;widget-title\\&quot;&gt;&quot;,&quot;after_title&quot;:&quot;&lt;\\\/h3&gt;&quot;,&quot;widget_id&quot;:&quot;widget-1-2-0&quot;}}\" \/>[\/siteorigin_widget]<\/div>\n<\/div>\n<\/div>\n<\/div>\n<div id=\"pg-36547-2\"  class=\"panel-grid panel-no-style\"  data-style=\"{&quot;cell_alignment&quot;:&quot;flex-start&quot;}\"  data-ratio=\"1\"  data-ratio-direction=\"right\" >\n<div id=\"pgc-36547-2-0\"  class=\"panel-grid-cell\"  data-weight=\"1\" >\n<div id=\"panel-36547-2-0-0\" class=\"so-panel widget widget_sow-editor panel-first-child panel-last-child\" data-index=\"4\" data-style=\"{&quot;background_image_attachment&quot;:false,&quot;background_display&quot;:&quot;tile&quot;}\" >\n<div\n\t\t\t\n\t\t\tclass=\"so-widget-sow-editor so-widget-sow-editor-base\"\n\t\t\t\n\t\t><\/p>\n<div class=\"siteorigin-widget-tinymce textwidget\">\n<p><span style=\"color: #ffffff;\">Cablix Productos Fibra Optica<\/span><\/p>\n<p><span style=\"color: #ffffff;\">Somos un Distribuidor Master Mayorista localizado en Miami, FL. USA. Contamos con m\u00e1s de 20 a\u00f1os de experiencias y amplia presencia en Latinoam\u00e9rica. Productos; -Cables de Fibra Optica -Accesorios, Cajas y herramientas para Instalaci\u00f3n de redes de Fibra Opticas -Antenas -Cableado estructurado -Conectores y accesorios para instalaci\u00f3n de cableados -Productos para aplicaciones profesionales de Wireless (Wi-Fi); Switch, Routers, Antenas, Mesh, Somos distribuidores directos de marcas l\u00edderes en el mercado, tenemos varios programas donde ofrecemos bajos precios para compa\u00f1\u00edas aliadas. Usted y su empresa se beneficiar\u00e1 del ahorro y otras ventajas que la har\u00e1n m\u00e1s atractiva a sus clientes con las siguientes marcas: Ubiquiti Mikrotik Cambium Networks Tenda Cablix Mimosa ALG COM Exportamos a: Argentina Bolivia Brasil Chile Colombia Costa Rica Ecuador M\u00e9xico Paraguay Panam\u00e1 Per\u00fa Puerto Rico Uruguay El Caribe Venezuela\u00a0 We are a Master wholesale distributor located in Miami, FL. USA. We have over 20 years of experience and broad presence in Latin America. Line of products; -Optic Fiber &#8211; Accessories to install Optic Fiber Network &#8211; Structured Cabling Products; &#8211; Wireless ( Wi-Fi based) products for Professional Applications; &#8211; CCTV &amp; Surveillance equipments and accessories; We are direct distributors of leading brands in the market, we have several programs where we offer low prices for allied companies. You and your company will benefit from the savings and other benefits that will make your business more attractive to your customers with the following brands: Cablix Productos Fibra Optica<\/span><\/p>\n<p><span style=\"color: #ffffff;\"><a style=\"color: #ffffff;\" href=\"https:\/\/www.cablix.com\/ws\/\">Questions?<\/a><\/span><\/p>\n<p>&nbsp;<\/p>\n<\/div>\n<\/div>\n<\/div>\n<\/div>\n<\/div>\n<\/div>\n","protected":false},"excerpt":{"rendered":"<p>Cablix Products [siteorigin_widget class=&#8221;SiteOrigin_Widget_Image_Widget&#8221;][\/siteorigin_widget] [siteorigin_widget class=&#8221;SiteOrigin_Widget_Image_Widget&#8221;][\/siteorigin_widget] [siteorigin_widget class=&#8221;SiteOrigin_Widget_Image_Widget&#8221;][\/siteorigin_widget] Cablix Productos Fibra Optica Somos un Distribuidor Master Mayorista localizado en Miami,&#8230;<\/p>\n","protected":false},"author":4,"featured_media":0,"parent":0,"menu_order":0,"comment_status":"closed","ping_status":"closed","template":"","meta":{"footnotes":""},"class_list":["post-36547","page","type-page","status-publish","hentry"],"yoast_head":"<!-- This site is optimized with the Yoast SEO plugin v27.2 - https:\/\/yoast.com\/product\/yoast-seo-wordpress\/ -->\n<title>Cablix Productos Fibra Optica CABLIX - 4Net Networking<\/title>\n<meta name=\"description\" content=\"Cablix Productos Fibra Optica We are a Master wholesale distributor located in Miami, FL. USA. We have over 18 years of experience and broad\" \/>\n<meta name=\"robots\" content=\"index, follow, max-snippet:-1, max-image-preview:large, max-video-preview:-1\" \/>\n<link rel=\"canonical\" href=\"https:\/\/www.4netonline.com\/wpg\/cablix\/\" \/>\n<meta property=\"og:locale\" content=\"en_US\" \/>\n<meta property=\"og:type\" content=\"article\" \/>\n<meta property=\"og:title\" content=\"Cablix Productos Fibra Optica CABLIX - 4Net Networking\" \/>\n<meta property=\"og:description\" content=\"Cablix Productos Fibra Optica We are a Master wholesale distributor located in Miami, FL. USA. We have over 18 years of experience and broad\" \/>\n<meta property=\"og:url\" content=\"https:\/\/www.4netonline.com\/wpg\/cablix\/\" \/>\n<meta property=\"og:site_name\" content=\"4Net Networking\" \/>\n<meta property=\"article:publisher\" content=\"https:\/\/www.facebook.com\/4netNetworking\/\" \/>\n<meta property=\"article:modified_time\" content=\"2023-01-16T21:28:23+00:00\" \/>\n<meta name=\"twitter:card\" content=\"summary_large_image\" \/>\n<meta name=\"twitter:site\" content=\"@4netonline\" \/>\n<meta name=\"twitter:label1\" content=\"Est. reading time\" \/>\n\t<meta name=\"twitter:data1\" content=\"2 minutes\" \/>\n<script type=\"application\/ld+json\" class=\"yoast-schema-graph\">{\"@context\":\"https:\/\/schema.org\",\"@graph\":[{\"@type\":\"WebPage\",\"@id\":\"https:\/\/www.4netonline.com\/wpg\/cablix\/\",\"url\":\"https:\/\/www.4netonline.com\/wpg\/cablix\/\",\"name\":\"Cablix Productos Fibra Optica CABLIX - 4Net Networking\",\"isPartOf\":{\"@id\":\"https:\/\/www.4netonline.com\/wpg\/#website\"},\"datePublished\":\"2020-08-12T17:46:13+00:00\",\"dateModified\":\"2023-01-16T21:28:23+00:00\",\"description\":\"Cablix Productos Fibra Optica We are a Master wholesale distributor located in Miami, FL. USA. We have over 18 years of experience and broad\",\"breadcrumb\":{\"@id\":\"https:\/\/www.4netonline.com\/wpg\/cablix\/#breadcrumb\"},\"inLanguage\":\"en-US\",\"potentialAction\":[{\"@type\":\"ReadAction\",\"target\":[\"https:\/\/www.4netonline.com\/wpg\/cablix\/\"]}]},{\"@type\":\"BreadcrumbList\",\"@id\":\"https:\/\/www.4netonline.com\/wpg\/cablix\/#breadcrumb\",\"itemListElement\":[{\"@type\":\"ListItem\",\"position\":1,\"name\":\"Home\",\"item\":\"https:\/\/www.4netonline.com\/wpg\/\"},{\"@type\":\"ListItem\",\"position\":2,\"name\":\"CABLIX\"}]},{\"@type\":\"WebSite\",\"@id\":\"https:\/\/www.4netonline.com\/wpg\/#website\",\"url\":\"https:\/\/www.4netonline.com\/wpg\/\",\"name\":\"4Net Networking\",\"description\":\"\",\"publisher\":{\"@id\":\"https:\/\/www.4netonline.com\/wpg\/#organization\"},\"potentialAction\":[{\"@type\":\"SearchAction\",\"target\":{\"@type\":\"EntryPoint\",\"urlTemplate\":\"https:\/\/www.4netonline.com\/wpg\/?s={search_term_string}\"},\"query-input\":{\"@type\":\"PropertyValueSpecification\",\"valueRequired\":true,\"valueName\":\"search_term_string\"}}],\"inLanguage\":\"en-US\"},{\"@type\":\"Organization\",\"@id\":\"https:\/\/www.4netonline.com\/wpg\/#organization\",\"name\":\"4net Networks\",\"url\":\"https:\/\/www.4netonline.com\/wpg\/\",\"logo\":{\"@type\":\"ImageObject\",\"inLanguage\":\"en-US\",\"@id\":\"https:\/\/www.4netonline.com\/wpg\/#\/schema\/logo\/image\/\",\"url\":\"\",\"contentUrl\":\"\",\"caption\":\"4net Networks\"},\"image\":{\"@id\":\"https:\/\/www.4netonline.com\/wpg\/#\/schema\/logo\/image\/\"},\"sameAs\":[\"https:\/\/www.facebook.com\/4netNetworking\/\",\"https:\/\/x.com\/4netonline\",\"https:\/\/www.linkedin.com\/company\/4net-networking-corp\",\"https:\/\/www.youtube.com\/channel\/UCmHmX1rrKiDV0uOWZBVSn7g\"]}]}<\/script>\n<!-- \/ Yoast SEO plugin. -->","yoast_head_json":{"title":"Cablix Productos Fibra Optica CABLIX - 4Net Networking","description":"Cablix Productos Fibra Optica We are a Master wholesale distributor located in Miami, FL. USA. We have over 18 years of experience and broad","robots":{"index":"index","follow":"follow","max-snippet":"max-snippet:-1","max-image-preview":"max-image-preview:large","max-video-preview":"max-video-preview:-1"},"canonical":"https:\/\/www.4netonline.com\/wpg\/cablix\/","og_locale":"en_US","og_type":"article","og_title":"Cablix Productos Fibra Optica CABLIX - 4Net Networking","og_description":"Cablix Productos Fibra Optica We are a Master wholesale distributor located in Miami, FL. USA. We have over 18 years of experience and broad","og_url":"https:\/\/www.4netonline.com\/wpg\/cablix\/","og_site_name":"4Net Networking","article_publisher":"https:\/\/www.facebook.com\/4netNetworking\/","article_modified_time":"2023-01-16T21:28:23+00:00","twitter_card":"summary_large_image","twitter_site":"@4netonline","twitter_misc":{"Est. reading time":"2 minutes"},"schema":{"@context":"https:\/\/schema.org","@graph":[{"@type":"WebPage","@id":"https:\/\/www.4netonline.com\/wpg\/cablix\/","url":"https:\/\/www.4netonline.com\/wpg\/cablix\/","name":"Cablix Productos Fibra Optica CABLIX - 4Net Networking","isPartOf":{"@id":"https:\/\/www.4netonline.com\/wpg\/#website"},"datePublished":"2020-08-12T17:46:13+00:00","dateModified":"2023-01-16T21:28:23+00:00","description":"Cablix Productos Fibra Optica We are a Master wholesale distributor located in Miami, FL. USA. We have over 18 years of experience and broad","breadcrumb":{"@id":"https:\/\/www.4netonline.com\/wpg\/cablix\/#breadcrumb"},"inLanguage":"en-US","potentialAction":[{"@type":"ReadAction","target":["https:\/\/www.4netonline.com\/wpg\/cablix\/"]}]},{"@type":"BreadcrumbList","@id":"https:\/\/www.4netonline.com\/wpg\/cablix\/#breadcrumb","itemListElement":[{"@type":"ListItem","position":1,"name":"Home","item":"https:\/\/www.4netonline.com\/wpg\/"},{"@type":"ListItem","position":2,"name":"CABLIX"}]},{"@type":"WebSite","@id":"https:\/\/www.4netonline.com\/wpg\/#website","url":"https:\/\/www.4netonline.com\/wpg\/","name":"4Net Networking","description":"","publisher":{"@id":"https:\/\/www.4netonline.com\/wpg\/#organization"},"potentialAction":[{"@type":"SearchAction","target":{"@type":"EntryPoint","urlTemplate":"https:\/\/www.4netonline.com\/wpg\/?s={search_term_string}"},"query-input":{"@type":"PropertyValueSpecification","valueRequired":true,"valueName":"search_term_string"}}],"inLanguage":"en-US"},{"@type":"Organization","@id":"https:\/\/www.4netonline.com\/wpg\/#organization","name":"4net Networks","url":"https:\/\/www.4netonline.com\/wpg\/","logo":{"@type":"ImageObject","inLanguage":"en-US","@id":"https:\/\/www.4netonline.com\/wpg\/#\/schema\/logo\/image\/","url":"","contentUrl":"","caption":"4net Networks"},"image":{"@id":"https:\/\/www.4netonline.com\/wpg\/#\/schema\/logo\/image\/"},"sameAs":["https:\/\/www.facebook.com\/4netNetworking\/","https:\/\/x.com\/4netonline","https:\/\/www.linkedin.com\/company\/4net-networking-corp","https:\/\/www.youtube.com\/channel\/UCmHmX1rrKiDV0uOWZBVSn7g"]}]}},"_links":{"self":[{"href":"https:\/\/www.4netonline.com\/wpg\/wp-json\/wp\/v2\/pages\/36547","targetHints":{"allow":["GET"]}}],"collection":[{"href":"https:\/\/www.4netonline.com\/wpg\/wp-json\/wp\/v2\/pages"}],"about":[{"href":"https:\/\/www.4netonline.com\/wpg\/wp-json\/wp\/v2\/types\/page"}],"author":[{"embeddable":true,"href":"https:\/\/www.4netonline.com\/wpg\/wp-json\/wp\/v2\/users\/4"}],"replies":[{"embeddable":true,"href":"https:\/\/www.4netonline.com\/wpg\/wp-json\/wp\/v2\/comments?post=36547"}],"version-history":[{"count":0,"href":"https:\/\/www.4netonline.com\/wpg\/wp-json\/wp\/v2\/pages\/36547\/revisions"}],"wp:attachment":[{"href":"https:\/\/www.4netonline.com\/wpg\/wp-json\/wp\/v2\/media?parent=36547"}],"curies":[{"name":"wp","href":"https:\/\/api.w.org\/{rel}","templated":true}]}}